{"id":1946,"date":"2018-04-12T17:44:48","date_gmt":"2018-04-12T17:44:48","guid":{"rendered":"https:\/\/humankiosk.com\/?page_id=1946"},"modified":"2020-03-16T19:55:17","modified_gmt":"2020-03-16T19:55:17","slug":"devenir-partenaire","status":"publish","type":"page","link":"https:\/\/humankiosk.com\/fr\/become-a-partner\/","title":{"rendered":"Programme de partenariat"},"content":{"rendered":"<h1>PROGRAMME PARTENAIRE<\/h1>\n<p>centre<\/p>\n<p>pas de r\u00e9p\u00e9tition\u00a0; centre en haut\u00a0;;<\/p>\n<p>auto<\/p>\n<p>20px 0px 0px 0px<\/p>\n<p><img decoding=\"async\" src=\"https:\/\/humankiosk.com\/wp-content\/uploads\/2018\/05\/header.jpg\" alt=\"ent\u00eate\"\/><\/p>\n<p>d\u00e9faut<\/p>\n<p>d\u00e9faut<\/p>\n<h3>DEVENIR UN PARTENAIRE<\/h3>\n<h2>En tant que partenaire, vous aurez acc\u00e8s \u00e0 un large \u00e9ventail de programmes et de services, allant des ressources de formation et de d\u00e9veloppement commercial aux services de marketing en passant par l&#039;assistance technique avant et apr\u00e8s-vente.<\/h2>\n<p>pas de r\u00e9p\u00e9tition\u00a0; centre en haut\u00a0;;<\/p>\n<p>auto<\/p>\n<p>0px 0px 30px 0px<\/p>\n<p>lampe-ic\u00f4ne<\/p>\n<p><img decoding=\"async\" src=\"https:\/\/humankiosk.com\/wp-content\/uploads\/2018\/04\/reseller_experience_icon.png\" alt=\"reseller_experience_icon\"\/><\/p>\n<h3>Am\u00e9liorez votre gamme de produits<\/h3>\n<p>La ligne humanKIOSK propose des designs \u00e9l\u00e9gants et modernes avec des \u00e9crans lumineux et accrocheurs. De nombreux mod\u00e8les proposent des \u00e9crans interactifs pour engager les clients et renforcer la notori\u00e9t\u00e9 de la marque.<\/p>\n<p>2<\/p>\n<p>lampe-ic\u00f4ne<\/p>\n<p><img decoding=\"async\" src=\"https:\/\/humankiosk.com\/wp-content\/uploads\/2018\/04\/reseller_technology_icon.png\" alt=\"reseller_technology_icon\"\/><\/p>\n<h3>Votre partenaire dans la r\u00e9ussite<\/h3>\n<p>Avec nos ann\u00e9es d\u2019exp\u00e9rience, il n\u2019y a rien que nous n\u2019ayons vu. Nous pouvons travailler avec vous sur n\u2019importe quel aspect de la vente, de l\u2019installation, de la formation, de la gestion et de l\u2019assistance de vos clients. Ensemble, nous d\u00e9terminerons le montant de soutien que vous souhaitez pour assurer votre r\u00e9ussite.<\/p>\n<p>2<\/p>\n<p>lampe-ic\u00f4ne<\/p>\n<p><img decoding=\"async\" src=\"https:\/\/humankiosk.com\/wp-content\/uploads\/2018\/04\/reseller_full_solution_icon.png\" alt=\"reseller_full_solution_icon\"\/><\/p>\n<h3>Vous soutenir<\/h3>\n<p>Pour que tout fonctionne correctement, nous soutiendrons votre \u00e9quipe de service client avec des appels d&#039;assistance illimit\u00e9s et une formation pour votre \u00e9quipe. Un client satisfait est un client fid\u00e8le.<\/p>\n<p>2<\/p>\n<h3>Int\u00e9ress\u00e9 par un partenariat avec nous ?<\/h3>\n<p><\/p>\n<h2>Remplissez le formulaire ci-dessous et nous vous r\u00e9pondrons.<\/h2>\n\n<div class=\"wpcf7 no-js\" id=\"wpcf7-f2237-o1\" lang=\"en-US\" dir=\"ltr\" data-wpcf7-id=\"2237\">\n<div class=\"screen-reader-response\"><p role=\"status\" aria-live=\"polite\" aria-atomic=\"true\"><\/p> <ul><\/ul><\/div>\n<form action=\"\/fr\/wp-json\/wp\/v2\/pages\/1946#wpcf7-f2237-o1\" method=\"post\" class=\"wpcf7-form init\" aria-label=\"Formulaire de contact\" novalidate=\"novalidate\" data-status=\"init\" data-trp-original-action=\"\/fr\/wp-json\/wp\/v2\/pages\/1946#wpcf7-f2237-o1\">\n<fieldset class=\"hidden-fields-container\"><input type=\"hidden\" name=\"_wpcf7\" value=\"2237\" \/><input type=\"hidden\" name=\"_wpcf7_version\" value=\"6.1.5\" \/><input type=\"hidden\" name=\"_wpcf7_locale\" value=\"en_US\" \/><input type=\"hidden\" name=\"_wpcf7_unit_tag\" value=\"wpcf7-f2237-o1\" \/><input type=\"hidden\" name=\"_wpcf7_container_post\" value=\"0\" \/><input type=\"hidden\" name=\"_wpcf7_posted_data_hash\" value=\"\" \/><input type=\"hidden\" name=\"_wpcf7_recaptcha_response\" value=\"\" \/>\n<\/fieldset>\n<input class=\"wpcf7-form-control wpcf7-hidden\" id=\"sourcefield\" value=\"unknown\" type=\"hidden\" name=\"source-page\" \/>\n<input class=\"wpcf7-form-control wpcf7-hidden\" value=\"Partner Program\" type=\"hidden\" name=\"form-name\" \/>\n<p><label> Votre Nom (requis)<br \/>\n<span class=\"wpcf7-form-control-wrap\" data-name=\"your-name\"><input size=\"40\" maxlength=\"400\" class=\"wpcf7-form-control wpcf7-text wpcf7-validates-as-required\" aria-required=\"true\" aria-invalid=\"false\" value=\"\" type=\"text\" name=\"your-name\" \/><\/span> <\/label>\n<\/p>\n<p><label> Nom (obligatoire)<br \/>\n<span class=\"wpcf7-form-control-wrap\" data-name=\"last-name\"><input size=\"40\" maxlength=\"400\" class=\"wpcf7-form-control wpcf7-text wpcf7-validates-as-required\" aria-required=\"true\" aria-invalid=\"false\" value=\"\" type=\"text\" name=\"last-name\" \/><\/span> <\/label>\n<\/p>\n<p><label> Intitul\u00e9 du poste (obligatoire)<br \/>\n<span class=\"wpcf7-form-control-wrap\" data-name=\"job-title\"><input size=\"40\" maxlength=\"400\" class=\"wpcf7-form-control wpcf7-text wpcf7-validates-as-required\" aria-required=\"true\" aria-invalid=\"false\" value=\"\" type=\"text\" name=\"job-title\" \/><\/span> <\/label>\n<\/p>\n<p><label> Entreprise (obligatoire)<br \/>\n<span class=\"wpcf7-form-control-wrap\" data-name=\"your-company\"><input size=\"40\" maxlength=\"400\" class=\"wpcf7-form-control wpcf7-text wpcf7-validates-as-required\" aria-required=\"true\" aria-invalid=\"false\" value=\"\" type=\"text\" name=\"your-company\" \/><\/span> <\/label>\n<\/p>\n<p><label> Votre Email (requis)<br \/>\n<span class=\"wpcf7-form-control-wrap\" data-name=\"your-email\"><input size=\"40\" maxlength=\"400\" class=\"wpcf7-form-control wpcf7-email wpcf7-validates-as-required wpcf7-text wpcf7-validates-as-email\" aria-required=\"true\" aria-invalid=\"false\" value=\"\" type=\"email\" name=\"your-email\" \/><\/span> <\/label>\n<\/p>\n<p><label> Num\u00e9ro de t\u00e9l\u00e9phone (obligatoire)<br \/>\n<span class=\"wpcf7-form-control-wrap\" data-name=\"tel-328\"><input size=\"40\" maxlength=\"400\" class=\"wpcf7-form-control wpcf7-tel wpcf7-validates-as-required wpcf7-text wpcf7-validates-as-tel\" aria-required=\"true\" aria-invalid=\"false\" value=\"\" type=\"tel\" name=\"tel-328\" \/><\/span> <\/label>\n<\/p>\n<p><label> Adresse de l&#039;entreprise (obligatoire)<br \/>\n<span class=\"wpcf7-form-control-wrap\" data-name=\"CompanyAddress\"><input size=\"40\" maxlength=\"400\" class=\"wpcf7-form-control wpcf7-text wpcf7-validates-as-required\" aria-required=\"true\" aria-invalid=\"false\" value=\"\" type=\"text\" name=\"CompanyAddress\" \/><\/span> <\/label>\n<\/p>\n<p><label> Message<br \/>\n<span class=\"wpcf7-form-control-wrap\" data-name=\"Describein150wordsorless\"><textarea cols=\"40\" rows=\"10\" maxlength=\"2000\" class=\"wpcf7-form-control wpcf7-textarea\" aria-invalid=\"false\" name=\"Describein150wordsorless\"><\/textarea><\/span> <\/label>\n<\/p>\n<p><label> Consentement par e-mail<br \/>\n<span class=\"wpcf7-form-control-wrap\" data-name=\"EmailConsent\"><span class=\"wpcf7-form-control wpcf7-checkbox\"><\/span><\/span><span class=\"wpcf7-form-control-wrap\" data-name=\"EmailConsent\"><span class=\"wpcf7-form-control wpcf7-checkbox\"><span class=\"wpcf7-list-item first last\"><input type=\"checkbox\" name=\"EmailConsent[]\" value=\"By checking this box, you agree to receive communications from Corum Digital related to product information, or promotional offers.\" \/><span class=\"wpcf7-list-item-label\">En cochant cette case, vous acceptez de recevoir des communications de Corum Digital relatives \u00e0 des informations sur les produits ou des offres promotionnelles.<\/span><\/span><\/span><\/span><br \/>\n<input type=\"hidden\" name=\"_wpcf7_captcha_challenge_captcha-778\" value=\"1076507809\" \/><img loading=\"lazy\" decoding=\"async\" class=\"wpcf7-form-control wpcf7-captchac wpcf7-captcha-captcha-778\" width=\"60\" height=\"20\" alt=\"captcha\" src=\"https:\/\/humankiosk.com\/wp-content\/uploads\/wpcf7_captcha\/1076507809.png\" \/><br \/>\n<span class=\"wpcf7-form-control-wrap\" data-name=\"captcha-778\"><input size=\"4\" maxlength=\"4\" class=\"wpcf7-form-control wpcf7-captchar\" autocomplete=\"off\" aria-invalid=\"false\" value=\"\" type=\"text\" name=\"captcha-778\" \/><\/span><br \/>\n<script>\ndocument.getElementById('sourcefield').value=location.href;\n<\/script><br \/>\n<input class=\"wpcf7-form-control wpcf7-submit has-spinner\" type=\"submit\" value=\"Envoyer\" \/><\/label>\n<\/p><div class=\"wpcf7-response-output\" aria-hidden=\"true\"><\/div>\n<input type=\"hidden\" name=\"trp-form-language\" value=\"fr\"\/><\/form>\n<\/div>\n\n<p>pas de r\u00e9p\u00e9tition\u00a0; centre en haut\u00a0;;<\/p>\n<p>auto<\/p>\n<h3><span style=\"color: #ffffff;\">COMMENCER<\/span><\/h3>\n<p>pas de r\u00e9p\u00e9tition\u00a0; centre en haut\u00a0;;<\/p>\n<p>auto<\/p>\n<p>TEXTE DES OFFRES<\/p>\n<p><span style=\"color: #ffffff;\">L&#039;ajout d&#039;une signalisation num\u00e9rique est un excellent moyen d&#039;accro\u00eetre la notori\u00e9t\u00e9 de la marque et d&#039;augmenter l&#039;engagement des clients. Si vous souhaitez commencer ou d\u00e9velopper vos besoins en communication visuelle, veuillez nous envoyer un e-mail ou nous appeler. <\/span><\/p>\n<p>gauche<\/p>\n<p>pas de r\u00e9p\u00e9tition\u00a0; centre en haut\u00a0;;<\/p>\n<p>auto<\/p>\n<p>0px 30px 20px 0px<\/p>\n<h2><span style=\"color: #ffffff;\">SOUTIEN<\/span><\/h2>\n<p><span style=\"color: #ffffff;\">T\u00e9l : 519-800-0831<\/span><br \/>\n<span style=\"color: #ffffff;\">Sans frais : 1-800-561-7525<\/span><br \/>\n<a href=\"mailto:support@corumdigital.com\" data-no-translation=\"\"><span style=\"color: #ffffff;\">support@corumdigital.com<\/span><\/a><\/p>\n<p>pas de r\u00e9p\u00e9tition\u00a0; centre en haut\u00a0;;<\/p>\n<p>auto<\/p>\n<h2><span style=\"color: #ffffff;\">CONTACTEZ-NOUS<\/span><\/h2>\n<p><span style=\"color: #ffffff;\">T\u00e9l : 416-342-0660<\/span><br \/>\n<span style=\"color: #ffffff;\">Sans frais : 1-800-561-7525<\/span><br \/>\n<a href=\"mailto:info@corumdigital.com\" style=\"color: #FFFFFF\" data-no-translation=\"\">info@corumdigital.com<\/a><\/p>\n<p>pas de r\u00e9p\u00e9tition\u00a0; centre en haut\u00a0;;<\/p>\n<p>auto<\/p>","protected":false},"excerpt":{"rendered":"<p>PARTNER PROGRAM center no-repeat;center top;; auto 20px 0px 0px 0px default default BECOME A PARTNER As a partner, you will have access to a broad range<span class=\"excerpt-hellip\"> [\u2026]<\/span><\/p>\n","protected":false},"author":1,"featured_media":0,"parent":0,"menu_order":0,"comment_status":"closed","ping_status":"closed","template":"","meta":{"footnotes":""},"class_list":["post-1946","page","type-page","status-publish","hentry"],"yoast_head":"<!-- This site is optimized with the Yoast SEO plugin v27.2 - https:\/\/yoast.com\/product\/yoast-seo-wordpress\/ -->\n<title>Partner Program - humanKIOSK<\/title>\n<meta name=\"description\" content=\"As a partner, you will have access to a broad range services \u2014 from training to marketing services to pre- and post-sale technical assistance\" \/>\n<meta name=\"robots\" content=\"index, follow, max-snippet:-1, max-image-preview:large, max-video-preview:-1\" \/>\n<link rel=\"canonical\" href=\"https:\/\/humankiosk.com\/fr\/devenir-partenaire\/\" \/>\n<meta property=\"og:locale\" content=\"fr_CA\" \/>\n<meta property=\"og:type\" content=\"article\" \/>\n<meta property=\"og:title\" content=\"Partner Program - humanKIOSK\" \/>\n<meta property=\"og:description\" content=\"As a partner, you will have access to a broad range services \u2014 from training to marketing services to pre- and post-sale technical assistance\" \/>\n<meta property=\"og:url\" content=\"https:\/\/humankiosk.com\/fr\/devenir-partenaire\/\" \/>\n<meta property=\"og:site_name\" content=\"humanKIOSK\" \/>\n<meta property=\"article:publisher\" content=\"https:\/\/www.facebook.com\/humankiosk\/\" \/>\n<meta property=\"article:modified_time\" content=\"2020-03-16T19:55:17+00:00\" \/>\n<meta property=\"og:image\" content=\"https:\/\/humankiosk.com\/wp-content\/uploads\/2018\/05\/header.jpg\" \/>\n<meta name=\"twitter:card\" content=\"summary_large_image\" \/>\n<meta name=\"twitter:site\" content=\"@human_kiosk\" \/>\n<meta name=\"twitter:label1\" content=\"Estimation du temps de lecture\" \/>\n\t<meta name=\"twitter:data1\" content=\"1 minute\" \/>\n<script type=\"application\/ld+json\" class=\"yoast-schema-graph\">{\"@context\":\"https:\/\/schema.org\",\"@graph\":[{\"@type\":\"WebPage\",\"@id\":\"https:\/\/humankiosk.com\/become-a-partner\/\",\"url\":\"https:\/\/humankiosk.com\/become-a-partner\/\",\"name\":\"Partner Program - humanKIOSK\",\"isPartOf\":{\"@id\":\"https:\/\/52.60.63.222\/#website\"},\"primaryImageOfPage\":{\"@id\":\"https:\/\/humankiosk.com\/become-a-partner\/#primaryimage\"},\"image\":{\"@id\":\"https:\/\/humankiosk.com\/become-a-partner\/#primaryimage\"},\"thumbnailUrl\":\"https:\/\/humankiosk.com\/wp-content\/uploads\/2018\/05\/header.jpg\",\"datePublished\":\"2018-04-12T17:44:48+00:00\",\"dateModified\":\"2020-03-16T19:55:17+00:00\",\"description\":\"As a partner, you will have access to a broad range services \u2014 from training to marketing services to pre- and post-sale technical assistance\",\"breadcrumb\":{\"@id\":\"https:\/\/humankiosk.com\/become-a-partner\/#breadcrumb\"},\"inLanguage\":\"fr-CA\",\"potentialAction\":[{\"@type\":\"ReadAction\",\"target\":[\"https:\/\/humankiosk.com\/become-a-partner\/\"]}]},{\"@type\":\"ImageObject\",\"inLanguage\":\"fr-CA\",\"@id\":\"https:\/\/humankiosk.com\/become-a-partner\/#primaryimage\",\"url\":\"https:\/\/humankiosk.com\/wp-content\/uploads\/2018\/05\/header.jpg\",\"contentUrl\":\"https:\/\/humankiosk.com\/wp-content\/uploads\/2018\/05\/header.jpg\"},{\"@type\":\"BreadcrumbList\",\"@id\":\"https:\/\/humankiosk.com\/become-a-partner\/#breadcrumb\",\"itemListElement\":[{\"@type\":\"ListItem\",\"position\":1,\"name\":\"Home\",\"item\":\"https:\/\/52.60.63.222\/\"},{\"@type\":\"ListItem\",\"position\":2,\"name\":\"Partner Program\"}]},{\"@type\":\"WebSite\",\"@id\":\"https:\/\/52.60.63.222\/#website\",\"url\":\"https:\/\/52.60.63.222\/\",\"name\":\"humanKIOSK\",\"description\":\"CORUM DIGITAL\",\"potentialAction\":[{\"@type\":\"SearchAction\",\"target\":{\"@type\":\"EntryPoint\",\"urlTemplate\":\"https:\/\/52.60.63.222\/?s={search_term_string}\"},\"query-input\":{\"@type\":\"PropertyValueSpecification\",\"valueRequired\":true,\"valueName\":\"search_term_string\"}}],\"inLanguage\":\"fr-CA\"}]}<\/script>\n<!-- \/ Yoast SEO plugin. -->","yoast_head_json":{"title":"Programme Partenaire - humanKIOSK","description":"En tant que partenaire, vous aurez acc\u00e8s \u00e0 une large gamme de services - de la formation aux services marketing en passant par l&#039;assistance technique avant et apr\u00e8s-vente","robots":{"index":"index","follow":"follow","max-snippet":"max-snippet:-1","max-image-preview":"max-image-preview:large","max-video-preview":"max-video-preview:-1"},"canonical":"https:\/\/humankiosk.com\/fr\/devenir-partenaire\/","og_locale":"fr_CA","og_type":"article","og_title":"Partner Program - humanKIOSK","og_description":"As a partner, you will have access to a broad range services \u2014 from training to marketing services to pre- and post-sale technical assistance","og_url":"https:\/\/humankiosk.com\/fr\/devenir-partenaire\/","og_site_name":"humanKIOSK","article_publisher":"https:\/\/www.facebook.com\/humankiosk\/","article_modified_time":"2020-03-16T19:55:17+00:00","og_image":[{"url":"https:\/\/humankiosk.com\/wp-content\/uploads\/2018\/05\/header.jpg","type":"","width":"","height":""}],"twitter_card":"summary_large_image","twitter_site":"@human_kiosk","twitter_misc":{"Estimation du temps de lecture":"1 minute"},"schema":{"@context":"https:\/\/schema.org","@graph":[{"@type":"WebPage","@id":"https:\/\/humankiosk.com\/become-a-partner\/","url":"https:\/\/humankiosk.com\/become-a-partner\/","name":"Programme Partenaire - humanKIOSK","isPartOf":{"@id":"https:\/\/52.60.63.222\/#website"},"primaryImageOfPage":{"@id":"https:\/\/humankiosk.com\/become-a-partner\/#primaryimage"},"image":{"@id":"https:\/\/humankiosk.com\/become-a-partner\/#primaryimage"},"thumbnailUrl":"https:\/\/humankiosk.com\/wp-content\/uploads\/2018\/05\/header.jpg","datePublished":"2018-04-12T17:44:48+00:00","dateModified":"2020-03-16T19:55:17+00:00","description":"En tant que partenaire, vous aurez acc\u00e8s \u00e0 une large gamme de services - de la formation aux services marketing en passant par l&#039;assistance technique avant et apr\u00e8s-vente","breadcrumb":{"@id":"https:\/\/humankiosk.com\/become-a-partner\/#breadcrumb"},"inLanguage":"fr-CA","potentialAction":[{"@type":"ReadAction","target":["https:\/\/humankiosk.com\/become-a-partner\/"]}]},{"@type":"ImageObject","inLanguage":"fr-CA","@id":"https:\/\/humankiosk.com\/become-a-partner\/#primaryimage","url":"https:\/\/humankiosk.com\/wp-content\/uploads\/2018\/05\/header.jpg","contentUrl":"https:\/\/humankiosk.com\/wp-content\/uploads\/2018\/05\/header.jpg"},{"@type":"BreadcrumbList","@id":"https:\/\/humankiosk.com\/become-a-partner\/#breadcrumb","itemListElement":[{"@type":"ListItem","position":1,"name":"Home","item":"https:\/\/52.60.63.222\/"},{"@type":"ListItem","position":2,"name":"Partner Program"}]},{"@type":"WebSite","@id":"https:\/\/52.60.63.222\/#website","url":"https:\/\/52.60.63.222\/","name":"humainKIOSK","description":"CORUM DIGITAL","potentialAction":[{"@type":"SearchAction","target":{"@type":"EntryPoint","urlTemplate":"https:\/\/52.60.63.222\/?s={search_term_string}"},"query-input":{"@type":"PropertyValueSpecification","valueRequired":true,"valueName":"search_term_string"}}],"inLanguage":"fr-CA"}]}},"_links":{"self":[{"href":"https:\/\/humankiosk.com\/fr\/wp-json\/wp\/v2\/pages\/1946","targetHints":{"allow":["GET"]}}],"collection":[{"href":"https:\/\/humankiosk.com\/fr\/wp-json\/wp\/v2\/pages"}],"about":[{"href":"https:\/\/humankiosk.com\/fr\/wp-json\/wp\/v2\/types\/page"}],"author":[{"embeddable":true,"href":"https:\/\/humankiosk.com\/fr\/wp-json\/wp\/v2\/users\/1"}],"replies":[{"embeddable":true,"href":"https:\/\/humankiosk.com\/fr\/wp-json\/wp\/v2\/comments?post=1946"}],"version-history":[{"count":2,"href":"https:\/\/humankiosk.com\/fr\/wp-json\/wp\/v2\/pages\/1946\/revisions"}],"predecessor-version":[{"id":2372,"href":"https:\/\/humankiosk.com\/fr\/wp-json\/wp\/v2\/pages\/1946\/revisions\/2372"}],"wp:attachment":[{"href":"https:\/\/humankiosk.com\/fr\/wp-json\/wp\/v2\/media?parent=1946"}],"curies":[{"name":"wp","href":"https:\/\/api.w.org\/{rel}","templated":true}]}}