{"id":2105,"date":"2018-05-10T14:48:41","date_gmt":"2018-05-10T14:48:41","guid":{"rendered":"https:\/\/humankiosk.com\/?page_id=2105"},"modified":"2025-10-21T17:42:16","modified_gmt":"2025-10-21T17:42:16","slug":"signe-15-6","status":"publish","type":"page","link":"https:\/\/humankiosk.com\/fr\/signo-15-6\/","title":{"rendered":"Signe 15.6\u2033"},"content":{"rendered":"<p><img decoding=\"async\" src=\"https:\/\/humankiosk.com\/wp-content\/uploads\/2018\/05\/product_sample.jpg\" alt=\"\u00e9chantillon_produit\" \/><\/p>\n<h1>SIGNO 15,6&quot;<\/h1>\n<h2>Le Signo 15,6&quot; \u00e9l\u00e8ve l&#039;affichage num\u00e9rique \u00e0 un nouveau niveau de mani\u00e8re optimale et rentable.<\/h2>\n<ul>\n<li>Il fonctionne sur batterie, ce qui le rend facilement mobile sans fil et peut \u00eatre utilis\u00e9 n&#039;importe o\u00f9 (comme les centres commerciaux, les concessionnaires, les salons et les halls)<\/li>\n<li>Le design est simple et moderne, ce qui le rend attrayant pour les clients<\/li>\n<li>Accessoires suppl\u00e9mentaires tels que le d\u00e9tecteur de mouvement qui \u00e9conomise la dur\u00e9e de vie de la batterie jusqu&#039;\u00e0 ce qu&#039;il d\u00e9tecte un mouvement et attire l&#039;attention du client<\/li>\n<li>Le produit est l\u00e9ger (8,5 kg\/19 lb) et est \u00e9quip\u00e9 de roues qui permettent de le d\u00e9placer facilement<\/li>\n<\/ul>\n<p><img loading=\"lazy\" decoding=\"async\" class=\"size-full wp-image-2096 aligncenter\" src=\"https:\/\/humankiosk.com\/wp-content\/uploads\/2018\/05\/signo_icons.gif\" alt=\"\" width=\"238\" height=\"75\" \/><\/p>\n<p>gauche<\/p>\n<p>pas de r\u00e9p\u00e9tition\u00a0; centre en haut\u00a0;;<\/p>\n<p>auto<\/p>\n<p>20px 0px 0px 0px<\/p>\n<h4 style=\"text-align: center;\"><strong><a class=\"mojosp-toggle-right\" href=\"https:\/\/humankiosk.com\/fr\/brands\/#top\"><span style=\"color: #ff0000;\">T\u00c9L\u00c9CHARGER LA BROCHURE<\/span><\/a><\/strong><\/h4>\n<p>pas de r\u00e9p\u00e9tition\u00a0; centre en haut\u00a0;;<\/p>\n<p>auto<\/p>\n<p>2120,2121,2122,2123,2124<\/p>\n<p>5<\/p>\n<p>vignette<\/p>\n<h1>ACCESSOIRES<\/h1>\n<h2>Ajoutez l&#039;un des accessoires suivants pour am\u00e9liorer votre kiosque d&#039;affichage num\u00e9rique.<\/h2>\n<p>centre<\/p>\n<p>pas de r\u00e9p\u00e9tition\u00a0; centre en haut\u00a0;;<\/p>\n<p>auto<\/p>\n<p><img decoding=\"async\" src=\"https:\/\/humankiosk.com\/wp-content\/uploads\/2018\/05\/signo_accessories-1.jpg\" alt=\"signo_accessoires\" \/><\/p>\n<p>Capteur de mouvement \u2013 Blanc<\/p>\n<p>h4<\/p>\n<p>lampe-ic\u00f4ne<\/p>\n<p><img decoding=\"async\" src=\"https:\/\/humankiosk.com\/wp-content\/uploads\/2018\/05\/sensor_white.jpg\" alt=\"capteur_blanc\" \/><\/p>\n<p>haut<\/p>\n<p>Capteur de mouvement \u2013 noir<\/p>\n<p>h4<\/p>\n<p>lampe-ic\u00f4ne<\/p>\n<p><img decoding=\"async\" src=\"https:\/\/humankiosk.com\/wp-content\/uploads\/2018\/05\/sensor_black-1.jpg\" alt=\"capteur_noir\" \/><\/p>\n<p>haut<\/p>\n<p>Batteries<\/p>\n<p>h4<\/p>\n<p>Disponible en 4, 16, 32 et 50 A<\/p>\n<p>lampe-ic\u00f4ne<\/p>\n<p><img decoding=\"async\" src=\"https:\/\/humankiosk.com\/wp-content\/uploads\/2018\/05\/battery_icon-1.jpg\" alt=\"battery_icon\" \/><\/p>\n<p>haut<\/p>\n<p>Lecteur de signalisation<\/p>\n<p>h4<\/p>\n<p>Disponible sous Android et Windows<\/p>\n<p>lampe-ic\u00f4ne<\/p>\n<p><img decoding=\"async\" src=\"https:\/\/humankiosk.com\/wp-content\/uploads\/2018\/05\/player.jpg\" alt=\"joueur\" \/><\/p>\n<p>haut<\/p>\n<p>d\u00e9faut<\/p>\n<p>d\u00e9faut<\/p>\n<h1>SP\u00c9CIFICATIONS DU PRODUIT<\/h1>\n<h2>Apprenez \u00e0 conna\u00eetre votre kiosque d&#039;affichage dynamique jusque dans les moindres d\u00e9tails.<\/h2>\n<p>centre<\/p>\n<p>pas de r\u00e9p\u00e9tition\u00a0; centre en haut\u00a0;;<\/p>\n<p>auto<\/p>\n<p><img decoding=\"async\" src=\"https:\/\/humankiosk.com\/wp-content\/uploads\/2018\/05\/signo_spec_img.jpg\" alt=\"signo_spec_img\" \/><\/p>\n<p><img decoding=\"async\" src=\"https:\/\/humankiosk.com\/wp-content\/uploads\/2018\/05\/signo_spec_chart.jpg\" alt=\"signo_spec_chart\" \/><\/p>\n<h3><span style=\"color: #ffffff;\">COMMENCER<\/span><\/h3>\n<p>pas de r\u00e9p\u00e9tition\u00a0; centre en haut\u00a0;;<\/p>\n<p>auto<\/p>\n<p>TEXTE DES OFFRES<\/p>\n<p><span style=\"color: #ffffff;\">L&#039;ajout d&#039;une signalisation num\u00e9rique est un excellent moyen d&#039;accro\u00eetre la notori\u00e9t\u00e9 de la marque et d&#039;augmenter l&#039;engagement des clients. Si vous souhaitez commencer ou d\u00e9velopper vos besoins en communication visuelle, veuillez nous envoyer un e-mail ou nous appeler. <\/span><\/p>\n<p>gauche<\/p>\n<p>pas de r\u00e9p\u00e9tition\u00a0; centre en haut\u00a0;;<\/p>\n<p>auto<\/p>\n<p>0px 30px 20px 0px<\/p>\n<h2><span style=\"color: #ffffff;\">SOUTIEN<\/span><\/h2>\n<p><span style=\"color: #ffffff;\">T\u00e9l : 519-800-0831<\/span><br \/>\n<span style=\"color: #ffffff;\">Sans frais : 1-800-561-7525<\/span><br \/>\n<a href=\"mailto:support@corumdigital.com\" data-no-translation=\"\"><span style=\"color: #ffffff;\">support@corumdigital.com<\/span><\/a><\/p>\n<p>pas de r\u00e9p\u00e9tition\u00a0; centre en haut\u00a0;;<\/p>\n<p>auto<\/p>\n<h2><span style=\"color: #ffffff;\">CONTACTEZ-NOUS<\/span><\/h2>\n<p><span style=\"color: #ffffff;\">T\u00e9l : 416-342-0660<\/span><br \/>\n<span style=\"color: #ffffff;\">Sans frais : 1-800-561-7525<\/span><br \/>\n<a style=\"color: #ffffff;\" href=\"mailto:Info@corumdigital.com\">Info@corumdigital.com<\/a><\/p>\n<p>pas de r\u00e9p\u00e9tition\u00a0; centre en haut\u00a0;;<\/p>\n<p>auto<\/p>","protected":false},"excerpt":{"rendered":"<p>SIGNO 15.6\u201d The Signo 15.6\u201d takes digital signage to a new level in an optimal and cost-effective manner. It runs on a battery, which makes it<span class=\"excerpt-hellip\"> [\u2026]<\/span><\/p>\n","protected":false},"author":1,"featured_media":0,"parent":0,"menu_order":0,"comment_status":"closed","ping_status":"closed","template":"","meta":{"footnotes":""},"class_list":["post-2105","page","type-page","status-publish","hentry"],"yoast_head":"<!-- This site is optimized with the Yoast SEO plugin v27.2 - https:\/\/yoast.com\/product\/yoast-seo-wordpress\/ -->\n<title>SIGNO 15.6\u201d - humanKIOSK<\/title>\n<meta name=\"description\" content=\"The Signo 15.6\u201d touch screen takes interactive kiosks to a new level in an optimal and cost-effective manner.\" \/>\n<meta name=\"robots\" content=\"index, follow, max-snippet:-1, max-image-preview:large, max-video-preview:-1\" \/>\n<link rel=\"canonical\" href=\"https:\/\/mediatile.com\/signo-15-6\/\" \/>\n<meta property=\"og:locale\" content=\"fr_CA\" \/>\n<meta property=\"og:type\" content=\"article\" \/>\n<meta property=\"og:title\" content=\"SIGNO 15.6\u201d - humanKIOSK\" \/>\n<meta property=\"og:description\" content=\"The Signo 15.6\u201d touch screen takes interactive kiosks to a new level in an optimal and cost-effective manner.\" \/>\n<meta property=\"og:url\" content=\"https:\/\/mediatile.com\/signo-15-6\/\" \/>\n<meta property=\"og:site_name\" content=\"humanKIOSK\" \/>\n<meta property=\"article:publisher\" content=\"https:\/\/www.facebook.com\/humankiosk\/\" \/>\n<meta property=\"article:modified_time\" content=\"2025-10-21T17:42:16+00:00\" \/>\n<meta property=\"og:image\" content=\"https:\/\/humankiosk.com\/wp-content\/uploads\/2018\/05\/product_sample.jpg\" \/>\n<meta name=\"twitter:card\" content=\"summary_large_image\" \/>\n<meta name=\"twitter:site\" content=\"@human_kiosk\" \/>\n<meta name=\"twitter:label1\" content=\"Estimation du temps de lecture\" \/>\n\t<meta name=\"twitter:data1\" content=\"1 minute\" \/>\n<script type=\"application\/ld+json\" class=\"yoast-schema-graph\">{\"@context\":\"https:\/\/schema.org\",\"@graph\":[{\"@type\":\"WebPage\",\"@id\":\"https:\/\/humankiosk.com\/signo-15-6\/\",\"url\":\"https:\/\/mediatile.com\/signo-15-6\/\",\"name\":\"SIGNO 15.6\u201d - humanKIOSK\",\"isPartOf\":{\"@id\":\"https:\/\/52.60.63.222\/#website\"},\"primaryImageOfPage\":{\"@id\":\"https:\/\/mediatile.com\/signo-15-6\/#primaryimage\"},\"image\":{\"@id\":\"https:\/\/mediatile.com\/signo-15-6\/#primaryimage\"},\"thumbnailUrl\":\"https:\/\/humankiosk.com\/wp-content\/uploads\/2018\/05\/product_sample.jpg\",\"datePublished\":\"2018-05-10T14:48:41+00:00\",\"dateModified\":\"2025-10-21T17:42:16+00:00\",\"description\":\"The Signo 15.6\u201d touch screen takes interactive kiosks to a new level in an optimal and cost-effective manner.\",\"breadcrumb\":{\"@id\":\"https:\/\/mediatile.com\/signo-15-6\/#breadcrumb\"},\"inLanguage\":\"fr-CA\",\"potentialAction\":[{\"@type\":\"ReadAction\",\"target\":[\"https:\/\/mediatile.com\/signo-15-6\/\"]}]},{\"@type\":\"ImageObject\",\"inLanguage\":\"fr-CA\",\"@id\":\"https:\/\/mediatile.com\/signo-15-6\/#primaryimage\",\"url\":\"https:\/\/humankiosk.com\/wp-content\/uploads\/2018\/05\/product_sample.jpg\",\"contentUrl\":\"https:\/\/humankiosk.com\/wp-content\/uploads\/2018\/05\/product_sample.jpg\"},{\"@type\":\"BreadcrumbList\",\"@id\":\"https:\/\/mediatile.com\/signo-15-6\/#breadcrumb\",\"itemListElement\":[{\"@type\":\"ListItem\",\"position\":1,\"name\":\"Home\",\"item\":\"https:\/\/52.60.63.222\/\"},{\"@type\":\"ListItem\",\"position\":2,\"name\":\"Signo 15.6&#8243;\"}]},{\"@type\":\"WebSite\",\"@id\":\"https:\/\/52.60.63.222\/#website\",\"url\":\"https:\/\/52.60.63.222\/\",\"name\":\"humanKIOSK\",\"description\":\"CORUM DIGITAL\",\"potentialAction\":[{\"@type\":\"SearchAction\",\"target\":{\"@type\":\"EntryPoint\",\"urlTemplate\":\"https:\/\/52.60.63.222\/?s={search_term_string}\"},\"query-input\":{\"@type\":\"PropertyValueSpecification\",\"valueRequired\":true,\"valueName\":\"search_term_string\"}}],\"inLanguage\":\"fr-CA\"}]}<\/script>\n<!-- \/ Yoast SEO plugin. -->","yoast_head_json":{"title":"SIGNO 15.6\u201d - humanKIOSK","description":"L&#039;\u00e9cran tactile Signo 15,6&quot; am\u00e8ne les bornes interactives \u00e0 un nouveau niveau de mani\u00e8re optimale et \u00e9conomique.","robots":{"index":"index","follow":"follow","max-snippet":"max-snippet:-1","max-image-preview":"max-image-preview:large","max-video-preview":"max-video-preview:-1"},"canonical":"https:\/\/mediatile.com\/signo-15-6\/","og_locale":"fr_CA","og_type":"article","og_title":"SIGNO 15.6\u201d - humanKIOSK","og_description":"The Signo 15.6\u201d touch screen takes interactive kiosks to a new level in an optimal and cost-effective manner.","og_url":"https:\/\/mediatile.com\/signo-15-6\/","og_site_name":"humanKIOSK","article_publisher":"https:\/\/www.facebook.com\/humankiosk\/","article_modified_time":"2025-10-21T17:42:16+00:00","og_image":[{"url":"https:\/\/humankiosk.com\/wp-content\/uploads\/2018\/05\/product_sample.jpg","type":"","width":"","height":""}],"twitter_card":"summary_large_image","twitter_site":"@human_kiosk","twitter_misc":{"Estimation du temps de lecture":"1 minute"},"schema":{"@context":"https:\/\/schema.org","@graph":[{"@type":"WebPage","@id":"https:\/\/humankiosk.com\/signo-15-6\/","url":"https:\/\/mediatile.com\/signo-15-6\/","name":"SIGNO 15.6\u201d - humanKIOSK","isPartOf":{"@id":"https:\/\/52.60.63.222\/#website"},"primaryImageOfPage":{"@id":"https:\/\/mediatile.com\/signo-15-6\/#primaryimage"},"image":{"@id":"https:\/\/mediatile.com\/signo-15-6\/#primaryimage"},"thumbnailUrl":"https:\/\/humankiosk.com\/wp-content\/uploads\/2018\/05\/product_sample.jpg","datePublished":"2018-05-10T14:48:41+00:00","dateModified":"2025-10-21T17:42:16+00:00","description":"L&#039;\u00e9cran tactile Signo 15,6&quot; am\u00e8ne les bornes interactives \u00e0 un nouveau niveau de mani\u00e8re optimale et \u00e9conomique.","breadcrumb":{"@id":"https:\/\/mediatile.com\/signo-15-6\/#breadcrumb"},"inLanguage":"fr-CA","potentialAction":[{"@type":"ReadAction","target":["https:\/\/mediatile.com\/signo-15-6\/"]}]},{"@type":"ImageObject","inLanguage":"fr-CA","@id":"https:\/\/mediatile.com\/signo-15-6\/#primaryimage","url":"https:\/\/humankiosk.com\/wp-content\/uploads\/2018\/05\/product_sample.jpg","contentUrl":"https:\/\/humankiosk.com\/wp-content\/uploads\/2018\/05\/product_sample.jpg"},{"@type":"BreadcrumbList","@id":"https:\/\/mediatile.com\/signo-15-6\/#breadcrumb","itemListElement":[{"@type":"ListItem","position":1,"name":"Home","item":"https:\/\/52.60.63.222\/"},{"@type":"ListItem","position":2,"name":"Signo 15.6&#8243;"}]},{"@type":"WebSite","@id":"https:\/\/52.60.63.222\/#website","url":"https:\/\/52.60.63.222\/","name":"humainKIOSK","description":"CORUM DIGITAL","potentialAction":[{"@type":"SearchAction","target":{"@type":"EntryPoint","urlTemplate":"https:\/\/52.60.63.222\/?s={search_term_string}"},"query-input":{"@type":"PropertyValueSpecification","valueRequired":true,"valueName":"search_term_string"}}],"inLanguage":"fr-CA"}]}},"_links":{"self":[{"href":"https:\/\/humankiosk.com\/fr\/wp-json\/wp\/v2\/pages\/2105","targetHints":{"allow":["GET"]}}],"collection":[{"href":"https:\/\/humankiosk.com\/fr\/wp-json\/wp\/v2\/pages"}],"about":[{"href":"https:\/\/humankiosk.com\/fr\/wp-json\/wp\/v2\/types\/page"}],"author":[{"embeddable":true,"href":"https:\/\/humankiosk.com\/fr\/wp-json\/wp\/v2\/users\/1"}],"replies":[{"embeddable":true,"href":"https:\/\/humankiosk.com\/fr\/wp-json\/wp\/v2\/comments?post=2105"}],"version-history":[{"count":5,"href":"https:\/\/humankiosk.com\/fr\/wp-json\/wp\/v2\/pages\/2105\/revisions"}],"predecessor-version":[{"id":2838,"href":"https:\/\/humankiosk.com\/fr\/wp-json\/wp\/v2\/pages\/2105\/revisions\/2838"}],"wp:attachment":[{"href":"https:\/\/humankiosk.com\/fr\/wp-json\/wp\/v2\/media?parent=2105"}],"curies":[{"name":"wp","href":"https:\/\/api.w.org\/{rel}","templated":true}]}}