{"id":2125,"date":"2018-05-11T19:46:33","date_gmt":"2018-05-11T19:46:33","guid":{"rendered":"https:\/\/humankiosk.com\/?page_id=2125"},"modified":"2020-08-20T19:29:35","modified_gmt":"2020-08-20T19:29:35","slug":"feuille-28","status":"publish","type":"page","link":"https:\/\/humankiosk.com\/fr\/lamina-28\/","title":{"rendered":"Lamine 28"},"content":{"rendered":"<p><img decoding=\"async\" src=\"https:\/\/humankiosk.com\/wp-content\/uploads\/2018\/05\/lamina28_header-1.jpg\" alt=\"lamina28_header\" \/><\/p>\n<h1>LAMINE 28\u201d<\/h1>\n<h2>Repr\u00e9sentez votre marque en Ultra HD avec des images et des vid\u00e9os \u00e9clatantes.<\/h2>\n<p><strong>Principales caract\u00e9ristiques:<\/strong><\/p>\n<ul>\n<li>Disponible en version standard et interactive \u00e0 6 points.<\/li>\n<li>Smart HDMI - L&#039;affichage s&#039;endort\/se r\u00e9veille en fonction du signal HDMI<\/li>\n<li>Minuterie automatique<\/li>\n<li>Des \u00e9tag\u00e8res suppl\u00e9mentaires peuvent \u00eatre ajout\u00e9es pour pr\u00e9senter les produits et modifier le contenu de l&#039;affichage en produit pertinent qui est ramass\u00e9<\/li>\n<li>Disponible en versions tactile et non tactile<\/li>\n<\/ul>\n<p><img loading=\"lazy\" decoding=\"async\" class=\"alignnone wp-image-2128 size-full\" src=\"https:\/\/humankiosk.com\/wp-content\/uploads\/2018\/05\/icons.gif\" alt=\"\" width=\"413\" height=\"76\" \/><\/p>\n<p>gauche<\/p>\n<p>pas de r\u00e9p\u00e9tition\u00a0; centre en haut\u00a0;;<\/p>\n<p>auto<\/p>\n<p>20px 0px 0px 0px<\/p>\n<h4 style=\"text-align: center;\"><strong><a class=\"mojosp-toggle-right\" href=\"https:\/\/humankiosk.com\/fr\/brands\/#top\"><span style=\"color: #ff0000;\">T\u00c9L\u00c9CHARGER LA BROCHURE<\/span><\/a><\/strong><\/h4>\n<p>pas de r\u00e9p\u00e9tition\u00a0; centre en haut\u00a0;;<\/p>\n<p>auto<\/p>\n<p>2133,2134,2135,2136,2137<\/p>\n<p>5<\/p>\n<p>vignette<\/p>\n<h1>ACCESSOIRES<\/h1>\n<h2>Ajoutez l&#039;un des accessoires suivants pour am\u00e9liorer votre kiosque d&#039;affichage num\u00e9rique.<\/h2>\n<p>centre<\/p>\n<p>pas de r\u00e9p\u00e9tition\u00a0; centre en haut\u00a0;;<\/p>\n<p>auto<\/p>\n<p><img decoding=\"async\" src=\"https:\/\/humankiosk.com\/wp-content\/uploads\/2018\/05\/lamina28_accessories-1.jpg\" alt=\"lamina28_accessoires\" \/><\/p>\n<p>\u00c9tag\u00e8re avant\/arri\u00e8re<\/p>\n<p>h4<\/p>\n<p>lampe-ic\u00f4ne<\/p>\n<p><img decoding=\"async\" src=\"https:\/\/humankiosk.com\/wp-content\/uploads\/2018\/05\/Front_Back_Shelf.jpg\" alt=\"Front_Back_Shelf\" \/><\/p>\n<p>haut<\/p>\n<p>Tablette lat\u00e9rale<\/p>\n<p>h4<\/p>\n<p>lampe-ic\u00f4ne<\/p>\n<p><img decoding=\"async\" src=\"https:\/\/humankiosk.com\/wp-content\/uploads\/2018\/05\/Side_Shelf.jpg\" alt=\"\u00c9tag\u00e8re_lat\u00e9rale\" \/><\/p>\n<p>haut<\/p>\n<p>Base mobile<\/p>\n<p>h4<\/p>\n<p>Roues verrouillables<\/p>\n<p>lampe-ic\u00f4ne<\/p>\n<p><img decoding=\"async\" src=\"https:\/\/humankiosk.com\/wp-content\/uploads\/2018\/05\/Mobile_base.jpg\" alt=\"Base_mobile\" \/><\/p>\n<p>haut<\/p>\n<p>Flightcase<\/p>\n<p>h4<\/p>\n<p>lampe-ic\u00f4ne<\/p>\n<p><img decoding=\"async\" src=\"https:\/\/humankiosk.com\/wp-content\/uploads\/2018\/05\/Flightcase.jpg\" alt=\"Flightcase\" \/><\/p>\n<p>haut<\/p>\n<p>Lecteur de signalisation<\/p>\n<p>h4<\/p>\n<p>Disponible sous Android et Windows<\/p>\n<p>lampe-ic\u00f4ne<\/p>\n<p><img decoding=\"async\" src=\"https:\/\/humankiosk.com\/wp-content\/uploads\/2018\/05\/player.jpg\" alt=\"joueur\" \/><\/p>\n<p>haut<\/p>\n<p>d\u00e9faut<\/p>\n<p>d\u00e9faut<\/p>\n<h1>SP\u00c9CIFICATIONS DU PRODUIT<\/h1>\n<h2>Apprenez \u00e0 conna\u00eetre votre kiosque d&#039;affichage dynamique jusque dans les moindres d\u00e9tails.<\/h2>\n<p>centre<\/p>\n<p>pas de r\u00e9p\u00e9tition\u00a0; centre en haut\u00a0;;<\/p>\n<p>auto<\/p>\n<p><img decoding=\"async\" src=\"https:\/\/humankiosk.com\/wp-content\/uploads\/2018\/05\/specs_img-1.jpg\" alt=\"sp\u00e9cifications_img\" \/><\/p>\n<p><img decoding=\"async\" src=\"https:\/\/humankiosk.com\/wp-content\/uploads\/2018\/05\/specs.gif\" alt=\"sp\u00e9cifications\" \/><\/p>\n<h3><span style=\"color: #ffffff;\">COMMENCER<\/span><\/h3>\n<p>pas de r\u00e9p\u00e9tition\u00a0; centre en haut\u00a0;;<\/p>\n<p>auto<\/p>\n<p>TEXTE DES OFFRES<\/p>\n<p><span style=\"color: #ffffff;\">L&#039;ajout d&#039;une signalisation num\u00e9rique est un excellent moyen d&#039;accro\u00eetre la notori\u00e9t\u00e9 de la marque et d&#039;augmenter l&#039;engagement des clients. Si vous souhaitez commencer ou d\u00e9velopper vos besoins en communication visuelle, veuillez nous envoyer un e-mail ou nous appeler. <\/span><\/p>\n<p>gauche<\/p>\n<p>pas de r\u00e9p\u00e9tition\u00a0; centre en haut\u00a0;;<\/p>\n<p>auto<\/p>\n<p>0px 30px 20px 0px<\/p>\n<h2><span style=\"color: #ffffff;\">SOUTIEN<\/span><\/h2>\n<p><span style=\"color: #ffffff;\">T\u00e9l : 519-800-0831<\/span><br \/>\n<span style=\"color: #ffffff;\">Sans frais : 1-800-561-7525<\/span><br \/>\n<a href=\"mailto:support@corumdigital.com\" data-no-translation=\"\"><span style=\"color: #ffffff;\">support@corumdigital.com<\/span><\/a><\/p>\n<p>pas de r\u00e9p\u00e9tition\u00a0; centre en haut\u00a0;;<\/p>\n<p>auto<\/p>\n<h2><span style=\"color: #ffffff;\">CONTACTEZ-NOUS<\/span><\/h2>\n<p><span style=\"color: #ffffff;\">T\u00e9l : 416-342-0660<\/span><br \/>\n<span style=\"color: #ffffff;\">Sans frais : 1-800-561-7525<\/span><br \/>\n<a style=\"color: #ffffff;\" href=\"mailto:info@corumdigital.com\" data-no-translation=\"\">info@corumdigital.com<\/a><\/p>\n<p>pas de r\u00e9p\u00e9tition\u00a0; centre en haut\u00a0;;<\/p>\n<p>auto<\/p>","protected":false},"excerpt":{"rendered":"<p>LAMINA 28\u201d Represent your brand in Ultra HD with vivid images and video. Key Features: Available in both standard and 6 point touch interactive. Smart HDMI<span class=\"excerpt-hellip\"> [\u2026]<\/span><\/p>\n","protected":false},"author":1,"featured_media":0,"parent":0,"menu_order":0,"comment_status":"closed","ping_status":"closed","template":"","meta":{"footnotes":""},"class_list":["post-2125","page","type-page","status-publish","hentry"],"yoast_head":"<!-- This site is optimized with the Yoast SEO plugin v27.2 - https:\/\/yoast.com\/product\/yoast-seo-wordpress\/ -->\n<title>Lamina 28&quot; - humanKIOSK - INTERACTIVE KIOSKS<\/title>\n<meta name=\"description\" content=\"Lamina 28&quot; interactive kiosk is available in touch and non-touch versions and delivers vivid Ultra HD output.\" \/>\n<meta name=\"robots\" content=\"index, follow, max-snippet:-1, max-image-preview:large, max-video-preview:-1\" \/>\n<link rel=\"canonical\" href=\"https:\/\/mediatile.com\/lamina-28\/\u200e\" \/>\n<meta property=\"og:locale\" content=\"fr_CA\" \/>\n<meta property=\"og:type\" content=\"article\" \/>\n<meta property=\"og:title\" content=\"Lamina 28&quot; - humanKIOSK - INTERACTIVE KIOSKS\" \/>\n<meta property=\"og:description\" content=\"Lamina 28&quot; interactive kiosk is available in touch and non-touch versions and delivers vivid Ultra HD output.\" \/>\n<meta property=\"og:url\" content=\"https:\/\/mediatile.com\/lamina-28\/\u200e\" \/>\n<meta property=\"og:site_name\" content=\"humanKIOSK\" \/>\n<meta property=\"article:publisher\" content=\"https:\/\/www.facebook.com\/humankiosk\/\" \/>\n<meta property=\"article:modified_time\" content=\"2020-08-20T19:29:35+00:00\" \/>\n<meta property=\"og:image\" content=\"https:\/\/humankiosk.com\/wp-content\/uploads\/2018\/05\/lamina28_header-1.jpg\" \/>\n<meta name=\"twitter:card\" content=\"summary_large_image\" \/>\n<meta name=\"twitter:site\" content=\"@human_kiosk\" \/>\n<meta name=\"twitter:label1\" content=\"Estimation du temps de lecture\" \/>\n\t<meta name=\"twitter:data1\" content=\"1 minute\" \/>\n<script type=\"application\/ld+json\" class=\"yoast-schema-graph\">{\"@context\":\"https:\/\/schema.org\",\"@graph\":[{\"@type\":\"WebPage\",\"@id\":\"https:\/\/humankiosk.com\/lamina-28\/\",\"url\":\"https:\/\/mediatile.com\/lamina-28\/%e2%80%8e\",\"name\":\"Lamina 28\\\" - humanKIOSK - INTERACTIVE KIOSKS\",\"isPartOf\":{\"@id\":\"https:\/\/52.60.63.222\/#website\"},\"primaryImageOfPage\":{\"@id\":\"https:\/\/mediatile.com\/lamina-28\/%e2%80%8e#primaryimage\"},\"image\":{\"@id\":\"https:\/\/mediatile.com\/lamina-28\/%e2%80%8e#primaryimage\"},\"thumbnailUrl\":\"https:\/\/humankiosk.com\/wp-content\/uploads\/2018\/05\/lamina28_header-1.jpg\",\"datePublished\":\"2018-05-11T19:46:33+00:00\",\"dateModified\":\"2020-08-20T19:29:35+00:00\",\"description\":\"Lamina 28\\\" interactive kiosk is available in touch and non-touch versions and delivers vivid Ultra HD output.\",\"breadcrumb\":{\"@id\":\"https:\/\/mediatile.com\/lamina-28\/%e2%80%8e#breadcrumb\"},\"inLanguage\":\"fr-CA\",\"potentialAction\":[{\"@type\":\"ReadAction\",\"target\":[\"https:\/\/mediatile.com\/lamina-28\/%e2%80%8e\"]}]},{\"@type\":\"ImageObject\",\"inLanguage\":\"fr-CA\",\"@id\":\"https:\/\/mediatile.com\/lamina-28\/%e2%80%8e#primaryimage\",\"url\":\"https:\/\/humankiosk.com\/wp-content\/uploads\/2018\/05\/lamina28_header-1.jpg\",\"contentUrl\":\"https:\/\/humankiosk.com\/wp-content\/uploads\/2018\/05\/lamina28_header-1.jpg\"},{\"@type\":\"BreadcrumbList\",\"@id\":\"https:\/\/mediatile.com\/lamina-28\/%e2%80%8e#breadcrumb\",\"itemListElement\":[{\"@type\":\"ListItem\",\"position\":1,\"name\":\"Home\",\"item\":\"https:\/\/52.60.63.222\/\"},{\"@type\":\"ListItem\",\"position\":2,\"name\":\"Lamina 28\"}]},{\"@type\":\"WebSite\",\"@id\":\"https:\/\/52.60.63.222\/#website\",\"url\":\"https:\/\/52.60.63.222\/\",\"name\":\"humanKIOSK\",\"description\":\"CORUM DIGITAL\",\"potentialAction\":[{\"@type\":\"SearchAction\",\"target\":{\"@type\":\"EntryPoint\",\"urlTemplate\":\"https:\/\/52.60.63.222\/?s={search_term_string}\"},\"query-input\":{\"@type\":\"PropertyValueSpecification\",\"valueRequired\":true,\"valueName\":\"search_term_string\"}}],\"inLanguage\":\"fr-CA\"}]}<\/script>\n<!-- \/ Yoast SEO plugin. -->","yoast_head_json":{"title":"Lamina 28&quot; - humanKIOSK - KIOSQUES INTERACTIFS","description":"La borne interactive Lamina 28&quot; est disponible en versions tactile et non tactile et offre une sortie Ultra HD \u00e9clatante.","robots":{"index":"index","follow":"follow","max-snippet":"max-snippet:-1","max-image-preview":"max-image-preview:large","max-video-preview":"max-video-preview:-1"},"canonical":"https:\/\/mediatile.com\/lamina-28\/\u200e","og_locale":"fr_CA","og_type":"article","og_title":"Lamina 28\" - humanKIOSK - INTERACTIVE KIOSKS","og_description":"Lamina 28\" interactive kiosk is available in touch and non-touch versions and delivers vivid Ultra HD output.","og_url":"https:\/\/mediatile.com\/lamina-28\/\u200e","og_site_name":"humanKIOSK","article_publisher":"https:\/\/www.facebook.com\/humankiosk\/","article_modified_time":"2020-08-20T19:29:35+00:00","og_image":[{"url":"https:\/\/humankiosk.com\/wp-content\/uploads\/2018\/05\/lamina28_header-1.jpg","type":"","width":"","height":""}],"twitter_card":"summary_large_image","twitter_site":"@human_kiosk","twitter_misc":{"Estimation du temps de lecture":"1 minute"},"schema":{"@context":"https:\/\/schema.org","@graph":[{"@type":"WebPage","@id":"https:\/\/humankiosk.com\/lamina-28\/","url":"https:\/\/mediatile.com\/lamina-28\/%e2%80%8e","name":"Lamina 28&quot; - humanKIOSK - KIOSQUES INTERACTIFS","isPartOf":{"@id":"https:\/\/52.60.63.222\/#website"},"primaryImageOfPage":{"@id":"https:\/\/mediatile.com\/lamina-28\/%e2%80%8e#primaryimage"},"image":{"@id":"https:\/\/mediatile.com\/lamina-28\/%e2%80%8e#primaryimage"},"thumbnailUrl":"https:\/\/humankiosk.com\/wp-content\/uploads\/2018\/05\/lamina28_header-1.jpg","datePublished":"2018-05-11T19:46:33+00:00","dateModified":"2020-08-20T19:29:35+00:00","description":"La borne interactive Lamina 28&quot; est disponible en versions tactile et non tactile et offre une sortie Ultra HD \u00e9clatante.","breadcrumb":{"@id":"https:\/\/mediatile.com\/lamina-28\/%e2%80%8e#breadcrumb"},"inLanguage":"fr-CA","potentialAction":[{"@type":"ReadAction","target":["https:\/\/mediatile.com\/lamina-28\/%e2%80%8e"]}]},{"@type":"ImageObject","inLanguage":"fr-CA","@id":"https:\/\/mediatile.com\/lamina-28\/%e2%80%8e#primaryimage","url":"https:\/\/humankiosk.com\/wp-content\/uploads\/2018\/05\/lamina28_header-1.jpg","contentUrl":"https:\/\/humankiosk.com\/wp-content\/uploads\/2018\/05\/lamina28_header-1.jpg"},{"@type":"BreadcrumbList","@id":"https:\/\/mediatile.com\/lamina-28\/%e2%80%8e#breadcrumb","itemListElement":[{"@type":"ListItem","position":1,"name":"Home","item":"https:\/\/52.60.63.222\/"},{"@type":"ListItem","position":2,"name":"Lamina 28"}]},{"@type":"WebSite","@id":"https:\/\/52.60.63.222\/#website","url":"https:\/\/52.60.63.222\/","name":"humainKIOSK","description":"CORUM DIGITAL","potentialAction":[{"@type":"SearchAction","target":{"@type":"EntryPoint","urlTemplate":"https:\/\/52.60.63.222\/?s={search_term_string}"},"query-input":{"@type":"PropertyValueSpecification","valueRequired":true,"valueName":"search_term_string"}}],"inLanguage":"fr-CA"}]}},"_links":{"self":[{"href":"https:\/\/humankiosk.com\/fr\/wp-json\/wp\/v2\/pages\/2125","targetHints":{"allow":["GET"]}}],"collection":[{"href":"https:\/\/humankiosk.com\/fr\/wp-json\/wp\/v2\/pages"}],"about":[{"href":"https:\/\/humankiosk.com\/fr\/wp-json\/wp\/v2\/types\/page"}],"author":[{"embeddable":true,"href":"https:\/\/humankiosk.com\/fr\/wp-json\/wp\/v2\/users\/1"}],"replies":[{"embeddable":true,"href":"https:\/\/humankiosk.com\/fr\/wp-json\/wp\/v2\/comments?post=2125"}],"version-history":[{"count":6,"href":"https:\/\/humankiosk.com\/fr\/wp-json\/wp\/v2\/pages\/2125\/revisions"}],"predecessor-version":[{"id":2840,"href":"https:\/\/humankiosk.com\/fr\/wp-json\/wp\/v2\/pages\/2125\/revisions\/2840"}],"wp:attachment":[{"href":"https:\/\/humankiosk.com\/fr\/wp-json\/wp\/v2\/media?parent=2125"}],"curies":[{"name":"wp","href":"https:\/\/api.w.org\/{rel}","templated":true}]}}