{"id":2145,"date":"2018-05-11T21:05:56","date_gmt":"2018-05-11T21:05:56","guid":{"rendered":"https:\/\/humankiosk.com\/?page_id=2145"},"modified":"2021-03-02T19:13:02","modified_gmt":"2021-03-02T19:13:02","slug":"lame-tactile-32-40-50-58","status":"publish","type":"page","link":"https:\/\/humankiosk.com\/fr\/lamina-touch-32-40-50-58\/","title":{"rendered":"Lamina Touch 32-40-50-58"},"content":{"rendered":"<p><img decoding=\"async\" src=\"https:\/\/humankiosk.com\/wp-content\/uploads\/2018\/05\/lamina_50-58_header.jpg\" alt=\"lamine_50-58_header\" \/><\/p>\n<h1>LAMINA TOUCHE 50-58\u201d<\/h1>\n<h2>Cr\u00e9ez un impact avec de grands kiosques interactifs 4K.<\/h2>\n<p><strong>Principales caract\u00e9ristiques:<\/strong><\/p>\n<ul>\n<li>Disponible en version standard et interactive \u00e0 6 points.<\/li>\n<li>Excellent outil de marketing pour aider les annonceurs \u00e0 promouvoir leurs produits et services<\/li>\n<li>Accessoires suppl\u00e9mentaires, y compris une base mobile avec roues verrouillables qui facilite le d\u00e9placement<\/li>\n<li>La grande taille de l&#039;\u00e9cran vous permet de mettre beaucoup de contenu ciblant plusieurs publics \u00e0 la fois<\/li>\n<\/ul>\n<p><img loading=\"lazy\" decoding=\"async\" class=\"alignnone wp-image-2128 size-full\" src=\"https:\/\/humankiosk.com\/wp-content\/uploads\/2018\/05\/icons.gif\" alt=\"\" width=\"413\" height=\"76\" \/><\/p>\n<p>gauche<\/p>\n<p>pas de r\u00e9p\u00e9tition\u00a0; centre en haut\u00a0;;<\/p>\n<p>auto<\/p>\n<p>20px 0px 0px 0px<\/p>\n<h4 style=\"text-align: center;\"><strong><a class=\"mojosp-toggle-right\" href=\"https:\/\/humankiosk.com\/fr\/brands\/#top\"><span style=\"color: #ff0000;\">T\u00c9L\u00c9CHARGER LA BROCHURE<\/span><\/a><\/strong><\/h4>\n<p>pas de r\u00e9p\u00e9tition\u00a0; centre en haut\u00a0;;<\/p>\n<p>auto<\/p>\n<p>2148,2149,2150,2151,2152<\/p>\n<p>5<\/p>\n<p>vignette<\/p>\n<h1>ACCESSOIRES<\/h1>\n<h2>Ajoutez l&#039;un des accessoires suivants pour am\u00e9liorer votre kiosque d&#039;affichage num\u00e9rique.<\/h2>\n<p>centre<\/p>\n<p>pas de r\u00e9p\u00e9tition\u00a0; centre en haut\u00a0;;<\/p>\n<p>auto<\/p>\n<p><img decoding=\"async\" src=\"https:\/\/humankiosk.com\/wp-content\/uploads\/2018\/05\/lamina50-58_accessories-1.jpg\" alt=\"lamina50-58_accessoires\" \/><\/p>\n<p>\u00c9tag\u00e8re avant\/arri\u00e8re<\/p>\n<p>h4<\/p>\n<p>lampe-ic\u00f4ne<\/p>\n<p><img decoding=\"async\" src=\"https:\/\/humankiosk.com\/wp-content\/uploads\/2018\/05\/Front_Back_Shelf.jpg\" alt=\"Front_Back_Shelf\" \/><\/p>\n<p>haut<\/p>\n<p>Tablette lat\u00e9rale<\/p>\n<p>h4<\/p>\n<p>lampe-ic\u00f4ne<\/p>\n<p><img decoding=\"async\" src=\"https:\/\/humankiosk.com\/wp-content\/uploads\/2018\/05\/Side_Shelf.jpg\" alt=\"\u00c9tag\u00e8re_lat\u00e9rale\" \/><\/p>\n<p>haut<\/p>\n<p>Flightcase<\/p>\n<p>h4<\/p>\n<p>lampe-ic\u00f4ne<\/p>\n<p><img decoding=\"async\" src=\"https:\/\/humankiosk.com\/wp-content\/uploads\/2018\/05\/Flightcase.jpg\" alt=\"Flightcase\" \/><\/p>\n<p>haut<\/p>\n<p>Anneau de protection<\/p>\n<p>h4<\/p>\n<p>lampe-ic\u00f4ne<\/p>\n<p><img decoding=\"async\" src=\"https:\/\/humankiosk.com\/wp-content\/uploads\/2018\/05\/protection_ring.jpg\" alt=\"protection_ring\" \/><\/p>\n<p>haut<\/p>\n<p>Lecteur de signalisation<\/p>\n<p>h4<\/p>\n<p>Disponible sous Android et Windows<\/p>\n<p>lampe-ic\u00f4ne<\/p>\n<p><img decoding=\"async\" src=\"https:\/\/humankiosk.com\/wp-content\/uploads\/2018\/05\/player.jpg\" alt=\"joueur\" \/><\/p>\n<p>haut<\/p>\n<p>Banni\u00e8re sup\u00e9rieure<\/p>\n<p>h4<\/p>\n<p>Disponible sous Android et Windows<\/p>\n<p>lampe-ic\u00f4ne<\/p>\n<p><img decoding=\"async\" src=\"https:\/\/humankiosk.com\/wp-content\/uploads\/2018\/05\/Top_Banner.jpg\" alt=\"Top_Banner\" \/><\/p>\n<p>haut<\/p>\n<p>Base mobile<\/p>\n<p>h4<\/p>\n<p>Roues verrouillables<\/p>\n<p>lampe-ic\u00f4ne<\/p>\n<p><img decoding=\"async\" src=\"https:\/\/humankiosk.com\/wp-content\/uploads\/2018\/05\/Mobile_base.jpg\" alt=\"Base_mobile\" \/><\/p>\n<p>haut<\/p>\n<p>d\u00e9faut<\/p>\n<p>d\u00e9faut<\/p>\n<h1>SP\u00c9CIFICATIONS DU PRODUIT<\/h1>\n<h2>Apprenez \u00e0 conna\u00eetre votre kiosque d&#039;affichage dynamique jusque dans les moindres d\u00e9tails.<\/h2>\n<p>centre<\/p>\n<p>pas de r\u00e9p\u00e9tition\u00a0; centre en haut\u00a0;;<\/p>\n<p>auto<\/p>\n<p><img decoding=\"async\" src=\"https:\/\/humankiosk.com\/wp-content\/uploads\/2018\/05\/lamina_50-58_specs_img.jpg\" alt=\"lamine_50-58_specs_img\" \/><\/p>\n<p><img decoding=\"async\" src=\"https:\/\/humankiosk.com\/wp-content\/uploads\/2018\/05\/lamina50-58.gif\" alt=\"lame50-58\" \/><\/p>\n<p><img decoding=\"async\" src=\"https:\/\/humankiosk.com\/wp-content\/uploads\/2018\/05\/lamina_touch_50-58_specs_img.jpg\" alt=\"lamina_touch_50-58_specs_img\" \/><\/p>\n<p><img decoding=\"async\" src=\"https:\/\/humankiosk.com\/wp-content\/uploads\/2018\/05\/lamina50-58_touch.gif\" alt=\"lamina50-58_touch\" \/><\/p>\n<h3><span style=\"color: #ffffff;\">COMMENCER<\/span><\/h3>\n<p>pas de r\u00e9p\u00e9tition\u00a0; centre en haut\u00a0;;<\/p>\n<p>auto<\/p>\n<p>TEXTE DES OFFRES<\/p>\n<p><span style=\"color: #ffffff;\">L&#039;ajout d&#039;une signalisation num\u00e9rique est un excellent moyen d&#039;accro\u00eetre la notori\u00e9t\u00e9 de la marque et d&#039;augmenter l&#039;engagement des clients. Si vous souhaitez commencer ou d\u00e9velopper vos besoins en communication visuelle, veuillez nous envoyer un e-mail ou nous appeler. <\/span><\/p>\n<p>gauche<\/p>\n<p>pas de r\u00e9p\u00e9tition\u00a0; centre en haut\u00a0;;<\/p>\n<p>auto<\/p>\n<p>0px 30px 20px 0px<\/p>\n<h2><span style=\"color: #ffffff;\">SOUTIEN<\/span><\/h2>\n<p><span style=\"color: #ffffff;\">T\u00e9l : 519-800-0831<\/span><br \/>\n<span style=\"color: #ffffff;\">Sans frais : 1-800-561-7525<\/span><br \/>\n<a href=\"mailto:support@corumdigital.com\" data-no-translation=\"\"><span style=\"color: #ffffff;\">support@corumdigital.com<\/span><\/a><\/p>\n<p>pas de r\u00e9p\u00e9tition\u00a0; centre en haut\u00a0;;<\/p>\n<p>auto<\/p>\n<h2><span style=\"color: #ffffff;\">CONTACTEZ-NOUS<\/span><\/h2>\n<p><span style=\"color: #ffffff;\">T\u00e9l : 416-342-0660<\/span><br \/>\n<span style=\"color: #ffffff;\">Sans frais : 1-800-561-7525<\/span><br \/>\n<a style=\"color: #ffffff;\" href=\"mailto:info@corumdigital.com\" data-no-translation=\"\">info@corumdigital.com<\/a><\/p>\n<p>pas de r\u00e9p\u00e9tition\u00a0; centre en haut\u00a0;;<\/p>\n<p>auto<\/p>","protected":false},"excerpt":{"rendered":"<p>LAMINA TOUCH 50-58\u201d Create an impact with large 4K interactive kiosks. Key Features: Available in both standard and 6 point touch interactive. Great marketing tool to<span class=\"excerpt-hellip\"> [\u2026]<\/span><\/p>\n","protected":false},"author":1,"featured_media":0,"parent":0,"menu_order":0,"comment_status":"closed","ping_status":"closed","template":"","meta":{"footnotes":""},"class_list":["post-2145","page","type-page","status-publish","hentry"],"yoast_head":"<!-- This site is optimized with the Yoast SEO plugin v27.6 - https:\/\/yoast.com\/product\/yoast-seo-wordpress\/ -->\n<title>LAMINA 50-58\u201d - humanKIOSK - TOUCH SCREEN INTERACTIVE KIOSKS<\/title>\n<meta name=\"description\" content=\"Interactive kiosks built for 24 hour a day, 7 day a week operation. With battery option, you can place these wireless touch Screen Kiosks anywhere.\" \/>\n<meta name=\"robots\" content=\"index, follow, max-snippet:-1, max-image-preview:large, max-video-preview:-1\" \/>\n<link rel=\"canonical\" href=\"https:\/\/mediatile.com\/lamina-touch-50-58\/\" \/>\n<meta property=\"og:locale\" content=\"fr_CA\" \/>\n<meta property=\"og:type\" content=\"article\" \/>\n<meta property=\"og:title\" content=\"LAMINA 50-58\u201d - humanKIOSK - TOUCH SCREEN INTERACTIVE KIOSKS\" \/>\n<meta property=\"og:description\" content=\"Interactive kiosks built for 24 hour a day, 7 day a week operation. With battery option, you can place these wireless touch Screen Kiosks anywhere.\" \/>\n<meta property=\"og:url\" content=\"https:\/\/mediatile.com\/lamina-touch-50-58\/\" \/>\n<meta property=\"og:site_name\" content=\"humanKIOSK\" \/>\n<meta property=\"article:publisher\" content=\"https:\/\/www.facebook.com\/humankiosk\/\" \/>\n<meta property=\"article:modified_time\" content=\"2021-03-02T19:13:02+00:00\" \/>\n<meta property=\"og:image\" content=\"https:\/\/humankiosk.com\/wp-content\/uploads\/2018\/05\/lamina_50-58_header.jpg\" \/>\n<meta name=\"twitter:card\" content=\"summary_large_image\" \/>\n<meta name=\"twitter:site\" content=\"@human_kiosk\" \/>\n<meta name=\"twitter:label1\" content=\"Estimation du temps de lecture\" \/>\n\t<meta name=\"twitter:data1\" content=\"1 minute\" \/>\n<script type=\"application\/ld+json\" class=\"yoast-schema-graph\">{\"@context\":\"https:\\\/\\\/schema.org\",\"@graph\":[{\"@type\":\"WebPage\",\"@id\":\"https:\\\/\\\/humankiosk.com\\\/lamina-touch-32-40-50-58\\\/\",\"url\":\"https:\\\/\\\/mediatile.com\\\/lamina-touch-50-58\\\/\",\"name\":\"LAMINA 50-58\u201d - humanKIOSK - TOUCH SCREEN INTERACTIVE KIOSKS\",\"isPartOf\":{\"@id\":\"https:\\\/\\\/humankiosk.com\\\/#website\"},\"primaryImageOfPage\":{\"@id\":\"https:\\\/\\\/mediatile.com\\\/lamina-touch-50-58\\\/#primaryimage\"},\"image\":{\"@id\":\"https:\\\/\\\/mediatile.com\\\/lamina-touch-50-58\\\/#primaryimage\"},\"thumbnailUrl\":\"https:\\\/\\\/humankiosk.com\\\/wp-content\\\/uploads\\\/2018\\\/05\\\/lamina_50-58_header.jpg\",\"datePublished\":\"2018-05-11T21:05:56+00:00\",\"dateModified\":\"2021-03-02T19:13:02+00:00\",\"description\":\"Interactive kiosks built for 24 hour a day, 7 day a week operation. With battery option, you can place these wireless touch Screen Kiosks anywhere.\",\"breadcrumb\":{\"@id\":\"https:\\\/\\\/mediatile.com\\\/lamina-touch-50-58\\\/#breadcrumb\"},\"inLanguage\":\"fr-CA\",\"potentialAction\":[{\"@type\":\"ReadAction\",\"target\":[\"https:\\\/\\\/mediatile.com\\\/lamina-touch-50-58\\\/\"]}]},{\"@type\":\"ImageObject\",\"inLanguage\":\"fr-CA\",\"@id\":\"https:\\\/\\\/mediatile.com\\\/lamina-touch-50-58\\\/#primaryimage\",\"url\":\"https:\\\/\\\/humankiosk.com\\\/wp-content\\\/uploads\\\/2018\\\/05\\\/lamina_50-58_header.jpg\",\"contentUrl\":\"https:\\\/\\\/humankiosk.com\\\/wp-content\\\/uploads\\\/2018\\\/05\\\/lamina_50-58_header.jpg\"},{\"@type\":\"BreadcrumbList\",\"@id\":\"https:\\\/\\\/mediatile.com\\\/lamina-touch-50-58\\\/#breadcrumb\",\"itemListElement\":[{\"@type\":\"ListItem\",\"position\":1,\"name\":\"Home\",\"item\":\"https:\\\/\\\/humankiosk.com\\\/\"},{\"@type\":\"ListItem\",\"position\":2,\"name\":\"Lamina Touch 32-40-50-58\"}]},{\"@type\":\"WebSite\",\"@id\":\"https:\\\/\\\/humankiosk.com\\\/#website\",\"url\":\"https:\\\/\\\/humankiosk.com\\\/\",\"name\":\"humanKIOSK\",\"description\":\"CORUM DIGITAL\",\"potentialAction\":[{\"@type\":\"SearchAction\",\"target\":{\"@type\":\"EntryPoint\",\"urlTemplate\":\"https:\\\/\\\/humankiosk.com\\\/?s={search_term_string}\"},\"query-input\":{\"@type\":\"PropertyValueSpecification\",\"valueRequired\":true,\"valueName\":\"search_term_string\"}}],\"inLanguage\":\"fr-CA\"}]}<\/script>\n<!-- \/ Yoast SEO plugin. -->","yoast_head_json":{"title":"LAMINA 50-58\u201d - humanKIOSK - KIOSQUES INTERACTIFS \u00c0 \u00c9CRAN TACTILE","description":"Bornes interactives construites pour un fonctionnement 24 heures sur 24, 7 jours sur 7. Avec l&#039;option batterie, vous pouvez placer ces kiosques \u00e0 \u00e9cran tactile sans fil n&#039;importe o\u00f9.","robots":{"index":"index","follow":"follow","max-snippet":"max-snippet:-1","max-image-preview":"max-image-preview:large","max-video-preview":"max-video-preview:-1"},"canonical":"https:\/\/mediatile.com\/lamina-touch-50-58\/","og_locale":"fr_CA","og_type":"article","og_title":"LAMINA 50-58\u201d - humanKIOSK - TOUCH SCREEN INTERACTIVE KIOSKS","og_description":"Interactive kiosks built for 24 hour a day, 7 day a week operation. With battery option, you can place these wireless touch Screen Kiosks anywhere.","og_url":"https:\/\/mediatile.com\/lamina-touch-50-58\/","og_site_name":"humanKIOSK","article_publisher":"https:\/\/www.facebook.com\/humankiosk\/","article_modified_time":"2021-03-02T19:13:02+00:00","og_image":[{"url":"https:\/\/humankiosk.com\/wp-content\/uploads\/2018\/05\/lamina_50-58_header.jpg","type":"","width":"","height":""}],"twitter_card":"summary_large_image","twitter_site":"@human_kiosk","twitter_misc":{"Estimation du temps de lecture":"1 minute"},"schema":{"@context":"https:\/\/schema.org","@graph":[{"@type":"WebPage","@id":"https:\/\/humankiosk.com\/lamina-touch-32-40-50-58\/","url":"https:\/\/mediatile.com\/lamina-touch-50-58\/","name":"LAMINA 50-58\u201d - humanKIOSK - KIOSQUES INTERACTIFS \u00c0 \u00c9CRAN TACTILE","isPartOf":{"@id":"https:\/\/humankiosk.com\/#website"},"primaryImageOfPage":{"@id":"https:\/\/mediatile.com\/lamina-touch-50-58\/#primaryimage"},"image":{"@id":"https:\/\/mediatile.com\/lamina-touch-50-58\/#primaryimage"},"thumbnailUrl":"https:\/\/humankiosk.com\/wp-content\/uploads\/2018\/05\/lamina_50-58_header.jpg","datePublished":"2018-05-11T21:05:56+00:00","dateModified":"2021-03-02T19:13:02+00:00","description":"Bornes interactives construites pour un fonctionnement 24 heures sur 24, 7 jours sur 7. Avec l&#039;option batterie, vous pouvez placer ces kiosques \u00e0 \u00e9cran tactile sans fil n&#039;importe o\u00f9.","breadcrumb":{"@id":"https:\/\/mediatile.com\/lamina-touch-50-58\/#breadcrumb"},"inLanguage":"fr-CA","potentialAction":[{"@type":"ReadAction","target":["https:\/\/mediatile.com\/lamina-touch-50-58\/"]}]},{"@type":"ImageObject","inLanguage":"fr-CA","@id":"https:\/\/mediatile.com\/lamina-touch-50-58\/#primaryimage","url":"https:\/\/humankiosk.com\/wp-content\/uploads\/2018\/05\/lamina_50-58_header.jpg","contentUrl":"https:\/\/humankiosk.com\/wp-content\/uploads\/2018\/05\/lamina_50-58_header.jpg"},{"@type":"BreadcrumbList","@id":"https:\/\/mediatile.com\/lamina-touch-50-58\/#breadcrumb","itemListElement":[{"@type":"ListItem","position":1,"name":"Home","item":"https:\/\/humankiosk.com\/"},{"@type":"ListItem","position":2,"name":"Lamina Touch 32-40-50-58"}]},{"@type":"WebSite","@id":"https:\/\/humankiosk.com\/#website","url":"https:\/\/humankiosk.com\/","name":"humainKIOSK","description":"CORUM DIGITAL","potentialAction":[{"@type":"SearchAction","target":{"@type":"EntryPoint","urlTemplate":"https:\/\/humankiosk.com\/?s={search_term_string}"},"query-input":{"@type":"PropertyValueSpecification","valueRequired":true,"valueName":"search_term_string"}}],"inLanguage":"fr-CA"}]}},"_links":{"self":[{"href":"https:\/\/humankiosk.com\/fr\/wp-json\/wp\/v2\/pages\/2145","targetHints":{"allow":["GET"]}}],"collection":[{"href":"https:\/\/humankiosk.com\/fr\/wp-json\/wp\/v2\/pages"}],"about":[{"href":"https:\/\/humankiosk.com\/fr\/wp-json\/wp\/v2\/types\/page"}],"author":[{"embeddable":true,"href":"https:\/\/humankiosk.com\/fr\/wp-json\/wp\/v2\/users\/1"}],"replies":[{"embeddable":true,"href":"https:\/\/humankiosk.com\/fr\/wp-json\/wp\/v2\/comments?post=2145"}],"version-history":[{"count":7,"href":"https:\/\/humankiosk.com\/fr\/wp-json\/wp\/v2\/pages\/2145\/revisions"}],"predecessor-version":[{"id":3353,"href":"https:\/\/humankiosk.com\/fr\/wp-json\/wp\/v2\/pages\/2145\/revisions\/3353"}],"wp:attachment":[{"href":"https:\/\/humankiosk.com\/fr\/wp-json\/wp\/v2\/media?parent=2145"}],"curies":[{"name":"wp","href":"https:\/\/api.w.org\/{rel}","templated":true}]}}