{"id":2168,"date":"2018-05-15T14:04:31","date_gmt":"2018-05-15T14:04:31","guid":{"rendered":"https:\/\/humankiosk.com\/?page_id=2168"},"modified":"2020-08-20T19:00:44","modified_gmt":"2020-08-20T19:00:44","slug":"panneau-sandwich-32","status":"publish","type":"page","link":"https:\/\/humankiosk.com\/fr\/sandwich-board-32\/","title":{"rendered":"Planche \u00e0 sandwich 32\u2033"},"content":{"rendered":"<p><img decoding=\"async\" src=\"https:\/\/humankiosk.com\/wp-content\/uploads\/2018\/05\/sandwich_boards_header.jpg\" alt=\"sandwich_boards_header\" \/><\/p>\n<h1>PLANCHE SANDWICH 32\u201d<\/h1>\n<h2>Un moyen portable et rentable d&#039;attirer des clients.<\/h2>\n<p><strong>Principales caract\u00e9ristiques:<\/strong><\/p>\n<ul>\n<li>La construction avanc\u00e9e des planches sandwich lui permet d&#039;\u00eatre utilis\u00e9e en mode double face (miroir).<\/li>\n<li>Portable pour que vous puissiez facilement le d\u00e9placer dans n&#039;importe quelle partie de votre entreprise\/installation<\/li>\n<li>Rentable pour ne pas constamment imprimer et exp\u00e9dier de nouvelles affiches<\/li>\n<\/ul>\n<p><img loading=\"lazy\" decoding=\"async\" class=\"wp-image-2171 size-full aligncenter\" src=\"https:\/\/humankiosk.com\/wp-content\/uploads\/2018\/05\/icons-1.gif\" alt=\"\" width=\"331\" height=\"77\" \/><\/p>\n<p>gauche<\/p>\n<p>pas de r\u00e9p\u00e9tition\u00a0; centre en haut\u00a0;;<\/p>\n<p>auto<\/p>\n<p>20px 0px 0px 0px<\/p>\n<h4 style=\"text-align: center;\"><strong><a class=\"mojosp-toggle-right\" href=\"https:\/\/humankiosk.com\/fr\/brands\/#top\"><span style=\"color: #ff0000;\">T\u00c9L\u00c9CHARGER LA BROCHURE<\/span><\/a><\/strong><\/h4>\n<p>pas de r\u00e9p\u00e9tition\u00a0; centre en haut\u00a0;;<\/p>\n<p>auto<\/p>\n<p>2172,2173,2174,2175,2176<\/p>\n<p>5<\/p>\n<p>vignette<\/p>\n<h1>ACCESSOIRES<\/h1>\n<h2>Ajoutez l&#039;un des accessoires suivants pour am\u00e9liorer votre kiosque d&#039;affichage num\u00e9rique.<\/h2>\n<p>centre<\/p>\n<p>pas de r\u00e9p\u00e9tition\u00a0; centre en haut\u00a0;;<\/p>\n<p>auto<\/p>\n<p><img decoding=\"async\" src=\"https:\/\/humankiosk.com\/wp-content\/uploads\/2018\/05\/sandwich_boards_accessories-1.jpg\" alt=\"sandwich_boards_accessoires\" \/><\/p>\n<p>Batteries<\/p>\n<p>h4<\/p>\n<p>Disponible en 4, 16, 32 et 50 A<\/p>\n<p>lampe-ic\u00f4ne<\/p>\n<p><img decoding=\"async\" src=\"https:\/\/humankiosk.com\/wp-content\/uploads\/2018\/05\/battery_icon-1.jpg\" alt=\"battery_icon\" \/><\/p>\n<p>haut<\/p>\n<p>Lecteur de signalisation<\/p>\n<p>h4<\/p>\n<p>Disponible sous Android et Windows<\/p>\n<p>lampe-ic\u00f4ne<\/p>\n<p><img decoding=\"async\" src=\"https:\/\/humankiosk.com\/wp-content\/uploads\/2018\/05\/player.jpg\" alt=\"joueur\" \/><\/p>\n<p>haut<\/p>\n<p>Double face<\/p>\n<p>h4<\/p>\n<p>Les panneaux sandwich peuvent \u00eatre configur\u00e9s en mode double face (miroir).<\/p>\n<p>lampe-ic\u00f4ne<\/p>\n<p><img decoding=\"async\" src=\"https:\/\/humankiosk.com\/wp-content\/uploads\/2018\/05\/sandwich_board_config.jpg\" alt=\"sandwich_board_config\" \/><\/p>\n<p>haut<\/p>\n<p>d\u00e9faut<\/p>\n<p>d\u00e9faut<\/p>\n<h1>SP\u00c9CIFICATIONS DU PRODUIT<\/h1>\n<h2>Apprenez \u00e0 conna\u00eetre votre kiosque d&#039;affichage dynamique jusque dans les moindres d\u00e9tails.<\/h2>\n<p>centre<\/p>\n<p>pas de r\u00e9p\u00e9tition\u00a0; centre en haut\u00a0;;<\/p>\n<p>auto<\/p>\n<p><img decoding=\"async\" src=\"https:\/\/humankiosk.com\/wp-content\/uploads\/2018\/05\/sandwich_boards_spec_img.jpg\" alt=\"sandwich_boards_spec_img\" \/><\/p>\n<p><img decoding=\"async\" src=\"https:\/\/humankiosk.com\/wp-content\/uploads\/2018\/05\/sandwich_boards_specs.gif\" alt=\"sandwich_boards_specs\" \/><\/p>\n<h3><span style=\"color: #ffffff;\">COMMENCER<\/span><\/h3>\n<p>pas de r\u00e9p\u00e9tition\u00a0; centre en haut\u00a0;;<\/p>\n<p>auto<\/p>\n<p>TEXTE DES OFFRES<\/p>\n<p><span style=\"color: #ffffff;\">L&#039;ajout d&#039;une signalisation num\u00e9rique est un excellent moyen d&#039;accro\u00eetre la notori\u00e9t\u00e9 de la marque et d&#039;augmenter l&#039;engagement des clients. Si vous souhaitez commencer ou d\u00e9velopper vos besoins en communication visuelle, veuillez nous envoyer un e-mail ou nous appeler. <\/span><\/p>\n<p>gauche<\/p>\n<p>pas de r\u00e9p\u00e9tition\u00a0; centre en haut\u00a0;;<\/p>\n<p>auto<\/p>\n<p>0px 30px 20px 0px<\/p>\n<h2><span style=\"color: #ffffff;\">SOUTIEN<\/span><\/h2>\n<p><span style=\"color: #ffffff;\">T\u00e9l : 519-800-0831<\/span><br \/>\n<span style=\"color: #ffffff;\">Sans frais : 1-800-561-7525<\/span><br \/>\n<a href=\"mailto:support@corumdigital.com\" data-no-translation=\"\"><span style=\"color: #ffffff;\">support@corumdigital.com<\/span><\/a><\/p>\n<p>pas de r\u00e9p\u00e9tition\u00a0; centre en haut\u00a0;;<\/p>\n<p>auto<\/p>\n<h2><span style=\"color: #ffffff;\">CONTACTEZ-NOUS<\/span><\/h2>\n<p><span style=\"color: #ffffff;\">T\u00e9l : 416-342-0660<\/span><br \/>\n<span style=\"color: #ffffff;\">Sans frais : 1-800-561-7525<\/span><br \/>\n<a style=\"color: #ffffff;\" href=\"mailto:info@corumdigital.com\" data-no-translation=\"\">info@corumdigital.com<\/a><\/p>\n<p>pas de r\u00e9p\u00e9tition\u00a0; centre en haut\u00a0;;<\/p>\n<p>auto<\/p>","protected":false},"excerpt":{"rendered":"<p>SANDWICH BOARD 32\u201d A portable and cost-effective way to attract customers. Key Features: The advanced construction of the Sandwich Boards allows it to be used in<span class=\"excerpt-hellip\"> [\u2026]<\/span><\/p>\n","protected":false},"author":1,"featured_media":0,"parent":0,"menu_order":0,"comment_status":"closed","ping_status":"closed","template":"","meta":{"footnotes":""},"class_list":["post-2168","page","type-page","status-publish","hentry"],"yoast_head":"<!-- This site is optimized with the Yoast SEO plugin v27.2 - https:\/\/yoast.com\/product\/yoast-seo-wordpress\/ -->\n<title>Sandwich Board 32&quot; - humanKIOSK - TOUCH SCREEN INTERACTIVE KIOSKS<\/title>\n<meta name=\"description\" content=\"Our interactive Sandwich Board 32&quot; is a portable and cost-effective way to attract customers.\" \/>\n<meta name=\"robots\" content=\"index, follow, max-snippet:-1, max-image-preview:large, max-video-preview:-1\" \/>\n<link rel=\"canonical\" href=\"https:\/\/mediatile.com\/sandwich-board-32\/\" \/>\n<meta property=\"og:locale\" content=\"fr_CA\" \/>\n<meta property=\"og:type\" content=\"article\" \/>\n<meta property=\"og:title\" content=\"Sandwich Board 32&quot; - humanKIOSK - TOUCH SCREEN INTERACTIVE KIOSKS\" \/>\n<meta property=\"og:description\" content=\"Our interactive Sandwich Board 32&quot; is a portable and cost-effective way to attract customers.\" \/>\n<meta property=\"og:url\" content=\"https:\/\/mediatile.com\/sandwich-board-32\/\" \/>\n<meta property=\"og:site_name\" content=\"humanKIOSK\" \/>\n<meta property=\"article:publisher\" content=\"https:\/\/www.facebook.com\/humankiosk\/\" \/>\n<meta property=\"article:modified_time\" content=\"2020-08-20T19:00:44+00:00\" \/>\n<meta property=\"og:image\" content=\"https:\/\/humankiosk.com\/wp-content\/uploads\/2018\/05\/sandwich_boards_header.jpg\" \/>\n<meta name=\"twitter:card\" content=\"summary_large_image\" \/>\n<meta name=\"twitter:site\" content=\"@human_kiosk\" \/>\n<meta name=\"twitter:label1\" content=\"Estimation du temps de lecture\" \/>\n\t<meta name=\"twitter:data1\" content=\"1 minute\" \/>\n<script type=\"application\/ld+json\" class=\"yoast-schema-graph\">{\"@context\":\"https:\/\/schema.org\",\"@graph\":[{\"@type\":\"WebPage\",\"@id\":\"https:\/\/humankiosk.com\/sandwich-board-32\/\",\"url\":\"https:\/\/mediatile.com\/sandwich-board-32\/\",\"name\":\"Sandwich Board 32\\\" - humanKIOSK - TOUCH SCREEN INTERACTIVE KIOSKS\",\"isPartOf\":{\"@id\":\"https:\/\/52.60.63.222\/#website\"},\"primaryImageOfPage\":{\"@id\":\"https:\/\/mediatile.com\/sandwich-board-32\/#primaryimage\"},\"image\":{\"@id\":\"https:\/\/mediatile.com\/sandwich-board-32\/#primaryimage\"},\"thumbnailUrl\":\"https:\/\/humankiosk.com\/wp-content\/uploads\/2018\/05\/sandwich_boards_header.jpg\",\"datePublished\":\"2018-05-15T14:04:31+00:00\",\"dateModified\":\"2020-08-20T19:00:44+00:00\",\"description\":\"Our interactive Sandwich Board 32\\\" is a portable and cost-effective way to attract customers.\",\"breadcrumb\":{\"@id\":\"https:\/\/mediatile.com\/sandwich-board-32\/#breadcrumb\"},\"inLanguage\":\"fr-CA\",\"potentialAction\":[{\"@type\":\"ReadAction\",\"target\":[\"https:\/\/mediatile.com\/sandwich-board-32\/\"]}]},{\"@type\":\"ImageObject\",\"inLanguage\":\"fr-CA\",\"@id\":\"https:\/\/mediatile.com\/sandwich-board-32\/#primaryimage\",\"url\":\"https:\/\/humankiosk.com\/wp-content\/uploads\/2018\/05\/sandwich_boards_header.jpg\",\"contentUrl\":\"https:\/\/humankiosk.com\/wp-content\/uploads\/2018\/05\/sandwich_boards_header.jpg\"},{\"@type\":\"BreadcrumbList\",\"@id\":\"https:\/\/mediatile.com\/sandwich-board-32\/#breadcrumb\",\"itemListElement\":[{\"@type\":\"ListItem\",\"position\":1,\"name\":\"Home\",\"item\":\"https:\/\/52.60.63.222\/\"},{\"@type\":\"ListItem\",\"position\":2,\"name\":\"Sandwich Board 32&#8243;\"}]},{\"@type\":\"WebSite\",\"@id\":\"https:\/\/52.60.63.222\/#website\",\"url\":\"https:\/\/52.60.63.222\/\",\"name\":\"humanKIOSK\",\"description\":\"CORUM DIGITAL\",\"potentialAction\":[{\"@type\":\"SearchAction\",\"target\":{\"@type\":\"EntryPoint\",\"urlTemplate\":\"https:\/\/52.60.63.222\/?s={search_term_string}\"},\"query-input\":{\"@type\":\"PropertyValueSpecification\",\"valueRequired\":true,\"valueName\":\"search_term_string\"}}],\"inLanguage\":\"fr-CA\"}]}<\/script>\n<!-- \/ Yoast SEO plugin. -->","yoast_head_json":{"title":"Sandwich Board 32&quot; - humanKIOSK - KIOSQUES INTERACTIFS \u00c0 \u00c9CRAN TACTILE","description":"Notre Sandwich Board interactif 32&quot; est un moyen portable et \u00e9conomique d&#039;attirer les clients.","robots":{"index":"index","follow":"follow","max-snippet":"max-snippet:-1","max-image-preview":"max-image-preview:large","max-video-preview":"max-video-preview:-1"},"canonical":"https:\/\/mediatile.com\/sandwich-board-32\/","og_locale":"fr_CA","og_type":"article","og_title":"Sandwich Board 32\" - humanKIOSK - TOUCH SCREEN INTERACTIVE KIOSKS","og_description":"Our interactive Sandwich Board 32\" is a portable and cost-effective way to attract customers.","og_url":"https:\/\/mediatile.com\/sandwich-board-32\/","og_site_name":"humanKIOSK","article_publisher":"https:\/\/www.facebook.com\/humankiosk\/","article_modified_time":"2020-08-20T19:00:44+00:00","og_image":[{"url":"https:\/\/humankiosk.com\/wp-content\/uploads\/2018\/05\/sandwich_boards_header.jpg","type":"","width":"","height":""}],"twitter_card":"summary_large_image","twitter_site":"@human_kiosk","twitter_misc":{"Estimation du temps de lecture":"1 minute"},"schema":{"@context":"https:\/\/schema.org","@graph":[{"@type":"WebPage","@id":"https:\/\/humankiosk.com\/sandwich-board-32\/","url":"https:\/\/mediatile.com\/sandwich-board-32\/","name":"Sandwich Board 32&quot; - humanKIOSK - KIOSQUES INTERACTIFS \u00c0 \u00c9CRAN TACTILE","isPartOf":{"@id":"https:\/\/52.60.63.222\/#website"},"primaryImageOfPage":{"@id":"https:\/\/mediatile.com\/sandwich-board-32\/#primaryimage"},"image":{"@id":"https:\/\/mediatile.com\/sandwich-board-32\/#primaryimage"},"thumbnailUrl":"https:\/\/humankiosk.com\/wp-content\/uploads\/2018\/05\/sandwich_boards_header.jpg","datePublished":"2018-05-15T14:04:31+00:00","dateModified":"2020-08-20T19:00:44+00:00","description":"Notre Sandwich Board interactif 32&quot; est un moyen portable et \u00e9conomique d&#039;attirer les clients.","breadcrumb":{"@id":"https:\/\/mediatile.com\/sandwich-board-32\/#breadcrumb"},"inLanguage":"fr-CA","potentialAction":[{"@type":"ReadAction","target":["https:\/\/mediatile.com\/sandwich-board-32\/"]}]},{"@type":"ImageObject","inLanguage":"fr-CA","@id":"https:\/\/mediatile.com\/sandwich-board-32\/#primaryimage","url":"https:\/\/humankiosk.com\/wp-content\/uploads\/2018\/05\/sandwich_boards_header.jpg","contentUrl":"https:\/\/humankiosk.com\/wp-content\/uploads\/2018\/05\/sandwich_boards_header.jpg"},{"@type":"BreadcrumbList","@id":"https:\/\/mediatile.com\/sandwich-board-32\/#breadcrumb","itemListElement":[{"@type":"ListItem","position":1,"name":"Home","item":"https:\/\/52.60.63.222\/"},{"@type":"ListItem","position":2,"name":"Sandwich Board 32&#8243;"}]},{"@type":"WebSite","@id":"https:\/\/52.60.63.222\/#website","url":"https:\/\/52.60.63.222\/","name":"humainKIOSK","description":"CORUM DIGITAL","potentialAction":[{"@type":"SearchAction","target":{"@type":"EntryPoint","urlTemplate":"https:\/\/52.60.63.222\/?s={search_term_string}"},"query-input":{"@type":"PropertyValueSpecification","valueRequired":true,"valueName":"search_term_string"}}],"inLanguage":"fr-CA"}]}},"_links":{"self":[{"href":"https:\/\/humankiosk.com\/fr\/wp-json\/wp\/v2\/pages\/2168","targetHints":{"allow":["GET"]}}],"collection":[{"href":"https:\/\/humankiosk.com\/fr\/wp-json\/wp\/v2\/pages"}],"about":[{"href":"https:\/\/humankiosk.com\/fr\/wp-json\/wp\/v2\/types\/page"}],"author":[{"embeddable":true,"href":"https:\/\/humankiosk.com\/fr\/wp-json\/wp\/v2\/users\/1"}],"replies":[{"embeddable":true,"href":"https:\/\/humankiosk.com\/fr\/wp-json\/wp\/v2\/comments?post=2168"}],"version-history":[{"count":4,"href":"https:\/\/humankiosk.com\/fr\/wp-json\/wp\/v2\/pages\/2168\/revisions"}],"predecessor-version":[{"id":2170,"href":"https:\/\/humankiosk.com\/fr\/wp-json\/wp\/v2\/pages\/2168\/revisions\/2170"}],"wp:attachment":[{"href":"https:\/\/humankiosk.com\/fr\/wp-json\/wp\/v2\/media?parent=2168"}],"curies":[{"name":"wp","href":"https:\/\/api.w.org\/{rel}","templated":true}]}}