{"id":2183,"date":"2018-05-15T16:03:27","date_gmt":"2018-05-15T16:03:27","guid":{"rendered":"https:\/\/humankiosk.com\/?page_id=2183"},"modified":"2023-01-26T19:03:01","modified_gmt":"2023-01-26T19:03:01","slug":"feuille-50-double-face","status":"publish","type":"page","link":"https:\/\/humankiosk.com\/fr\/lamina-50-double-sided\/","title":{"rendered":"Lamina 50\u2033 Double Face"},"content":{"rendered":"<p><img decoding=\"async\" src=\"https:\/\/humankiosk.com\/wp-content\/uploads\/2018\/05\/double_sided_header.jpg\" alt=\"double_face_header\" \/><\/p>\n<h1>LAMINA DOUBLE FACE 50\u201d<\/h1>\n<h2>Doublez l&#039;exposition avec un seul kiosque d&#039;affichage num\u00e9rique.<\/h2>\n<p><strong>Principales caract\u00e9ristiques:<\/strong><\/p>\n<ul>\n<li>Disponible en version standard et interactive \u00e0 6 points.<\/li>\n<li>Avoir la possibilit\u00e9 d&#039;afficher le m\u00eame contenu ou un contenu diff\u00e9rent de chaque c\u00f4t\u00e9<\/li>\n<li>Id\u00e9al pour les grandes installations ou les bureaux \u00e0 forte circulation pi\u00e9tonni\u00e8re<\/li>\n<li>Des accessoires suppl\u00e9mentaires qui aident \u00e0 promouvoir vos produits tels que des \u00e9tag\u00e8res et une banni\u00e8re sup\u00e9rieure<\/li>\n<\/ul>\n<p><img loading=\"lazy\" decoding=\"async\" class=\"wp-image-2171 size-full aligncenter\" src=\"https:\/\/humankiosk.com\/wp-content\/uploads\/2018\/05\/icons-1.gif\" alt=\"\" width=\"331\" height=\"77\" \/><\/p>\n<p>gauche<\/p>\n<p>pas de r\u00e9p\u00e9tition\u00a0; centre en haut\u00a0;;<\/p>\n<p>auto<\/p>\n<p>20px 0px 0px 0px<\/p>\n<h4 style=\"text-align: center;\"><strong><a class=\"mojosp-toggle-right\" href=\"https:\/\/humankiosk.com\/fr\/brands\/#top\"><span style=\"color: #ff0000;\">T\u00c9L\u00c9CHARGER LA BROCHURE<\/span><\/a><\/strong><\/h4>\n<p>pas de r\u00e9p\u00e9tition\u00a0; centre en haut\u00a0;;<\/p>\n<p>auto<\/p>\n<p>2190,2191,2193<\/p>\n<p>5<\/p>\n<p>vignette<\/p>\n<h1>ACCESSOIRES<\/h1>\n<h2>humanKIOSK \u00e9l\u00e8ve votre marketing \u00e0 un nouveau niveau et veille \u00e0 ce que vos produits \/ services soient pr\u00e9sent\u00e9s de mani\u00e8re optimale et rentable.<\/h2>\n<p>centre<\/p>\n<p>pas de r\u00e9p\u00e9tition\u00a0; centre en haut\u00a0;;<\/p>\n<p>auto<\/p>\n<p><img decoding=\"async\" src=\"https:\/\/humankiosk.com\/wp-content\/uploads\/2018\/05\/lamina50-58_accessories-1.jpg\" alt=\"lamina50-58_accessoires\" \/><\/p>\n<p>\u00c9tag\u00e8re avant\/arri\u00e8re<\/p>\n<p>h4<\/p>\n<p>lampe-ic\u00f4ne<\/p>\n<p><img decoding=\"async\" src=\"https:\/\/humankiosk.com\/wp-content\/uploads\/2018\/05\/Front_Back_Shelf.jpg\" alt=\"Front_Back_Shelf\" \/><\/p>\n<p>haut<\/p>\n<p>Tablette lat\u00e9rale<\/p>\n<p>h4<\/p>\n<p>lampe-ic\u00f4ne<\/p>\n<p><img decoding=\"async\" src=\"https:\/\/humankiosk.com\/wp-content\/uploads\/2018\/05\/Side_Shelf.jpg\" alt=\"\u00c9tag\u00e8re_lat\u00e9rale\" \/><\/p>\n<p>haut<\/p>\n<p>Flightcase<\/p>\n<p>h4<\/p>\n<p>lampe-ic\u00f4ne<\/p>\n<p><img decoding=\"async\" src=\"https:\/\/humankiosk.com\/wp-content\/uploads\/2018\/05\/Flightcase.jpg\" alt=\"Flightcase\" \/><\/p>\n<p>haut<\/p>\n<p>Anneau de protection<\/p>\n<p>h4<\/p>\n<p>lampe-ic\u00f4ne<\/p>\n<p><img decoding=\"async\" src=\"https:\/\/humankiosk.com\/wp-content\/uploads\/2018\/05\/protection_ring.jpg\" alt=\"protection_ring\" \/><\/p>\n<p>haut<\/p>\n<p>Lecteur de signalisation<\/p>\n<p>h4<\/p>\n<p>Disponible sous Android et Windows<\/p>\n<p>lampe-ic\u00f4ne<\/p>\n<p><img decoding=\"async\" src=\"https:\/\/humankiosk.com\/wp-content\/uploads\/2018\/05\/player.jpg\" alt=\"joueur\" \/><\/p>\n<p>haut<\/p>\n<p>Banni\u00e8re sup\u00e9rieure<\/p>\n<p>h4<\/p>\n<p>Disponible sous Android et Windows<\/p>\n<p>lampe-ic\u00f4ne<\/p>\n<p><img decoding=\"async\" src=\"https:\/\/humankiosk.com\/wp-content\/uploads\/2018\/05\/Top_Banner.jpg\" alt=\"Top_Banner\" \/><\/p>\n<p>haut<\/p>\n<p>Base mobile<\/p>\n<p>h4<\/p>\n<p>Roues verrouillables<\/p>\n<p>lampe-ic\u00f4ne<\/p>\n<p><img decoding=\"async\" src=\"https:\/\/humankiosk.com\/wp-content\/uploads\/2018\/05\/Mobile_base.jpg\" alt=\"Base_mobile\" \/><\/p>\n<p>haut<\/p>\n<p>d\u00e9faut<\/p>\n<p>d\u00e9faut<\/p>\n<h1>SP\u00c9CIFICATIONS DU PRODUIT<\/h1>\n<h2>humanKIOSK \u00e9l\u00e8ve votre marketing \u00e0 un nouveau niveau et veille \u00e0 ce que vos produits \/ services soient pr\u00e9sent\u00e9s de mani\u00e8re optimale et rentable.<\/h2>\n<p>centre<\/p>\n<p>pas de r\u00e9p\u00e9tition\u00a0; centre en haut\u00a0;;<\/p>\n<p>auto<\/p>\n<p><img decoding=\"async\" src=\"https:\/\/humankiosk.com\/wp-content\/uploads\/2018\/05\/double_sided_specs.jpg\" alt=\"sp\u00e9cifications_double_face\" \/><\/p>\n<h3><span style=\"color: #ffffff;\">COMMENCER<\/span><\/h3>\n<p>pas de r\u00e9p\u00e9tition\u00a0; centre en haut\u00a0;;<\/p>\n<p>auto<\/p>\n<p>TEXTE DES OFFRES<\/p>\n<p><span style=\"color: #ffffff;\">L&#039;ajout d&#039;une signalisation num\u00e9rique est un excellent moyen d&#039;accro\u00eetre la notori\u00e9t\u00e9 de la marque et d&#039;augmenter l&#039;engagement des clients. Si vous souhaitez commencer ou d\u00e9velopper vos besoins en communication visuelle, veuillez nous envoyer un e-mail ou nous appeler. <\/span><\/p>\n<p>gauche<\/p>\n<p>pas de r\u00e9p\u00e9tition\u00a0; centre en haut\u00a0;;<\/p>\n<p>auto<\/p>\n<p>0px 30px 20px 0px<\/p>\n<h2><span style=\"color: #ffffff;\">SOUTIEN<\/span><\/h2>\n<p><span style=\"color: #ffffff;\">T\u00e9l : 519-800-0831<\/span><br \/>\n<span style=\"color: #ffffff;\">Sans frais : 1-800-561-7525<\/span><br \/>\n<a href=\"mailto:support@corumdigital.com\" data-no-translation=\"\"><span style=\"color: #ffffff;\">support@corumdigital.com<\/span><\/a><\/p>\n<p>pas de r\u00e9p\u00e9tition\u00a0; centre en haut\u00a0;;<\/p>\n<p>auto<\/p>\n<h2><span style=\"color: #ffffff;\">CONTACTEZ-NOUS<\/span><\/h2>\n<p><span style=\"color: #ffffff;\">T\u00e9l : 416-342-0660<\/span><br \/>\n<span style=\"color: #ffffff;\">Sans frais : 1-800-561-7525<\/span><br \/>\n<a style=\"color: #ffffff;\" href=\"mailto:info@corumdigital.com\" data-no-translation=\"\">info@corumdigital.com<\/a><\/p>\n<p>pas de r\u00e9p\u00e9tition\u00a0; centre en haut\u00a0;;<\/p>\n<p>auto<\/p>","protected":false},"excerpt":{"rendered":"<p>LAMINA DOUBLE-SIDED 50\u201d Double the exposure with a single digital signage kiosk. Key Features: Available in both standard and 6 point touch interactive. Have the option<span class=\"excerpt-hellip\"> [\u2026]<\/span><\/p>\n","protected":false},"author":1,"featured_media":0,"parent":0,"menu_order":0,"comment_status":"closed","ping_status":"closed","template":"","meta":{"footnotes":""},"class_list":["post-2183","page","type-page","status-publish","hentry"],"yoast_head":"<!-- This site is optimized with the Yoast SEO plugin v27.2 - https:\/\/yoast.com\/product\/yoast-seo-wordpress\/ -->\n<title>Lamina 50&quot; Double Sided - humanKIOSK - INTERACTIVE KIOSKS<\/title>\n<meta name=\"description\" content=\"Double the exposure with a single digital signage kiosk. Key Features: Available in both standard and 6 point touch interactive.\" \/>\n<meta name=\"robots\" content=\"index, follow, max-snippet:-1, max-image-preview:large, max-video-preview:-1\" \/>\n<link rel=\"canonical\" href=\"https:\/\/humankiosk.com\/fr\/feuille-50-double-face\/\" \/>\n<meta property=\"og:locale\" content=\"fr_CA\" \/>\n<meta property=\"og:type\" content=\"article\" \/>\n<meta property=\"og:title\" content=\"Lamina 50&quot; Double Sided - humanKIOSK - INTERACTIVE KIOSKS\" \/>\n<meta property=\"og:description\" content=\"Double the exposure with a single digital signage kiosk. Key Features: Available in both standard and 6 point touch interactive.\" \/>\n<meta property=\"og:url\" content=\"https:\/\/humankiosk.com\/fr\/feuille-50-double-face\/\" \/>\n<meta property=\"og:site_name\" content=\"humanKIOSK\" \/>\n<meta property=\"article:publisher\" content=\"https:\/\/www.facebook.com\/humankiosk\/\" \/>\n<meta property=\"article:modified_time\" content=\"2023-01-26T19:03:01+00:00\" \/>\n<meta property=\"og:image\" content=\"https:\/\/humankiosk.com\/wp-content\/uploads\/2018\/05\/double_sided_header.jpg\" \/>\n<meta name=\"twitter:card\" content=\"summary_large_image\" \/>\n<meta name=\"twitter:site\" content=\"@human_kiosk\" \/>\n<meta name=\"twitter:label1\" content=\"Estimation du temps de lecture\" \/>\n\t<meta name=\"twitter:data1\" content=\"1 minute\" \/>\n<script type=\"application\/ld+json\" class=\"yoast-schema-graph\">{\"@context\":\"https:\/\/schema.org\",\"@graph\":[{\"@type\":\"WebPage\",\"@id\":\"https:\/\/humankiosk.com\/lamina-50-double-sided\/\",\"url\":\"https:\/\/humankiosk.com\/lamina-50-double-sided\/\",\"name\":\"Lamina 50\\\" Double Sided - humanKIOSK - INTERACTIVE KIOSKS\",\"isPartOf\":{\"@id\":\"https:\/\/52.60.63.222\/#website\"},\"primaryImageOfPage\":{\"@id\":\"https:\/\/humankiosk.com\/lamina-50-double-sided\/#primaryimage\"},\"image\":{\"@id\":\"https:\/\/humankiosk.com\/lamina-50-double-sided\/#primaryimage\"},\"thumbnailUrl\":\"https:\/\/humankiosk.com\/wp-content\/uploads\/2018\/05\/double_sided_header.jpg\",\"datePublished\":\"2018-05-15T16:03:27+00:00\",\"dateModified\":\"2023-01-26T19:03:01+00:00\",\"description\":\"Double the exposure with a single digital signage kiosk. Key Features: Available in both standard and 6 point touch interactive.\",\"breadcrumb\":{\"@id\":\"https:\/\/humankiosk.com\/lamina-50-double-sided\/#breadcrumb\"},\"inLanguage\":\"fr-CA\",\"potentialAction\":[{\"@type\":\"ReadAction\",\"target\":[\"https:\/\/humankiosk.com\/lamina-50-double-sided\/\"]}]},{\"@type\":\"ImageObject\",\"inLanguage\":\"fr-CA\",\"@id\":\"https:\/\/humankiosk.com\/lamina-50-double-sided\/#primaryimage\",\"url\":\"https:\/\/humankiosk.com\/wp-content\/uploads\/2018\/05\/double_sided_header.jpg\",\"contentUrl\":\"https:\/\/humankiosk.com\/wp-content\/uploads\/2018\/05\/double_sided_header.jpg\"},{\"@type\":\"BreadcrumbList\",\"@id\":\"https:\/\/humankiosk.com\/lamina-50-double-sided\/#breadcrumb\",\"itemListElement\":[{\"@type\":\"ListItem\",\"position\":1,\"name\":\"Home\",\"item\":\"https:\/\/52.60.63.222\/\"},{\"@type\":\"ListItem\",\"position\":2,\"name\":\"Lamina 50&#8243; Double Sided\"}]},{\"@type\":\"WebSite\",\"@id\":\"https:\/\/52.60.63.222\/#website\",\"url\":\"https:\/\/52.60.63.222\/\",\"name\":\"humanKIOSK\",\"description\":\"CORUM DIGITAL\",\"potentialAction\":[{\"@type\":\"SearchAction\",\"target\":{\"@type\":\"EntryPoint\",\"urlTemplate\":\"https:\/\/52.60.63.222\/?s={search_term_string}\"},\"query-input\":{\"@type\":\"PropertyValueSpecification\",\"valueRequired\":true,\"valueName\":\"search_term_string\"}}],\"inLanguage\":\"fr-CA\"}]}<\/script>\n<!-- \/ Yoast SEO plugin. -->","yoast_head_json":{"title":"Lamina 50&quot; Double Face - humanKIOSK - KIOSQUES INTERACTIFS","description":"Doublez l&#039;exposition avec un seul kiosque d&#039;affichage num\u00e9rique. Caract\u00e9ristiques principales : Disponible en version standard et interactive tactile \u00e0 6 points.","robots":{"index":"index","follow":"follow","max-snippet":"max-snippet:-1","max-image-preview":"max-image-preview:large","max-video-preview":"max-video-preview:-1"},"canonical":"https:\/\/humankiosk.com\/fr\/feuille-50-double-face\/","og_locale":"fr_CA","og_type":"article","og_title":"Lamina 50\" Double Sided - humanKIOSK - INTERACTIVE KIOSKS","og_description":"Double the exposure with a single digital signage kiosk. Key Features: Available in both standard and 6 point touch interactive.","og_url":"https:\/\/humankiosk.com\/fr\/feuille-50-double-face\/","og_site_name":"humanKIOSK","article_publisher":"https:\/\/www.facebook.com\/humankiosk\/","article_modified_time":"2023-01-26T19:03:01+00:00","og_image":[{"url":"https:\/\/humankiosk.com\/wp-content\/uploads\/2018\/05\/double_sided_header.jpg","type":"","width":"","height":""}],"twitter_card":"summary_large_image","twitter_site":"@human_kiosk","twitter_misc":{"Estimation du temps de lecture":"1 minute"},"schema":{"@context":"https:\/\/schema.org","@graph":[{"@type":"WebPage","@id":"https:\/\/humankiosk.com\/lamina-50-double-sided\/","url":"https:\/\/humankiosk.com\/lamina-50-double-sided\/","name":"Lamina 50&quot; Double Face - humanKIOSK - KIOSQUES INTERACTIFS","isPartOf":{"@id":"https:\/\/52.60.63.222\/#website"},"primaryImageOfPage":{"@id":"https:\/\/humankiosk.com\/lamina-50-double-sided\/#primaryimage"},"image":{"@id":"https:\/\/humankiosk.com\/lamina-50-double-sided\/#primaryimage"},"thumbnailUrl":"https:\/\/humankiosk.com\/wp-content\/uploads\/2018\/05\/double_sided_header.jpg","datePublished":"2018-05-15T16:03:27+00:00","dateModified":"2023-01-26T19:03:01+00:00","description":"Doublez l&#039;exposition avec un seul kiosque d&#039;affichage num\u00e9rique. Caract\u00e9ristiques principales : Disponible en version standard et interactive tactile \u00e0 6 points.","breadcrumb":{"@id":"https:\/\/humankiosk.com\/lamina-50-double-sided\/#breadcrumb"},"inLanguage":"fr-CA","potentialAction":[{"@type":"ReadAction","target":["https:\/\/humankiosk.com\/lamina-50-double-sided\/"]}]},{"@type":"ImageObject","inLanguage":"fr-CA","@id":"https:\/\/humankiosk.com\/lamina-50-double-sided\/#primaryimage","url":"https:\/\/humankiosk.com\/wp-content\/uploads\/2018\/05\/double_sided_header.jpg","contentUrl":"https:\/\/humankiosk.com\/wp-content\/uploads\/2018\/05\/double_sided_header.jpg"},{"@type":"BreadcrumbList","@id":"https:\/\/humankiosk.com\/lamina-50-double-sided\/#breadcrumb","itemListElement":[{"@type":"ListItem","position":1,"name":"Home","item":"https:\/\/52.60.63.222\/"},{"@type":"ListItem","position":2,"name":"Lamina 50&#8243; Double Sided"}]},{"@type":"WebSite","@id":"https:\/\/52.60.63.222\/#website","url":"https:\/\/52.60.63.222\/","name":"humainKIOSK","description":"CORUM DIGITAL","potentialAction":[{"@type":"SearchAction","target":{"@type":"EntryPoint","urlTemplate":"https:\/\/52.60.63.222\/?s={search_term_string}"},"query-input":{"@type":"PropertyValueSpecification","valueRequired":true,"valueName":"search_term_string"}}],"inLanguage":"fr-CA"}]}},"_links":{"self":[{"href":"https:\/\/humankiosk.com\/fr\/wp-json\/wp\/v2\/pages\/2183","targetHints":{"allow":["GET"]}}],"collection":[{"href":"https:\/\/humankiosk.com\/fr\/wp-json\/wp\/v2\/pages"}],"about":[{"href":"https:\/\/humankiosk.com\/fr\/wp-json\/wp\/v2\/types\/page"}],"author":[{"embeddable":true,"href":"https:\/\/humankiosk.com\/fr\/wp-json\/wp\/v2\/users\/1"}],"replies":[{"embeddable":true,"href":"https:\/\/humankiosk.com\/fr\/wp-json\/wp\/v2\/comments?post=2183"}],"version-history":[{"count":4,"href":"https:\/\/humankiosk.com\/fr\/wp-json\/wp\/v2\/pages\/2183\/revisions"}],"predecessor-version":[{"id":2187,"href":"https:\/\/humankiosk.com\/fr\/wp-json\/wp\/v2\/pages\/2183\/revisions\/2187"}],"wp:attachment":[{"href":"https:\/\/humankiosk.com\/fr\/wp-json\/wp\/v2\/media?parent=2183"}],"curies":[{"name":"wp","href":"https:\/\/api.w.org\/{rel}","templated":true}]}}