{"id":2203,"date":"2018-05-15T20:41:41","date_gmt":"2018-05-15T20:41:41","guid":{"rendered":"https:\/\/humankiosk.com\/?page_id=2203"},"modified":"2026-01-15T20:34:13","modified_gmt":"2026-01-15T20:34:13","slug":"des-produits","status":"publish","type":"page","link":"https:\/\/humankiosk.com\/fr\/products\/","title":{"rendered":"Des produits"},"content":{"rendered":"<h1>KIOSQUES INTERACTIFS \u2013 AFFICHAGE NUM\u00c9RIQUE \u00c0 \u00c9CRAN TACTILE<\/h1>\n<h2>Avec un design \u00e9l\u00e9gant, vous pouvez placer ces kiosques n&#039;importe o\u00f9 pour attirer les clients et accro\u00eetre la notori\u00e9t\u00e9 de la marque.<\/h2>\n<p><img decoding=\"async\" src=\"https:\/\/humankiosk.com\/wp-content\/uploads\/2018\/05\/header.jpg\" alt=\"Produits de kiosques num\u00e9riques interactifs\" \/><\/p>\n<h2>Notre nouvelle gamme de bornes interactives est con\u00e7ue pour fonctionner 24 heures sur 24, 7 jours sur 7. <\/h2>\n<h2>Ces bornes tactiles contribueront \u00e0 augmenter les ventes et \u00e0 am\u00e9liorer votre exp\u00e9rience client.<\/h2>\n<p><a href=\"https:\/\/humankiosk.com\/fr\/bornes-numeriques-linea\/\" title=\"\"><img decoding=\"async\" src=\"https:\/\/humankiosk.com\/wp-content\/uploads\/2025\/12\/Linea-kiosk-thumb-1.webp\" alt=\"Kiosque Linea pouce 1\" \/><\/a><a href=\"https:\/\/humankiosk.com\/fr\/bornes-numeriques-linea\/\" title=\"\">.path{fill:none;stroke:#333;stroke-miterlimit:10;stroke-width:1.5px;}<\/a><\/p>\n<p>KIOSQUES INTERACTIFS LINEA<\/p>\n<p>Solution tactile tout-en-un pour tout environnement<\/p>\n<p>La gamme Linea de HumanKiosk est une famille polyvalente de bornes num\u00e9riques sur pied destin\u00e9es au libre-service, \u00e0 l&#039;orientation et \u00e0 l&#039;affichage d&#039;informations dans les espaces publics.<\/p>\n<p><a href=\"https:\/\/humankiosk.com\/fr\/bornes-numeriques-linea\/\">SP\u00c9CIFICATIONS COMPL\u00c8TES DU PRODUIT<\/a><\/p>\n<p><a href=\"https:\/\/humankiosk.com\/fr\/ligne-plein-ecran\/\" title=\"\"><img decoding=\"async\" src=\"https:\/\/humankiosk.com\/wp-content\/uploads\/2026\/01\/Linea-Full-Screen-kiosk-thumb.webp\" alt=\"vignette du kiosque Linea plein \u00e9cran\" \/><\/a><a href=\"https:\/\/humankiosk.com\/fr\/ligne-plein-ecran\/\" title=\"\">.path{fill:none;stroke:#333;stroke-miterlimit:10;stroke-width:1.5px;}<\/a><\/p>\n<p>KIOSQUE PLEIN \u00c9CRAN LINEA<\/p>\n<p>Bornes libre-service et d&#039;information con\u00e7ues pour une utilisation r\u00e9elle<\/p>\n<p>Son format vertical allong\u00e9 cr\u00e9e une toile continue et sans jointures qui guide le regard et renforce l&#039;impact des messages dans les espaces publics.<\/p>\n<p><a href=\"https:\/\/humankiosk.com\/fr\/ligne-plein-ecran\/\">SP\u00c9CIFICATIONS COMPL\u00c8TES DU PRODUIT<\/a><\/p>\n<p><a href=\"https:\/\/humankiosk.com\/fr\/ligne-double-face\/\" title=\"\"><img decoding=\"async\" src=\"https:\/\/humankiosk.com\/wp-content\/uploads\/2026\/01\/Linea-Double-Sided-Kiosk-thumb.webp\" alt=\"Borne double face Linea\" \/><\/a><a href=\"https:\/\/humankiosk.com\/fr\/ligne-double-face\/\" title=\"\">.path{fill:none;stroke:#333;stroke-miterlimit:10;stroke-width:1.5px;}<\/a><\/p>\n<p>KIOSQUE DOUBLE FACE LINEA<\/p>\n<p>Borne d&#039;affichage num\u00e9rique double face con\u00e7ue pour les environnements \u00e0 forte visibilit\u00e9.<\/p>\n<p>Linea Double Sided de HumanKiosk est une borne d&#039;affichage num\u00e9rique int\u00e9rieure con\u00e7ue pour les espaces o\u00f9 les messages doivent \u00eatre vus des deux c\u00f4t\u00e9s.<\/p>\n<p>Avec deux \u00e9crans commerciaux c\u00f4te \u00e0 c\u00f4te, il permet d&#039;atteindre les publics qui se d\u00e9placent dans les couloirs et les espaces ouverts sans n\u00e9cessiter d&#039;espace au sol suppl\u00e9mentaire ni de mat\u00e9riel additionnel.<\/p>\n<p><a href=\"https:\/\/humankiosk.com\/fr\/ligne-double-face\/\">SP\u00c9CIFICATIONS COMPL\u00c8TES DU PRODUIT<\/a><\/p>\n<p><a href=\"https:\/\/humankiosk.com\/fr\/kiosque-coude-duraline\/\" title=\"\"><img decoding=\"async\" src=\"https:\/\/humankiosk.com\/wp-content\/uploads\/2022\/07\/duraline-angled-kiosk2.jpg\" alt=\"kiosque-angle-duraline2\" \/><\/a><a href=\"https:\/\/humankiosk.com\/fr\/kiosque-coude-duraline\/\" title=\"\">.path{fill:none;stroke:#333;stroke-miterlimit:10;stroke-width:1.5px;}<\/a><\/p>\n<p>KIOSQUE ANGULAIRE DURALINE 32\u2033-55\u2033<\/p>\n<p>Parfait pour les centres commerciaux, les campus universitaires, les points de vente et une foule d&#039;autres applications.<\/p>\n<p>Le kiosque est construit en utilisant 14 GA. acier \u00e0 fort impact et con\u00e7u pour supporter le trafic public et les bosses et les contusions. Il est parfait pour les centres commerciaux, les campus universitaires, les points de vente et une foule d&#039;autres applications. Ce kiosque peut \u00eatre peint de n&#039;importe quelle couleur que vous d\u00e9sirez et peut \u00e9galement inclure des d\u00e9calcomanies imprim\u00e9es et des enveloppes de kiosque.<\/p>\n<p><a href=\"https:\/\/humankiosk.com\/fr\/kiosque-coude-duraline\/\">SP\u00c9CIFICATIONS COMPL\u00c8TES DU PRODUIT<\/a><\/p>\n<p><a href=\"https:\/\/humankiosk.com\/fr\/kiosque-duraline-43-55\/\" title=\"\"><img decoding=\"async\" src=\"https:\/\/humankiosk.com\/wp-content\/uploads\/2022\/07\/DURALINE-KIOSK.jpg\" alt=\"KIOSQUE DURALINE\" \/><\/a><a href=\"https:\/\/humankiosk.com\/fr\/kiosque-duraline-43-55\/\" title=\"\">.path{fill:none;stroke:#333;stroke-miterlimit:10;stroke-width:1.5px;}<\/a><\/p>\n<p>KIOSQUE DURALINE 43\u201d-55\u201d<\/p>\n<p>Solution tactile tout-en-un pour tout environnement<\/p>\n<p>Capacit\u00e9s de r\u00e9solution UHD pour un contenu incroyablement clair, augmentant l&#039;engagement des clients avec des images r\u00e9alistes qui ont \u00e9t\u00e9 optimis\u00e9es pour s&#039;afficher exactement comme pr\u00e9vu.<\/p>\n<p><a href=\"https:\/\/humankiosk.com\/fr\/kiosque-duraline-43-55\/\">SP\u00c9CIFICATIONS COMPL\u00c8TES DU PRODUIT<\/a><\/p>\n<p><a href=\"https:\/\/humankiosk.com\/fr\/kiosques-exterieurs-en-duraline\/#Duraline-Outdoor-Double-Sided\" title=\"\"><img decoding=\"async\" src=\"https:\/\/humankiosk.com\/wp-content\/uploads\/2026\/01\/Duraline-Outdoor-All-Weather-Dual-Sided-Kiosk-thumb.webp\" alt=\"\" \/><\/a><a href=\"https:\/\/humankiosk.com\/fr\/kiosques-exterieurs-en-duraline\/#Duraline-Outdoor-Double-Sided\" title=\"\">.path{fill:none;stroke:#333;stroke-miterlimit:10;stroke-width:1.5px;}<\/a><\/p>\n<p>KIOSQUES D&#039;EXT\u00c9RIEUR DURALINE TOUTES SAISONS SIMPLES ET DOUBLE FACE 55&quot;-75&quot;<\/p>\n<p>Ce kiosque peut \u00eatre utilis\u00e9 dans les centres commerciaux ext\u00e9rieurs, les kiosques de rue, les QSR, les h\u00f4tels, les casinos, les h\u00f4tels et la liste continue.<\/p>\n<p><a href=\"https:\/\/humankiosk.com\/fr\/kiosques-exterieurs-en-duraline\/#Duraline-Outdoor-Double-Sided\">SP\u00c9CIFICATIONS COMPL\u00c8TES DU PRODUIT<\/a><\/p>\n<p><a href=\"https:\/\/humankiosk.com\/fr\/kiosques-exterieurs-en-duraline\/#Duraline-Outdoor-Freestanding\" title=\"\"><img decoding=\"async\" src=\"https:\/\/humankiosk.com\/wp-content\/uploads\/2023\/04\/freestanding-outdoor-kiosk-thumb.webp\" alt=\"autoportant-ext\u00e9rieur-kiosque-pouce\" \/><\/a><a href=\"https:\/\/humankiosk.com\/fr\/kiosques-exterieurs-en-duraline\/#Duraline-Outdoor-Freestanding\" title=\"\">.path{fill:none;stroke:#333;stroke-miterlimit:10;stroke-width:1.5px;}<\/a><\/p>\n<p>Kiosque autoportant ext\u00e9rieur toutes saisons Duraline double et simple face<\/p>\n<p>Con\u00e7u pour r\u00e9sister aux intemp\u00e9ries gr\u00e2ce \u00e0 sa certification tous temps et \u00e0 sa robustesse remarquable, ce kiosque offre une longue dur\u00e9e de vie. De plus, m\u00eame en plein soleil, l&#039;affichage num\u00e9rique conserve toute sa nettet\u00e9 et sa vivacit\u00e9, garantissant une exp\u00e9rience visuelle exceptionnelle.<\/p>\n<p><a href=\"https:\/\/humankiosk.com\/fr\/kiosques-exterieurs-en-duraline\/#Duraline-Outdoor-Freestanding\">SP\u00c9CIFICATIONS COMPL\u00c8TES DU PRODUIT<\/a><\/p>\n<p><a href=\"https:\/\/humankiosk.com\/fr\/bornes-interactives-tactiles-inclinees\/\" title=\"\"><img decoding=\"async\" src=\"https:\/\/humankiosk.com\/wp-content\/uploads\/2024\/08\/Angled-Kiosk-2.webp#3806\" alt=\"Angle-Kiosk-2\" \/><img decoding=\"async\" src=\"https:\/\/humankiosk.com\/wp-content\/uploads\/2024\/08\/Angled-Kiosk-a.webp#3807\" alt=\"Kiosque-\u00e0-angle-a\" \/><\/a><\/p>\n<p>BORNE INTERACTIVE TACTILE ANGULAIRE 22\u2033, 32\u2033, 43\u2033, 55\u2033, 65\u2033<\/p>\n<p>Ces bornes tout-en-un sont bien adapt\u00e9es aux applications tactiles et non tactiles.<\/p>\n<p>L&#039;ordinateur tout-en-un adopte des processeurs Intel Core. Un appareil \u00e9l\u00e9gant et puissant capable de cr\u00e9er, diffuser et partager du contenu HD. Id\u00e9al pour les grands b\u00e2timents ou les bureaux \u00e0 fort passage. Les bornes tactiles tout-en-un peuvent \u00eatre utilis\u00e9es sur de nombreux march\u00e9s, tels que les machines de jeux, les syst\u00e8mes h\u00f4teliers, l&#039;automatisation industrielle, les bornes interactives, les syst\u00e8mes de point de vente et les pr\u00e9sentoirs de vente au d\u00e9tail.<\/p>\n<p><a href=\"https:\/\/humankiosk.com\/fr\/bornes-interactives-tactiles-inclinees\/\">SP\u00c9CIFICATIONS COMPL\u00c8TES DU PRODUIT<\/a><\/p>\n<p><a href=\"https:\/\/humankiosk.com\/fr\/kiosque-s-touch-angle\/\" title=\"\"><img decoding=\"async\" src=\"https:\/\/humankiosk.com\/wp-content\/uploads\/2025\/03\/S-angled-kiosk-thmb.jpg\" alt=\"Kiosque \u00e0 angle en S-pouce\" \/><\/a><a href=\"https:\/\/humankiosk.com\/fr\/kiosque-s-touch-angle\/\" title=\"\">.path{fill:none;stroke:#333;stroke-miterlimit:10;stroke-width:1.5px;}<\/a><\/p>\n<p>KIOSQUE TACTILE ANGULAIRE 21,5\u2033<\/p>\n<p>Profitez d&#039;une r\u00e9solution haute d\u00e9finition exceptionnelle de 1920 \u00d7 1080 pour des images nettes et r\u00e9alistes, d&#039;une clart\u00e9 et d&#039;un niveau de d\u00e9tail exceptionnels. Con\u00e7u en verre tremp\u00e9 haute r\u00e9sistance, cet \u00e9cran est r\u00e9sistant aux rayures, extr\u00eamement durable et con\u00e7u pour r\u00e9sister \u00e0 l&#039;usure quotidienne, garantissant ainsi des performances et une fiabilit\u00e9 durables.<\/p>\n<p><a href=\"https:\/\/humankiosk.com\/fr\/kiosque-s-touch-angle\/\">SP\u00c9CIFICATIONS COMPL\u00c8TES DU PRODUIT<\/a><\/p>\n<p><a href=\"https:\/\/humankiosk.com\/fr\/panneau-sandwich-32\/\" title=\"\"><img decoding=\"async\" src=\"https:\/\/humankiosk.com\/wp-content\/uploads\/2021\/07\/sandwichboard-32.jpg\" alt=\"sandwichboard-32\" \/><img decoding=\"async\" src=\"https:\/\/humankiosk.com\/wp-content\/uploads\/2021\/07\/sandwichboard-32b.jpg\" alt=\"sandwichboard-32b\" \/><\/a><\/p>\n<p>PLANCHE SANDWICH 32\u201d<\/p>\n<p>Un moyen portable et rentable d&#039;attirer des clients.<\/p>\n<p>La conception avanc\u00e9e des panneaux sandwich permet une utilisation recto verso (effet miroir). Portables, ils se d\u00e9placent facilement dans tous vos locaux. \u00c9conomiques, ils vous \u00e9vitent d&#039;imprimer et d&#039;exp\u00e9dier constamment de nouvelles affiches.<\/p>\n<p><a href=\"https:\/\/humankiosk.com\/fr\/panneau-sandwich-32\/\">SP\u00c9CIFICATIONS COMPL\u00c8TES DU PRODUIT<\/a><\/p>\n<p><a href=\"https:\/\/humankiosk.com\/fr\/signe-15-6\/\" title=\"\"><img decoding=\"async\" src=\"https:\/\/humankiosk.com\/wp-content\/uploads\/2021\/07\/signo-1.jpg\" alt=\"signo-1\" \/><img decoding=\"async\" src=\"https:\/\/humankiosk.com\/wp-content\/uploads\/2021\/07\/signo-2.jpg\" alt=\"signo-2\" \/><\/a><\/p>\n<p>SIGNO 15,6&quot;<\/p>\n<p>Le Signo am\u00e8ne les kiosques interactifs \u00e0 un nouveau niveau de mani\u00e8re optimale et rentable.<\/p>\n<p>Il fonctionne sur batterie, ce qui le rend facilement mobile et sans fil, et peut \u00eatre utilis\u00e9 partout (centres commerciaux, concessions automobiles, salons professionnels, halls d&#039;entr\u00e9e, etc.). Des accessoires suppl\u00e9mentaires, comme le d\u00e9tecteur de mouvement, permettent d&#039;\u00e9conomiser la batterie jusqu&#039;\u00e0 ce qu&#039;il d\u00e9tecte un mouvement et attire l&#039;attention du client. L\u00e9ger (8,5 kg), il est \u00e9quip\u00e9 de roulettes pour faciliter son d\u00e9placement.<\/p>\n<p><a href=\"https:\/\/humankiosk.com\/fr\/signe-15-6\/\">SP\u00c9CIFICATIONS COMPL\u00c8TES DU PRODUIT<\/a><\/p>\n<p><a href=\"https:\/\/humankiosk.com\/fr\/kiosque-de-desinfectant-pour-les-mains\/\" title=\"\"><img decoding=\"async\" src=\"https:\/\/humankiosk.com\/wp-content\/uploads\/2021\/07\/hand-sanitizer-kiosk-1.jpg\" alt=\"kiosque-d\u00e9sinfectant-mains-1\" \/><img decoding=\"async\" src=\"https:\/\/humankiosk.com\/wp-content\/uploads\/2021\/07\/hand-sanitizer-kiosk-2.jpg\" alt=\"kiosque-d\u00e9sinfectant-mains-2\" \/><\/a><\/p>\n<p>KIOSQUE DE DISTRIBUTION DE GEL HYDROALCOOLIQUE 22\u2033<\/p>\n<p>Au mur et au sol avec d\u00e9sinfectant pour les mains int\u00e9gr\u00e9 de 5 litres.<\/p>\n<p>Bo\u00eetier enti\u00e8rement m\u00e9tallique con\u00e7u pour un usage commercial. Android 7.1, RK3288, 2 Go de RAM, 8 Go de stockage. Distributeur automatique \u00e0 capteur pour une utilisation sans contact. Compatible avec divers d\u00e9sinfectants\u00a0: gel, liquide, mousse. Grande capacit\u00e9 de 5\u00a0000\u00a0ml. Remplissage facile. Un capteur lumineux indique le niveau de remplissage (plein\/moyen\/faible). Surveillance \u00e0 distance de la dur\u00e9e d&#039;utilisation et alarme de niveau. Alimentation par batterie en option.<\/p>\n<p><a href=\"https:\/\/humankiosk.com\/fr\/kiosque-de-desinfectant-pour-les-mains\/\" target=\"_self\">SP\u00c9CIFICATIONS COMPL\u00c8TES DU PRODUIT<\/a><\/p>","protected":false},"excerpt":{"rendered":"<p>INTERACTIVE KIOSKS &#8211; TOUCH SCREEN DIGITAL SIGNAGE With a sleek design, you can place these kiosks anywhere to attract customers and increase brand awareness. Our new<span class=\"excerpt-hellip\"> [\u2026]<\/span><\/p>\n","protected":false},"author":1,"featured_media":0,"parent":0,"menu_order":0,"comment_status":"closed","ping_status":"closed","template":"","meta":{"footnotes":""},"class_list":["post-2203","page","type-page","status-publish","hentry"],"yoast_head":"<!-- This site is optimized with the Yoast SEO plugin v27.2 - https:\/\/yoast.com\/product\/yoast-seo-wordpress\/ -->\n<title>INTERACTIVE KIOSKS - Products - TOUCH SCREEN DIGITAL SIGNAGE<\/title>\n<meta name=\"description\" content=\"Interactive kiosks built for 24 hour a day, 7 day a week operation. With battery option, you can place these wireless touch Screen Kiosks anywhere.\" \/>\n<meta name=\"robots\" content=\"index, follow, max-snippet:-1, max-image-preview:large, max-video-preview:-1\" \/>\n<link rel=\"canonical\" href=\"https:\/\/humankiosk.com\/fr\/des-produits\/\" \/>\n<meta property=\"og:locale\" content=\"fr_CA\" \/>\n<meta property=\"og:type\" content=\"article\" \/>\n<meta property=\"og:title\" content=\"INTERACTIVE KIOSKS - Products - TOUCH SCREEN DIGITAL SIGNAGE\" \/>\n<meta property=\"og:description\" content=\"Interactive kiosks built for 24 hour a day, 7 day a week operation. With battery option, you can place these wireless touch Screen Kiosks anywhere.\" \/>\n<meta property=\"og:url\" content=\"https:\/\/humankiosk.com\/fr\/des-produits\/\" \/>\n<meta property=\"og:site_name\" content=\"humanKIOSK\" \/>\n<meta property=\"article:publisher\" content=\"https:\/\/www.facebook.com\/humankiosk\/\" \/>\n<meta property=\"article:modified_time\" content=\"2026-01-15T20:34:13+00:00\" \/>\n<meta property=\"og:image\" content=\"https:\/\/humankiosk.com\/wp-content\/uploads\/2018\/05\/header.jpg\" \/>\n<meta name=\"twitter:card\" content=\"summary_large_image\" \/>\n<meta name=\"twitter:site\" content=\"@human_kiosk\" \/>\n<meta name=\"twitter:label1\" content=\"Estimation du temps de lecture\" \/>\n\t<meta name=\"twitter:data1\" content=\"12 minutes\" \/>\n<script type=\"application\/ld+json\" class=\"yoast-schema-graph\">{\"@context\":\"https:\/\/schema.org\",\"@graph\":[{\"@type\":\"WebPage\",\"@id\":\"https:\/\/humankiosk.com\/products\/\",\"url\":\"https:\/\/humankiosk.com\/products\/\",\"name\":\"INTERACTIVE KIOSKS - Products - TOUCH SCREEN DIGITAL SIGNAGE\",\"isPartOf\":{\"@id\":\"https:\/\/52.60.63.222\/#website\"},\"primaryImageOfPage\":{\"@id\":\"https:\/\/humankiosk.com\/products\/#primaryimage\"},\"image\":{\"@id\":\"https:\/\/humankiosk.com\/products\/#primaryimage\"},\"thumbnailUrl\":\"https:\/\/humankiosk.com\/wp-content\/uploads\/2018\/05\/header.jpg\",\"datePublished\":\"2018-05-15T20:41:41+00:00\",\"dateModified\":\"2026-01-15T20:34:13+00:00\",\"description\":\"Interactive kiosks built for 24 hour a day, 7 day a week operation. With battery option, you can place these wireless touch Screen Kiosks anywhere.\",\"breadcrumb\":{\"@id\":\"https:\/\/humankiosk.com\/products\/#breadcrumb\"},\"inLanguage\":\"fr-CA\",\"potentialAction\":[{\"@type\":\"ReadAction\",\"target\":[\"https:\/\/humankiosk.com\/products\/\"]}]},{\"@type\":\"ImageObject\",\"inLanguage\":\"fr-CA\",\"@id\":\"https:\/\/humankiosk.com\/products\/#primaryimage\",\"url\":\"https:\/\/humankiosk.com\/wp-content\/uploads\/2018\/05\/header.jpg\",\"contentUrl\":\"https:\/\/humankiosk.com\/wp-content\/uploads\/2018\/05\/header.jpg\"},{\"@type\":\"BreadcrumbList\",\"@id\":\"https:\/\/humankiosk.com\/products\/#breadcrumb\",\"itemListElement\":[{\"@type\":\"ListItem\",\"position\":1,\"name\":\"Home\",\"item\":\"https:\/\/52.60.63.222\/\"},{\"@type\":\"ListItem\",\"position\":2,\"name\":\"Products\"}]},{\"@type\":\"WebSite\",\"@id\":\"https:\/\/52.60.63.222\/#website\",\"url\":\"https:\/\/52.60.63.222\/\",\"name\":\"humanKIOSK\",\"description\":\"CORUM DIGITAL\",\"potentialAction\":[{\"@type\":\"SearchAction\",\"target\":{\"@type\":\"EntryPoint\",\"urlTemplate\":\"https:\/\/52.60.63.222\/?s={search_term_string}\"},\"query-input\":{\"@type\":\"PropertyValueSpecification\",\"valueRequired\":true,\"valueName\":\"search_term_string\"}}],\"inLanguage\":\"fr-CA\"}]}<\/script>\n<!-- \/ Yoast SEO plugin. -->","yoast_head_json":{"title":"KIOSQUES INTERACTIFS - Produits - SIGNALISATION NUM\u00c9RIQUE \u00c0 \u00c9CRAN TACTILE","description":"Bornes interactives construites pour un fonctionnement 24 heures sur 24, 7 jours sur 7. Avec l&#039;option batterie, vous pouvez placer ces kiosques \u00e0 \u00e9cran tactile sans fil n&#039;importe o\u00f9.","robots":{"index":"index","follow":"follow","max-snippet":"max-snippet:-1","max-image-preview":"max-image-preview:large","max-video-preview":"max-video-preview:-1"},"canonical":"https:\/\/humankiosk.com\/fr\/des-produits\/","og_locale":"fr_CA","og_type":"article","og_title":"INTERACTIVE KIOSKS - Products - TOUCH SCREEN DIGITAL SIGNAGE","og_description":"Interactive kiosks built for 24 hour a day, 7 day a week operation. With battery option, you can place these wireless touch Screen Kiosks anywhere.","og_url":"https:\/\/humankiosk.com\/fr\/des-produits\/","og_site_name":"humanKIOSK","article_publisher":"https:\/\/www.facebook.com\/humankiosk\/","article_modified_time":"2026-01-15T20:34:13+00:00","og_image":[{"url":"https:\/\/humankiosk.com\/wp-content\/uploads\/2018\/05\/header.jpg","type":"","width":"","height":""}],"twitter_card":"summary_large_image","twitter_site":"@human_kiosk","twitter_misc":{"Estimation du temps de lecture":"12 minutes"},"schema":{"@context":"https:\/\/schema.org","@graph":[{"@type":"WebPage","@id":"https:\/\/humankiosk.com\/products\/","url":"https:\/\/humankiosk.com\/products\/","name":"KIOSQUES INTERACTIFS - Produits - SIGNALISATION NUM\u00c9RIQUE \u00c0 \u00c9CRAN TACTILE","isPartOf":{"@id":"https:\/\/52.60.63.222\/#website"},"primaryImageOfPage":{"@id":"https:\/\/humankiosk.com\/products\/#primaryimage"},"image":{"@id":"https:\/\/humankiosk.com\/products\/#primaryimage"},"thumbnailUrl":"https:\/\/humankiosk.com\/wp-content\/uploads\/2018\/05\/header.jpg","datePublished":"2018-05-15T20:41:41+00:00","dateModified":"2026-01-15T20:34:13+00:00","description":"Bornes interactives construites pour un fonctionnement 24 heures sur 24, 7 jours sur 7. Avec l&#039;option batterie, vous pouvez placer ces kiosques \u00e0 \u00e9cran tactile sans fil n&#039;importe o\u00f9.","breadcrumb":{"@id":"https:\/\/humankiosk.com\/products\/#breadcrumb"},"inLanguage":"fr-CA","potentialAction":[{"@type":"ReadAction","target":["https:\/\/humankiosk.com\/products\/"]}]},{"@type":"ImageObject","inLanguage":"fr-CA","@id":"https:\/\/humankiosk.com\/products\/#primaryimage","url":"https:\/\/humankiosk.com\/wp-content\/uploads\/2018\/05\/header.jpg","contentUrl":"https:\/\/humankiosk.com\/wp-content\/uploads\/2018\/05\/header.jpg"},{"@type":"BreadcrumbList","@id":"https:\/\/humankiosk.com\/products\/#breadcrumb","itemListElement":[{"@type":"ListItem","position":1,"name":"Home","item":"https:\/\/52.60.63.222\/"},{"@type":"ListItem","position":2,"name":"Products"}]},{"@type":"WebSite","@id":"https:\/\/52.60.63.222\/#website","url":"https:\/\/52.60.63.222\/","name":"humainKIOSK","description":"CORUM DIGITAL","potentialAction":[{"@type":"SearchAction","target":{"@type":"EntryPoint","urlTemplate":"https:\/\/52.60.63.222\/?s={search_term_string}"},"query-input":{"@type":"PropertyValueSpecification","valueRequired":true,"valueName":"search_term_string"}}],"inLanguage":"fr-CA"}]}},"_links":{"self":[{"href":"https:\/\/humankiosk.com\/fr\/wp-json\/wp\/v2\/pages\/2203","targetHints":{"allow":["GET"]}}],"collection":[{"href":"https:\/\/humankiosk.com\/fr\/wp-json\/wp\/v2\/pages"}],"about":[{"href":"https:\/\/humankiosk.com\/fr\/wp-json\/wp\/v2\/types\/page"}],"author":[{"embeddable":true,"href":"https:\/\/humankiosk.com\/fr\/wp-json\/wp\/v2\/users\/1"}],"replies":[{"embeddable":true,"href":"https:\/\/humankiosk.com\/fr\/wp-json\/wp\/v2\/comments?post=2203"}],"version-history":[{"count":11,"href":"https:\/\/humankiosk.com\/fr\/wp-json\/wp\/v2\/pages\/2203\/revisions"}],"predecessor-version":[{"id":3995,"href":"https:\/\/humankiosk.com\/fr\/wp-json\/wp\/v2\/pages\/2203\/revisions\/3995"}],"wp:attachment":[{"href":"https:\/\/humankiosk.com\/fr\/wp-json\/wp\/v2\/media?parent=2203"}],"curies":[{"name":"wp","href":"https:\/\/api.w.org\/{rel}","templated":true}]}}