{"id":2220,"date":"2018-05-16T15:02:22","date_gmt":"2018-05-16T15:02:22","guid":{"rendered":"https:\/\/humankiosk.com\/?page_id=2220"},"modified":"2023-02-07T15:18:52","modified_gmt":"2023-02-07T15:18:52","slug":"demande-dinformations","status":"publish","type":"page","link":"https:\/\/humankiosk.com\/fr\/request-info\/","title":{"rendered":"Demande d&#039;info"},"content":{"rendered":"<p><img decoding=\"async\" src=\"https:\/\/humankiosk.com\/wp-content\/uploads\/2018\/05\/contact_products.jpg\" alt=\"contact_produits\" \/><\/p>\n<h1>humainKIOSK<\/h1>\n<h2>Faites passer votre engagement client au niveau sup\u00e9rieur avec les kiosques d&#039;affichage num\u00e9rique.<\/h2>\n<p>Nous permettons la communication afin que vous puissiez engager, \u00e9duquer et responsabiliser efficacement votre public. Chaque jour, nous vivons et respirons cette d\u00e9claration. Pour plus d&#039;informations sur notre ligne humanKIOSK, veuillez remplir le formulaire de contact.<\/p>\n<p>pas de r\u00e9p\u00e9tition\u00a0; centre en haut\u00a0;;<\/p>\n<p>auto<\/p>\n<h3>DEMANDER UN DEVIS<\/h3>\n\n<div class=\"wpcf7 no-js\" id=\"wpcf7-f214-o1\" lang=\"en-US\" dir=\"ltr\" data-wpcf7-id=\"214\">\n<div class=\"screen-reader-response\"><p role=\"status\" aria-live=\"polite\" aria-atomic=\"true\"><\/p> <ul><\/ul><\/div>\n<form action=\"\/fr\/wp-json\/wp\/v2\/pages\/2220#wpcf7-f214-o1\" method=\"post\" class=\"wpcf7-form init\" aria-label=\"Formulaire de contact\" novalidate=\"novalidate\" data-status=\"init\" data-trp-original-action=\"\/fr\/wp-json\/wp\/v2\/pages\/2220#wpcf7-f214-o1\">\n<fieldset class=\"hidden-fields-container\"><input type=\"hidden\" name=\"_wpcf7\" value=\"214\" \/><input type=\"hidden\" name=\"_wpcf7_version\" value=\"6.1.5\" \/><input type=\"hidden\" name=\"_wpcf7_locale\" value=\"en_US\" \/><input type=\"hidden\" name=\"_wpcf7_unit_tag\" value=\"wpcf7-f214-o1\" \/><input type=\"hidden\" name=\"_wpcf7_container_post\" value=\"0\" \/><input type=\"hidden\" name=\"_wpcf7_posted_data_hash\" value=\"\" \/><input type=\"hidden\" name=\"_wpcf7_recaptcha_response\" value=\"\" \/>\n<\/fieldset>\n<input class=\"wpcf7-form-control wpcf7-hidden\" id=\"sourcefield\" value=\"unknown\" type=\"hidden\" name=\"source-page\" \/>\n<input class=\"wpcf7-form-control wpcf7-hidden\" value=\"Quote Request\" type=\"hidden\" name=\"form-name\" \/>\n<p><label> Votre Nom (requis)<br \/>\n<span class=\"wpcf7-form-control-wrap\" data-name=\"your-name\"><input size=\"40\" maxlength=\"400\" class=\"wpcf7-form-control wpcf7-text wpcf7-validates-as-required\" aria-required=\"true\" aria-invalid=\"false\" value=\"\" type=\"text\" name=\"your-name\" \/><\/span> <\/label>\n<\/p>\n<p><label> Nom (obligatoire)<br \/>\n<span class=\"wpcf7-form-control-wrap\" data-name=\"last-name\"><input size=\"40\" maxlength=\"400\" class=\"wpcf7-form-control wpcf7-text wpcf7-validates-as-required\" aria-required=\"true\" aria-invalid=\"false\" value=\"\" type=\"text\" name=\"last-name\" \/><\/span> <\/label>\n<\/p>\n<p><label> Intitul\u00e9 du poste (obligatoire)<br \/>\n<span class=\"wpcf7-form-control-wrap\" data-name=\"job-title\"><input size=\"40\" maxlength=\"400\" class=\"wpcf7-form-control wpcf7-text wpcf7-validates-as-required\" aria-required=\"true\" aria-invalid=\"false\" value=\"\" type=\"text\" name=\"job-title\" \/><\/span> <\/label>\n<\/p>\n<p><label> Entreprise (obligatoire)<br \/>\n<span class=\"wpcf7-form-control-wrap\" data-name=\"your-company\"><input size=\"40\" maxlength=\"400\" class=\"wpcf7-form-control wpcf7-text wpcf7-validates-as-required\" aria-required=\"true\" aria-invalid=\"false\" value=\"\" type=\"text\" name=\"your-company\" \/><\/span> <\/label>\n<\/p>\n<p><label> Votre Email (requis)<br \/>\n<span class=\"wpcf7-form-control-wrap\" data-name=\"your-email\"><input size=\"40\" maxlength=\"400\" class=\"wpcf7-form-control wpcf7-email wpcf7-validates-as-required wpcf7-text wpcf7-validates-as-email\" aria-required=\"true\" aria-invalid=\"false\" value=\"\" type=\"email\" name=\"your-email\" \/><\/span> <\/label>\n<\/p>\n<p><label> Num\u00e9ro de t\u00e9l\u00e9phone (obligatoire)<br \/>\n<span class=\"wpcf7-form-control-wrap\" data-name=\"tel-328\"><input size=\"40\" maxlength=\"400\" class=\"wpcf7-form-control wpcf7-tel wpcf7-validates-as-required wpcf7-text wpcf7-validates-as-tel\" aria-required=\"true\" aria-invalid=\"false\" value=\"\" type=\"tel\" name=\"tel-328\" \/><\/span> <\/label>\n<\/p>\n<p><label> Adresse de l&#039;entreprise (obligatoire)<br \/>\n<span class=\"wpcf7-form-control-wrap\" data-name=\"CompanyAddress\"><input size=\"40\" maxlength=\"400\" class=\"wpcf7-form-control wpcf7-text wpcf7-validates-as-required\" aria-required=\"true\" aria-invalid=\"false\" value=\"\" type=\"text\" name=\"CompanyAddress\" \/><\/span> <\/label>\n<\/p>\n<p><label> Message<br \/>\n<span class=\"wpcf7-form-control-wrap\" data-name=\"Describein150wordsorless\"><textarea cols=\"40\" rows=\"10\" maxlength=\"2000\" class=\"wpcf7-form-control wpcf7-textarea\" aria-invalid=\"false\" name=\"Describein150wordsorless\"><\/textarea><\/span> <\/label>\n<\/p>\n<p><label> Consentement par e-mail<br \/>\n<span class=\"wpcf7-form-control-wrap\" data-name=\"EmailConsent\"><span class=\"wpcf7-form-control wpcf7-checkbox\"><\/span><\/span><span class=\"wpcf7-form-control-wrap\" data-name=\"EmailConsent\"><span class=\"wpcf7-form-control wpcf7-checkbox\"><span class=\"wpcf7-list-item first last\"><input type=\"checkbox\" name=\"EmailConsent[]\" value=\"By checking this box, you agree to receive communications from Corum Digital related to product information, or promotional offers.\" \/><span class=\"wpcf7-list-item-label\">En cochant cette case, vous acceptez de recevoir des communications de Corum Digital relatives \u00e0 des informations sur les produits ou des offres promotionnelles.<\/span><\/span><\/span><\/span><br \/>\n<script>\ndocument.getElementById('sourcefield').value=location.href;\n<\/script><br \/>\n<input class=\"wpcf7-form-control wpcf7-submit has-spinner\" type=\"submit\" value=\"Envoyer\" \/><\/label>\n<\/p><div class=\"wpcf7-response-output\" aria-hidden=\"true\"><\/div>\n<input type=\"hidden\" name=\"trp-form-language\" value=\"fr\"\/><\/form>\n<\/div>\n\n<p>pas de r\u00e9p\u00e9tition\u00a0; centre en haut\u00a0;;<\/p>\n<p>auto<\/p>\n<h3>EMPLACEMENTS<\/h3>\n<p>pas de r\u00e9p\u00e9tition\u00a0; centre en haut\u00a0;;<\/p>\n<p>auto<\/p>\n<h2>Si\u00e8ge social<\/h2>\n<p>2501, chemin Rutherford, unit\u00e9 33<br \/>\nVaughan, Ontario<br \/>\nCanada L4K 2N6<\/p>\n<p>pas de r\u00e9p\u00e9tition\u00a0; centre en haut\u00a0;;<\/p>\n<p>auto<\/p>\n<h2>Logistique am\u00e9ricaine<\/h2>\n<p>30255, chemin Beverly, unit\u00e9 200<br \/>\nRomulus, Michigan<br \/>\n\u00c9tats-Unis 48174<\/p>\n<p>pas de r\u00e9p\u00e9tition\u00a0; centre en haut\u00a0;;<\/p>\n<p>auto<\/p>\n<h2>Bureau de recherche et d\u00e9veloppement<\/h2>\n<p>254, chemin Lauzon<br \/>\nWindsor, Ontario<br \/>\nCanada N8S 3L6<\/p>\n<p>pas de r\u00e9p\u00e9tition\u00a0; centre en haut\u00a0;;<\/p>\n<p>auto<\/p>\n<h2>Contact<\/h2>\n<p>416-342-0660<br \/>\n<a href=\"mailto:info@corumdigital.com\" data-no-translation=\"\">info@corumdigital.com<\/a><\/p>\n<p>pas de r\u00e9p\u00e9tition\u00a0; centre en haut\u00a0;;<\/p>\n<p>auto<\/p>\n<h3><span style=\"color: #ffffff;\">COMMENCER<\/span><\/h3>\n<p>pas de r\u00e9p\u00e9tition\u00a0; centre en haut\u00a0;;<\/p>\n<p>auto<\/p>\n<p>TEXTE DES OFFRES<\/p>\n<p><span style=\"color: #ffffff;\">L&#039;ajout d&#039;une signalisation num\u00e9rique est un excellent moyen d&#039;accro\u00eetre la notori\u00e9t\u00e9 de la marque et d&#039;augmenter l&#039;engagement des clients. Si vous souhaitez commencer ou d\u00e9velopper vos besoins en communication visuelle, veuillez nous envoyer un e-mail ou nous appeler. <\/span><\/p>\n<p>gauche<\/p>\n<p>pas de r\u00e9p\u00e9tition\u00a0; centre en haut\u00a0;;<\/p>\n<p>auto<\/p>\n<p>0px 30px 20px 0px<\/p>\n<h2><span style=\"color: #ffffff;\">SOUTIEN<\/span><\/h2>\n<p><span style=\"color: #ffffff;\">T\u00e9l : 519-800-0831<\/span><br \/>\n<span style=\"color: #ffffff;\">Sans frais : 1-800-561-7525<\/span><br \/>\n<a href=\"mailto:support@corumdigital.com\" data-no-translation=\"\"><span style=\"color: #ffffff;\">support@corumdigital.com<\/span><\/a><\/p>\n<p>pas de r\u00e9p\u00e9tition\u00a0; centre en haut\u00a0;;<\/p>\n<p>auto<\/p>\n<h2><span style=\"color: #ffffff;\">CONTACTEZ-NOUS<\/span><\/h2>\n<p><span style=\"color: #ffffff;\">T\u00e9l : 416-342-0660<\/span><br \/>\n<span style=\"color: #ffffff;\">Sans frais : 1-800-561-7525<\/span><br \/>\n<a style=\"color: #ffffff;\" href=\"mailto:info@corumdigital.com\" data-no-translation=\"\">info@corumdigital.com<\/a><\/p>\n<p>pas de r\u00e9p\u00e9tition\u00a0; centre en haut\u00a0;;<\/p>\n<p>auto<\/p>","protected":false},"excerpt":{"rendered":"<p>humanKIOSK Take your customer engagement to the next level with digital signage kiosks. We enable communication so you can effectively engage, educate and empower your audience.<span class=\"excerpt-hellip\"> [\u2026]<\/span><\/p>\n","protected":false},"author":1,"featured_media":0,"parent":0,"menu_order":0,"comment_status":"closed","ping_status":"closed","template":"","meta":{"footnotes":""},"class_list":["post-2220","page","type-page","status-publish","hentry"],"yoast_head":"<!-- This site is optimized with the Yoast SEO plugin v27.2 - https:\/\/yoast.com\/product\/yoast-seo-wordpress\/ -->\n<title>Request Info - humanKIOSK<\/title>\n<meta name=\"description\" content=\"Recieve a list of specs and pricing of our full line of kiosks.\" \/>\n<meta name=\"robots\" content=\"index, follow, max-snippet:-1, max-image-preview:large, max-video-preview:-1\" \/>\n<link rel=\"canonical\" href=\"https:\/\/humankiosk.com\/fr\/demande-dinformations\/\" \/>\n<meta property=\"og:locale\" content=\"fr_CA\" \/>\n<meta property=\"og:type\" content=\"article\" \/>\n<meta property=\"og:title\" content=\"Request Info - humanKIOSK\" \/>\n<meta property=\"og:description\" content=\"Recieve a list of specs and pricing of our full line of kiosks.\" \/>\n<meta property=\"og:url\" content=\"https:\/\/humankiosk.com\/fr\/demande-dinformations\/\" \/>\n<meta property=\"og:site_name\" content=\"humanKIOSK\" \/>\n<meta property=\"article:publisher\" content=\"https:\/\/www.facebook.com\/humankiosk\/\" \/>\n<meta property=\"article:modified_time\" content=\"2023-02-07T15:18:52+00:00\" \/>\n<meta property=\"og:image\" content=\"https:\/\/humankiosk.com\/wp-content\/uploads\/2018\/05\/contact_products.jpg\" \/>\n<meta name=\"twitter:card\" content=\"summary_large_image\" \/>\n<meta name=\"twitter:site\" content=\"@human_kiosk\" \/>\n<meta name=\"twitter:label1\" content=\"Estimation du temps de lecture\" \/>\n\t<meta name=\"twitter:data1\" content=\"1 minute\" \/>\n<script type=\"application\/ld+json\" class=\"yoast-schema-graph\">{\"@context\":\"https:\/\/schema.org\",\"@graph\":[{\"@type\":\"WebPage\",\"@id\":\"https:\/\/humankiosk.com\/request-info\/\",\"url\":\"https:\/\/humankiosk.com\/request-info\/\",\"name\":\"Request Info - humanKIOSK\",\"isPartOf\":{\"@id\":\"https:\/\/52.60.63.222\/#website\"},\"primaryImageOfPage\":{\"@id\":\"https:\/\/humankiosk.com\/request-info\/#primaryimage\"},\"image\":{\"@id\":\"https:\/\/humankiosk.com\/request-info\/#primaryimage\"},\"thumbnailUrl\":\"https:\/\/humankiosk.com\/wp-content\/uploads\/2018\/05\/contact_products.jpg\",\"datePublished\":\"2018-05-16T15:02:22+00:00\",\"dateModified\":\"2023-02-07T15:18:52+00:00\",\"description\":\"Recieve a list of specs and pricing of our full line of kiosks.\",\"breadcrumb\":{\"@id\":\"https:\/\/humankiosk.com\/request-info\/#breadcrumb\"},\"inLanguage\":\"fr-CA\",\"potentialAction\":[{\"@type\":\"ReadAction\",\"target\":[\"https:\/\/humankiosk.com\/request-info\/\"]}]},{\"@type\":\"ImageObject\",\"inLanguage\":\"fr-CA\",\"@id\":\"https:\/\/humankiosk.com\/request-info\/#primaryimage\",\"url\":\"https:\/\/humankiosk.com\/wp-content\/uploads\/2018\/05\/contact_products.jpg\",\"contentUrl\":\"https:\/\/humankiosk.com\/wp-content\/uploads\/2018\/05\/contact_products.jpg\"},{\"@type\":\"BreadcrumbList\",\"@id\":\"https:\/\/humankiosk.com\/request-info\/#breadcrumb\",\"itemListElement\":[{\"@type\":\"ListItem\",\"position\":1,\"name\":\"Home\",\"item\":\"https:\/\/52.60.63.222\/\"},{\"@type\":\"ListItem\",\"position\":2,\"name\":\"Request Info\"}]},{\"@type\":\"WebSite\",\"@id\":\"https:\/\/52.60.63.222\/#website\",\"url\":\"https:\/\/52.60.63.222\/\",\"name\":\"humanKIOSK\",\"description\":\"CORUM DIGITAL\",\"potentialAction\":[{\"@type\":\"SearchAction\",\"target\":{\"@type\":\"EntryPoint\",\"urlTemplate\":\"https:\/\/52.60.63.222\/?s={search_term_string}\"},\"query-input\":{\"@type\":\"PropertyValueSpecification\",\"valueRequired\":true,\"valueName\":\"search_term_string\"}}],\"inLanguage\":\"fr-CA\"}]}<\/script>\n<!-- \/ Yoast SEO plugin. -->","yoast_head_json":{"title":"Demande d&#039;informations - humanKIOSK","description":"Recevez une liste des sp\u00e9cifications et des prix de notre gamme compl\u00e8te de kiosques.","robots":{"index":"index","follow":"follow","max-snippet":"max-snippet:-1","max-image-preview":"max-image-preview:large","max-video-preview":"max-video-preview:-1"},"canonical":"https:\/\/humankiosk.com\/fr\/demande-dinformations\/","og_locale":"fr_CA","og_type":"article","og_title":"Request Info - humanKIOSK","og_description":"Recieve a list of specs and pricing of our full line of kiosks.","og_url":"https:\/\/humankiosk.com\/fr\/demande-dinformations\/","og_site_name":"humanKIOSK","article_publisher":"https:\/\/www.facebook.com\/humankiosk\/","article_modified_time":"2023-02-07T15:18:52+00:00","og_image":[{"url":"https:\/\/humankiosk.com\/wp-content\/uploads\/2018\/05\/contact_products.jpg","type":"","width":"","height":""}],"twitter_card":"summary_large_image","twitter_site":"@human_kiosk","twitter_misc":{"Estimation du temps de lecture":"1 minute"},"schema":{"@context":"https:\/\/schema.org","@graph":[{"@type":"WebPage","@id":"https:\/\/humankiosk.com\/request-info\/","url":"https:\/\/humankiosk.com\/request-info\/","name":"Demande d&#039;informations - humanKIOSK","isPartOf":{"@id":"https:\/\/52.60.63.222\/#website"},"primaryImageOfPage":{"@id":"https:\/\/humankiosk.com\/request-info\/#primaryimage"},"image":{"@id":"https:\/\/humankiosk.com\/request-info\/#primaryimage"},"thumbnailUrl":"https:\/\/humankiosk.com\/wp-content\/uploads\/2018\/05\/contact_products.jpg","datePublished":"2018-05-16T15:02:22+00:00","dateModified":"2023-02-07T15:18:52+00:00","description":"Recevez une liste des sp\u00e9cifications et des prix de notre gamme compl\u00e8te de kiosques.","breadcrumb":{"@id":"https:\/\/humankiosk.com\/request-info\/#breadcrumb"},"inLanguage":"fr-CA","potentialAction":[{"@type":"ReadAction","target":["https:\/\/humankiosk.com\/request-info\/"]}]},{"@type":"ImageObject","inLanguage":"fr-CA","@id":"https:\/\/humankiosk.com\/request-info\/#primaryimage","url":"https:\/\/humankiosk.com\/wp-content\/uploads\/2018\/05\/contact_products.jpg","contentUrl":"https:\/\/humankiosk.com\/wp-content\/uploads\/2018\/05\/contact_products.jpg"},{"@type":"BreadcrumbList","@id":"https:\/\/humankiosk.com\/request-info\/#breadcrumb","itemListElement":[{"@type":"ListItem","position":1,"name":"Home","item":"https:\/\/52.60.63.222\/"},{"@type":"ListItem","position":2,"name":"Request Info"}]},{"@type":"WebSite","@id":"https:\/\/52.60.63.222\/#website","url":"https:\/\/52.60.63.222\/","name":"humainKIOSK","description":"CORUM DIGITAL","potentialAction":[{"@type":"SearchAction","target":{"@type":"EntryPoint","urlTemplate":"https:\/\/52.60.63.222\/?s={search_term_string}"},"query-input":{"@type":"PropertyValueSpecification","valueRequired":true,"valueName":"search_term_string"}}],"inLanguage":"fr-CA"}]}},"_links":{"self":[{"href":"https:\/\/humankiosk.com\/fr\/wp-json\/wp\/v2\/pages\/2220","targetHints":{"allow":["GET"]}}],"collection":[{"href":"https:\/\/humankiosk.com\/fr\/wp-json\/wp\/v2\/pages"}],"about":[{"href":"https:\/\/humankiosk.com\/fr\/wp-json\/wp\/v2\/types\/page"}],"author":[{"embeddable":true,"href":"https:\/\/humankiosk.com\/fr\/wp-json\/wp\/v2\/users\/1"}],"replies":[{"embeddable":true,"href":"https:\/\/humankiosk.com\/fr\/wp-json\/wp\/v2\/comments?post=2220"}],"version-history":[{"count":3,"href":"https:\/\/humankiosk.com\/fr\/wp-json\/wp\/v2\/pages\/2220\/revisions"}],"predecessor-version":[{"id":2844,"href":"https:\/\/humankiosk.com\/fr\/wp-json\/wp\/v2\/pages\/2220\/revisions\/2844"}],"wp:attachment":[{"href":"https:\/\/humankiosk.com\/fr\/wp-json\/wp\/v2\/media?parent=2220"}],"curies":[{"name":"wp","href":"https:\/\/api.w.org\/{rel}","templated":true}]}}