{"id":2336,"date":"2018-09-13T19:41:07","date_gmt":"2018-09-13T19:41:07","guid":{"rendered":"https:\/\/humankiosk.com\/?page_id=2336"},"modified":"2026-01-15T21:46:04","modified_gmt":"2026-01-15T21:46:04","slug":"industries-de-laffichage-numerique","status":"publish","type":"page","link":"https:\/\/humankiosk.com\/fr\/digital-signage-industries\/","title":{"rendered":"les industries"},"content":{"rendered":"<h1>Cas d&#039;utilisation populaires des kiosques num\u00e9riques<\/h1>\n<h2>HumanKIOSK est une gamme de kiosques num\u00e9riques interactifs intelligemment con\u00e7us, disponibles dans de nombreux styles et configurations qui r\u00e9pondront certainement aux objectifs de communication de nombreux secteurs. En coulisses, nos kiosques num\u00e9riques sont de qualit\u00e9 commerciale et soutenus par une \u00e9quipe de professionnels passionn\u00e9s et exp\u00e9riment\u00e9s.<\/h2>\n<p><img decoding=\"async\" src=\"https:\/\/humankiosk.com\/wp-content\/uploads\/2018\/09\/RETAIL_stat.png\" alt=\"RESTAURANT statistiques\" \/><\/p>\n<h3>D\u00e9tail<\/h3>\n<p>Dans le commerce de d\u00e9tail, vous voulez que vos clients se sentent bien dans leur exp\u00e9rience d&#039;achat. Vous voulez que les clients soient enthousiasm\u00e9s par les nouveaux arrivages, les prix sp\u00e9ciaux et les ventes \u00e0 venir. Les kiosques num\u00e9riques permettent une exp\u00e9rience client immersive et cr\u00e9ative qu&#039;aucun autre m\u00e9dia ne peut produire.<\/p>\n<p>Les kiosques num\u00e9riques vous donnent la possibilit\u00e9 d&#039;influencer directement les d\u00e9cisions d&#039;achat directement au point de vente.<\/p>\n<h3>Restaurants<\/h3>\n<p>Being a popular restaurant is a great thing but for some patrons, long waits to be seated can be really frustrating. Digital Kiosks placed in waiting areas can greatly reduce perceived wait times while at the same time, letting your customers know what specials you have in store for them and what dishes you&#8217;re promoting.<\/p>\n<p>Un kiosque interactif peut permettre aux clients de parcourir les menus des aliments et des boissons et de se renseigner sur les \u00e9v\u00e9nements \u00e0 venir.<\/p>\n<p><img decoding=\"async\" src=\"https:\/\/humankiosk.com\/wp-content\/uploads\/2018\/09\/RESTAURANTS_stat-1.png\" alt=\"RESTAURANT statistiques\" \/><br \/>\n<img decoding=\"async\" src=\"https:\/\/humankiosk.com\/wp-content\/uploads\/2018\/09\/PROPERTY-MANAGEMENT-stat.png\" alt=\"RESTAURANT statistiques\" \/><\/p>\n<h3>Gestion de la propri\u00e9t\u00e9<\/h3>\n<p>La gestion immobili\u00e8re est complexe et chaque jour apporte de nouveaux d\u00e9fis. Quelque chose d&#039;aussi simple que de changer un r\u00e9pertoire de b\u00e2timent statique lorsqu&#039;un nouveau locataire emm\u00e9nage peut d\u00e9clencher un processus compliqu\u00e9 et co\u00fbteux juste pour apporter une simple modification aux r\u00e9pertoires d&#039;un b\u00e2timent. Le simple remplacement de ces r\u00e9pertoires statiques par des kiosques num\u00e9riques permettra d&#039;\u00e9conomiser environ $200 \u00e0 $400 par r\u00e9pertoire. Des kiosques peuvent \u00eatre plac\u00e9s dans les usines de fabrication pour \u00e9duquer le personnel sur les questions de sant\u00e9 et de s\u00e9curit\u00e9, dans les caf\u00e9t\u00e9rias pour afficher les menus quotidiens et dans les halls pour fournir une orientation aux visiteurs et des informations pertinentes pour vos locataires. <\/p>\n<p>Un de nos clients nous a r\u00e9cemment dit que &quot;les plaintes de retard d&#039;ascenseur ont diminu\u00e9 80%&quot; avec l&#039;introduction de l&#039;affichage num\u00e9rique.<\/p>\n<h3>Communication d&#039;entreprise<\/h3>\n<p>L&#039;utilisation de la signalisation num\u00e9rique dans un environnement d&#039;entreprise pr\u00e9sente de nombreux avantages, de la promotion de la vision et de la culture de l&#039;entreprise \u00e0 l&#039;accueil des visiteurs. Les kiosques num\u00e9riques interactifs peuvent am\u00e9liorer les \u00e9crans LCD traditionnels en offrant une orientation en libre-service aux visiteurs, permettant aux employ\u00e9s de consulter les r\u00e9glementations en mati\u00e8re de sant\u00e9 et de s\u00e9curit\u00e9 dans le salon des employ\u00e9s ou permettant aux gens de faire des dons aux initiatives caritatives de l&#039;entreprise.<img decoding=\"async\" src=\"https:\/\/humankiosk.com\/wp-content\/uploads\/2018\/09\/CORPORATE_COMMUNICATIONS-stat-1.png\" alt=\"RESTAURANT statistiques\" \/><br \/>\n<img decoding=\"async\" src=\"https:\/\/humankiosk.com\/wp-content\/uploads\/2018\/09\/trade_shows.png\" alt=\"RESTAURANT statistiques\" \/><\/p>\n<h3>Salons professionnels<\/h3>\n<p>Essayer de se faire remarquer lors d&#039;un salon professionnel bond\u00e9 avec une signalisation statique est une t\u00e2che difficile. Les kiosques num\u00e9riques sont lumineux et dynamiques et exigent de l&#039;attention. Ils communiquent clairement votre message et lorsque vous ajoutez de l&#039;interactivit\u00e9, certains participants peuvent explorer intuitivement ce que vous avez \u00e0 offrir \u00e0 leur propre rythme, vous permettant ainsi de parler \u00e0 d&#039;autres participants, face \u00e0 face. Les \u00e9crans HumanKIOSK sont mobiles et peuvent \u00eatre positionn\u00e9s sur site pour toujours vous offrir la meilleure exposition.<\/p>\n<h3>\u00c9ducation<\/h3>\n<p>Avec un kiosque interactif, vous pouvez fournir aux \u00e9tudiants un acc\u00e8s \u00e0 un large \u00e9ventail d&#039;informations utiles d&#039;une mani\u00e8re qui leur est d\u00e9j\u00e0 famili\u00e8re ; \u00e9crans tactiles interactifs. \u00c0 partir d&#039;un kiosque, les \u00e9tudiants peuvent consulter les horaires des cours et obtenir les directions vers une salle de classe, v\u00e9rifier ce qui est en promotion \u00e0 l&#039;aire de restauration ou consulter le calendrier du campus pour les \u00e9v\u00e9nements \u00e0 venir. En cas d&#039;urgence, des notifications critiques peuvent \u00eatre envoy\u00e9es \u00e0 tous les \u00e9crans en quelques minutes.<img decoding=\"async\" src=\"https:\/\/humankiosk.com\/wp-content\/uploads\/2018\/09\/EDUCATION-stat-1.png\" alt=\"\u00c9DUCATION-stat\" \/><br \/>\n<img decoding=\"async\" src=\"https:\/\/humankiosk.com\/wp-content\/uploads\/2018\/09\/trade_shows.png\" alt=\"RESTAURANT statistiques\" \/><\/p>\n<h3>Financier<\/h3>\n<p>Les clients qui viennent chercher des informations ne doivent pas n\u00e9cessairement attacher une personne vivante. Avec un kiosque interactif, un client peut parcourir toutes les informations dont il a besoin et peut m\u00eame s&#039;envoyer par e-mail des informations sp\u00e9cifiques pour les consulter ult\u00e9rieurement. Lorsqu&#039;ils ne sont pas engag\u00e9s, les kiosques peuvent informer les clients des derni\u00e8res opportunit\u00e9s d&#039;investissement et des taux d&#039;int\u00e9r\u00eat, de l&#039;offre de nouveaux comptes ou promouvoir l&#039;engagement communautaire et les \u00e9v\u00e9nements caritatifs auxquels la succursale participe.<\/p>\n<h3>Soins de sant\u00e9<\/h3>\n<p>Les soins de sant\u00e9 sont importants et plus les gens sont inform\u00e9s sur les questions li\u00e9es aux soins de sant\u00e9, meilleures sont les d\u00e9cisions qu&#039;ils peuvent prendre pour eux-m\u00eames et leurs familles. Un emplacement id\u00e9al pour les kiosques num\u00e9riques est dans les salles d&#039;attente o\u00f9 ils peuvent \u00eatre utilis\u00e9s pour acc\u00e9l\u00e9rer l&#039;enregistrement, \u00e9duquer les patients sur les choix de vie sains, les rappels pour se faire vacciner contre la grippe et pour promouvoir les produits et services des partenaires. Dans les grandes installations comme les h\u00f4pitaux, les kiosques interactifs peuvent fournir une orientation pour aider les visiteurs \u00e0 se rep\u00e9rer. Gr\u00e2ce \u00e0 notre plate-forme de chat vid\u00e9o bidirectionnelle, un seul employ\u00e9 peut surveiller plusieurs emplacements et parler directement avec les visiteurs et les patients.<img decoding=\"async\" src=\"https:\/\/humankiosk.com\/wp-content\/uploads\/2018\/09\/healthcare-stat.png\" alt=\"\u00c9DUCATION-stat\" \/><\/p>\n<h3>COMMENCER<\/h3>\n<p>L&#039;ajout d&#039;une signalisation num\u00e9rique est un excellent moyen d&#039;accro\u00eetre la notori\u00e9t\u00e9 de la marque et d&#039;augmenter l&#039;engagement des clients. Si vous souhaitez commencer ou d\u00e9velopper vos besoins en communication visuelle, veuillez nous envoyer un e-mail ou nous appeler. <a href=\"https:\/\/humankiosk.com\/fr\/devenir-partenaire\/\" title=\"\">Partenaire avec nous<\/a><br \/>\n<a href=\"https:\/\/humankiosk.com\/fr\/demande-dinformations\/\" title=\"\">Demande d&#039;info<\/a><\/p>","protected":false},"excerpt":{"rendered":"<p>Digital Kiosks Popular Use Cases HumanKIOSK is a line of smartly designed interactive Digital Kiosks that come in many styles and configurations that are sure to<span class=\"excerpt-hellip\"> [\u2026]<\/span><\/p>\n","protected":false},"author":1,"featured_media":0,"parent":0,"menu_order":0,"comment_status":"closed","ping_status":"closed","template":"","meta":{"footnotes":""},"class_list":["post-2336","page","type-page","status-publish","hentry"],"yoast_head":"<!-- This site is optimized with the Yoast SEO plugin v27.2 - https:\/\/yoast.com\/product\/yoast-seo-wordpress\/ -->\n<title>Industries - humanKIOSK<\/title>\n<meta name=\"description\" content=\"Digital Kiosks Popular Use Cases - Retail, Restaurants, Property Management, Corporate Communications, Trade Shows, Education, Financial, Healthcare\" \/>\n<meta name=\"robots\" content=\"index, follow, max-snippet:-1, max-image-preview:large, max-video-preview:-1\" \/>\n<link rel=\"canonical\" href=\"https:\/\/humankiosk.com\/fr\/industries-de-laffichage-numerique\/\" \/>\n<meta property=\"og:locale\" content=\"fr_CA\" \/>\n<meta property=\"og:type\" content=\"article\" \/>\n<meta property=\"og:title\" content=\"Industries - humanKIOSK\" \/>\n<meta property=\"og:description\" content=\"Digital Kiosks Popular Use Cases - Retail, Restaurants, Property Management, Corporate Communications, Trade Shows, Education, Financial, Healthcare\" \/>\n<meta property=\"og:url\" content=\"https:\/\/humankiosk.com\/fr\/industries-de-laffichage-numerique\/\" \/>\n<meta property=\"og:site_name\" content=\"humanKIOSK\" \/>\n<meta property=\"article:publisher\" content=\"https:\/\/www.facebook.com\/humankiosk\/\" \/>\n<meta property=\"article:modified_time\" content=\"2026-01-15T21:46:04+00:00\" \/>\n<meta property=\"og:image\" content=\"https:\/\/humankiosk.com\/wp-content\/uploads\/2018\/09\/RETAIL_stat.png\" \/>\n<meta name=\"twitter:card\" content=\"summary_large_image\" \/>\n<meta name=\"twitter:site\" content=\"@human_kiosk\" \/>\n<meta name=\"twitter:label1\" content=\"Estimation du temps de lecture\" \/>\n\t<meta name=\"twitter:data1\" content=\"4 minutes\" \/>\n<script type=\"application\/ld+json\" class=\"yoast-schema-graph\">{\"@context\":\"https:\/\/schema.org\",\"@graph\":[{\"@type\":\"WebPage\",\"@id\":\"https:\/\/humankiosk.com\/digital-signage-industries\/\",\"url\":\"https:\/\/humankiosk.com\/digital-signage-industries\/\",\"name\":\"Industries - humanKIOSK\",\"isPartOf\":{\"@id\":\"https:\/\/52.60.63.222\/#website\"},\"primaryImageOfPage\":{\"@id\":\"https:\/\/humankiosk.com\/digital-signage-industries\/#primaryimage\"},\"image\":{\"@id\":\"https:\/\/humankiosk.com\/digital-signage-industries\/#primaryimage\"},\"thumbnailUrl\":\"https:\/\/humankiosk.com\/wp-content\/uploads\/2018\/09\/RETAIL_stat.png\",\"datePublished\":\"2018-09-13T19:41:07+00:00\",\"dateModified\":\"2026-01-15T21:46:04+00:00\",\"description\":\"Digital Kiosks Popular Use Cases - Retail, Restaurants, Property Management, Corporate Communications, Trade Shows, Education, Financial, Healthcare\",\"breadcrumb\":{\"@id\":\"https:\/\/humankiosk.com\/digital-signage-industries\/#breadcrumb\"},\"inLanguage\":\"fr-CA\",\"potentialAction\":[{\"@type\":\"ReadAction\",\"target\":[\"https:\/\/humankiosk.com\/digital-signage-industries\/\"]}]},{\"@type\":\"ImageObject\",\"inLanguage\":\"fr-CA\",\"@id\":\"https:\/\/humankiosk.com\/digital-signage-industries\/#primaryimage\",\"url\":\"https:\/\/humankiosk.com\/wp-content\/uploads\/2018\/09\/RETAIL_stat.png\",\"contentUrl\":\"https:\/\/humankiosk.com\/wp-content\/uploads\/2018\/09\/RETAIL_stat.png\"},{\"@type\":\"BreadcrumbList\",\"@id\":\"https:\/\/humankiosk.com\/digital-signage-industries\/#breadcrumb\",\"itemListElement\":[{\"@type\":\"ListItem\",\"position\":1,\"name\":\"Home\",\"item\":\"https:\/\/52.60.63.222\/\"},{\"@type\":\"ListItem\",\"position\":2,\"name\":\"Industries\"}]},{\"@type\":\"WebSite\",\"@id\":\"https:\/\/52.60.63.222\/#website\",\"url\":\"https:\/\/52.60.63.222\/\",\"name\":\"humanKIOSK\",\"description\":\"CORUM DIGITAL\",\"potentialAction\":[{\"@type\":\"SearchAction\",\"target\":{\"@type\":\"EntryPoint\",\"urlTemplate\":\"https:\/\/52.60.63.222\/?s={search_term_string}\"},\"query-input\":{\"@type\":\"PropertyValueSpecification\",\"valueRequired\":true,\"valueName\":\"search_term_string\"}}],\"inLanguage\":\"fr-CA\"}]}<\/script>\n<!-- \/ Yoast SEO plugin. -->","yoast_head_json":{"title":"Industries - humainKIOSK","description":"Kiosques num\u00e9riques Cas d&#039;utilisation populaires - Vente au d\u00e9tail, restaurants, gestion immobili\u00e8re, communications d&#039;entreprise, salons professionnels, \u00e9ducation, finances, soins de sant\u00e9","robots":{"index":"index","follow":"follow","max-snippet":"max-snippet:-1","max-image-preview":"max-image-preview:large","max-video-preview":"max-video-preview:-1"},"canonical":"https:\/\/humankiosk.com\/fr\/industries-de-laffichage-numerique\/","og_locale":"fr_CA","og_type":"article","og_title":"Industries - humanKIOSK","og_description":"Digital Kiosks Popular Use Cases - Retail, Restaurants, Property Management, Corporate Communications, Trade Shows, Education, Financial, Healthcare","og_url":"https:\/\/humankiosk.com\/fr\/industries-de-laffichage-numerique\/","og_site_name":"humanKIOSK","article_publisher":"https:\/\/www.facebook.com\/humankiosk\/","article_modified_time":"2026-01-15T21:46:04+00:00","og_image":[{"url":"https:\/\/humankiosk.com\/wp-content\/uploads\/2018\/09\/RETAIL_stat.png","type":"","width":"","height":""}],"twitter_card":"summary_large_image","twitter_site":"@human_kiosk","twitter_misc":{"Estimation du temps de lecture":"4 minutes"},"schema":{"@context":"https:\/\/schema.org","@graph":[{"@type":"WebPage","@id":"https:\/\/humankiosk.com\/digital-signage-industries\/","url":"https:\/\/humankiosk.com\/digital-signage-industries\/","name":"Industries - humainKIOSK","isPartOf":{"@id":"https:\/\/52.60.63.222\/#website"},"primaryImageOfPage":{"@id":"https:\/\/humankiosk.com\/digital-signage-industries\/#primaryimage"},"image":{"@id":"https:\/\/humankiosk.com\/digital-signage-industries\/#primaryimage"},"thumbnailUrl":"https:\/\/humankiosk.com\/wp-content\/uploads\/2018\/09\/RETAIL_stat.png","datePublished":"2018-09-13T19:41:07+00:00","dateModified":"2026-01-15T21:46:04+00:00","description":"Kiosques num\u00e9riques Cas d&#039;utilisation populaires - Vente au d\u00e9tail, restaurants, gestion immobili\u00e8re, communications d&#039;entreprise, salons professionnels, \u00e9ducation, finances, soins de sant\u00e9","breadcrumb":{"@id":"https:\/\/humankiosk.com\/digital-signage-industries\/#breadcrumb"},"inLanguage":"fr-CA","potentialAction":[{"@type":"ReadAction","target":["https:\/\/humankiosk.com\/digital-signage-industries\/"]}]},{"@type":"ImageObject","inLanguage":"fr-CA","@id":"https:\/\/humankiosk.com\/digital-signage-industries\/#primaryimage","url":"https:\/\/humankiosk.com\/wp-content\/uploads\/2018\/09\/RETAIL_stat.png","contentUrl":"https:\/\/humankiosk.com\/wp-content\/uploads\/2018\/09\/RETAIL_stat.png"},{"@type":"BreadcrumbList","@id":"https:\/\/humankiosk.com\/digital-signage-industries\/#breadcrumb","itemListElement":[{"@type":"ListItem","position":1,"name":"Home","item":"https:\/\/52.60.63.222\/"},{"@type":"ListItem","position":2,"name":"Industries"}]},{"@type":"WebSite","@id":"https:\/\/52.60.63.222\/#website","url":"https:\/\/52.60.63.222\/","name":"humainKIOSK","description":"CORUM DIGITAL","potentialAction":[{"@type":"SearchAction","target":{"@type":"EntryPoint","urlTemplate":"https:\/\/52.60.63.222\/?s={search_term_string}"},"query-input":{"@type":"PropertyValueSpecification","valueRequired":true,"valueName":"search_term_string"}}],"inLanguage":"fr-CA"}]}},"_links":{"self":[{"href":"https:\/\/humankiosk.com\/fr\/wp-json\/wp\/v2\/pages\/2336","targetHints":{"allow":["GET"]}}],"collection":[{"href":"https:\/\/humankiosk.com\/fr\/wp-json\/wp\/v2\/pages"}],"about":[{"href":"https:\/\/humankiosk.com\/fr\/wp-json\/wp\/v2\/types\/page"}],"author":[{"embeddable":true,"href":"https:\/\/humankiosk.com\/fr\/wp-json\/wp\/v2\/users\/1"}],"replies":[{"embeddable":true,"href":"https:\/\/humankiosk.com\/fr\/wp-json\/wp\/v2\/comments?post=2336"}],"version-history":[{"count":7,"href":"https:\/\/humankiosk.com\/fr\/wp-json\/wp\/v2\/pages\/2336\/revisions"}],"predecessor-version":[{"id":3999,"href":"https:\/\/humankiosk.com\/fr\/wp-json\/wp\/v2\/pages\/2336\/revisions\/3999"}],"wp:attachment":[{"href":"https:\/\/humankiosk.com\/fr\/wp-json\/wp\/v2\/media?parent=2336"}],"curies":[{"name":"wp","href":"https:\/\/api.w.org\/{rel}","templated":true}]}}