{"id":2702,"date":"2020-01-24T20:54:45","date_gmt":"2020-01-24T20:54:45","guid":{"rendered":"https:\/\/humankiosk.com\/?page_id=2702"},"modified":"2024-08-27T18:02:09","modified_gmt":"2024-08-27T18:02:09","slug":"bornes-interactives-tactiles-inclinees","status":"publish","type":"page","link":"https:\/\/humankiosk.com\/fr\/angled-touch-interactive-kiosks\/","title":{"rendered":"Bornes interactives tactiles inclin\u00e9es"},"content":{"rendered":"<p><img decoding=\"async\" src=\"https:\/\/humankiosk.com\/wp-content\/uploads\/2024\/08\/ANGLED-TOUCH-INTERACTIVE-KIOSK-banner.webp#3792\" alt=\"BANNI\u00c8RE ANGLED-TOUCH-INTERACTIVE-KIOSQUE\" \/><\/p>\n<h1>KIOSQUE INTERACTIF TACTILE ANGL\u00c922\\\u201d, 32\\\u201d, 43\\\u201d, 55\\\u201d, 65\\\u201d<\/h1>\n<h2>Ces bornes tout-en-un sont bien adapt\u00e9es aux applications tactiles et non tactiles.<\/h2>\n<p>Principales caract\u00e9ristiques :Le PC tout-en-un adopte des processeurs Intel CoreUn appareil \u00e9l\u00e9gant et puissant avec la capacit\u00e9 de cr\u00e9er, diffuser et partager du contenu HDId\u00e9al pour les grandes installations ou les bureaux \u00e0 fort trafic pi\u00e9tonnierLes kiosques \u00e0 \u00e9cran tactile tout-en-un peuvent \u00eatre utilis\u00e9s dans un large \u00e9ventail de march\u00e9s, tels que les machines de jeu, les syst\u00e8mes d&#039;accueil, l&#039;automatisation industrielle, les kiosques interactifs, les syst\u00e8mes de point de vente et les pr\u00e9sentoirs de vente au d\u00e9tail.<br \/>gauche<br \/>pas de r\u00e9p\u00e9tition\u00a0; centre en haut\u00a0;;<br \/>auto<br \/>20px 0px 0px 0px<\/p>\n<h4>La borne interactive \u00e0 \u00e9cran tactile en libre-service offre une solution compl\u00e8te pour l&#039;orientation num\u00e9rique et la publicit\u00e9 dans les centres commerciaux et autres lieux. Dot\u00e9e d&#039;un support \u00e9l\u00e9gant en forme de \u00ab K \u00bb, elle allie \u00e9l\u00e9gance et stabilit\u00e9. La borne est livr\u00e9e avec un bo\u00eetier m\u00e9tallique noir ou blanc en option et peut \u00eatre \u00e9quip\u00e9e de fonctionnalit\u00e9s telles qu&#039;un appareil photo, la 4G ou le NFC.<\/h4>\n<p>gauche<br \/>pas de r\u00e9p\u00e9tition\u00a0; centre en haut\u00a0;;<br \/>auto<br \/>20px 0px 0px 0px<\/p>\n<p>3794,3795,3796,3797,3798<br \/>vignette<br \/>5<\/p>\n<h3>Panneau LCD de qualit\u00e9 commerciale<\/h3>\n<p>Contrairement aux tablettes domestiques, qui sont g\u00e9n\u00e9ralement con\u00e7ues pour une utilisation occasionnelle, ces moniteurs sont construits avec des panneaux et des composants de qualit\u00e9 commerciale qui peuvent r\u00e9sister \u00e0 un fonctionnement continu. Ils sont con\u00e7us pour une utilisation 24h\/24 et 7j\/7, ce qui les rend id\u00e9aux pour les environnements exigeants tels que les salles de contr\u00f4le, l&#039;affichage num\u00e9rique et d&#039;autres environnements professionnels o\u00f9 la fiabilit\u00e9 et la durabilit\u00e9 sont cruciales. Ces moniteurs offrent une dur\u00e9e de vie impressionnante allant jusqu&#039;\u00e0 50 000 heures, garantissant des performances \u00e0 long terme et r\u00e9duisant le besoin de remplacements fr\u00e9quents. Leur construction robuste et leurs composants de haute qualit\u00e9 garantissent un fonctionnement constant et performant m\u00eame en cas d&#039;utilisation constante.<br \/>centre<br \/>gauche<br \/>pas de r\u00e9p\u00e9tition\u00a0; centre en haut\u00a0;;<br \/>auto<br \/>20px 0px 0px 0px<\/p>\n<h3>\u00c9cran tactile interactif en libre-service<\/h3>\n<p>Les grands \u00e9crans, allant de 21,5 pouces \u00e0 65 pouces, sont con\u00e7us avec des capacit\u00e9s multi-touch hautes performances \u00e0 10 doigts, offrant une exp\u00e9rience utilisateur fluide et intuitive. Ces \u00e9crans offrent un grand espace d&#039;affichage et de fonctionnement, permettant une interaction confortable et une facilit\u00e9 d&#039;utilisation. Gr\u00e2ce \u00e0 leur taille g\u00e9n\u00e9reuse et \u00e0 leur technologie tactile, les utilisateurs peuvent acc\u00e9der \u00e0 une large gamme de fonctions en libre-service via une interface unique et unifi\u00e9e. Ce niveau d&#039;interactivit\u00e9 refl\u00e8te la facilit\u00e9 d&#039;utilisation d&#039;un smartphone, rendant les t\u00e2ches telles que la navigation dans les menus, la saisie d&#039;informations et l&#039;acc\u00e8s aux services simples et efficaces. La combinaison de grands \u00e9crans tactiles r\u00e9actifs et d&#039;une conception conviviale permet aux clients d&#039;atteindre leurs objectifs avec un minimum d&#039;effort et un maximum de commodit\u00e9. Qu&#039;il s&#039;agisse de kiosques d&#039;information, de bornes de paiement en libre-service ou d&#039;\u00e9crans interactifs, ces \u00e9crans am\u00e9liorent l&#039;exp\u00e9rience utilisateur en offrant \u00e0 la fois fonctionnalit\u00e9 et accessibilit\u00e9 dans une solution unique et sophistiqu\u00e9e.<br \/>gauche<br \/>pas de r\u00e9p\u00e9tition\u00a0; centre en haut\u00a0;;<br \/>auto<br \/>20px 0px 0px 0px<\/p>\n<h3>Am\u00e9liorez votre espace avec des kiosques \u00e9l\u00e9gants en forme de K<\/h3>\n<p>Nos kiosques pr\u00e9sentent un design \u00e9l\u00e9gant et moderne en forme de K qui s&#039;int\u00e8gre parfaitement dans n&#039;importe quel environnement, des espaces de vente aux halls d&#039;entr\u00e9e de bureaux. Ce design accrocheur am\u00e9liore non seulement l&#039;attrait visuel, mais attire \u00e9galement l&#039;attention sur l&#039;\u00e9cran, ce qui en fait un puissant outil de marketing. En int\u00e9grant ces kiosques, vous am\u00e9liorez \u00e0 la fois l&#039;esth\u00e9tique de votre espace et l&#039;impact de votre message, cr\u00e9ant ainsi une exp\u00e9rience engageante et interactive pour votre public.<br \/>centre<br \/>gauche<br \/>pas de r\u00e9p\u00e9tition\u00a0; centre en haut\u00a0;;<br \/>auto<br \/>20px 0px 0px 0px<\/p>\n<h1>SP\u00c9CIFICATIONS DU PRODUIT<\/h1>\n<h2>Apprenez \u00e0 conna\u00eetre votre kiosque d&#039;affichage dynamique jusque dans les moindres d\u00e9tails.<\/h2>\n<p>centre<br \/>pas de r\u00e9p\u00e9tition\u00a0; centre en haut\u00a0;;<br \/>auto<\/p>\n<p><img decoding=\"async\" src=\"https:\/\/humankiosk.com\/wp-content\/uploads\/2020\/01\/ANGLED-TOUCH-specs-img.jpg\" alt=\"KIOSQUE EN ANGLE\" \/><\/p>\n<p><img decoding=\"async\" src=\"https:\/\/humankiosk.com\/wp-content\/uploads\/2020\/01\/ANGLED-TOUCH-49-specs.gif\" alt=\"ANGLED-TOUCH-49-sp\u00e9cifications\" \/><\/p>\n<p><img decoding=\"async\" src=\"https:\/\/humankiosk.com\/wp-content\/uploads\/2020\/01\/ANGLED-TOUCH-43-specs.gif\" alt=\"Sp\u00e9cifications ANGLED TOUCH 43\" \/><\/p>\n<p><img decoding=\"async\" src=\"https:\/\/humankiosk.com\/wp-content\/uploads\/2022\/10\/ANGLED-TOUCH-32-specs.gif\" alt=\"ANGLED-TOUCH-32-sp\u00e9cifications\" \/><\/p>\n<p><img decoding=\"async\" src=\"https:\/\/humankiosk.com\/wp-content\/uploads\/2022\/10\/ANGLED-TOUCH-24-specs.gif\" alt=\"ANGLED-TOUCH-24-sp\u00e9cifications\" \/><\/p>\n<h1>SP\u00c9CIFICATIONS DU PRODUIT<\/h1>\n<h2>Apprenez \u00e0 conna\u00eetre votre kiosque d&#039;affichage dynamique jusque dans les moindres d\u00e9tails.<\/h2>\n<p>centre<br \/>pas de r\u00e9p\u00e9tition\u00a0; centre en haut\u00a0;;<br \/>auto<\/p>\n<p><img decoding=\"async\" src=\"https:\/\/humankiosk.com\/wp-content\/uploads\/2024\/08\/ANGLED-TOUCH-INTERACTIVE-KIOSK-specs.webp#3803\" alt=\"Caract\u00e9ristiques techniques du KIOSQUE INTERACTIF TACTILE ANGL\u00c9\" \/><br \/>centre<\/p>\n<h3>COMMENCER<\/h3>\n<p>pas de r\u00e9p\u00e9tition\u00a0; centre en haut\u00a0;;<br \/>auto<\/p>\n<p>L&#039;ajout d&#039;une signalisation num\u00e9rique est un excellent moyen d&#039;accro\u00eetre la notori\u00e9t\u00e9 de la marque et d&#039;augmenter l&#039;engagement des clients. Si vous souhaitez commencer ou d\u00e9velopper vos besoins en communication visuelle, veuillez nous envoyer un e-mail ou nous appeler. <br \/>TEXTE DES OFFRES<br \/>gauche<br \/>pas de r\u00e9p\u00e9tition\u00a0; centre en haut\u00a0;;<br \/>auto<br \/>0px 30px 20px 0px<\/p>\n<h2>SOUTIEN<\/h2>\n<p>T\u00e9l : 519-800-0831<br \/>\n<br \/>Sans frais : 1-800-561-7525<br \/>\n<br \/><a href=\"mailto:support@corumdigital.com\" data-no-translation=\"\">support@corumdigital.com<\/a><br \/>pas de r\u00e9p\u00e9tition\u00a0; centre en haut\u00a0;;<br \/>auto<\/p>\n<h2>CONTACTEZ-NOUS<\/h2>\n<p>T\u00e9l : 416-342-0660<br \/>\n<br \/>Sans frais : 1-800-561-7525<br \/>\n<br \/><a href=\"mailto:info@corumdigital.com\" data-no-translation=\"\">info@corumdigital.com<\/a><br \/>pas de r\u00e9p\u00e9tition\u00a0; centre en haut\u00a0;;<br \/>auto<\/p>","protected":false},"excerpt":{"rendered":"<p>ANGLED TOUCH INTERACTIVE KIOSK22\\&#8221;, 32\\&#8221;, 43\\&#8221;, 55\\&#8221;, 65\\&#8221; These all in one kiosks are well suited for both touch and non touch applications. Key Features:All-In-one PC<span class=\"excerpt-hellip\"> [\u2026]<\/span><\/p>\n","protected":false},"author":1,"featured_media":0,"parent":0,"menu_order":0,"comment_status":"closed","ping_status":"closed","template":"","meta":{"footnotes":""},"class_list":["post-2702","page","type-page","status-publish","hentry"],"yoast_head":"<!-- This site is optimized with the Yoast SEO plugin v27.2 - https:\/\/yoast.com\/product\/yoast-seo-wordpress\/ -->\n<title>Angled Touch Interactive Kiosks - humanKIOSK<\/title>\n<meta name=\"description\" content=\"The touch screen kiosk provides an easy way to navigate and view ads in shopping malls and other locations.\" \/>\n<meta name=\"robots\" content=\"index, follow, max-snippet:-1, max-image-preview:large, max-video-preview:-1\" \/>\n<link rel=\"canonical\" href=\"https:\/\/mediatile.com\/angled-touch-int\u2026ive-kiosks-24-49\/\" \/>\n<meta property=\"og:locale\" content=\"fr_CA\" \/>\n<meta property=\"og:type\" content=\"article\" \/>\n<meta property=\"og:title\" content=\"Angled Touch Interactive Kiosks - humanKIOSK\" \/>\n<meta property=\"og:description\" content=\"The touch screen kiosk provides an easy way to navigate and view ads in shopping malls and other locations.\" \/>\n<meta property=\"og:url\" content=\"https:\/\/mediatile.com\/angled-touch-int\u2026ive-kiosks-24-49\/\" \/>\n<meta property=\"og:site_name\" content=\"humanKIOSK\" \/>\n<meta property=\"article:publisher\" content=\"https:\/\/www.facebook.com\/humankiosk\/\" \/>\n<meta property=\"article:modified_time\" content=\"2024-08-27T18:02:09+00:00\" \/>\n<meta property=\"og:image\" content=\"https:\/\/humankiosk.com\/wp-content\/uploads\/2020\/01\/ANGLED-TOUCH-INTERACTIVE-KIOSK-banner.jpg\" \/>\n\t<meta property=\"og:image:width\" content=\"942\" \/>\n\t<meta property=\"og:image:height\" content=\"807\" \/>\n\t<meta property=\"og:image:type\" content=\"image\/jpeg\" \/>\n<meta name=\"twitter:card\" content=\"summary_large_image\" \/>\n<meta name=\"twitter:site\" content=\"@human_kiosk\" \/>\n<script type=\"application\/ld+json\" class=\"yoast-schema-graph\">{\"@context\":\"https:\/\/schema.org\",\"@graph\":[{\"@type\":\"WebPage\",\"@id\":\"https:\/\/humankiosk.com\/fr\/bornes-interactives-tactiles-inclinees\/\",\"url\":\"https:\/\/mediatile.com\/angled-touch-int%e2%80%a6ive-kiosks-24-49\/\",\"name\":\"Angled Touch Interactive Kiosks - humanKIOSK\",\"isPartOf\":{\"@id\":\"https:\/\/52.60.63.222\/#website\"},\"primaryImageOfPage\":{\"@id\":\"https:\/\/mediatile.com\/angled-touch-int%e2%80%a6ive-kiosks-24-49\/#primaryimage\"},\"image\":{\"@id\":\"https:\/\/mediatile.com\/angled-touch-int%e2%80%a6ive-kiosks-24-49\/#primaryimage\"},\"thumbnailUrl\":\"https:\/\/humankiosk.com\/wp-content\/uploads\/2024\/08\/ANGLED-TOUCH-INTERACTIVE-KIOSK-banner.webp#3792\",\"datePublished\":\"2020-01-24T20:54:45+00:00\",\"dateModified\":\"2024-08-27T18:02:09+00:00\",\"description\":\"The touch screen kiosk provides an easy way to navigate and view ads in shopping malls and other locations.\",\"breadcrumb\":{\"@id\":\"https:\/\/mediatile.com\/angled-touch-int%e2%80%a6ive-kiosks-24-49\/#breadcrumb\"},\"inLanguage\":\"fr-CA\",\"potentialAction\":[{\"@type\":\"ReadAction\",\"target\":[\"https:\/\/mediatile.com\/angled-touch-int%e2%80%a6ive-kiosks-24-49\/\"]}]},{\"@type\":\"ImageObject\",\"inLanguage\":\"fr-CA\",\"@id\":\"https:\/\/mediatile.com\/angled-touch-int%e2%80%a6ive-kiosks-24-49\/#primaryimage\",\"url\":\"https:\/\/humankiosk.com\/wp-content\/uploads\/2024\/08\/ANGLED-TOUCH-INTERACTIVE-KIOSK-banner.webp#3792\",\"contentUrl\":\"https:\/\/humankiosk.com\/wp-content\/uploads\/2024\/08\/ANGLED-TOUCH-INTERACTIVE-KIOSK-banner.webp#3792\"},{\"@type\":\"BreadcrumbList\",\"@id\":\"https:\/\/mediatile.com\/angled-touch-int%e2%80%a6ive-kiosks-24-49\/#breadcrumb\",\"itemListElement\":[{\"@type\":\"ListItem\",\"position\":1,\"name\":\"Home\",\"item\":\"https:\/\/52.60.63.222\/\"},{\"@type\":\"ListItem\",\"position\":2,\"name\":\"Angled Touch Interactive Kiosks\"}]},{\"@type\":\"WebSite\",\"@id\":\"https:\/\/52.60.63.222\/#website\",\"url\":\"https:\/\/52.60.63.222\/\",\"name\":\"humanKIOSK\",\"description\":\"CORUM DIGITAL\",\"potentialAction\":[{\"@type\":\"SearchAction\",\"target\":{\"@type\":\"EntryPoint\",\"urlTemplate\":\"https:\/\/52.60.63.222\/?s={search_term_string}\"},\"query-input\":{\"@type\":\"PropertyValueSpecification\",\"valueRequired\":true,\"valueName\":\"search_term_string\"}}],\"inLanguage\":\"fr-CA\"}]}<\/script>\n<!-- \/ Yoast SEO plugin. -->","yoast_head_json":{"title":"Bornes interactives tactiles inclin\u00e9es - humanKIOSK","description":"Le kiosque \u00e0 \u00e9cran tactile offre un moyen simple de naviguer et de visualiser les publicit\u00e9s dans les centres commerciaux et autres endroits.","robots":{"index":"index","follow":"follow","max-snippet":"max-snippet:-1","max-image-preview":"max-image-preview:large","max-video-preview":"max-video-preview:-1"},"canonical":"https:\/\/mediatile.com\/angled-touch-int\u2026ive-kiosks-24-49\/","og_locale":"fr_CA","og_type":"article","og_title":"Angled Touch Interactive Kiosks - humanKIOSK","og_description":"The touch screen kiosk provides an easy way to navigate and view ads in shopping malls and other locations.","og_url":"https:\/\/mediatile.com\/angled-touch-int\u2026ive-kiosks-24-49\/","og_site_name":"humanKIOSK","article_publisher":"https:\/\/www.facebook.com\/humankiosk\/","article_modified_time":"2024-08-27T18:02:09+00:00","og_image":[{"width":942,"height":807,"url":"https:\/\/humankiosk.com\/wp-content\/uploads\/2020\/01\/ANGLED-TOUCH-INTERACTIVE-KIOSK-banner.jpg","type":"image\/jpeg"}],"twitter_card":"summary_large_image","twitter_site":"@human_kiosk","schema":{"@context":"https:\/\/schema.org","@graph":[{"@type":"WebPage","@id":"https:\/\/humankiosk.com\/fr\/bornes-interactives-tactiles-inclinees\/","url":"https:\/\/mediatile.com\/angled-touch-int%e2%80%a6ive-kiosks-24-49\/","name":"Bornes interactives tactiles inclin\u00e9es - humanKIOSK","isPartOf":{"@id":"https:\/\/52.60.63.222\/#website"},"primaryImageOfPage":{"@id":"https:\/\/mediatile.com\/angled-touch-int%e2%80%a6ive-kiosks-24-49\/#primaryimage"},"image":{"@id":"https:\/\/mediatile.com\/angled-touch-int%e2%80%a6ive-kiosks-24-49\/#primaryimage"},"thumbnailUrl":"https:\/\/humankiosk.com\/wp-content\/uploads\/2024\/08\/ANGLED-TOUCH-INTERACTIVE-KIOSK-banner.webp#3792","datePublished":"2020-01-24T20:54:45+00:00","dateModified":"2024-08-27T18:02:09+00:00","description":"Le kiosque \u00e0 \u00e9cran tactile offre un moyen simple de naviguer et de visualiser les publicit\u00e9s dans les centres commerciaux et autres endroits.","breadcrumb":{"@id":"https:\/\/mediatile.com\/angled-touch-int%e2%80%a6ive-kiosks-24-49\/#breadcrumb"},"inLanguage":"fr-CA","potentialAction":[{"@type":"ReadAction","target":["https:\/\/mediatile.com\/angled-touch-int%e2%80%a6ive-kiosks-24-49\/"]}]},{"@type":"ImageObject","inLanguage":"fr-CA","@id":"https:\/\/mediatile.com\/angled-touch-int%e2%80%a6ive-kiosks-24-49\/#primaryimage","url":"https:\/\/humankiosk.com\/wp-content\/uploads\/2024\/08\/ANGLED-TOUCH-INTERACTIVE-KIOSK-banner.webp#3792","contentUrl":"https:\/\/humankiosk.com\/wp-content\/uploads\/2024\/08\/ANGLED-TOUCH-INTERACTIVE-KIOSK-banner.webp#3792"},{"@type":"BreadcrumbList","@id":"https:\/\/mediatile.com\/angled-touch-int%e2%80%a6ive-kiosks-24-49\/#breadcrumb","itemListElement":[{"@type":"ListItem","position":1,"name":"Home","item":"https:\/\/52.60.63.222\/"},{"@type":"ListItem","position":2,"name":"Angled Touch Interactive Kiosks"}]},{"@type":"WebSite","@id":"https:\/\/52.60.63.222\/#website","url":"https:\/\/52.60.63.222\/","name":"humainKIOSK","description":"CORUM DIGITAL","potentialAction":[{"@type":"SearchAction","target":{"@type":"EntryPoint","urlTemplate":"https:\/\/52.60.63.222\/?s={search_term_string}"},"query-input":{"@type":"PropertyValueSpecification","valueRequired":true,"valueName":"search_term_string"}}],"inLanguage":"fr-CA"}]}},"_links":{"self":[{"href":"https:\/\/humankiosk.com\/fr\/wp-json\/wp\/v2\/pages\/2702","targetHints":{"allow":["GET"]}}],"collection":[{"href":"https:\/\/humankiosk.com\/fr\/wp-json\/wp\/v2\/pages"}],"about":[{"href":"https:\/\/humankiosk.com\/fr\/wp-json\/wp\/v2\/types\/page"}],"author":[{"embeddable":true,"href":"https:\/\/humankiosk.com\/fr\/wp-json\/wp\/v2\/users\/1"}],"replies":[{"embeddable":true,"href":"https:\/\/humankiosk.com\/fr\/wp-json\/wp\/v2\/comments?post=2702"}],"version-history":[{"count":3,"href":"https:\/\/humankiosk.com\/fr\/wp-json\/wp\/v2\/pages\/2702\/revisions"}],"predecessor-version":[{"id":3805,"href":"https:\/\/humankiosk.com\/fr\/wp-json\/wp\/v2\/pages\/2702\/revisions\/3805"}],"wp:attachment":[{"href":"https:\/\/humankiosk.com\/fr\/wp-json\/wp\/v2\/media?parent=2702"}],"curies":[{"name":"wp","href":"https:\/\/api.w.org\/{rel}","templated":true}]}}