{"id":2845,"date":"2020-04-09T18:31:23","date_gmt":"2020-04-09T18:31:23","guid":{"rendered":"https:\/\/humankiosk.com\/?page_id=2845"},"modified":"2020-10-26T14:32:00","modified_gmt":"2020-10-26T14:32:00","slug":"kiosque-de-desinfectant-pour-les-mains","status":"publish","type":"page","link":"https:\/\/humankiosk.com\/fr\/hand-sanitizer-kiosk\/","title":{"rendered":"Kiosque de d\u00e9sinfectant pour les mains"},"content":{"rendered":"<p><img decoding=\"async\" src=\"https:\/\/humankiosk.com\/wp-content\/uploads\/2020\/04\/hand-sanitizer-kiosk-header.jpg\" alt=\"en-t\u00eate de kiosque de d\u00e9sinfectant pour les mains\" \/><\/p>\n<h1>KIOSQUE D\u00c9SINFECTANT LES MAINS 15\\&quot; &amp; 22\\&quot;<\/h1>\n<p>&nbsp;<\/p>\n<h2>Fixation murale et au sol avec d\u00e9sinfectant pour les mains int\u00e9gr\u00e9 de 2 litres.<\/h2>\n<p>Principales caract\u00e9ristiques:<\/p>\n<p>Conception de bo\u00eetier enti\u00e8rement m\u00e9tallique pour un usage commercial.<\/p>\n<p>Android 7.1, RK3288, 2 Go de RAM, 8 Go de stockage<\/p>\n<p>Distributeur automatique contr\u00f4l\u00e9 par capteur pour un fonctionnement sans contact<\/p>\n<p>Peut \u00eatre rempli de divers d\u00e9sinfectants \u2013 Gel, liquide, mousse<\/p>\n<p>Haute capacit\u00e9 2000ML sur 15,6 et 5000ML sur 21,5 pouces<\/p>\n<p>Recharge facile. Le capteur de lumi\u00e8re affichera l&#039;\u00e9tat plein\/moyen\/vide<\/p>\n<p>Surveillance \u00e0 distance des temps d&#039;utilisation et alarme de capacit\u00e9<\/p>\n<p>Batterie en option pour fournir de l&#039;\u00e9nergie<\/p>\n<p>L&#039;option qui sera bient\u00f4t disponible sera livr\u00e9e avec un capteur pour mesurer la temp\u00e9rature corporelle.<\/p>\n<p>gauche<br \/>\npas de r\u00e9p\u00e9tition\u00a0; centre en haut\u00a0;;<br \/>\nauto<br \/>\n20px 0px 0px 0px<\/p>\n<p>Demande d&#039;info<br \/>\n<a href=\"https:\/\/humankiosk.com\/fr\/demande-dinformations\/\">https:\/\/humankiosk.com\/request-info\/<\/a><br \/>\ngauche<br \/>\n#20bcff<br \/>\n3<\/p>\n<p>2849,2850,2851,2852,2853<br \/>\n5<br \/>\nvignette<\/p>\n<h1>ACCESSOIRES<\/h1>\n<p>&nbsp;<\/p>\n<h2>Ajoutez l&#039;un des accessoires suivants pour am\u00e9liorer votre kiosque d&#039;affichage num\u00e9rique.<\/h2>\n<p>centre<br \/>\npas de r\u00e9p\u00e9tition\u00a0; centre en haut\u00a0;;<br \/>\nauto<\/p>\n<p><img decoding=\"async\" src=\"https:\/\/humankiosk.com\/wp-content\/uploads\/2018\/05\/sandwich_boards_accessories-1.jpg\" alt=\"Accessoires pour panneaux sandwich - Bornes num\u00e9riques interactives\" \/><\/p>\n<p>Batteries<br \/>\nh4<br \/>\nDisponible en 4, 16, 32 et 50 A<br \/>\nlampe-ic\u00f4ne<br \/>\n<img decoding=\"async\" src=\"https:\/\/humankiosk.com\/wp-content\/uploads\/2018\/05\/battery_icon-1.jpg\" alt=\"battery_icon\" \/><br \/>\nhaut<\/p>\n<p>Lecteur de signalisation<br \/>\nh4<br \/>\nDisponible sous Android et Windows<br \/>\nlampe-ic\u00f4ne<br \/>\n<img decoding=\"async\" src=\"https:\/\/humankiosk.com\/wp-content\/uploads\/2018\/05\/player.jpg\" alt=\"Lecteur de kiosques num\u00e9riques interactifs\" \/><br \/>\nhaut<\/p>\n<p>Double face<br \/>\nh4<br \/>\nLes panneaux sandwich peuvent \u00eatre configur\u00e9s en mode double face (miroir).<br \/>\nlampe-ic\u00f4ne<br \/>\n<img decoding=\"async\" src=\"https:\/\/humankiosk.com\/wp-content\/uploads\/2018\/05\/sandwich_board_config.jpg\" alt=\"Sandwich Board Config - Kiosques Num\u00e9riques Interactifs\" \/><br \/>\nhaut<\/p>\n<p>d\u00e9faut<br \/>\nd\u00e9faut<\/p>\n<h1>SP\u00c9CIFICATIONS DU PRODUIT<\/h1>\n<p>&nbsp;<\/p>\n<h2>Apprenez \u00e0 conna\u00eetre votre kiosque d&#039;affichage dynamique jusque dans les moindres d\u00e9tails.<\/h2>\n<p>centre<br \/>\npas de r\u00e9p\u00e9tition\u00a0; centre en haut\u00a0;;<br \/>\nauto<\/p>\n<p><img decoding=\"async\" src=\"https:\/\/humankiosk.com\/wp-content\/uploads\/2020\/04\/hand-sanitizer-kiosk-specs.gif\" alt=\"sp\u00e9cifications du kiosque de d\u00e9sinfectant pour les mains\" \/><br \/>\ncentre<\/p>\n<h3>COMMENCER<\/h3>\n<p>pas de r\u00e9p\u00e9tition\u00a0; centre en haut\u00a0;;<br \/>\nauto<\/p>\n<p>TEXTE DES OFFRES<br \/>\nL&#039;ajout d&#039;une signalisation num\u00e9rique est un excellent moyen d&#039;accro\u00eetre la notori\u00e9t\u00e9 de la marque et d&#039;augmenter l&#039;engagement des clients. Si vous souhaitez commencer ou d\u00e9velopper vos besoins en communication visuelle, veuillez nous envoyer un e-mail ou nous appeler.<br \/>\ngauche<br \/>\npas de r\u00e9p\u00e9tition\u00a0; centre en haut\u00a0;;<br \/>\nauto<br \/>\n0px 30px 20px 0px<\/p>\n<p>Partenaire avec nous<br \/>\n<a href=\"https:\/\/humankiosk.com\/fr\/devenir-partenaire\/\">https:\/\/humankiosk.com\/become-a-partner\/<\/a><br \/>\ngauche<br \/>\n#20bcff<br \/>\n3<\/p>\n<p>Demande d&#039;info<br \/>\n<a href=\"https:\/\/humankiosk.com\/fr\/demande-dinformations\/\">https:\/\/humankiosk.com\/request-info\/<\/a><br \/>\ngauche<br \/>\n#20bcff<br \/>\n3<\/p>","protected":false},"excerpt":{"rendered":"<p>HAND SANITIZER KIOSK 15\\&#8221; &amp; 22\\&#8221; &nbsp; Wall and floor standing with integrated 2 liter hand sanitizer. Key Features: All Metal Enclosure design for commercial use.<span class=\"excerpt-hellip\"> [\u2026]<\/span><\/p>\n","protected":false},"author":1,"featured_media":0,"parent":0,"menu_order":0,"comment_status":"closed","ping_status":"closed","template":"","meta":{"footnotes":""},"class_list":["post-2845","page","type-page","status-publish","hentry"],"yoast_head":"<!-- This site is optimized with the Yoast SEO plugin v27.2 - https:\/\/yoast.com\/product\/yoast-seo-wordpress\/ -->\n<title>Hand Sanitizer Kiosk - humanKIOSK<\/title>\n<meta name=\"description\" content=\"Hand Sanitizer Kiosk with Wall and floor standing options with integrated 2 liter hand sanitizer. Auto - Sensor Controlled Dispenser for No-Touch Operation\" \/>\n<meta name=\"robots\" content=\"index, follow, max-snippet:-1, max-image-preview:large, max-video-preview:-1\" \/>\n<link rel=\"canonical\" href=\"https:\/\/humankiosk.com\/fr\/kiosque-de-desinfectant-pour-les-mains\/\" \/>\n<meta property=\"og:locale\" content=\"fr_CA\" \/>\n<meta property=\"og:type\" content=\"article\" \/>\n<meta property=\"og:title\" content=\"Hand Sanitizer Kiosk - humanKIOSK\" \/>\n<meta property=\"og:description\" content=\"Hand Sanitizer Kiosk with Wall and floor standing options with integrated 2 liter hand sanitizer. Auto - Sensor Controlled Dispenser for No-Touch Operation\" \/>\n<meta property=\"og:url\" content=\"https:\/\/humankiosk.com\/fr\/kiosque-de-desinfectant-pour-les-mains\/\" \/>\n<meta property=\"og:site_name\" content=\"humanKIOSK\" \/>\n<meta property=\"article:publisher\" content=\"https:\/\/www.facebook.com\/humankiosk\/\" \/>\n<meta property=\"article:modified_time\" content=\"2020-10-26T14:32:00+00:00\" \/>\n<meta property=\"og:image\" content=\"https:\/\/humankiosk.com\/wp-content\/uploads\/2020\/04\/hand-sanitizer-kiosk-header.jpg\" \/>\n<meta name=\"twitter:card\" content=\"summary_large_image\" \/>\n<meta name=\"twitter:site\" content=\"@human_kiosk\" \/>\n<meta name=\"twitter:label1\" content=\"Estimation du temps de lecture\" \/>\n\t<meta name=\"twitter:data1\" content=\"1 minute\" \/>\n<script type=\"application\/ld+json\" class=\"yoast-schema-graph\">{\"@context\":\"https:\/\/schema.org\",\"@graph\":[{\"@type\":\"WebPage\",\"@id\":\"https:\/\/humankiosk.com\/hand-sanitizer-kiosk\/\",\"url\":\"https:\/\/humankiosk.com\/hand-sanitizer-kiosk\/\",\"name\":\"Hand Sanitizer Kiosk - humanKIOSK\",\"isPartOf\":{\"@id\":\"https:\/\/52.60.63.222\/#website\"},\"primaryImageOfPage\":{\"@id\":\"https:\/\/humankiosk.com\/hand-sanitizer-kiosk\/#primaryimage\"},\"image\":{\"@id\":\"https:\/\/humankiosk.com\/hand-sanitizer-kiosk\/#primaryimage\"},\"thumbnailUrl\":\"https:\/\/humankiosk.com\/wp-content\/uploads\/2020\/04\/hand-sanitizer-kiosk-header.jpg\",\"datePublished\":\"2020-04-09T18:31:23+00:00\",\"dateModified\":\"2020-10-26T14:32:00+00:00\",\"description\":\"Hand Sanitizer Kiosk with Wall and floor standing options with integrated 2 liter hand sanitizer. Auto - Sensor Controlled Dispenser for No-Touch Operation\",\"breadcrumb\":{\"@id\":\"https:\/\/humankiosk.com\/hand-sanitizer-kiosk\/#breadcrumb\"},\"inLanguage\":\"fr-CA\",\"potentialAction\":[{\"@type\":\"ReadAction\",\"target\":[\"https:\/\/humankiosk.com\/hand-sanitizer-kiosk\/\"]}]},{\"@type\":\"ImageObject\",\"inLanguage\":\"fr-CA\",\"@id\":\"https:\/\/humankiosk.com\/hand-sanitizer-kiosk\/#primaryimage\",\"url\":\"https:\/\/humankiosk.com\/wp-content\/uploads\/2020\/04\/hand-sanitizer-kiosk-header.jpg\",\"contentUrl\":\"https:\/\/humankiosk.com\/wp-content\/uploads\/2020\/04\/hand-sanitizer-kiosk-header.jpg\"},{\"@type\":\"BreadcrumbList\",\"@id\":\"https:\/\/humankiosk.com\/hand-sanitizer-kiosk\/#breadcrumb\",\"itemListElement\":[{\"@type\":\"ListItem\",\"position\":1,\"name\":\"Home\",\"item\":\"https:\/\/52.60.63.222\/\"},{\"@type\":\"ListItem\",\"position\":2,\"name\":\"Hand Sanitizer Kiosk\"}]},{\"@type\":\"WebSite\",\"@id\":\"https:\/\/52.60.63.222\/#website\",\"url\":\"https:\/\/52.60.63.222\/\",\"name\":\"humanKIOSK\",\"description\":\"CORUM DIGITAL\",\"potentialAction\":[{\"@type\":\"SearchAction\",\"target\":{\"@type\":\"EntryPoint\",\"urlTemplate\":\"https:\/\/52.60.63.222\/?s={search_term_string}\"},\"query-input\":{\"@type\":\"PropertyValueSpecification\",\"valueRequired\":true,\"valueName\":\"search_term_string\"}}],\"inLanguage\":\"fr-CA\"}]}<\/script>\n<!-- \/ Yoast SEO plugin. -->","yoast_head_json":{"title":"Kiosque de d\u00e9sinfectant pour les mains - humanKIOSK","description":"Kiosque de d\u00e9sinfectant pour les mains avec options murales et au sol avec d\u00e9sinfectant pour les mains int\u00e9gr\u00e9 de 2 litres. Auto - Distributeur contr\u00f4l\u00e9 par capteur pour un fonctionnement sans contact","robots":{"index":"index","follow":"follow","max-snippet":"max-snippet:-1","max-image-preview":"max-image-preview:large","max-video-preview":"max-video-preview:-1"},"canonical":"https:\/\/humankiosk.com\/fr\/kiosque-de-desinfectant-pour-les-mains\/","og_locale":"fr_CA","og_type":"article","og_title":"Hand Sanitizer Kiosk - humanKIOSK","og_description":"Hand Sanitizer Kiosk with Wall and floor standing options with integrated 2 liter hand sanitizer. Auto - Sensor Controlled Dispenser for No-Touch Operation","og_url":"https:\/\/humankiosk.com\/fr\/kiosque-de-desinfectant-pour-les-mains\/","og_site_name":"humanKIOSK","article_publisher":"https:\/\/www.facebook.com\/humankiosk\/","article_modified_time":"2020-10-26T14:32:00+00:00","og_image":[{"url":"https:\/\/humankiosk.com\/wp-content\/uploads\/2020\/04\/hand-sanitizer-kiosk-header.jpg","type":"","width":"","height":""}],"twitter_card":"summary_large_image","twitter_site":"@human_kiosk","twitter_misc":{"Estimation du temps de lecture":"1 minute"},"schema":{"@context":"https:\/\/schema.org","@graph":[{"@type":"WebPage","@id":"https:\/\/humankiosk.com\/hand-sanitizer-kiosk\/","url":"https:\/\/humankiosk.com\/hand-sanitizer-kiosk\/","name":"Kiosque de d\u00e9sinfectant pour les mains - humanKIOSK","isPartOf":{"@id":"https:\/\/52.60.63.222\/#website"},"primaryImageOfPage":{"@id":"https:\/\/humankiosk.com\/hand-sanitizer-kiosk\/#primaryimage"},"image":{"@id":"https:\/\/humankiosk.com\/hand-sanitizer-kiosk\/#primaryimage"},"thumbnailUrl":"https:\/\/humankiosk.com\/wp-content\/uploads\/2020\/04\/hand-sanitizer-kiosk-header.jpg","datePublished":"2020-04-09T18:31:23+00:00","dateModified":"2020-10-26T14:32:00+00:00","description":"Kiosque de d\u00e9sinfectant pour les mains avec options murales et au sol avec d\u00e9sinfectant pour les mains int\u00e9gr\u00e9 de 2 litres. Auto - Distributeur contr\u00f4l\u00e9 par capteur pour un fonctionnement sans contact","breadcrumb":{"@id":"https:\/\/humankiosk.com\/hand-sanitizer-kiosk\/#breadcrumb"},"inLanguage":"fr-CA","potentialAction":[{"@type":"ReadAction","target":["https:\/\/humankiosk.com\/hand-sanitizer-kiosk\/"]}]},{"@type":"ImageObject","inLanguage":"fr-CA","@id":"https:\/\/humankiosk.com\/hand-sanitizer-kiosk\/#primaryimage","url":"https:\/\/humankiosk.com\/wp-content\/uploads\/2020\/04\/hand-sanitizer-kiosk-header.jpg","contentUrl":"https:\/\/humankiosk.com\/wp-content\/uploads\/2020\/04\/hand-sanitizer-kiosk-header.jpg"},{"@type":"BreadcrumbList","@id":"https:\/\/humankiosk.com\/hand-sanitizer-kiosk\/#breadcrumb","itemListElement":[{"@type":"ListItem","position":1,"name":"Home","item":"https:\/\/52.60.63.222\/"},{"@type":"ListItem","position":2,"name":"Hand Sanitizer Kiosk"}]},{"@type":"WebSite","@id":"https:\/\/52.60.63.222\/#website","url":"https:\/\/52.60.63.222\/","name":"humainKIOSK","description":"CORUM DIGITAL","potentialAction":[{"@type":"SearchAction","target":{"@type":"EntryPoint","urlTemplate":"https:\/\/52.60.63.222\/?s={search_term_string}"},"query-input":{"@type":"PropertyValueSpecification","valueRequired":true,"valueName":"search_term_string"}}],"inLanguage":"fr-CA"}]}},"_links":{"self":[{"href":"https:\/\/humankiosk.com\/fr\/wp-json\/wp\/v2\/pages\/2845","targetHints":{"allow":["GET"]}}],"collection":[{"href":"https:\/\/humankiosk.com\/fr\/wp-json\/wp\/v2\/pages"}],"about":[{"href":"https:\/\/humankiosk.com\/fr\/wp-json\/wp\/v2\/types\/page"}],"author":[{"embeddable":true,"href":"https:\/\/humankiosk.com\/fr\/wp-json\/wp\/v2\/users\/1"}],"replies":[{"embeddable":true,"href":"https:\/\/humankiosk.com\/fr\/wp-json\/wp\/v2\/comments?post=2845"}],"version-history":[{"count":4,"href":"https:\/\/humankiosk.com\/fr\/wp-json\/wp\/v2\/pages\/2845\/revisions"}],"predecessor-version":[{"id":2929,"href":"https:\/\/humankiosk.com\/fr\/wp-json\/wp\/v2\/pages\/2845\/revisions\/2929"}],"wp:attachment":[{"href":"https:\/\/humankiosk.com\/fr\/wp-json\/wp\/v2\/media?parent=2845"}],"curies":[{"name":"wp","href":"https:\/\/api.w.org\/{rel}","templated":true}]}}