{"id":3402,"date":"2021-07-22T18:31:35","date_gmt":"2021-07-22T18:31:35","guid":{"rendered":"https:\/\/humankiosk.com\/?page_id=3402"},"modified":"2023-04-18T18:15:22","modified_gmt":"2023-04-18T18:15:22","slug":"kiosque-coude-duraline","status":"publish","type":"page","link":"https:\/\/humankiosk.com\/fr\/duraline-angled-kiosk\/","title":{"rendered":"Kiosque inclin\u00e9 Duraline"},"content":{"rendered":"<p><img decoding=\"async\" src=\"https:\/\/humankiosk.com\/wp-content\/uploads\/2022\/01\/duraline-angled-kiosk.jpg\" alt=\"kiosque coud\u00e9 duraline\" \/><br \/>\ncomplet<\/p>\n<h1>KIOSQUE EN ANGLE DURALINE 32\u201d-43\u201d<\/h1>\n<p>&nbsp;<\/p>\n<h2>Parfait pour les centres commerciaux, les campus universitaires, les magasins de d\u00e9tail, les h\u00f4pitaux, les installations m\u00e9dicales et une foule d&#039;autres applications.<\/h2>\n<p>Notre kiosque angulaire Duraline est con\u00e7u pour prendre en charge tout affichage commercial de tailles 32&quot; \u00e0 43&quot;. Ce kiosque peut \u00eatre tactile et non tactile. Ce kiosque comporte (2) ressorts \u00e0 gaz qui aident \u00e0 soulever le capot pour un acc\u00e8s complet \u00e0 l&#039;arri\u00e8re de l&#039;\u00e9cran. Le capot est con\u00e7u avec des pare-chocs lat\u00e9raux pour r\u00e9sister aux coups durs de la circulation des consommateurs et des colis.<\/p>\n<p>Le kiosque est construit en utilisant 14 GA. acier \u00e0 fort impact et construit pour supporter la circulation publique et les bosses et les contusions. Il est parfait pour les centres commerciaux, les campus universitaires, les magasins de d\u00e9tail, les h\u00f4pitaux, les installations m\u00e9dicales et une foule d&#039;autres applications. Ce kiosque peut \u00eatre peint de n&#039;importe quelle couleur que vous d\u00e9sirez et peut \u00e9galement inclure des d\u00e9calcomanies imprim\u00e9es et des enveloppes de kiosque.<br \/>\ngauche<br \/>\npas de r\u00e9p\u00e9tition\u00a0; centre en haut\u00a0;;<br \/>\nauto<br \/>\n20px 0px 0px 0px<\/p>\n<h1>SP\u00c9CIFICATIONS DU PRODUIT<\/h1>\n<p>&nbsp;<\/p>\n<h2>humanKIOSK \u00e9l\u00e8ve votre marketing \u00e0 un nouveau niveau et veille \u00e0 ce que vos produits \/ services soient pr\u00e9sent\u00e9s de mani\u00e8re optimale et rentable.<\/h2>\n<p>centre<br \/>\npas de r\u00e9p\u00e9tition\u00a0; centre en haut\u00a0;;<br \/>\nauto<\/p>\n<p><img decoding=\"async\" src=\"https:\/\/humankiosk.com\/wp-content\/uploads\/2022\/01\/duraline-angled-kiosk-32-specs.jpg\" alt=\"duraline-angle-kiosque-32-specs\" \/><br \/>\ncomplet<\/p>\n<p><img decoding=\"async\" src=\"https:\/\/humankiosk.com\/wp-content\/uploads\/2022\/01\/duraline-angled-kiosk-43-specs.jpg\" alt=\"duraline-angle-kiosk-43-specs\" \/><br \/>\ncomplet<\/p>\n<h3>COMMENCER<\/h3>\n<p>pas de r\u00e9p\u00e9tition\u00a0; centre en haut\u00a0;;<br \/>\nauto<\/p>\n<p>L&#039;ajout d&#039;une signalisation num\u00e9rique est un excellent moyen d&#039;accro\u00eetre la notori\u00e9t\u00e9 de la marque et d&#039;augmenter l&#039;engagement des clients. Si vous souhaitez commencer ou d\u00e9velopper vos besoins en communication visuelle, veuillez nous envoyer un e-mail ou nous appeler.<br \/>\nTEXTE DES OFFRES<br \/>\ngauche<br \/>\npas de r\u00e9p\u00e9tition\u00a0; centre en haut\u00a0;;<br \/>\nauto<br \/>\n0px 30px 20px 0px<\/p>\n<p>Partenaire avec nous<br \/>\n<a href=\"https:\/\/humankiosk.com\/fr\/devenir-partenaire\/\">https:\/\/humankiosk.com\/become-a-partner\/<\/a><br \/>\ngauche<br \/>\n#20bcff<br \/>\n3<\/p>\n<p>Demande d&#039;info<br \/>\n<a href=\"https:\/\/humankiosk.com\/fr\/request-a-quote\/\">https:\/\/humankiosk.com\/request-a-quote\/<\/a><br \/>\ngauche<br \/>\n#20bcff<br \/>\n3<\/p>","protected":false},"excerpt":{"rendered":"<p>full DURALINE ANGLED KIOSK 32\u201d-43\u201d &nbsp; Perfect for malls, college campuses, retail locations, hospitals, medical facilities and a host of other applications. Our Duraline Angled Kiosk<span class=\"excerpt-hellip\"> [\u2026]<\/span><\/p>\n","protected":false},"author":1,"featured_media":0,"parent":0,"menu_order":0,"comment_status":"closed","ping_status":"closed","template":"","meta":{"footnotes":""},"class_list":["post-3402","page","type-page","status-publish","hentry"],"yoast_head":"<!-- This site is optimized with the Yoast SEO plugin v27.2 - https:\/\/yoast.com\/product\/yoast-seo-wordpress\/ -->\n<title>Duraline Angled Kiosk - humanKIOSK<\/title>\n<meta name=\"description\" content=\"Kiosks built to take public traffic and bumps and bruises.\" \/>\n<meta name=\"robots\" content=\"index, follow, max-snippet:-1, max-image-preview:large, max-video-preview:-1\" \/>\n<link rel=\"canonical\" href=\"https:\/\/mediatile.com\/duraline-angled-kiosk\/\" \/>\n<meta property=\"og:locale\" content=\"fr_CA\" \/>\n<meta property=\"og:type\" content=\"article\" \/>\n<meta property=\"og:title\" content=\"Duraline Angled Kiosk - humanKIOSK\" \/>\n<meta property=\"og:description\" content=\"Kiosks built to take public traffic and bumps and bruises.\" \/>\n<meta property=\"og:url\" content=\"https:\/\/mediatile.com\/duraline-angled-kiosk\/\" \/>\n<meta property=\"og:site_name\" content=\"humanKIOSK\" \/>\n<meta property=\"article:publisher\" content=\"https:\/\/www.facebook.com\/humankiosk\/\" \/>\n<meta property=\"article:modified_time\" content=\"2023-04-18T18:15:22+00:00\" \/>\n<meta property=\"og:image\" content=\"https:\/\/humankiosk.com\/wp-content\/uploads\/2022\/01\/duraline-angled-kiosk.jpg\" \/>\n<meta name=\"twitter:card\" content=\"summary_large_image\" \/>\n<meta name=\"twitter:site\" content=\"@human_kiosk\" \/>\n<meta name=\"twitter:label1\" content=\"Estimation du temps de lecture\" \/>\n\t<meta name=\"twitter:data1\" content=\"1 minute\" \/>\n<script type=\"application\/ld+json\" class=\"yoast-schema-graph\">{\"@context\":\"https:\/\/schema.org\",\"@graph\":[{\"@type\":\"WebPage\",\"@id\":\"https:\/\/humankiosk.com\/duraline-angled-kiosk\/\",\"url\":\"https:\/\/mediatile.com\/duraline-angled-kiosk\/\",\"name\":\"Duraline Angled Kiosk - humanKIOSK\",\"isPartOf\":{\"@id\":\"https:\/\/52.60.63.222\/#website\"},\"primaryImageOfPage\":{\"@id\":\"https:\/\/mediatile.com\/duraline-angled-kiosk\/#primaryimage\"},\"image\":{\"@id\":\"https:\/\/mediatile.com\/duraline-angled-kiosk\/#primaryimage\"},\"thumbnailUrl\":\"https:\/\/humankiosk.com\/wp-content\/uploads\/2022\/01\/duraline-angled-kiosk.jpg\",\"datePublished\":\"2021-07-22T18:31:35+00:00\",\"dateModified\":\"2023-04-18T18:15:22+00:00\",\"description\":\"Kiosks built to take public traffic and bumps and bruises.\",\"breadcrumb\":{\"@id\":\"https:\/\/mediatile.com\/duraline-angled-kiosk\/#breadcrumb\"},\"inLanguage\":\"fr-CA\",\"potentialAction\":[{\"@type\":\"ReadAction\",\"target\":[\"https:\/\/mediatile.com\/duraline-angled-kiosk\/\"]}]},{\"@type\":\"ImageObject\",\"inLanguage\":\"fr-CA\",\"@id\":\"https:\/\/mediatile.com\/duraline-angled-kiosk\/#primaryimage\",\"url\":\"https:\/\/humankiosk.com\/wp-content\/uploads\/2022\/01\/duraline-angled-kiosk.jpg\",\"contentUrl\":\"https:\/\/humankiosk.com\/wp-content\/uploads\/2022\/01\/duraline-angled-kiosk.jpg\"},{\"@type\":\"BreadcrumbList\",\"@id\":\"https:\/\/mediatile.com\/duraline-angled-kiosk\/#breadcrumb\",\"itemListElement\":[{\"@type\":\"ListItem\",\"position\":1,\"name\":\"Home\",\"item\":\"https:\/\/52.60.63.222\/\"},{\"@type\":\"ListItem\",\"position\":2,\"name\":\"Duraline Angled Kiosk\"}]},{\"@type\":\"WebSite\",\"@id\":\"https:\/\/52.60.63.222\/#website\",\"url\":\"https:\/\/52.60.63.222\/\",\"name\":\"humanKIOSK\",\"description\":\"CORUM DIGITAL\",\"potentialAction\":[{\"@type\":\"SearchAction\",\"target\":{\"@type\":\"EntryPoint\",\"urlTemplate\":\"https:\/\/52.60.63.222\/?s={search_term_string}\"},\"query-input\":{\"@type\":\"PropertyValueSpecification\",\"valueRequired\":true,\"valueName\":\"search_term_string\"}}],\"inLanguage\":\"fr-CA\"}]}<\/script>\n<!-- \/ Yoast SEO plugin. -->","yoast_head_json":{"title":"Kiosque inclin\u00e9 Duraline - humanKIOSK","description":"Des kiosques construits pour prendre le trafic public et les bosses et les contusions.","robots":{"index":"index","follow":"follow","max-snippet":"max-snippet:-1","max-image-preview":"max-image-preview:large","max-video-preview":"max-video-preview:-1"},"canonical":"https:\/\/mediatile.com\/duraline-angled-kiosk\/","og_locale":"fr_CA","og_type":"article","og_title":"Duraline Angled Kiosk - humanKIOSK","og_description":"Kiosks built to take public traffic and bumps and bruises.","og_url":"https:\/\/mediatile.com\/duraline-angled-kiosk\/","og_site_name":"humanKIOSK","article_publisher":"https:\/\/www.facebook.com\/humankiosk\/","article_modified_time":"2023-04-18T18:15:22+00:00","og_image":[{"url":"https:\/\/humankiosk.com\/wp-content\/uploads\/2022\/01\/duraline-angled-kiosk.jpg","type":"","width":"","height":""}],"twitter_card":"summary_large_image","twitter_site":"@human_kiosk","twitter_misc":{"Estimation du temps de lecture":"1 minute"},"schema":{"@context":"https:\/\/schema.org","@graph":[{"@type":"WebPage","@id":"https:\/\/humankiosk.com\/duraline-angled-kiosk\/","url":"https:\/\/mediatile.com\/duraline-angled-kiosk\/","name":"Kiosque inclin\u00e9 Duraline - humanKIOSK","isPartOf":{"@id":"https:\/\/52.60.63.222\/#website"},"primaryImageOfPage":{"@id":"https:\/\/mediatile.com\/duraline-angled-kiosk\/#primaryimage"},"image":{"@id":"https:\/\/mediatile.com\/duraline-angled-kiosk\/#primaryimage"},"thumbnailUrl":"https:\/\/humankiosk.com\/wp-content\/uploads\/2022\/01\/duraline-angled-kiosk.jpg","datePublished":"2021-07-22T18:31:35+00:00","dateModified":"2023-04-18T18:15:22+00:00","description":"Des kiosques construits pour prendre le trafic public et les bosses et les contusions.","breadcrumb":{"@id":"https:\/\/mediatile.com\/duraline-angled-kiosk\/#breadcrumb"},"inLanguage":"fr-CA","potentialAction":[{"@type":"ReadAction","target":["https:\/\/mediatile.com\/duraline-angled-kiosk\/"]}]},{"@type":"ImageObject","inLanguage":"fr-CA","@id":"https:\/\/mediatile.com\/duraline-angled-kiosk\/#primaryimage","url":"https:\/\/humankiosk.com\/wp-content\/uploads\/2022\/01\/duraline-angled-kiosk.jpg","contentUrl":"https:\/\/humankiosk.com\/wp-content\/uploads\/2022\/01\/duraline-angled-kiosk.jpg"},{"@type":"BreadcrumbList","@id":"https:\/\/mediatile.com\/duraline-angled-kiosk\/#breadcrumb","itemListElement":[{"@type":"ListItem","position":1,"name":"Home","item":"https:\/\/52.60.63.222\/"},{"@type":"ListItem","position":2,"name":"Duraline Angled Kiosk"}]},{"@type":"WebSite","@id":"https:\/\/52.60.63.222\/#website","url":"https:\/\/52.60.63.222\/","name":"humainKIOSK","description":"CORUM DIGITAL","potentialAction":[{"@type":"SearchAction","target":{"@type":"EntryPoint","urlTemplate":"https:\/\/52.60.63.222\/?s={search_term_string}"},"query-input":{"@type":"PropertyValueSpecification","valueRequired":true,"valueName":"search_term_string"}}],"inLanguage":"fr-CA"}]}},"_links":{"self":[{"href":"https:\/\/humankiosk.com\/fr\/wp-json\/wp\/v2\/pages\/3402","targetHints":{"allow":["GET"]}}],"collection":[{"href":"https:\/\/humankiosk.com\/fr\/wp-json\/wp\/v2\/pages"}],"about":[{"href":"https:\/\/humankiosk.com\/fr\/wp-json\/wp\/v2\/types\/page"}],"author":[{"embeddable":true,"href":"https:\/\/humankiosk.com\/fr\/wp-json\/wp\/v2\/users\/1"}],"replies":[{"embeddable":true,"href":"https:\/\/humankiosk.com\/fr\/wp-json\/wp\/v2\/comments?post=3402"}],"version-history":[{"count":6,"href":"https:\/\/humankiosk.com\/fr\/wp-json\/wp\/v2\/pages\/3402\/revisions"}],"predecessor-version":[{"id":3583,"href":"https:\/\/humankiosk.com\/fr\/wp-json\/wp\/v2\/pages\/3402\/revisions\/3583"}],"wp:attachment":[{"href":"https:\/\/humankiosk.com\/fr\/wp-json\/wp\/v2\/media?parent=3402"}],"curies":[{"name":"wp","href":"https:\/\/api.w.org\/{rel}","templated":true}]}}