{"id":3408,"date":"2021-07-22T20:23:36","date_gmt":"2021-07-22T20:23:36","guid":{"rendered":"https:\/\/humankiosk.com\/?page_id=3408"},"modified":"2025-10-21T17:42:00","modified_gmt":"2025-10-21T17:42:00","slug":"kiosque-duraline-43-55","status":"publish","type":"page","link":"https:\/\/humankiosk.com\/fr\/duraline-kiosk-43-55\/","title":{"rendered":"Kiosque Duraline 43\u2033-55\u2033"},"content":{"rendered":"<p><img decoding=\"async\" src=\"https:\/\/humankiosk.com\/wp-content\/uploads\/2021\/07\/Duraline-Kiosk-43-55-header.jpg\" alt=\"Duraline-Kiosk-43-55-en-t\u00eate\" \/><br \/>complet<\/p>\n<h1>KIOSQUE DURALINE 43\u201d-55\u201d<\/h1>\n<h2>Parfait pour les centres commerciaux, les campus universitaires, les magasins de d\u00e9tail, les h\u00f4pitaux, les installations m\u00e9dicales et une foule d&#039;autres applications.<\/h2>\n<p>Captivez les clients avec du contenu UHDCapacit\u00e9s de r\u00e9solution UHD pour un contenu incroyablement clair, augmentant l&#039;engagement des clients avec des images r\u00e9alistes qui ont \u00e9t\u00e9 optimis\u00e9es pour s&#039;afficher exactement comme pr\u00e9vu. Con\u00e7u pour \u00eatre fiable et efficace L&#039;affichage est garanti efficace et fiable, m\u00eame dans des environnements poussi\u00e9reux. Le kiosque est construit en acier \u00e0 fort impact et con\u00e7u pour r\u00e9sister au trafic public et aux chocs et contusions. Il est parfait pour les centres commerciaux, les campus universitaires, les points de vente au d\u00e9tail, les h\u00f4pitaux, les \u00e9tablissements m\u00e9dicaux et une foule d&#039;autres applications. Con\u00e7u d\u00e8s le d\u00e9part pour r\u00e9pondre aux normes d&#039;accessibilit\u00e9 AODA et CAN\/CSA B651.02-07.<a href=\"https:\/\/humankiosk.com\/fr\/normes-daccessibilite\/\"><img decoding=\"async\" src=\"https:\/\/humankiosk.com\/wp-content\/uploads\/2022\/07\/CSA-Assessability-Standards-Canada.jpg\" alt=\"\" \/><\/a>\u00a0<a href=\"https:\/\/humankiosk.com\/fr\/normes-daccessibilite\/\">En savoir plus sur les normes d&#039;accessibilit\u00e9 &gt;&gt;<\/a><br \/>gauche<br \/>pas de r\u00e9p\u00e9tition\u00a0; centre en haut\u00a0;;<br \/>auto<br \/>20px 0px 0px 0px<\/p>\n<h1>SP\u00c9CIFICATIONS DU PRODUIT<\/h1>\n<h2>humanKIOSK \u00e9l\u00e8ve votre marketing \u00e0 un nouveau niveau et veille \u00e0 ce que vos produits \/ services soient pr\u00e9sent\u00e9s de mani\u00e8re optimale et rentable. <\/h2>\n<p>centre<br \/>pas de r\u00e9p\u00e9tition\u00a0; centre en haut\u00a0;;<br \/>auto<\/p>\n<p><img decoding=\"async\" src=\"https:\/\/humankiosk.com\/wp-content\/uploads\/2021\/07\/sizer-pg2.jpg\" alt=\"sizer-pg2\" \/><br \/>complet<br \/>centre<\/p>\n<h3>COMMENCER<\/h3>\n<p>pas de r\u00e9p\u00e9tition\u00a0; centre en haut\u00a0;;<br \/>auto<\/p>\n<p>L&#039;ajout d&#039;une signalisation num\u00e9rique est un excellent moyen d&#039;accro\u00eetre la notori\u00e9t\u00e9 de la marque et d&#039;augmenter l&#039;engagement des clients. Si vous souhaitez commencer ou d\u00e9velopper vos besoins en communication visuelle, veuillez nous envoyer un e-mail ou nous appeler. <br \/>TEXTE DES OFFRES<br \/>gauche<br \/>pas de r\u00e9p\u00e9tition\u00a0; centre en haut\u00a0;;<br \/>auto<br \/>0px 30px 20px 0px<\/p>\n<p>Partenaire avec nous<br \/><a href=\"https:\/\/humankiosk.com\/fr\/devenir-partenaire\/\">https:\/\/humankiosk.com\/become-a-partner\/<\/a><br \/>gauche<br \/>3<br \/>#20bcff<\/p>\n<p>Demande d&#039;info<br \/><a href=\"https:\/\/humankiosk.com\/fr\/request-a-quote\/\">https:\/\/humankiosk.com\/request-a-quote\/<\/a><br \/>gauche<br \/>3<br \/>#20bcff<\/p>","protected":false},"excerpt":{"rendered":"<p>full DURALINE KIOSK 43\u201d-55\u201d Perfect for malls, college campuses, retail locations, hospitals, medical facilities and a host of other applications. Captivate customers with UHD contentUHD resolution<span class=\"excerpt-hellip\"> [\u2026]<\/span><\/p>\n","protected":false},"author":1,"featured_media":0,"parent":0,"menu_order":0,"comment_status":"closed","ping_status":"closed","template":"","meta":{"footnotes":""},"class_list":["post-3408","page","type-page","status-publish","hentry"],"yoast_head":"<!-- This site is optimized with the Yoast SEO plugin v27.2 - https:\/\/yoast.com\/product\/yoast-seo-wordpress\/ -->\n<title>Duraline Kiosk 43&quot;-55&quot; - humanKIOSK<\/title>\n<meta name=\"description\" content=\"Perfect for malls, college campuses, retail locations, hospitals, medical facilities and a host of other applications.\" \/>\n<meta name=\"robots\" content=\"index, follow, max-snippet:-1, max-image-preview:large, max-video-preview:-1\" \/>\n<link rel=\"canonical\" href=\"https:\/\/mediatile.com\/duraline-kiosk-43-55\/\" \/>\n<meta property=\"og:locale\" content=\"fr_CA\" \/>\n<meta property=\"og:type\" content=\"article\" \/>\n<meta property=\"og:title\" content=\"Duraline Kiosk 43&quot;-55&quot; - humanKIOSK\" \/>\n<meta property=\"og:description\" content=\"Perfect for malls, college campuses, retail locations, hospitals, medical facilities and a host of other applications.\" \/>\n<meta property=\"og:url\" content=\"https:\/\/mediatile.com\/duraline-kiosk-43-55\/\" \/>\n<meta property=\"og:site_name\" content=\"humanKIOSK\" \/>\n<meta property=\"article:publisher\" content=\"https:\/\/www.facebook.com\/humankiosk\/\" \/>\n<meta property=\"article:modified_time\" content=\"2025-10-21T17:42:00+00:00\" \/>\n<meta property=\"og:image\" content=\"https:\/\/humankiosk.com\/wp-content\/uploads\/2021\/07\/Duraline-Kiosk-43-55-header.jpg\" \/>\n<meta name=\"twitter:card\" content=\"summary_large_image\" \/>\n<meta name=\"twitter:site\" content=\"@human_kiosk\" \/>\n<meta name=\"twitter:label1\" content=\"Estimation du temps de lecture\" \/>\n\t<meta name=\"twitter:data1\" content=\"1 minute\" \/>\n<script type=\"application\/ld+json\" class=\"yoast-schema-graph\">{\"@context\":\"https:\/\/schema.org\",\"@graph\":[{\"@type\":\"WebPage\",\"@id\":\"https:\/\/humankiosk.com\/duraline-kiosk-43-55\/\",\"url\":\"https:\/\/mediatile.com\/duraline-kiosk-43-55\/\",\"name\":\"Duraline Kiosk 43\\\"-55\\\" - humanKIOSK\",\"isPartOf\":{\"@id\":\"https:\/\/52.60.63.222\/#website\"},\"primaryImageOfPage\":{\"@id\":\"https:\/\/mediatile.com\/duraline-kiosk-43-55\/#primaryimage\"},\"image\":{\"@id\":\"https:\/\/mediatile.com\/duraline-kiosk-43-55\/#primaryimage\"},\"thumbnailUrl\":\"https:\/\/humankiosk.com\/wp-content\/uploads\/2021\/07\/Duraline-Kiosk-43-55-header.jpg\",\"datePublished\":\"2021-07-22T20:23:36+00:00\",\"dateModified\":\"2025-10-21T17:42:00+00:00\",\"description\":\"Perfect for malls, college campuses, retail locations, hospitals, medical facilities and a host of other applications.\",\"breadcrumb\":{\"@id\":\"https:\/\/mediatile.com\/duraline-kiosk-43-55\/#breadcrumb\"},\"inLanguage\":\"fr-CA\",\"potentialAction\":[{\"@type\":\"ReadAction\",\"target\":[\"https:\/\/mediatile.com\/duraline-kiosk-43-55\/\"]}]},{\"@type\":\"ImageObject\",\"inLanguage\":\"fr-CA\",\"@id\":\"https:\/\/mediatile.com\/duraline-kiosk-43-55\/#primaryimage\",\"url\":\"https:\/\/humankiosk.com\/wp-content\/uploads\/2021\/07\/Duraline-Kiosk-43-55-header.jpg\",\"contentUrl\":\"https:\/\/humankiosk.com\/wp-content\/uploads\/2021\/07\/Duraline-Kiosk-43-55-header.jpg\"},{\"@type\":\"BreadcrumbList\",\"@id\":\"https:\/\/mediatile.com\/duraline-kiosk-43-55\/#breadcrumb\",\"itemListElement\":[{\"@type\":\"ListItem\",\"position\":1,\"name\":\"Home\",\"item\":\"https:\/\/52.60.63.222\/\"},{\"@type\":\"ListItem\",\"position\":2,\"name\":\"Duraline Kiosk 43&#8243;-55&#8243;\"}]},{\"@type\":\"WebSite\",\"@id\":\"https:\/\/52.60.63.222\/#website\",\"url\":\"https:\/\/52.60.63.222\/\",\"name\":\"humanKIOSK\",\"description\":\"CORUM DIGITAL\",\"potentialAction\":[{\"@type\":\"SearchAction\",\"target\":{\"@type\":\"EntryPoint\",\"urlTemplate\":\"https:\/\/52.60.63.222\/?s={search_term_string}\"},\"query-input\":{\"@type\":\"PropertyValueSpecification\",\"valueRequired\":true,\"valueName\":\"search_term_string\"}}],\"inLanguage\":\"fr-CA\"}]}<\/script>\n<!-- \/ Yoast SEO plugin. -->","yoast_head_json":{"title":"Kiosque Duraline 43&quot;-55&quot; - humanKIOSK","description":"Parfait pour les centres commerciaux, les campus universitaires, les magasins de d\u00e9tail, les h\u00f4pitaux, les installations m\u00e9dicales et une foule d&#039;autres applications.","robots":{"index":"index","follow":"follow","max-snippet":"max-snippet:-1","max-image-preview":"max-image-preview:large","max-video-preview":"max-video-preview:-1"},"canonical":"https:\/\/mediatile.com\/duraline-kiosk-43-55\/","og_locale":"fr_CA","og_type":"article","og_title":"Duraline Kiosk 43\"-55\" - humanKIOSK","og_description":"Perfect for malls, college campuses, retail locations, hospitals, medical facilities and a host of other applications.","og_url":"https:\/\/mediatile.com\/duraline-kiosk-43-55\/","og_site_name":"humanKIOSK","article_publisher":"https:\/\/www.facebook.com\/humankiosk\/","article_modified_time":"2025-10-21T17:42:00+00:00","og_image":[{"url":"https:\/\/humankiosk.com\/wp-content\/uploads\/2021\/07\/Duraline-Kiosk-43-55-header.jpg","type":"","width":"","height":""}],"twitter_card":"summary_large_image","twitter_site":"@human_kiosk","twitter_misc":{"Estimation du temps de lecture":"1 minute"},"schema":{"@context":"https:\/\/schema.org","@graph":[{"@type":"WebPage","@id":"https:\/\/humankiosk.com\/duraline-kiosk-43-55\/","url":"https:\/\/mediatile.com\/duraline-kiosk-43-55\/","name":"Kiosque Duraline 43&quot;-55&quot; - humanKIOSK","isPartOf":{"@id":"https:\/\/52.60.63.222\/#website"},"primaryImageOfPage":{"@id":"https:\/\/mediatile.com\/duraline-kiosk-43-55\/#primaryimage"},"image":{"@id":"https:\/\/mediatile.com\/duraline-kiosk-43-55\/#primaryimage"},"thumbnailUrl":"https:\/\/humankiosk.com\/wp-content\/uploads\/2021\/07\/Duraline-Kiosk-43-55-header.jpg","datePublished":"2021-07-22T20:23:36+00:00","dateModified":"2025-10-21T17:42:00+00:00","description":"Parfait pour les centres commerciaux, les campus universitaires, les magasins de d\u00e9tail, les h\u00f4pitaux, les installations m\u00e9dicales et une foule d&#039;autres applications.","breadcrumb":{"@id":"https:\/\/mediatile.com\/duraline-kiosk-43-55\/#breadcrumb"},"inLanguage":"fr-CA","potentialAction":[{"@type":"ReadAction","target":["https:\/\/mediatile.com\/duraline-kiosk-43-55\/"]}]},{"@type":"ImageObject","inLanguage":"fr-CA","@id":"https:\/\/mediatile.com\/duraline-kiosk-43-55\/#primaryimage","url":"https:\/\/humankiosk.com\/wp-content\/uploads\/2021\/07\/Duraline-Kiosk-43-55-header.jpg","contentUrl":"https:\/\/humankiosk.com\/wp-content\/uploads\/2021\/07\/Duraline-Kiosk-43-55-header.jpg"},{"@type":"BreadcrumbList","@id":"https:\/\/mediatile.com\/duraline-kiosk-43-55\/#breadcrumb","itemListElement":[{"@type":"ListItem","position":1,"name":"Home","item":"https:\/\/52.60.63.222\/"},{"@type":"ListItem","position":2,"name":"Duraline Kiosk 43&#8243;-55&#8243;"}]},{"@type":"WebSite","@id":"https:\/\/52.60.63.222\/#website","url":"https:\/\/52.60.63.222\/","name":"humainKIOSK","description":"CORUM DIGITAL","potentialAction":[{"@type":"SearchAction","target":{"@type":"EntryPoint","urlTemplate":"https:\/\/52.60.63.222\/?s={search_term_string}"},"query-input":{"@type":"PropertyValueSpecification","valueRequired":true,"valueName":"search_term_string"}}],"inLanguage":"fr-CA"}]}},"_links":{"self":[{"href":"https:\/\/humankiosk.com\/fr\/wp-json\/wp\/v2\/pages\/3408","targetHints":{"allow":["GET"]}}],"collection":[{"href":"https:\/\/humankiosk.com\/fr\/wp-json\/wp\/v2\/pages"}],"about":[{"href":"https:\/\/humankiosk.com\/fr\/wp-json\/wp\/v2\/types\/page"}],"author":[{"embeddable":true,"href":"https:\/\/humankiosk.com\/fr\/wp-json\/wp\/v2\/users\/1"}],"replies":[{"embeddable":true,"href":"https:\/\/humankiosk.com\/fr\/wp-json\/wp\/v2\/comments?post=3408"}],"version-history":[{"count":3,"href":"https:\/\/humankiosk.com\/fr\/wp-json\/wp\/v2\/pages\/3408\/revisions"}],"predecessor-version":[{"id":3584,"href":"https:\/\/humankiosk.com\/fr\/wp-json\/wp\/v2\/pages\/3408\/revisions\/3584"}],"wp:attachment":[{"href":"https:\/\/humankiosk.com\/fr\/wp-json\/wp\/v2\/media?parent=3408"}],"curies":[{"name":"wp","href":"https:\/\/api.w.org\/{rel}","templated":true}]}}