{"id":3443,"date":"2021-08-20T15:44:26","date_gmt":"2021-08-20T15:44:26","guid":{"rendered":"https:\/\/humankiosk.com\/?page_id=3443"},"modified":"2021-08-20T15:55:14","modified_gmt":"2021-08-20T15:55:14","slug":"kiosque-s-touch-angle","status":"publish","type":"page","link":"https:\/\/humankiosk.com\/fr\/angled-s-touch-kiosk\/","title":{"rendered":"Kiosque tactile coud\u00e9-S"},"content":{"rendered":"<p><img decoding=\"async\" src=\"https:\/\/humankiosk.com\/wp-content\/uploads\/2021\/08\/angled-S-kiosk-header.jpg\" alt=\"en-t\u00eate de kiosque en S inclin\u00e9\" \/><br \/>complet<\/p>\n<h1>KIOSQUE TACTILE INCLIN\u00c9-S<\/h1>\n<p><\/p>\n<h2>Borne tout-en-un tactile horizontale 21,5\u2033<\/h2>\n<p><img decoding=\"async\" src=\"https:\/\/humankiosk.com\/wp-content\/uploads\/2021\/08\/angled-S-kiosk-img.jpg\" alt=\"\" \/><br \/>gauche<br \/>pas de r\u00e9p\u00e9tition\u00a0; centre en haut\u00a0;;<br \/>auto<br \/>20px 0px 0px 0px<\/p>\n<p><img decoding=\"async\" src=\"https:\/\/humankiosk.com\/wp-content\/uploads\/2021\/08\/angled-S-kiosk-features.jpg\" alt=\"caract\u00e9ristiques du kiosque en S inclin\u00e9\" \/><br \/>complet<br \/>centre<\/p>\n<h3>AFFICHAGE HD 1080P <\/h3>\n<h4>Qualit\u00e9 d&#039;image haute d\u00e9finition 1920*1080, pr\u00e9sentation d&#039;image r\u00e9elle; Verre tremp\u00e9 haute r\u00e9sistance, r\u00e9sistant aux rayures, robuste et durable<\/h4>\n<p>centre<br \/>pas de r\u00e9p\u00e9tition\u00a0; centre en haut\u00a0;;<br \/>auto<\/p>\n<p><img decoding=\"async\" src=\"https:\/\/humankiosk.com\/wp-content\/uploads\/2021\/08\/angled-S-kiosk-screen-res.jpg\" alt=\"r\u00e9solution d&#039;\u00e9cran de kiosque en S inclin\u00e9\" \/><br \/>complet<br \/>centre<\/p>\n<h3>SP\u00c9CIFICATIONS DU PRODUIT<\/h3>\n<h4>humanKIOSK \u00e9l\u00e8ve votre marketing \u00e0 un nouveau niveau et veille \u00e0 ce que vos produits \/ services soient pr\u00e9sent\u00e9s de mani\u00e8re optimale et rentable. <\/h4>\n<p>centre<br \/>pas de r\u00e9p\u00e9tition\u00a0; centre en haut\u00a0;;<br \/>auto<br \/>0px<br \/>30px 0px 0px 0px<\/p>\n<p><img decoding=\"async\" src=\"https:\/\/humankiosk.com\/wp-content\/uploads\/2021\/08\/angled-S-kiosk-specs.jpg\" alt=\"sp\u00e9cifications du kiosque en S inclin\u00e9\" \/><br \/>complet<br \/>centre<\/p>","protected":false},"excerpt":{"rendered":"<p>full ANGLED-S TOUCH KIOSK 21.5&#8243; horizontal touch all-in-one kiosk leftno-repeat;center top;;auto20px 0px 0px 0px fullcenter 1080P HD DISPLAY 1920*1080 high-definition picture quality, real image presentation; High-strength<span class=\"excerpt-hellip\"> [\u2026]<\/span><\/p>\n","protected":false},"author":1,"featured_media":0,"parent":0,"menu_order":0,"comment_status":"closed","ping_status":"closed","template":"","meta":{"footnotes":""},"class_list":["post-3443","page","type-page","status-publish","hentry"],"yoast_head":"<!-- This site is optimized with the Yoast SEO plugin v27.2 - https:\/\/yoast.com\/product\/yoast-seo-wordpress\/ -->\n<title>Angled-S Touch Kiosk - humanKIOSK<\/title>\n<meta name=\"description\" content=\"21.5&quot; horizontal touch all-in-one kiosk\" \/>\n<meta name=\"robots\" content=\"index, follow, max-snippet:-1, max-image-preview:large, max-video-preview:-1\" \/>\n<link rel=\"canonical\" href=\"https:\/\/mediatile.com\/angled-s-touch-kiosk\/\" \/>\n<meta property=\"og:locale\" content=\"fr_CA\" \/>\n<meta property=\"og:type\" content=\"article\" \/>\n<meta property=\"og:title\" content=\"Angled-S Touch Kiosk - humanKIOSK\" \/>\n<meta property=\"og:description\" content=\"21.5&quot; horizontal touch all-in-one kiosk\" \/>\n<meta property=\"og:url\" content=\"https:\/\/mediatile.com\/angled-s-touch-kiosk\/\" \/>\n<meta property=\"og:site_name\" content=\"humanKIOSK\" \/>\n<meta property=\"article:publisher\" content=\"https:\/\/www.facebook.com\/humankiosk\/\" \/>\n<meta property=\"article:modified_time\" content=\"2021-08-20T15:55:14+00:00\" \/>\n<meta property=\"og:image\" content=\"https:\/\/humankiosk.com\/wp-content\/uploads\/2021\/08\/angled-S-kiosk-header.jpg\" \/>\n<meta name=\"twitter:card\" content=\"summary_large_image\" \/>\n<meta name=\"twitter:site\" content=\"@human_kiosk\" \/>\n<script type=\"application\/ld+json\" class=\"yoast-schema-graph\">{\"@context\":\"https:\/\/schema.org\",\"@graph\":[{\"@type\":\"WebPage\",\"@id\":\"https:\/\/humankiosk.com\/angled-s-touch-kiosk\/\",\"url\":\"https:\/\/mediatile.com\/angled-s-touch-kiosk\/\",\"name\":\"Angled-S Touch Kiosk - humanKIOSK\",\"isPartOf\":{\"@id\":\"https:\/\/52.60.63.222\/#website\"},\"primaryImageOfPage\":{\"@id\":\"https:\/\/mediatile.com\/angled-s-touch-kiosk\/#primaryimage\"},\"image\":{\"@id\":\"https:\/\/mediatile.com\/angled-s-touch-kiosk\/#primaryimage\"},\"thumbnailUrl\":\"https:\/\/humankiosk.com\/wp-content\/uploads\/2021\/08\/angled-S-kiosk-header.jpg\",\"datePublished\":\"2021-08-20T15:44:26+00:00\",\"dateModified\":\"2021-08-20T15:55:14+00:00\",\"description\":\"21.5\\\" horizontal touch all-in-one kiosk\",\"breadcrumb\":{\"@id\":\"https:\/\/mediatile.com\/angled-s-touch-kiosk\/#breadcrumb\"},\"inLanguage\":\"fr-CA\",\"potentialAction\":[{\"@type\":\"ReadAction\",\"target\":[\"https:\/\/mediatile.com\/angled-s-touch-kiosk\/\"]}]},{\"@type\":\"ImageObject\",\"inLanguage\":\"fr-CA\",\"@id\":\"https:\/\/mediatile.com\/angled-s-touch-kiosk\/#primaryimage\",\"url\":\"https:\/\/humankiosk.com\/wp-content\/uploads\/2021\/08\/angled-S-kiosk-header.jpg\",\"contentUrl\":\"https:\/\/humankiosk.com\/wp-content\/uploads\/2021\/08\/angled-S-kiosk-header.jpg\"},{\"@type\":\"BreadcrumbList\",\"@id\":\"https:\/\/mediatile.com\/angled-s-touch-kiosk\/#breadcrumb\",\"itemListElement\":[{\"@type\":\"ListItem\",\"position\":1,\"name\":\"Home\",\"item\":\"https:\/\/52.60.63.222\/\"},{\"@type\":\"ListItem\",\"position\":2,\"name\":\"Angled-S Touch Kiosk\"}]},{\"@type\":\"WebSite\",\"@id\":\"https:\/\/52.60.63.222\/#website\",\"url\":\"https:\/\/52.60.63.222\/\",\"name\":\"humanKIOSK\",\"description\":\"CORUM DIGITAL\",\"potentialAction\":[{\"@type\":\"SearchAction\",\"target\":{\"@type\":\"EntryPoint\",\"urlTemplate\":\"https:\/\/52.60.63.222\/?s={search_term_string}\"},\"query-input\":{\"@type\":\"PropertyValueSpecification\",\"valueRequired\":true,\"valueName\":\"search_term_string\"}}],\"inLanguage\":\"fr-CA\"}]}<\/script>\n<!-- \/ Yoast SEO plugin. -->","yoast_head_json":{"title":"Borne tactile Angled-S - humanKIOSK","description":"Borne tactile horizontale tout-en-un de 21,5 pouces","robots":{"index":"index","follow":"follow","max-snippet":"max-snippet:-1","max-image-preview":"max-image-preview:large","max-video-preview":"max-video-preview:-1"},"canonical":"https:\/\/mediatile.com\/angled-s-touch-kiosk\/","og_locale":"fr_CA","og_type":"article","og_title":"Angled-S Touch Kiosk - humanKIOSK","og_description":"21.5\" horizontal touch all-in-one kiosk","og_url":"https:\/\/mediatile.com\/angled-s-touch-kiosk\/","og_site_name":"humanKIOSK","article_publisher":"https:\/\/www.facebook.com\/humankiosk\/","article_modified_time":"2021-08-20T15:55:14+00:00","og_image":[{"url":"https:\/\/humankiosk.com\/wp-content\/uploads\/2021\/08\/angled-S-kiosk-header.jpg","type":"","width":"","height":""}],"twitter_card":"summary_large_image","twitter_site":"@human_kiosk","schema":{"@context":"https:\/\/schema.org","@graph":[{"@type":"WebPage","@id":"https:\/\/humankiosk.com\/angled-s-touch-kiosk\/","url":"https:\/\/mediatile.com\/angled-s-touch-kiosk\/","name":"Borne tactile Angled-S - humanKIOSK","isPartOf":{"@id":"https:\/\/52.60.63.222\/#website"},"primaryImageOfPage":{"@id":"https:\/\/mediatile.com\/angled-s-touch-kiosk\/#primaryimage"},"image":{"@id":"https:\/\/mediatile.com\/angled-s-touch-kiosk\/#primaryimage"},"thumbnailUrl":"https:\/\/humankiosk.com\/wp-content\/uploads\/2021\/08\/angled-S-kiosk-header.jpg","datePublished":"2021-08-20T15:44:26+00:00","dateModified":"2021-08-20T15:55:14+00:00","description":"Borne tactile horizontale tout-en-un de 21,5 pouces","breadcrumb":{"@id":"https:\/\/mediatile.com\/angled-s-touch-kiosk\/#breadcrumb"},"inLanguage":"fr-CA","potentialAction":[{"@type":"ReadAction","target":["https:\/\/mediatile.com\/angled-s-touch-kiosk\/"]}]},{"@type":"ImageObject","inLanguage":"fr-CA","@id":"https:\/\/mediatile.com\/angled-s-touch-kiosk\/#primaryimage","url":"https:\/\/humankiosk.com\/wp-content\/uploads\/2021\/08\/angled-S-kiosk-header.jpg","contentUrl":"https:\/\/humankiosk.com\/wp-content\/uploads\/2021\/08\/angled-S-kiosk-header.jpg"},{"@type":"BreadcrumbList","@id":"https:\/\/mediatile.com\/angled-s-touch-kiosk\/#breadcrumb","itemListElement":[{"@type":"ListItem","position":1,"name":"Home","item":"https:\/\/52.60.63.222\/"},{"@type":"ListItem","position":2,"name":"Angled-S Touch Kiosk"}]},{"@type":"WebSite","@id":"https:\/\/52.60.63.222\/#website","url":"https:\/\/52.60.63.222\/","name":"humainKIOSK","description":"CORUM DIGITAL","potentialAction":[{"@type":"SearchAction","target":{"@type":"EntryPoint","urlTemplate":"https:\/\/52.60.63.222\/?s={search_term_string}"},"query-input":{"@type":"PropertyValueSpecification","valueRequired":true,"valueName":"search_term_string"}}],"inLanguage":"fr-CA"}]}},"_links":{"self":[{"href":"https:\/\/humankiosk.com\/fr\/wp-json\/wp\/v2\/pages\/3443","targetHints":{"allow":["GET"]}}],"collection":[{"href":"https:\/\/humankiosk.com\/fr\/wp-json\/wp\/v2\/pages"}],"about":[{"href":"https:\/\/humankiosk.com\/fr\/wp-json\/wp\/v2\/types\/page"}],"author":[{"embeddable":true,"href":"https:\/\/humankiosk.com\/fr\/wp-json\/wp\/v2\/users\/1"}],"replies":[{"embeddable":true,"href":"https:\/\/humankiosk.com\/fr\/wp-json\/wp\/v2\/comments?post=3443"}],"version-history":[{"count":2,"href":"https:\/\/humankiosk.com\/fr\/wp-json\/wp\/v2\/pages\/3443\/revisions"}],"predecessor-version":[{"id":3450,"href":"https:\/\/humankiosk.com\/fr\/wp-json\/wp\/v2\/pages\/3443\/revisions\/3450"}],"wp:attachment":[{"href":"https:\/\/humankiosk.com\/fr\/wp-json\/wp\/v2\/media?parent=3443"}],"curies":[{"name":"wp","href":"https:\/\/api.w.org\/{rel}","templated":true}]}}