{"id":3454,"date":"2021-09-09T20:13:43","date_gmt":"2021-09-09T20:13:43","guid":{"rendered":"https:\/\/humankiosk.com\/?page_id=3454"},"modified":"2026-01-14T18:50:25","modified_gmt":"2026-01-14T18:50:25","slug":"duraline","status":"publish","type":"page","link":"https:\/\/humankiosk.com\/fr\/duraline\/","title":{"rendered":"duraline"},"content":{"rendered":"<h1>KIOSQUES DURALINE<\/h1>\n<h2>Ces kiosques sont construits avec de l&#039;acier \u00e0 fort impact et con\u00e7us pour supporter le trafic public, les chocs et les ecchymoses. Ils sont parfaits pour les centres commerciaux, les campus universitaires, les magasins de d\u00e9tail, les h\u00f4pitaux, les installations m\u00e9dicales et une foule d&#039;autres applications.<\/h2>\n<p>centre<br \/>pas de r\u00e9p\u00e9tition\u00a0; centre en haut\u00a0;;<br \/>auto<br \/>0px 0px 0px 0px<\/p>\n<p><img decoding=\"async\" src=\"https:\/\/humankiosk.com\/wp-content\/uploads\/2022\/07\/duraline-angled-kiosk2.jpg\" alt=\"kiosque-angle-duraline2\" \/><br \/>complet<br \/><a href=\"https:\/\/humankiosk.com\/fr\/duraline-angled-kiosk-43-55\/\">https:\/\/humankiosk.com\/duraline-angled-kiosk-43-55\/<\/a><br \/>d\u00e9sactiver<br \/>centre<\/p>\n<p>KIOSQUE D&#039;ANGLE DURALINE 32&quot;-43&quot;Parfait pour les centres commerciaux, les campus universitaires, les points de vente au d\u00e9tail et une foule d&#039;autres applications. Le kiosque est construit en acier \u00e0 fort impact 14 GA et con\u00e7u pour supporter la circulation publique et les bosses et contusions. Il est parfait pour les centres commerciaux, les campus universitaires, les points de vente au d\u00e9tail et une foule d&#039;autres applications. Ce kiosque peut \u00eatre peint de la couleur de votre choix et peut \u00e9galement inclure des d\u00e9calcomanies imprim\u00e9es et des habillages de kiosque.<a href=\"https:\/\/humankiosk.com\/fr\/duraline-angled-kiosk-43-55\/\">SP\u00c9CIFICATIONS COMPL\u00c8TES DU PRODUIT<\/a><br \/>pas de r\u00e9p\u00e9tition;en haut \u00e0 gauche;;<br \/>auto<\/p>\n<p><img decoding=\"async\" src=\"https:\/\/humankiosk.com\/wp-content\/uploads\/2022\/07\/DURALINE-KIOSK.jpg\" alt=\"KIOSQUE DURALINE\" \/><br \/>complet<br \/><a href=\"https:\/\/humankiosk.com\/fr\/kiosque-duraline-43-55\/\">https:\/\/humankiosk.com\/duraline-kiosk-43-55\/<\/a><br \/>d\u00e9sactiver<br \/>centre<\/p>\n<p>DURALINE KIOSK 43&quot;-55&quot;Solution tactile tout-en-un pour tout environnementCapacit\u00e9s de r\u00e9solution UHD pour un contenu incroyablement clair, augmentant l&#039;engagement du client avec des images r\u00e9alistes qui ont \u00e9t\u00e9 optimis\u00e9es pour s&#039;afficher exactement comme pr\u00e9vu.<a href=\"https:\/\/humankiosk.com\/fr\/kiosque-duraline-43-55\/\">SP\u00c9CIFICATIONS COMPL\u00c8TES DU PRODUIT<\/a><br \/>pas de r\u00e9p\u00e9tition;en haut \u00e0 gauche;;<br \/>auto<\/p>\n<p><img decoding=\"async\" src=\"https:\/\/humankiosk.com\/wp-content\/uploads\/2024\/10\/55-75-Duraline-Outdoor-Kiosks.webp#3816\" alt=\"Kiosques ext\u00e9rieurs Duraline 55-75\" \/><br \/>complet<br \/><a href=\"https:\/\/humankiosk.com\/fr\/kiosques-exterieurs-en-duraline\/#Outdoor-Double-Single-Sided-Kiosks\">https:\/\/humankiosk.com\/duraline-outdoor-kiosks\/#Outdoor-Double-Single-Sided-Kiosks<\/a><br \/>d\u00e9sactiver<br \/>centre<\/p>\n<p>KIOSQUES TACTILES INTERACTIFS SIMPLES ET DOUBLE FACE EXT\u00c9RIEURS DURALINE TOUTES S\u00c9ANCES 55&quot;-75&quot; Ce kiosque peut \u00eatre utilis\u00e9 dans les applications de centres commerciaux ext\u00e9rieurs, les kiosques de rue, les QSR, l&#039;h\u00f4tellerie, les casinos, les h\u00f4tels et la liste est longue.<a href=\"https:\/\/humankiosk.com\/fr\/kiosques-exterieurs-en-duraline\/#Outdoor-Double-Single-Sided-Kiosks\">SP\u00c9CIFICATIONS COMPL\u00c8TES DU PRODUIT<\/a><br \/>pas de r\u00e9p\u00e9tition;en haut \u00e0 gauche;;<br \/>auto<\/p>\n<p><img decoding=\"async\" src=\"https:\/\/humankiosk.com\/wp-content\/uploads\/2023\/04\/freestanding-outdoor-kiosk-thumb.webp\" alt=\"autoportant-ext\u00e9rieur-kiosque-pouce\" \/><br \/>complet<br \/><a href=\"https:\/\/humankiosk.com\/fr\/kiosques-exterieurs-en-duraline\/#Duraline-Outdoor-Freestanding\">https:\/\/humankiosk.com\/duraline-outdoor-kiosks\/#Duraline-Outdoor-Freestanding<\/a><br \/>d\u00e9sactiver<br \/>centre<\/p>\n<p>Kiosque d&#039;ext\u00e9rieur autoportant Duraline double et simple face, r\u00e9sistant aux intemp\u00e9ries. Ce kiosque a pour objectif de r\u00e9sister aux rigueurs des conditions ext\u00e9rieures, gr\u00e2ce \u00e0 sa certification toutes saisons et \u00e0 sa robustesse remarquable, qui garantit une utilisation durable. De plus, m\u00eame sous la lumi\u00e8re directe du soleil, le contenu de l&#039;affichage num\u00e9rique conserve sa vivacit\u00e9 et sa nettet\u00e9, garantissant une exp\u00e9rience de visionnage exceptionnelle.<a href=\"https:\/\/humankiosk.com\/fr\/kiosques-exterieurs-en-duraline\/#Duraline-Outdoor-Freestanding\">SP\u00c9CIFICATIONS COMPL\u00c8TES DU PRODUIT<\/a><br \/>pas de r\u00e9p\u00e9tition;en haut \u00e0 gauche;;<br \/>auto<\/p>\n<p><img decoding=\"async\" src=\"https:\/\/humankiosk.com\/wp-content\/uploads\/2022\/07\/CSA-Assessability-Standards-Canada.jpg\" alt=\"CSA-\u00c9valuabilit\u00e9-Normes-Canada\" \/><br \/>complet<br \/><a href=\"https:\/\/humankiosk.com\/fr\/normes-daccessibilite\/\">https:\/\/humankiosk.com\/accessibility-standards\/<\/a><br \/>d\u00e9sactiver<br \/>centre<\/p>\n<p>Con\u00e7u d\u00e8s le d\u00e9part pour r\u00e9pondre aux normes d&#039;accessibilit\u00e9 AODA et CAN\/CSA. Cette norme sp\u00e9cifie les exigences visant \u00e0 rendre les appareils interactifs \u00e9lectroniques et m\u00e9caniques en libre-service accessibles et utilisables par les personnes pr\u00e9sentant une gamme de handicaps physiques, sensoriels et cognitifs.<a href=\"https:\/\/humankiosk.com\/fr\/normes-daccessibilite\/\">En savoir plus sur les normes d&#039;accessibilit\u00e9 &gt;&gt;<\/a><br \/>pas de r\u00e9p\u00e9tition;en haut \u00e0 gauche;;<br \/>auto<\/p>","protected":false},"excerpt":{"rendered":"<p>DURALINE KIOSKS These kiosks are constructed using high impact steel and built to take public traffic and bumps and bruises. They are perfect for malls, college<span class=\"excerpt-hellip\"> [\u2026]<\/span><\/p>\n","protected":false},"author":1,"featured_media":0,"parent":0,"menu_order":0,"comment_status":"closed","ping_status":"closed","template":"","meta":{"footnotes":""},"class_list":["post-3454","page","type-page","status-publish","hentry"],"yoast_head":"<!-- This site is optimized with the Yoast SEO plugin v27.2 - https:\/\/yoast.com\/product\/yoast-seo-wordpress\/ -->\n<title>Duraline - humanKIOSK<\/title>\n<meta name=\"description\" content=\"These kiosks meet federal Disability Accessibility Standards and are constructed using high impact steel and built to take public traffic and bumps and bruises.\" \/>\n<meta name=\"robots\" content=\"index, follow, max-snippet:-1, max-image-preview:large, max-video-preview:-1\" \/>\n<link rel=\"canonical\" href=\"https:\/\/humankiosk.com\/fr\/duraline\/\" \/>\n<meta property=\"og:locale\" content=\"fr_CA\" \/>\n<meta property=\"og:type\" content=\"article\" \/>\n<meta property=\"og:title\" content=\"Duraline - humanKIOSK\" \/>\n<meta property=\"og:description\" content=\"These kiosks meet federal Disability Accessibility Standards and are constructed using high impact steel and built to take public traffic and bumps and bruises.\" \/>\n<meta property=\"og:url\" content=\"https:\/\/humankiosk.com\/fr\/duraline\/\" \/>\n<meta property=\"og:site_name\" content=\"humanKIOSK\" \/>\n<meta property=\"article:publisher\" content=\"https:\/\/www.facebook.com\/humankiosk\/\" \/>\n<meta property=\"article:modified_time\" content=\"2026-01-14T18:50:25+00:00\" \/>\n<meta property=\"og:image\" content=\"https:\/\/humankiosk.com\/wp-content\/uploads\/2022\/07\/duraline-angled-kiosk2.jpg\" \/>\n<meta name=\"twitter:card\" content=\"summary_large_image\" \/>\n<meta name=\"twitter:site\" content=\"@human_kiosk\" \/>\n<meta name=\"twitter:label1\" content=\"Estimation du temps de lecture\" \/>\n\t<meta name=\"twitter:data1\" content=\"3 minutes\" \/>\n<script type=\"application\/ld+json\" class=\"yoast-schema-graph\">{\"@context\":\"https:\/\/schema.org\",\"@graph\":[{\"@type\":\"WebPage\",\"@id\":\"https:\/\/humankiosk.com\/duraline\/\",\"url\":\"https:\/\/humankiosk.com\/duraline\/\",\"name\":\"Duraline - humanKIOSK\",\"isPartOf\":{\"@id\":\"https:\/\/52.60.63.222\/#website\"},\"primaryImageOfPage\":{\"@id\":\"https:\/\/humankiosk.com\/duraline\/#primaryimage\"},\"image\":{\"@id\":\"https:\/\/humankiosk.com\/duraline\/#primaryimage\"},\"thumbnailUrl\":\"https:\/\/humankiosk.com\/wp-content\/uploads\/2022\/07\/duraline-angled-kiosk2.jpg\",\"datePublished\":\"2021-09-09T20:13:43+00:00\",\"dateModified\":\"2026-01-14T18:50:25+00:00\",\"description\":\"These kiosks meet federal Disability Accessibility Standards and are constructed using high impact steel and built to take public traffic and bumps and bruises.\",\"breadcrumb\":{\"@id\":\"https:\/\/humankiosk.com\/duraline\/#breadcrumb\"},\"inLanguage\":\"fr-CA\",\"potentialAction\":[{\"@type\":\"ReadAction\",\"target\":[\"https:\/\/humankiosk.com\/duraline\/\"]}]},{\"@type\":\"ImageObject\",\"inLanguage\":\"fr-CA\",\"@id\":\"https:\/\/humankiosk.com\/duraline\/#primaryimage\",\"url\":\"https:\/\/humankiosk.com\/wp-content\/uploads\/2022\/07\/duraline-angled-kiosk2.jpg\",\"contentUrl\":\"https:\/\/humankiosk.com\/wp-content\/uploads\/2022\/07\/duraline-angled-kiosk2.jpg\"},{\"@type\":\"BreadcrumbList\",\"@id\":\"https:\/\/humankiosk.com\/duraline\/#breadcrumb\",\"itemListElement\":[{\"@type\":\"ListItem\",\"position\":1,\"name\":\"Home\",\"item\":\"https:\/\/52.60.63.222\/\"},{\"@type\":\"ListItem\",\"position\":2,\"name\":\"Duraline\"}]},{\"@type\":\"WebSite\",\"@id\":\"https:\/\/52.60.63.222\/#website\",\"url\":\"https:\/\/52.60.63.222\/\",\"name\":\"humanKIOSK\",\"description\":\"CORUM DIGITAL\",\"potentialAction\":[{\"@type\":\"SearchAction\",\"target\":{\"@type\":\"EntryPoint\",\"urlTemplate\":\"https:\/\/52.60.63.222\/?s={search_term_string}\"},\"query-input\":{\"@type\":\"PropertyValueSpecification\",\"valueRequired\":true,\"valueName\":\"search_term_string\"}}],\"inLanguage\":\"fr-CA\"}]}<\/script>\n<!-- \/ Yoast SEO plugin. -->","yoast_head_json":{"title":"Duraline - humainKIOSK","description":"Ces kiosques sont conformes aux normes f\u00e9d\u00e9rales d&#039;accessibilit\u00e9 pour les personnes handicap\u00e9es et sont construits en acier r\u00e9sistant aux chocs et con\u00e7us pour supporter la circulation publique, les chocs et les ecchymoses.","robots":{"index":"index","follow":"follow","max-snippet":"max-snippet:-1","max-image-preview":"max-image-preview:large","max-video-preview":"max-video-preview:-1"},"canonical":"https:\/\/humankiosk.com\/fr\/duraline\/","og_locale":"fr_CA","og_type":"article","og_title":"Duraline - humanKIOSK","og_description":"These kiosks meet federal Disability Accessibility Standards and are constructed using high impact steel and built to take public traffic and bumps and bruises.","og_url":"https:\/\/humankiosk.com\/fr\/duraline\/","og_site_name":"humanKIOSK","article_publisher":"https:\/\/www.facebook.com\/humankiosk\/","article_modified_time":"2026-01-14T18:50:25+00:00","og_image":[{"url":"https:\/\/humankiosk.com\/wp-content\/uploads\/2022\/07\/duraline-angled-kiosk2.jpg","type":"","width":"","height":""}],"twitter_card":"summary_large_image","twitter_site":"@human_kiosk","twitter_misc":{"Estimation du temps de lecture":"3 minutes"},"schema":{"@context":"https:\/\/schema.org","@graph":[{"@type":"WebPage","@id":"https:\/\/humankiosk.com\/duraline\/","url":"https:\/\/humankiosk.com\/duraline\/","name":"Duraline - humainKIOSK","isPartOf":{"@id":"https:\/\/52.60.63.222\/#website"},"primaryImageOfPage":{"@id":"https:\/\/humankiosk.com\/duraline\/#primaryimage"},"image":{"@id":"https:\/\/humankiosk.com\/duraline\/#primaryimage"},"thumbnailUrl":"https:\/\/humankiosk.com\/wp-content\/uploads\/2022\/07\/duraline-angled-kiosk2.jpg","datePublished":"2021-09-09T20:13:43+00:00","dateModified":"2026-01-14T18:50:25+00:00","description":"Ces kiosques sont conformes aux normes f\u00e9d\u00e9rales d&#039;accessibilit\u00e9 pour les personnes handicap\u00e9es et sont construits en acier r\u00e9sistant aux chocs et con\u00e7us pour supporter la circulation publique, les chocs et les ecchymoses.","breadcrumb":{"@id":"https:\/\/humankiosk.com\/duraline\/#breadcrumb"},"inLanguage":"fr-CA","potentialAction":[{"@type":"ReadAction","target":["https:\/\/humankiosk.com\/duraline\/"]}]},{"@type":"ImageObject","inLanguage":"fr-CA","@id":"https:\/\/humankiosk.com\/duraline\/#primaryimage","url":"https:\/\/humankiosk.com\/wp-content\/uploads\/2022\/07\/duraline-angled-kiosk2.jpg","contentUrl":"https:\/\/humankiosk.com\/wp-content\/uploads\/2022\/07\/duraline-angled-kiosk2.jpg"},{"@type":"BreadcrumbList","@id":"https:\/\/humankiosk.com\/duraline\/#breadcrumb","itemListElement":[{"@type":"ListItem","position":1,"name":"Home","item":"https:\/\/52.60.63.222\/"},{"@type":"ListItem","position":2,"name":"Duraline"}]},{"@type":"WebSite","@id":"https:\/\/52.60.63.222\/#website","url":"https:\/\/52.60.63.222\/","name":"humainKIOSK","description":"CORUM DIGITAL","potentialAction":[{"@type":"SearchAction","target":{"@type":"EntryPoint","urlTemplate":"https:\/\/52.60.63.222\/?s={search_term_string}"},"query-input":{"@type":"PropertyValueSpecification","valueRequired":true,"valueName":"search_term_string"}}],"inLanguage":"fr-CA"}]}},"_links":{"self":[{"href":"https:\/\/humankiosk.com\/fr\/wp-json\/wp\/v2\/pages\/3454","targetHints":{"allow":["GET"]}}],"collection":[{"href":"https:\/\/humankiosk.com\/fr\/wp-json\/wp\/v2\/pages"}],"about":[{"href":"https:\/\/humankiosk.com\/fr\/wp-json\/wp\/v2\/types\/page"}],"author":[{"embeddable":true,"href":"https:\/\/humankiosk.com\/fr\/wp-json\/wp\/v2\/users\/1"}],"replies":[{"embeddable":true,"href":"https:\/\/humankiosk.com\/fr\/wp-json\/wp\/v2\/comments?post=3454"}],"version-history":[{"count":8,"href":"https:\/\/humankiosk.com\/fr\/wp-json\/wp\/v2\/pages\/3454\/revisions"}],"predecessor-version":[{"id":3824,"href":"https:\/\/humankiosk.com\/fr\/wp-json\/wp\/v2\/pages\/3454\/revisions\/3824"}],"wp:attachment":[{"href":"https:\/\/humankiosk.com\/fr\/wp-json\/wp\/v2\/media?parent=3454"}],"curies":[{"name":"wp","href":"https:\/\/api.w.org\/{rel}","templated":true}]}}