{"id":3546,"date":"2022-07-14T15:20:19","date_gmt":"2022-07-14T15:20:19","guid":{"rendered":"https:\/\/humankiosk.com\/?page_id=3546"},"modified":"2024-10-31T20:17:02","modified_gmt":"2024-10-31T20:17:02","slug":"kiosques-exterieurs-en-duraline","status":"publish","type":"page","link":"https:\/\/humankiosk.com\/fr\/duraline-outdoor-kiosks\/","title":{"rendered":"Kiosques ext\u00e9rieurs Duraline"},"content":{"rendered":"<h1>Solution tactile tout temps pour tout environnement<\/h1>\n<h2>Les kiosques interactifs ext\u00e9rieurs r\u00e9sistants aux intemp\u00e9ries sont id\u00e9aux pour partager des informations sur la communaut\u00e9, des d\u00e9tails sur les voyages et la m\u00e9t\u00e9o, ainsi que pour l&#039;orientation, la publicit\u00e9, le divertissement, etc.<\/h2>\n<p>Titre<br \/>centre<br \/>centre<br \/>pas de r\u00e9p\u00e9tition\u00a0; centre en haut\u00a0;;<br \/>auto<\/p>\n<p><img decoding=\"async\" src=\"https:\/\/humankiosk.com\/wp-content\/uploads\/2024\/10\/55-75-Duraline-Outdoor-Kiosks.webp#3816\" alt=\"Kiosques ext\u00e9rieurs Duraline 55-75\" \/><br \/>complet<\/p>\n<h3>Bornes tactiles interactives Duraline Outdoor toutes saisons, simple et double face, 55 \u00e0 75 pouces<\/h3>\n<h4>Les applications pour ce kiosque sont infinies. Ce kiosque peut \u00eatre utilis\u00e9 dans les centres commerciaux ext\u00e9rieurs, les kiosques de rue, les QSR, les h\u00f4tels, les casinos, les h\u00f4tels et la liste continue.<\/h4>\n<p>Ce kiosque d&#039;ext\u00e9rieur autonome r\u00e9sistant aux intemp\u00e9ries est con\u00e7u pour prendre en charge (2) \u00e9crans de 55&quot; OU 75&quot;. Ce kiosque dispose d&#039;options pour prendre en charge une cam\u00e9ra, un lecteur multim\u00e9dia et un routeur ainsi que des haut-parleurs. La luminosit\u00e9 de l&#039;\u00e9cran est de 3000 nits et b\u00e9n\u00e9ficie d&#039;une temp\u00e9rature de fonctionnement de -40 \u00b0C \u00e0 60 \u00b0C.<br \/>gauche<br \/>pas de r\u00e9p\u00e9tition\u00a0; centre en haut\u00a0;;<br \/>auto<br \/>20px 0px 0px 0px<\/p>\n<p>Cliquez ici pour les sp\u00e9cifications et les dimensions<br \/><a href=\"https:\/\/humankiosk.com\/fr\/kiosques-exterieurs-en-duraline\/#Outdoor-Specs\">https:\/\/humankiosk.com\/duraline-outdoor-kiosks\/#Outdoor-Specs<\/a><br \/>gauche<br \/>2<br \/>ps2id<br \/>cacher<br \/>ps2id<\/p>\n<h3>Kiosque autoportant ext\u00e9rieur toutes saisons Duraline double et simple face<\/h3>\n<h4>La vocation de ce kiosque est de r\u00e9sister aux rigueurs des conditions ext\u00e9rieures, gr\u00e2ce \u00e0 sa certification toutes saisons et \u00e0 sa robustesse remarquable, qui assure une utilisation durable. De plus, m\u00eame sous la lumi\u00e8re directe du soleil, le contenu de l&#039;affichage num\u00e9rique conserve sa vivacit\u00e9 et sa nettet\u00e9, garantissant une exp\u00e9rience de visionnage exceptionnelle.<\/h4>\n<p>Pour une visibilit\u00e9 optimale, ce pack comprend deux \u00e9crans ext\u00e9rieurs haute luminosit\u00e9 de 55 pouces. La conception enti\u00e8rement scell\u00e9e de l&#039;\u00e9cran class\u00e9 IP66 emp\u00eache efficacement l&#039;entr\u00e9e de mati\u00e8res \u00e9trang\u00e8res, telles que l&#039;eau, la poussi\u00e8re, l&#039;humidit\u00e9 et les insectes dans l&#039;\u00e9cran. Avec le rev\u00eatement tactile IR en option, vous pouvez facilement transformer le kiosque en \u00e9cran interactif. Ce rev\u00eatement pr\u00e9sente une conception plug-and-play et peut d\u00e9tecter jusqu&#039;\u00e0 10 points de contact, y compris les doigts, les mains gant\u00e9es et les stylets. L&#039;armoire multim\u00e9dia, class\u00e9e IP55, offre un grand espace de stockage d\u00e9di\u00e9 aux composants audiovisuels. Les ventilateurs int\u00e9gr\u00e9s fournissent un refroidissement actif pour assurer un contr\u00f4le optimal de la temp\u00e9rature. Pour r\u00e9pondre aux exigences sp\u00e9cifiques de votre produit, ce produit est disponible en noir ou en argent et peut \u00eatre achet\u00e9 avec ou sans haut-parleurs. Ce pack est \u00e9quip\u00e9 de quatre haut-parleurs \u00e9tanches de 4 pouces, 100 watts, garantissant une sortie audio claire et sans distorsion adapt\u00e9e \u00e0 une utilisation en ext\u00e9rieur. Ce produit a \u00e9t\u00e9 test\u00e9 pour r\u00e9sister \u00e0 des vents allant jusqu&#039;\u00e0 135 mph.<br \/>gauche<br \/>pas de r\u00e9p\u00e9tition\u00a0; centre en haut\u00a0;;<br \/>auto<br \/>20px 0px 0px 0px<\/p>\n<p><img decoding=\"async\" src=\"https:\/\/humankiosk.com\/wp-content\/uploads\/2023\/04\/Duraline-Freestanding-Double-Sided.webp\" alt=\"Kiosque ext\u00e9rieur autoportant double face Duraline\" \/><br \/>complet<\/p>\n<p>#h\u00e9eaea<\/p>\n<p>SP\u00c9CIFICATIONS DU PRODUIT<br \/>Kiosques ext\u00e9rieurs Duraline toutes saisons \u00e0 simple et double face 55&quot;-75&quot;<br \/>Sp\u00e9cifications du kiosque autoportant ext\u00e9rieur toutes saisons Duraline \u00e0 double face<br \/>Sp\u00e9cifications du kiosque autoportant ext\u00e9rieur toutes saisons Duraline \u00e0 un c\u00f4t\u00e9<br \/><img decoding=\"async\" src=\"https:\/\/humankiosk.com\/wp-content\/uploads\/2024\/10\/55-75-Outdoor-Kiosks-Specs.webp\" alt=\"Kiosques ext\u00e9rieurs Duraline toutes saisons \u00e0 simple et double face 55&quot;-75&quot;\" \/><br \/><img decoding=\"async\" src=\"https:\/\/humankiosk.com\/wp-content\/uploads\/2023\/04\/Duraline-Freestanding-Dual-Sided-SPECS.webp\" alt=\"SP\u00c9CIFICATIONS Duraline-autoportant-double face\" \/><br \/><img decoding=\"async\" src=\"https:\/\/humankiosk.com\/wp-content\/uploads\/2023\/04\/Duraline-Freestanding-Single-Sided-SPECS.webp\" alt=\"SP\u00c9CIFICATIONS Duraline-Autoportant-Unilat\u00e9ral\" \/><br \/>accord\u00e9on<\/p>\n<p>#h\u00e9eaea<\/p>","protected":false},"excerpt":{"rendered":"<p>All-Weather Touch Solution For Any Environment Outdoor all-weather rated Interactive Kiosks are ideal for sharing community information, travel, and weather details, as well as wayfinding, advertising,<span class=\"excerpt-hellip\"> [\u2026]<\/span><\/p>\n","protected":false},"author":1,"featured_media":0,"parent":0,"menu_order":0,"comment_status":"closed","ping_status":"closed","template":"","meta":{"footnotes":""},"class_list":["post-3546","page","type-page","status-publish","hentry"],"yoast_head":"<!-- This site is optimized with the Yoast SEO plugin v27.2 - https:\/\/yoast.com\/product\/yoast-seo-wordpress\/ -->\n<title>Duraline Outdoor Kiosks - humanKIOSK<\/title>\n<meta name=\"description\" content=\"Outdoor all-weather rated Interactive Kiosks are ideal for sharing community information, travel, and weather details, as well as wayfinding, advertising, entertainment, and more.\" \/>\n<meta name=\"robots\" content=\"index, follow, max-snippet:-1, max-image-preview:large, max-video-preview:-1\" \/>\n<link rel=\"canonical\" href=\"https:\/\/mediatile.com\/outdoor-kiosks\/\" \/>\n<meta property=\"og:locale\" content=\"fr_CA\" \/>\n<meta property=\"og:type\" content=\"article\" \/>\n<meta property=\"og:title\" content=\"Duraline Outdoor Kiosks - humanKIOSK\" \/>\n<meta property=\"og:description\" content=\"Outdoor all-weather rated Interactive Kiosks are ideal for sharing community information, travel, and weather details, as well as wayfinding, advertising, entertainment, and more.\" \/>\n<meta property=\"og:url\" content=\"https:\/\/mediatile.com\/outdoor-kiosks\/\" \/>\n<meta property=\"og:site_name\" content=\"humanKIOSK\" \/>\n<meta property=\"article:publisher\" content=\"https:\/\/www.facebook.com\/humankiosk\/\" \/>\n<meta property=\"article:modified_time\" content=\"2024-10-31T20:17:02+00:00\" \/>\n<meta property=\"og:image\" content=\"https:\/\/humankiosk.com\/wp-content\/uploads\/2024\/10\/55-75-Duraline-Outdoor-Kiosks.webp#3816\" \/>\n<meta name=\"twitter:card\" content=\"summary_large_image\" \/>\n<meta name=\"twitter:site\" content=\"@human_kiosk\" \/>\n<meta name=\"twitter:label1\" content=\"Estimation du temps de lecture\" \/>\n\t<meta name=\"twitter:data1\" content=\"3 minutes\" \/>\n<script type=\"application\/ld+json\" class=\"yoast-schema-graph\">{\"@context\":\"https:\/\/schema.org\",\"@graph\":[{\"@type\":\"WebPage\",\"@id\":\"https:\/\/humankiosk.com\/duraline-outdoor-kiosks\/\",\"url\":\"https:\/\/mediatile.com\/outdoor-kiosks\/\",\"name\":\"Duraline Outdoor Kiosks - humanKIOSK\",\"isPartOf\":{\"@id\":\"https:\/\/52.60.63.222\/#website\"},\"primaryImageOfPage\":{\"@id\":\"https:\/\/mediatile.com\/outdoor-kiosks\/#primaryimage\"},\"image\":{\"@id\":\"https:\/\/mediatile.com\/outdoor-kiosks\/#primaryimage\"},\"thumbnailUrl\":\"https:\/\/humankiosk.com\/wp-content\/uploads\/2024\/10\/55-75-Duraline-Outdoor-Kiosks.webp#3816\",\"datePublished\":\"2022-07-14T15:20:19+00:00\",\"dateModified\":\"2024-10-31T20:17:02+00:00\",\"description\":\"Outdoor all-weather rated Interactive Kiosks are ideal for sharing community information, travel, and weather details, as well as wayfinding, advertising, entertainment, and more.\",\"breadcrumb\":{\"@id\":\"https:\/\/mediatile.com\/outdoor-kiosks\/#breadcrumb\"},\"inLanguage\":\"fr-CA\",\"potentialAction\":[{\"@type\":\"ReadAction\",\"target\":[\"https:\/\/mediatile.com\/outdoor-kiosks\/\"]}]},{\"@type\":\"ImageObject\",\"inLanguage\":\"fr-CA\",\"@id\":\"https:\/\/mediatile.com\/outdoor-kiosks\/#primaryimage\",\"url\":\"https:\/\/humankiosk.com\/wp-content\/uploads\/2024\/10\/55-75-Duraline-Outdoor-Kiosks.webp#3816\",\"contentUrl\":\"https:\/\/humankiosk.com\/wp-content\/uploads\/2024\/10\/55-75-Duraline-Outdoor-Kiosks.webp#3816\"},{\"@type\":\"BreadcrumbList\",\"@id\":\"https:\/\/mediatile.com\/outdoor-kiosks\/#breadcrumb\",\"itemListElement\":[{\"@type\":\"ListItem\",\"position\":1,\"name\":\"Home\",\"item\":\"https:\/\/52.60.63.222\/\"},{\"@type\":\"ListItem\",\"position\":2,\"name\":\"Duraline Outdoor Kiosks\"}]},{\"@type\":\"WebSite\",\"@id\":\"https:\/\/52.60.63.222\/#website\",\"url\":\"https:\/\/52.60.63.222\/\",\"name\":\"humanKIOSK\",\"description\":\"CORUM DIGITAL\",\"potentialAction\":[{\"@type\":\"SearchAction\",\"target\":{\"@type\":\"EntryPoint\",\"urlTemplate\":\"https:\/\/52.60.63.222\/?s={search_term_string}\"},\"query-input\":{\"@type\":\"PropertyValueSpecification\",\"valueRequired\":true,\"valueName\":\"search_term_string\"}}],\"inLanguage\":\"fr-CA\"}]}<\/script>\n<!-- \/ Yoast SEO plugin. -->","yoast_head_json":{"title":"Kiosques ext\u00e9rieurs Duraline - humanKIOSK","description":"Les kiosques interactifs ext\u00e9rieurs r\u00e9sistants aux intemp\u00e9ries sont id\u00e9aux pour partager des informations sur la communaut\u00e9, des d\u00e9tails sur les voyages et la m\u00e9t\u00e9o, ainsi que pour l&#039;orientation, la publicit\u00e9, le divertissement, etc.","robots":{"index":"index","follow":"follow","max-snippet":"max-snippet:-1","max-image-preview":"max-image-preview:large","max-video-preview":"max-video-preview:-1"},"canonical":"https:\/\/mediatile.com\/outdoor-kiosks\/","og_locale":"fr_CA","og_type":"article","og_title":"Duraline Outdoor Kiosks - humanKIOSK","og_description":"Outdoor all-weather rated Interactive Kiosks are ideal for sharing community information, travel, and weather details, as well as wayfinding, advertising, entertainment, and more.","og_url":"https:\/\/mediatile.com\/outdoor-kiosks\/","og_site_name":"humanKIOSK","article_publisher":"https:\/\/www.facebook.com\/humankiosk\/","article_modified_time":"2024-10-31T20:17:02+00:00","og_image":[{"url":"https:\/\/humankiosk.com\/wp-content\/uploads\/2024\/10\/55-75-Duraline-Outdoor-Kiosks.webp#3816","type":"","width":"","height":""}],"twitter_card":"summary_large_image","twitter_site":"@human_kiosk","twitter_misc":{"Estimation du temps de lecture":"3 minutes"},"schema":{"@context":"https:\/\/schema.org","@graph":[{"@type":"WebPage","@id":"https:\/\/humankiosk.com\/duraline-outdoor-kiosks\/","url":"https:\/\/mediatile.com\/outdoor-kiosks\/","name":"Kiosques ext\u00e9rieurs Duraline - humanKIOSK","isPartOf":{"@id":"https:\/\/52.60.63.222\/#website"},"primaryImageOfPage":{"@id":"https:\/\/mediatile.com\/outdoor-kiosks\/#primaryimage"},"image":{"@id":"https:\/\/mediatile.com\/outdoor-kiosks\/#primaryimage"},"thumbnailUrl":"https:\/\/humankiosk.com\/wp-content\/uploads\/2024\/10\/55-75-Duraline-Outdoor-Kiosks.webp#3816","datePublished":"2022-07-14T15:20:19+00:00","dateModified":"2024-10-31T20:17:02+00:00","description":"Les kiosques interactifs ext\u00e9rieurs r\u00e9sistants aux intemp\u00e9ries sont id\u00e9aux pour partager des informations sur la communaut\u00e9, des d\u00e9tails sur les voyages et la m\u00e9t\u00e9o, ainsi que pour l&#039;orientation, la publicit\u00e9, le divertissement, etc.","breadcrumb":{"@id":"https:\/\/mediatile.com\/outdoor-kiosks\/#breadcrumb"},"inLanguage":"fr-CA","potentialAction":[{"@type":"ReadAction","target":["https:\/\/mediatile.com\/outdoor-kiosks\/"]}]},{"@type":"ImageObject","inLanguage":"fr-CA","@id":"https:\/\/mediatile.com\/outdoor-kiosks\/#primaryimage","url":"https:\/\/humankiosk.com\/wp-content\/uploads\/2024\/10\/55-75-Duraline-Outdoor-Kiosks.webp#3816","contentUrl":"https:\/\/humankiosk.com\/wp-content\/uploads\/2024\/10\/55-75-Duraline-Outdoor-Kiosks.webp#3816"},{"@type":"BreadcrumbList","@id":"https:\/\/mediatile.com\/outdoor-kiosks\/#breadcrumb","itemListElement":[{"@type":"ListItem","position":1,"name":"Home","item":"https:\/\/52.60.63.222\/"},{"@type":"ListItem","position":2,"name":"Duraline Outdoor Kiosks"}]},{"@type":"WebSite","@id":"https:\/\/52.60.63.222\/#website","url":"https:\/\/52.60.63.222\/","name":"humainKIOSK","description":"CORUM DIGITAL","potentialAction":[{"@type":"SearchAction","target":{"@type":"EntryPoint","urlTemplate":"https:\/\/52.60.63.222\/?s={search_term_string}"},"query-input":{"@type":"PropertyValueSpecification","valueRequired":true,"valueName":"search_term_string"}}],"inLanguage":"fr-CA"}]}},"_links":{"self":[{"href":"https:\/\/humankiosk.com\/fr\/wp-json\/wp\/v2\/pages\/3546","targetHints":{"allow":["GET"]}}],"collection":[{"href":"https:\/\/humankiosk.com\/fr\/wp-json\/wp\/v2\/pages"}],"about":[{"href":"https:\/\/humankiosk.com\/fr\/wp-json\/wp\/v2\/types\/page"}],"author":[{"embeddable":true,"href":"https:\/\/humankiosk.com\/fr\/wp-json\/wp\/v2\/users\/1"}],"replies":[{"embeddable":true,"href":"https:\/\/humankiosk.com\/fr\/wp-json\/wp\/v2\/comments?post=3546"}],"version-history":[{"count":9,"href":"https:\/\/humankiosk.com\/fr\/wp-json\/wp\/v2\/pages\/3546\/revisions"}],"predecessor-version":[{"id":3823,"href":"https:\/\/humankiosk.com\/fr\/wp-json\/wp\/v2\/pages\/3546\/revisions\/3823"}],"wp:attachment":[{"href":"https:\/\/humankiosk.com\/fr\/wp-json\/wp\/v2\/media?parent=3546"}],"curies":[{"name":"wp","href":"https:\/\/api.w.org\/{rel}","templated":true}]}}