{"id":3568,"date":"2022-07-19T17:22:02","date_gmt":"2022-07-19T17:22:02","guid":{"rendered":"https:\/\/humankiosk.com\/?page_id=3568"},"modified":"2022-08-10T15:12:20","modified_gmt":"2022-08-10T15:12:20","slug":"normes-daccessibilite","status":"publish","type":"page","link":"https:\/\/humankiosk.com\/fr\/accessibility-standards\/","title":{"rendered":"Normes d&#039;accessibilit\u00e9"},"content":{"rendered":"<h4>Con\u00e7u \u00e0 partir de z\u00e9ro pour r\u00e9pondre \u00e0 AODA et CAN\/CSA<\/h4>\n<h1>Normes d&#039;accessibilit\u00e9<\/h1>\n<h2>Cette norme sp\u00e9cifie les exigences pour rendre les dispositifs interactifs \u00e9lectroniques et m\u00e9caniques en libre-service accessibles et utilisables par les personnes souffrant de divers handicaps physiques, sensoriels et cognitifs.<\/h2>\n<p>gauche<br \/>\npas de r\u00e9p\u00e9tition\u00a0; centre en haut\u00a0;;<br \/>\nauto<\/p>\n<p><img decoding=\"async\" src=\"https:\/\/humankiosk.com\/wp-content\/uploads\/2022\/07\/CSA-Assessability-Standards-Canada.jpg\" alt=\"CSA-\u00c9valuabilit\u00e9-Normes-Canada\" \/><br \/>\ncomplet<br \/>\ncontenir<br \/>\ncentre centre<\/p>\n<p>En savoir plus sur nos kiosques conformes aux normes d&#039;accessibilit\u00e9 &gt;&gt;<br \/>\n<a href=\"https:\/\/humankiosk.com\/fr\/duraline\/\">https:\/\/humankiosk.com\/duraline\/<\/a><br \/>\ngauche<br \/>\n2<br \/>\ncentre<br \/>\n15px 15px 15px 15px<br \/>\n#ffffff<br \/>\n#68b1f1<\/p>\n<p><img decoding=\"async\" src=\"https:\/\/humankiosk.com\/wp-content\/uploads\/2022\/07\/accessibility-kiosks.jpg\" alt=\"kiosques-accessibilite\" \/><br \/>\ncomplet<\/p>\n<p><img decoding=\"async\" src=\"https:\/\/humankiosk.com\/wp-content\/uploads\/2022\/07\/Accessibility-Standards-specs.jpg\" alt=\"Accessibilit\u00e9-Normes-sp\u00e9cifications\" \/><br \/>\ncomplet<\/p>\n<p>L&#039;accessibilit\u00e9 est une consid\u00e9ration importante dans la conception de produits, de syst\u00e8mes, d&#039;environnements et d&#039;installations, car elle affecte la convivialit\u00e9 pour les personnes ayant le plus large \u00e9ventail possible de capacit\u00e9s. De nombreuses fonctionnalit\u00e9s d&#039;accessibilit\u00e9 profitent \u00e0 ceux qui n&#039;ont pas de handicap en am\u00e9liorant la convivialit\u00e9 et en offrant des possibilit\u00e9s de conception personnalis\u00e9e. Par exemple, la prise en compte des besoins des personnes malvoyantes aide tous les utilisateurs essayant de lire un affichage dans de mauvaises conditions d&#039;\u00e9clairage ou sans leurs lunettes de lecture.<\/p>\n<h2>Cette norme se concentre sur la conception des espaces publics ext\u00e9rieurs ; il veille \u00e0 ce que l&#039;am\u00e9nagement des espaces publics soit fait pour \u00eatre accessible aux citoyens handicap\u00e9s.<\/h2>\n<p>Impliquer des utilisateurs poss\u00e9dant diverses capacit\u00e9s pendant la phase de conception et de d\u00e9veloppement peut r\u00e9duire le temps et les co\u00fbts de d\u00e9veloppement et garantir la d\u00e9tection pr\u00e9coce des probl\u00e8mes, \u00e9vitant ainsi une refonte co\u00fbteuse. Les am\u00e9liorations mises en \u0153uvre pendant la phase de conception sont moins co\u00fbteuses que celles mises en \u0153uvre apr\u00e8s la production. Une conception accessible est \u00e9galement une condition pour \u00eatre accept\u00e9e sur le march\u00e9 am\u00e9ricain (par exemple, en vertu de l&#039;Americans with Disabilities Act de 1990 et de l&#039;article 508 de la Rehabilitation Act de 1973). est \u00e9galement couvert par les mandats de la Commission europ\u00e9enne M\/273 et M\/283)<\/p>\n<p>centre<br \/>\n20px<br \/>\n20px<\/p>\n<p><img decoding=\"async\" src=\"https:\/\/humankiosk.com\/wp-content\/uploads\/2022\/07\/CSA-Assessability-Standards-Canada-btn.jpg\" alt=\"CSA-\u00c9valuabilit\u00e9-Normes-Canada-btn\" \/><br \/>\ncomplet<br \/>\n<a href=\"https:\/\/mediatile.com\/interactive-kiosks\/#Duraline-Kiosks\">https:\/\/mediatile.com\/interactive-kiosks\/#Duraline-Kiosks<\/a><br \/>\nd\u00e9sactiver<br \/>\ncontenir<br \/>\ncentre centre<\/p>\n<h2><a href=\"https:\/\/humankiosk.com\/fr\/duraline\/\">En savoir plus sur nos kiosques conformes aux normes d&#039;accessibilit\u00e9 &gt;&gt;<\/a><\/h2>\n<p>&nbsp;<\/p>\n<h3>SP\u00c9CIFICATIONS DU PRODUIT<\/h3>\n<p>&nbsp;<\/p>\n<h4>humanKIOSK \u00e9l\u00e8ve votre marketing \u00e0 un nouveau niveau et veille \u00e0 ce que vos produits \/ services soient pr\u00e9sent\u00e9s de mani\u00e8re optimale et rentable.<\/h4>\n<p>centre<br \/>\npas de r\u00e9p\u00e9tition\u00a0; centre en haut\u00a0;;<br \/>\nauto<\/p>\n<p><img decoding=\"async\" src=\"https:\/\/mediatile.com\/wp-content\/uploads\/2022\/01\/duraline-angled-kiosk-43-specs.jpg\" alt=\"\" \/><br \/>\ncomplet<br \/>\ncentre<\/p>\n<p>#e5e5e5<\/p>\n<p><img decoding=\"async\" src=\"https:\/\/mediatile.com\/wp-content\/uploads\/2022\/01\/duraline-angled-kiosk-32-specs.jpg\" alt=\"\" \/><br \/>\ncomplet<br \/>\ncentre<br \/>\n30<\/p>","protected":false},"excerpt":{"rendered":"<p>Designed from the ground up to meet AODA &amp; CAN\/CSA Accessibility Standards This Standard specifies requirements for making electronic and mechanical self-service interactive devices accessible to<span class=\"excerpt-hellip\"> [\u2026]<\/span><\/p>\n","protected":false},"author":1,"featured_media":0,"parent":0,"menu_order":0,"comment_status":"closed","ping_status":"closed","template":"","meta":{"footnotes":""},"class_list":["post-3568","page","type-page","status-publish","hentry"],"yoast_head":"<!-- This site is optimized with the Yoast SEO plugin v27.2 - https:\/\/yoast.com\/product\/yoast-seo-wordpress\/ -->\n<title>Accessibility Standards - humanKIOSK<\/title>\n<meta name=\"description\" content=\"This Standard specifies requirements for making kiosks accessible by people with a range of physical, sensory, and cognitive disabilities.\" \/>\n<meta name=\"robots\" content=\"index, follow, max-snippet:-1, max-image-preview:large, max-video-preview:-1\" \/>\n<link rel=\"canonical\" href=\"https:\/\/mediatile.com\/accessibility-standards\/\" \/>\n<meta property=\"og:locale\" content=\"fr_CA\" \/>\n<meta property=\"og:type\" content=\"article\" \/>\n<meta property=\"og:title\" content=\"Accessibility Standards - humanKIOSK\" \/>\n<meta property=\"og:description\" content=\"This Standard specifies requirements for making kiosks accessible by people with a range of physical, sensory, and cognitive disabilities.\" \/>\n<meta property=\"og:url\" content=\"https:\/\/mediatile.com\/accessibility-standards\/\" \/>\n<meta property=\"og:site_name\" content=\"humanKIOSK\" \/>\n<meta property=\"article:publisher\" content=\"https:\/\/www.facebook.com\/humankiosk\/\" \/>\n<meta property=\"article:modified_time\" content=\"2022-08-10T15:12:20+00:00\" \/>\n<meta property=\"og:image\" content=\"https:\/\/humankiosk.com\/wp-content\/uploads\/2022\/07\/CSA-Assessability-Standards-Canada.jpg\" \/>\n<meta name=\"twitter:card\" content=\"summary_large_image\" \/>\n<meta name=\"twitter:site\" content=\"@human_kiosk\" \/>\n<meta name=\"twitter:label1\" content=\"Estimation du temps de lecture\" \/>\n\t<meta name=\"twitter:data1\" content=\"2 minutes\" \/>\n<script type=\"application\/ld+json\" class=\"yoast-schema-graph\">{\"@context\":\"https:\/\/schema.org\",\"@graph\":[{\"@type\":\"WebPage\",\"@id\":\"https:\/\/humankiosk.com\/accessibility-standards\/\",\"url\":\"https:\/\/mediatile.com\/accessibility-standards\/\",\"name\":\"Accessibility Standards - humanKIOSK\",\"isPartOf\":{\"@id\":\"https:\/\/52.60.63.222\/#website\"},\"primaryImageOfPage\":{\"@id\":\"https:\/\/mediatile.com\/accessibility-standards\/#primaryimage\"},\"image\":{\"@id\":\"https:\/\/mediatile.com\/accessibility-standards\/#primaryimage\"},\"thumbnailUrl\":\"https:\/\/humankiosk.com\/wp-content\/uploads\/2022\/07\/CSA-Assessability-Standards-Canada.jpg\",\"datePublished\":\"2022-07-19T17:22:02+00:00\",\"dateModified\":\"2022-08-10T15:12:20+00:00\",\"description\":\"This Standard specifies requirements for making kiosks accessible by people with a range of physical, sensory, and cognitive disabilities.\",\"breadcrumb\":{\"@id\":\"https:\/\/mediatile.com\/accessibility-standards\/#breadcrumb\"},\"inLanguage\":\"fr-CA\",\"potentialAction\":[{\"@type\":\"ReadAction\",\"target\":[\"https:\/\/mediatile.com\/accessibility-standards\/\"]}]},{\"@type\":\"ImageObject\",\"inLanguage\":\"fr-CA\",\"@id\":\"https:\/\/mediatile.com\/accessibility-standards\/#primaryimage\",\"url\":\"https:\/\/humankiosk.com\/wp-content\/uploads\/2022\/07\/CSA-Assessability-Standards-Canada.jpg\",\"contentUrl\":\"https:\/\/humankiosk.com\/wp-content\/uploads\/2022\/07\/CSA-Assessability-Standards-Canada.jpg\"},{\"@type\":\"BreadcrumbList\",\"@id\":\"https:\/\/mediatile.com\/accessibility-standards\/#breadcrumb\",\"itemListElement\":[{\"@type\":\"ListItem\",\"position\":1,\"name\":\"Home\",\"item\":\"https:\/\/52.60.63.222\/\"},{\"@type\":\"ListItem\",\"position\":2,\"name\":\"Accessibility Standards\"}]},{\"@type\":\"WebSite\",\"@id\":\"https:\/\/52.60.63.222\/#website\",\"url\":\"https:\/\/52.60.63.222\/\",\"name\":\"humanKIOSK\",\"description\":\"CORUM DIGITAL\",\"potentialAction\":[{\"@type\":\"SearchAction\",\"target\":{\"@type\":\"EntryPoint\",\"urlTemplate\":\"https:\/\/52.60.63.222\/?s={search_term_string}\"},\"query-input\":{\"@type\":\"PropertyValueSpecification\",\"valueRequired\":true,\"valueName\":\"search_term_string\"}}],\"inLanguage\":\"fr-CA\"}]}<\/script>\n<!-- \/ Yoast SEO plugin. -->","yoast_head_json":{"title":"Normes d&#039;accessibilit\u00e9 - humanKIOSK","description":"Cette norme sp\u00e9cifie les exigences pour rendre les kiosques accessibles aux personnes souffrant de divers handicaps physiques, sensoriels et cognitifs.","robots":{"index":"index","follow":"follow","max-snippet":"max-snippet:-1","max-image-preview":"max-image-preview:large","max-video-preview":"max-video-preview:-1"},"canonical":"https:\/\/mediatile.com\/accessibility-standards\/","og_locale":"fr_CA","og_type":"article","og_title":"Accessibility Standards - humanKIOSK","og_description":"This Standard specifies requirements for making kiosks accessible by people with a range of physical, sensory, and cognitive disabilities.","og_url":"https:\/\/mediatile.com\/accessibility-standards\/","og_site_name":"humanKIOSK","article_publisher":"https:\/\/www.facebook.com\/humankiosk\/","article_modified_time":"2022-08-10T15:12:20+00:00","og_image":[{"url":"https:\/\/humankiosk.com\/wp-content\/uploads\/2022\/07\/CSA-Assessability-Standards-Canada.jpg","type":"","width":"","height":""}],"twitter_card":"summary_large_image","twitter_site":"@human_kiosk","twitter_misc":{"Estimation du temps de lecture":"2 minutes"},"schema":{"@context":"https:\/\/schema.org","@graph":[{"@type":"WebPage","@id":"https:\/\/humankiosk.com\/accessibility-standards\/","url":"https:\/\/mediatile.com\/accessibility-standards\/","name":"Normes d&#039;accessibilit\u00e9 - humanKIOSK","isPartOf":{"@id":"https:\/\/52.60.63.222\/#website"},"primaryImageOfPage":{"@id":"https:\/\/mediatile.com\/accessibility-standards\/#primaryimage"},"image":{"@id":"https:\/\/mediatile.com\/accessibility-standards\/#primaryimage"},"thumbnailUrl":"https:\/\/humankiosk.com\/wp-content\/uploads\/2022\/07\/CSA-Assessability-Standards-Canada.jpg","datePublished":"2022-07-19T17:22:02+00:00","dateModified":"2022-08-10T15:12:20+00:00","description":"Cette norme sp\u00e9cifie les exigences pour rendre les kiosques accessibles aux personnes souffrant de divers handicaps physiques, sensoriels et cognitifs.","breadcrumb":{"@id":"https:\/\/mediatile.com\/accessibility-standards\/#breadcrumb"},"inLanguage":"fr-CA","potentialAction":[{"@type":"ReadAction","target":["https:\/\/mediatile.com\/accessibility-standards\/"]}]},{"@type":"ImageObject","inLanguage":"fr-CA","@id":"https:\/\/mediatile.com\/accessibility-standards\/#primaryimage","url":"https:\/\/humankiosk.com\/wp-content\/uploads\/2022\/07\/CSA-Assessability-Standards-Canada.jpg","contentUrl":"https:\/\/humankiosk.com\/wp-content\/uploads\/2022\/07\/CSA-Assessability-Standards-Canada.jpg"},{"@type":"BreadcrumbList","@id":"https:\/\/mediatile.com\/accessibility-standards\/#breadcrumb","itemListElement":[{"@type":"ListItem","position":1,"name":"Home","item":"https:\/\/52.60.63.222\/"},{"@type":"ListItem","position":2,"name":"Accessibility Standards"}]},{"@type":"WebSite","@id":"https:\/\/52.60.63.222\/#website","url":"https:\/\/52.60.63.222\/","name":"humainKIOSK","description":"CORUM DIGITAL","potentialAction":[{"@type":"SearchAction","target":{"@type":"EntryPoint","urlTemplate":"https:\/\/52.60.63.222\/?s={search_term_string}"},"query-input":{"@type":"PropertyValueSpecification","valueRequired":true,"valueName":"search_term_string"}}],"inLanguage":"fr-CA"}]}},"_links":{"self":[{"href":"https:\/\/humankiosk.com\/fr\/wp-json\/wp\/v2\/pages\/3568","targetHints":{"allow":["GET"]}}],"collection":[{"href":"https:\/\/humankiosk.com\/fr\/wp-json\/wp\/v2\/pages"}],"about":[{"href":"https:\/\/humankiosk.com\/fr\/wp-json\/wp\/v2\/types\/page"}],"author":[{"embeddable":true,"href":"https:\/\/humankiosk.com\/fr\/wp-json\/wp\/v2\/users\/1"}],"replies":[{"embeddable":true,"href":"https:\/\/humankiosk.com\/fr\/wp-json\/wp\/v2\/comments?post=3568"}],"version-history":[{"count":3,"href":"https:\/\/humankiosk.com\/fr\/wp-json\/wp\/v2\/pages\/3568\/revisions"}],"predecessor-version":[{"id":3594,"href":"https:\/\/humankiosk.com\/fr\/wp-json\/wp\/v2\/pages\/3568\/revisions\/3594"}],"wp:attachment":[{"href":"https:\/\/humankiosk.com\/fr\/wp-json\/wp\/v2\/media?parent=3568"}],"curies":[{"name":"wp","href":"https:\/\/api.w.org\/{rel}","templated":true}]}}