{"id":3839,"date":"2025-01-15T20:53:16","date_gmt":"2025-01-15T20:53:16","guid":{"rendered":"https:\/\/humankiosk.com\/?page_id=3839"},"modified":"2025-10-21T17:42:08","modified_gmt":"2025-10-21T17:42:08","slug":"lame-v2","status":"publish","type":"page","link":"https:\/\/humankiosk.com\/fr\/lamina-v2\/","title":{"rendered":"Lamina V2"},"content":{"rendered":"<p><img decoding=\"async\" src=\"https:\/\/humankiosk.com\/wp-content\/uploads\/2025\/01\/Lamina-V2-header.webp#3841\" alt=\"En-t\u00eate Lamina-V2\" \/><\/p>\n<h1>Bornes interactives Touch Lamina 32-43-50-55\u201d<\/h1>\n<p><\/p>\n<h2>Cr\u00e9ez un impact avec de grands kiosques interactifs 4K.<\/h2>\n<p>La kiosque Lamina est une solution d&#039;affichage num\u00e9rique de pointe, combinant un design \u00e9l\u00e9gant \u00e0 une technologie avanc\u00e9e pour r\u00e9pondre aux besoins de divers environnements. Con\u00e7ue pour les entreprises qui cherchent \u00e0 am\u00e9liorer leur communication num\u00e9rique, la s\u00e9rie Lamina allie style et performance.<br \/>gauche<br \/>pas de r\u00e9p\u00e9tition\u00a0; centre en haut\u00a0;;<br \/>auto<br \/>20px 0px 0px 0px<\/p>\n<p>3842,3843,3846,3844,3845<br \/>vignette<br \/>5<\/p>\n<p><img decoding=\"async\" src=\"https:\/\/humankiosk.com\/wp-content\/uploads\/2025\/01\/Lamina-V2.webp#3847\" alt=\"Borne interactive tactile Lamina-V2\" \/><\/p>\n<h2>\u00c0 qui s&#039;adresse-t-il ?<\/h2>\n<p>D\u00e9taillants, h\u00f4tels, bureaux d&#039;entreprise, organisateurs d&#039;\u00e9v\u00e9nements et institutions publiques \u00e0 la recherche d&#039;une signalisation num\u00e9rique haut de gamme offrant un impact visuel et des fonctionnalit\u00e9s interactives.<\/p>\n<h2>Pourquoi choisir Lamina?<\/h2>\n<p>Les kiosques de la s\u00e9rie Lamina offrent une flexibilit\u00e9 in\u00e9gal\u00e9e pour la diffusion de contenu dynamique, permettant aux entreprises de captiver et d&#039;engager le public dans n&#039;importe quel contexte.<\/p>\n<h2>Caract\u00e9ristiques principales<\/h2>\n<h3>R\u00e9solution 4K Ultra HD<\/h3>\n<p>D\u00e9couvrez des d\u00e9tails \u00e9poustouflants et des couleurs \u00e9clatantes pour vos vid\u00e9os, vos images et vos affichages interactifs.<br \/>\n<\/p>\n<h3>Options tactiles et non tactiles<\/h3>\n<p>Choisissez entre des mod\u00e8les \u00e0 \u00e9cran tactile avec jusqu&#039;\u00e0 10 points de contact ou des versions non tactiles pour r\u00e9pondre \u00e0 vos besoins sp\u00e9cifiques.<br \/>\n<\/p>\n<h3>Connectivit\u00e9 polyvalente<\/h3>\n<p>\u00c9quip\u00e9 des fonctionnalit\u00e9s HDMI 2.0, USB et SMART HDMI, garantissant une int\u00e9gration et un contr\u00f4le transparents via des lecteurs multim\u00e9dias connect\u00e9s.<\/p>\n<h3>Design fin et \u00e9l\u00e9gant<\/h3>\n<p>Un \u00e9cran autonome et mince qui am\u00e9liore l&#039;esth\u00e9tique tout en minimisant l&#039;utilisation de l&#039;espace au sol.<br \/>\n<\/p>\n<h3>Mobilit\u00e9 optionnelle<\/h3>\n<p>Ajoutez des roues pour un d\u00e9placement facile, id\u00e9al pour les environnements dynamiques n\u00e9cessitant un placement d&#039;affichage flexible.<\/p>\n<h2>Applications<\/h2>\n<p>Id\u00e9al pour :<\/p>\n<h3>Vente au d\u00e9tail:<\/h3>\n<p>Promotions de produits et d\u00e9monstrations interactives.<\/p>\n<h3>Hospitalit\u00e9:<\/h3>\n<p>Informations et orientation pour les visiteurs.<\/p>\n<h3>Espaces d&#039;entreprise :<\/h3>\n<p>Communication interne et image de marque.<\/p>\n<h3>Lieux d&#039;\u00e9v\u00e9nements et espaces publics :<\/h3>\n<p>Signal\u00e9tique attrayante et de qualit\u00e9.<\/p>\n<h2>Sp\u00e9cifications de Lamina V2<\/h2>\n<p>centre<br \/>centre<br \/>pas de r\u00e9p\u00e9tition\u00a0; centre en haut\u00a0;;<br \/>auto<\/p>\n<p>    tableau {<br \/>\n<br \/>        border-collapse : effondrement ;<br \/>\n<br \/>        largeur : 100% ;<br \/>\n<br \/>    }<br \/>\n<br \/>    tableau, th, td {<br \/>\n<br \/>        bordure : 1px solide #ffffff ;<br \/>\n<br \/>    }<br \/>\n<br \/>    td {<br \/>\n<br \/>        image d&#039;arri\u00e8re-plan\u00a0: url(\\&#039;https:\/\/humankiosk.com\/wp-content\/uploads\/2025\/01\/table-bg.webp\\&#039;);<br \/>\n<br \/>        background-size: couverture;<br \/>\n<br \/>        alignement du texte : centre ;<br \/>\n<br \/>        rembourrage : 10\u00a0px\u00a0;<br \/>\n<br \/>    }<br \/>\n<br \/>    \u00e8me {<br \/>\n<br \/>        couleur d&#039;arri\u00e8re-plan\u00a0: #000000\u00a0;<br \/>\n<br \/>        couleur: #ffffff;<br \/>\n<br \/>        alignement du texte : centre ;<br \/>\n<br \/>        rembourrage : 10\u00a0px\u00a0;<br \/>\n<br \/>    }<\/p>\n<p>      Mod\u00e8le<br \/>\n<br \/>      Lamin V2 \u2013 32\u201d<br \/>\n<br \/>      Lamin V2 \u2013 43\u201d<br \/>\n<br \/>      Lamin V2 \u2013 50\u201d<br \/>\n<br \/>      Lamin V2 \u2013 55\u201d<\/p>\n<p>      Couleurs disponibles<br \/>\n<br \/>      Blanc\/Noir<br \/>\n<br \/>      Blanc\/Noir<br \/>\n<br \/>      Blanc\/Noir<br \/>\n<br \/>      Blanc\/Noir<\/p>\n<p>      Taille<br \/>\n<br \/>      32 pouces<br \/>\n<br \/>      43 pouces<br \/>\n<br \/>      50 pouces<br \/>\n<br \/>      55 pouces<\/p>\n<p>      Rapport hauteur\/largeur<br \/>\n<br \/>      16:9<\/p>\n<p>      R\u00e9solution du panneau<br \/>\n<br \/>      1920 x 1080 pixels<br \/>\n<br \/>      3840 x 2160<\/p>\n<p>      Taux de rafra\u00eechissement<br \/>\n<br \/>      60 Hz<\/p>\n<p>      Contraste statique<br \/>\n<br \/>      5000:1<\/p>\n<p>      4000:1<\/p>\n<p>      Luminosit\u00e9<br \/>\n<br \/>      350 cd\/m\u00b2<\/p>\n<p>      Temps de r\u00e9ponse<br \/>\n<br \/>      8,5 ms<\/p>\n<p>      9,5 ms<\/p>\n<p>      Angle de vue<br \/>\n<br \/>      178\/178<\/p>\n<p>      Tension d&#039;entr\u00e9e<br \/>\n<br \/>      100-240 V ~ 50\/60 Hz<\/p>\n<p>      Consommation d&#039;\u00e9nergie<br \/>\n<br \/>      46 W<br \/>\n<br \/>      71 W<br \/>\n<br \/>      110 W<br \/>\n<br \/>      130 W<\/p>\n<p>      Consommation \u00e9lectrique en veille.<br \/>\n<br \/>      &lt; 0,50 W<\/p>\n<p>      Classe d&#039;efficacit\u00e9 \u00e9nerg\u00e9tique<br \/>\n<br \/>      G<\/p>\n<p>      Pr\u00e9sence de plomb<br \/>\n<br \/>      Oui<\/p>\n<p>      Mercure<br \/>\n<br \/>      0 mg<\/p>\n<p>      Temp\u00e9rature de fonctionnement<br \/>\n<br \/>      0\u00b0C \u00e0 50\u00b0C<\/p>\n<p>      Temp\u00e9rature de stockage<br \/>\n<br \/>      -30\u00b0C \u00e0 60\u00b0C<\/p>\n<p>      Humidit\u00e9 de fonctionnement<br \/>\n<br \/>      10% \u00e0 80%<\/p>\n<p>      Humidit\u00e9 de stockage<br \/>\n<br \/>      5% \u00e0 95%<\/p>\n<p>      Signal d&#039;entr\u00e9e maximal<br \/>\n<br \/>      1920\u00d71080 \u00e0 60 Hz<br \/>\n<br \/>      3840\u00d72160 \u00e0 60 Hz<\/p>\n<p>      HDMI<br \/>\n<br \/>      1 x HDMI V. 1.4<br \/>\n<br \/>      3 x HDMI V. 2.0<\/p>\n<p>      Lecteur multim\u00e9dia USB<br \/>\n<br \/>      1 x USB 2.5<br \/>\n<br \/>      2 x USB 2.0<\/p>\n<p>      VGA<br \/>\n<br \/>      X<br \/>\n<br \/>      1<\/p>\n<p>      Sortie audio num\u00e9rique<br \/>\n<br \/>      X<br \/>\n<br \/>      1 x coaxial<\/p>\n<p>      Sortie audio<br \/>\n<br \/>      2 x 10 W<\/p>\n<p>      Interface<br \/>\n<br \/>      USB<\/p>\n<p>      Technologie<br \/>\n<br \/>      Tactile capacitif<br \/>\n<br \/>      Infrarouge<\/p>\n<p>      Points<br \/>\n<br \/>      10<\/p>\n<p>      Verre de protection<br \/>\n<br \/>      X<br \/>\n<br \/>      4 mm<\/p>\n<p>      Dimensions du produit<br \/>\n<br \/>      160 x 46 x 45 cm\\\\n63 x 18 x 17-3\/4 pouces<br \/>\n<br \/>      180 x 60 x 45 cm\\\\n71 x 23-1\/2 x 17-3\/4<br \/>\n<br \/>      186 x 69 x 45 cm\\\\n73-1\/4 x 27-1\/4 x 17-3\/4 pouces<br \/>\n<br \/>      192 x 77 x 45 cm\\\\n75-1\/2 x 30-1\/4 x 17-3\/4 pouces<\/p>\n<p>      Poids<br \/>\n<br \/>      30 kg\/66 lb<br \/>\n<br \/>      38 kg\/84 lb<br \/>\n<br \/>      42 kg\/90 lb<br \/>\n<br \/>      51 kg\/112 lb<\/p>\n<p>      Dimensions du colis<br \/>\n<br \/>      166 x 59 x 51 cm\\\\n65-3\/8 x 23-1\/4 x 20 pouces<br \/>\n<br \/>      186 x 73 x 51 cm\\\\n73-1\/4 x 28-3\/4 x 20 pouces<br \/>\n<br \/>      191 x 80 x 51 cm\\\\n75-1\/8 x 31-1\/2 x 20 pouces<br \/>\n<br \/>      196 x 87 x 51 cm\\\\n77-1\/8 x 34-1\/4 x 20 pouces<\/p>\n<p>      Poids brut<br \/>\n<br \/>      34 kg\/75 lb<br \/>\n<br \/>      43 kg\/95 lb<br \/>\n<br \/>      47 kg\/104 lb<br \/>\n<br \/>      57 kg\/126 lb<\/p>\n<p>cacher<\/p>\n<h3>COMMENCER<\/h3>\n<p>pas de r\u00e9p\u00e9tition\u00a0; centre en haut\u00a0;;<br \/>auto<\/p>\n<p>L&#039;ajout d&#039;une signalisation num\u00e9rique est un excellent moyen d&#039;accro\u00eetre la notori\u00e9t\u00e9 de la marque et d&#039;augmenter l&#039;engagement des clients. Si vous souhaitez commencer ou d\u00e9velopper vos besoins en communication visuelle, veuillez nous envoyer un e-mail ou nous appeler. <br \/>TEXTE DES OFFRES<br \/>gauche<br \/>pas de r\u00e9p\u00e9tition\u00a0; centre en haut\u00a0;;<br \/>auto<br \/>0px 30px 20px 0px<\/p>\n<p>Partenaire avec nous<br \/><a href=\"https:\/\/humankiosk.com\/fr\/devenir-partenaire\/\">https:\/\/humankiosk.com\/become-a-partner\/<\/a><br \/>gauche<br \/>3<br \/>#20bcff<\/p>\n<p>Demande d&#039;info<br \/><a href=\"https:\/\/humankiosk.com\/fr\/request-a-quote\/\">https:\/\/humankiosk.com\/request-a-quote\/<\/a><br \/>gauche<br \/>3<br \/>#20bcff<\/p>","protected":false},"excerpt":{"rendered":"<p>Touch Lamina Interactive Kiosks 32-43-50-55\u201d Create an impact with large 4K interactive kiosks. Redefining Digital SignageThe Lamina Kiosk is a cutting-edge digital signage solution, combining sleek<span class=\"excerpt-hellip\"> [\u2026]<\/span><\/p>\n","protected":false},"author":1,"featured_media":0,"parent":0,"menu_order":0,"comment_status":"closed","ping_status":"closed","template":"","meta":{"footnotes":""},"class_list":["post-3839","page","type-page","status-publish","hentry"],"yoast_head":"<!-- This site is optimized with the Yoast SEO plugin v27.4 - https:\/\/yoast.com\/product\/yoast-seo-wordpress\/ -->\n<title>Lamina V2 Interactive 4K Digital Signage Kiosk | humanKIOSK<\/title>\n<meta name=\"description\" content=\"Discover the Lamina V2, a sleek 4K interactive digital signage kiosk by humanKIOSK, perfect for retail, hospitality, corporate, and event environments.\" \/>\n<meta name=\"robots\" content=\"index, follow, max-snippet:-1, max-image-preview:large, max-video-preview:-1\" \/>\n<link rel=\"canonical\" href=\"https:\/\/humankiosk.com\/fr\/lame-v2\/\" \/>\n<meta property=\"og:locale\" content=\"fr_CA\" \/>\n<meta property=\"og:type\" content=\"article\" \/>\n<meta property=\"og:title\" content=\"Lamina V2 Interactive 4K Digital Signage Kiosk | humanKIOSK\" \/>\n<meta property=\"og:description\" content=\"Discover the Lamina V2, a sleek 4K interactive digital signage kiosk by humanKIOSK, perfect for retail, hospitality, corporate, and event environments.\" \/>\n<meta property=\"og:url\" content=\"https:\/\/humankiosk.com\/fr\/lame-v2\/\" \/>\n<meta property=\"og:site_name\" content=\"humanKIOSK\" \/>\n<meta property=\"article:publisher\" content=\"https:\/\/www.facebook.com\/humankiosk\/\" \/>\n<meta property=\"article:modified_time\" content=\"2025-10-21T17:42:08+00:00\" \/>\n<meta property=\"og:image\" content=\"https:\/\/humankiosk.com\/wp-content\/uploads\/2025\/01\/Lamina-V2-header.webp#3841\" \/>\n<meta name=\"twitter:card\" content=\"summary_large_image\" \/>\n<meta name=\"twitter:site\" content=\"@human_kiosk\" \/>\n<meta name=\"twitter:label1\" content=\"Estimation du temps de lecture\" \/>\n\t<meta name=\"twitter:data1\" content=\"4 minutes\" \/>\n<script type=\"application\/ld+json\" class=\"yoast-schema-graph\">{\"@context\":\"https:\\\/\\\/schema.org\",\"@graph\":[{\"@type\":\"WebPage\",\"@id\":\"https:\\\/\\\/humankiosk.com\\\/lamina-v2\\\/\",\"url\":\"https:\\\/\\\/humankiosk.com\\\/lamina-v2\\\/\",\"name\":\"Lamina V2 Interactive 4K Digital Signage Kiosk | humanKIOSK\",\"isPartOf\":{\"@id\":\"https:\\\/\\\/humankiosk.com\\\/#website\"},\"primaryImageOfPage\":{\"@id\":\"https:\\\/\\\/humankiosk.com\\\/lamina-v2\\\/#primaryimage\"},\"image\":{\"@id\":\"https:\\\/\\\/humankiosk.com\\\/lamina-v2\\\/#primaryimage\"},\"thumbnailUrl\":\"https:\\\/\\\/humankiosk.com\\\/wp-content\\\/uploads\\\/2025\\\/01\\\/Lamina-V2-header.webp#3841\",\"datePublished\":\"2025-01-15T20:53:16+00:00\",\"dateModified\":\"2025-10-21T17:42:08+00:00\",\"description\":\"Discover the Lamina V2, a sleek 4K interactive digital signage kiosk by humanKIOSK, perfect for retail, hospitality, corporate, and event environments.\",\"breadcrumb\":{\"@id\":\"https:\\\/\\\/humankiosk.com\\\/lamina-v2\\\/#breadcrumb\"},\"inLanguage\":\"fr-CA\",\"potentialAction\":[{\"@type\":\"ReadAction\",\"target\":[\"https:\\\/\\\/humankiosk.com\\\/lamina-v2\\\/\"]}]},{\"@type\":\"ImageObject\",\"inLanguage\":\"fr-CA\",\"@id\":\"https:\\\/\\\/humankiosk.com\\\/lamina-v2\\\/#primaryimage\",\"url\":\"https:\\\/\\\/humankiosk.com\\\/wp-content\\\/uploads\\\/2025\\\/01\\\/Lamina-V2-header.webp#3841\",\"contentUrl\":\"https:\\\/\\\/humankiosk.com\\\/wp-content\\\/uploads\\\/2025\\\/01\\\/Lamina-V2-header.webp#3841\"},{\"@type\":\"BreadcrumbList\",\"@id\":\"https:\\\/\\\/humankiosk.com\\\/lamina-v2\\\/#breadcrumb\",\"itemListElement\":[{\"@type\":\"ListItem\",\"position\":1,\"name\":\"Home\",\"item\":\"https:\\\/\\\/humankiosk.com\\\/\"},{\"@type\":\"ListItem\",\"position\":2,\"name\":\"Lamina V2\"}]},{\"@type\":\"WebSite\",\"@id\":\"https:\\\/\\\/humankiosk.com\\\/#website\",\"url\":\"https:\\\/\\\/humankiosk.com\\\/\",\"name\":\"humanKIOSK\",\"description\":\"CORUM DIGITAL\",\"potentialAction\":[{\"@type\":\"SearchAction\",\"target\":{\"@type\":\"EntryPoint\",\"urlTemplate\":\"https:\\\/\\\/humankiosk.com\\\/?s={search_term_string}\"},\"query-input\":{\"@type\":\"PropertyValueSpecification\",\"valueRequired\":true,\"valueName\":\"search_term_string\"}}],\"inLanguage\":\"fr-CA\"}]}<\/script>\n<!-- \/ Yoast SEO plugin. -->","yoast_head_json":{"title":"Borne d&#039;affichage num\u00e9rique interactive 4K Lamina V2 | humanKIOSK","description":"D\u00e9couvrez le Lamina V2, un \u00e9l\u00e9gant kiosque d&#039;affichage num\u00e9rique interactif 4K de humanKIOSK, parfait pour les environnements de vente au d\u00e9tail, d&#039;h\u00f4tellerie, d&#039;entreprise et d&#039;\u00e9v\u00e9nementiel.","robots":{"index":"index","follow":"follow","max-snippet":"max-snippet:-1","max-image-preview":"max-image-preview:large","max-video-preview":"max-video-preview:-1"},"canonical":"https:\/\/humankiosk.com\/fr\/lame-v2\/","og_locale":"fr_CA","og_type":"article","og_title":"Lamina V2 Interactive 4K Digital Signage Kiosk | humanKIOSK","og_description":"Discover the Lamina V2, a sleek 4K interactive digital signage kiosk by humanKIOSK, perfect for retail, hospitality, corporate, and event environments.","og_url":"https:\/\/humankiosk.com\/fr\/lame-v2\/","og_site_name":"humanKIOSK","article_publisher":"https:\/\/www.facebook.com\/humankiosk\/","article_modified_time":"2025-10-21T17:42:08+00:00","og_image":[{"url":"https:\/\/humankiosk.com\/wp-content\/uploads\/2025\/01\/Lamina-V2-header.webp#3841","type":"","width":"","height":""}],"twitter_card":"summary_large_image","twitter_site":"@human_kiosk","twitter_misc":{"Estimation du temps de lecture":"4 minutes"},"schema":{"@context":"https:\/\/schema.org","@graph":[{"@type":"WebPage","@id":"https:\/\/humankiosk.com\/lamina-v2\/","url":"https:\/\/humankiosk.com\/lamina-v2\/","name":"Borne d&#039;affichage num\u00e9rique interactive 4K Lamina V2 | humanKIOSK","isPartOf":{"@id":"https:\/\/humankiosk.com\/#website"},"primaryImageOfPage":{"@id":"https:\/\/humankiosk.com\/lamina-v2\/#primaryimage"},"image":{"@id":"https:\/\/humankiosk.com\/lamina-v2\/#primaryimage"},"thumbnailUrl":"https:\/\/humankiosk.com\/wp-content\/uploads\/2025\/01\/Lamina-V2-header.webp#3841","datePublished":"2025-01-15T20:53:16+00:00","dateModified":"2025-10-21T17:42:08+00:00","description":"D\u00e9couvrez le Lamina V2, un \u00e9l\u00e9gant kiosque d&#039;affichage num\u00e9rique interactif 4K de humanKIOSK, parfait pour les environnements de vente au d\u00e9tail, d&#039;h\u00f4tellerie, d&#039;entreprise et d&#039;\u00e9v\u00e9nementiel.","breadcrumb":{"@id":"https:\/\/humankiosk.com\/lamina-v2\/#breadcrumb"},"inLanguage":"fr-CA","potentialAction":[{"@type":"ReadAction","target":["https:\/\/humankiosk.com\/lamina-v2\/"]}]},{"@type":"ImageObject","inLanguage":"fr-CA","@id":"https:\/\/humankiosk.com\/lamina-v2\/#primaryimage","url":"https:\/\/humankiosk.com\/wp-content\/uploads\/2025\/01\/Lamina-V2-header.webp#3841","contentUrl":"https:\/\/humankiosk.com\/wp-content\/uploads\/2025\/01\/Lamina-V2-header.webp#3841"},{"@type":"BreadcrumbList","@id":"https:\/\/humankiosk.com\/lamina-v2\/#breadcrumb","itemListElement":[{"@type":"ListItem","position":1,"name":"Home","item":"https:\/\/humankiosk.com\/"},{"@type":"ListItem","position":2,"name":"Lamina V2"}]},{"@type":"WebSite","@id":"https:\/\/humankiosk.com\/#website","url":"https:\/\/humankiosk.com\/","name":"humainKIOSK","description":"CORUM DIGITAL","potentialAction":[{"@type":"SearchAction","target":{"@type":"EntryPoint","urlTemplate":"https:\/\/humankiosk.com\/?s={search_term_string}"},"query-input":{"@type":"PropertyValueSpecification","valueRequired":true,"valueName":"search_term_string"}}],"inLanguage":"fr-CA"}]}},"_links":{"self":[{"href":"https:\/\/humankiosk.com\/fr\/wp-json\/wp\/v2\/pages\/3839","targetHints":{"allow":["GET"]}}],"collection":[{"href":"https:\/\/humankiosk.com\/fr\/wp-json\/wp\/v2\/pages"}],"about":[{"href":"https:\/\/humankiosk.com\/fr\/wp-json\/wp\/v2\/types\/page"}],"author":[{"embeddable":true,"href":"https:\/\/humankiosk.com\/fr\/wp-json\/wp\/v2\/users\/1"}],"replies":[{"embeddable":true,"href":"https:\/\/humankiosk.com\/fr\/wp-json\/wp\/v2\/comments?post=3839"}],"version-history":[{"count":4,"href":"https:\/\/humankiosk.com\/fr\/wp-json\/wp\/v2\/pages\/3839\/revisions"}],"predecessor-version":[{"id":3857,"href":"https:\/\/humankiosk.com\/fr\/wp-json\/wp\/v2\/pages\/3839\/revisions\/3857"}],"wp:attachment":[{"href":"https:\/\/humankiosk.com\/fr\/wp-json\/wp\/v2\/media?parent=3839"}],"curies":[{"name":"wp","href":"https:\/\/api.w.org\/{rel}","templated":true}]}}