{"id":3949,"date":"2025-12-11T20:06:27","date_gmt":"2025-12-11T20:06:27","guid":{"rendered":"https:\/\/humankiosk.com\/?page_id=3949"},"modified":"2026-01-21T18:59:27","modified_gmt":"2026-01-21T18:59:27","slug":"bornes-numeriques-linea","status":"publish","type":"page","link":"https:\/\/humankiosk.com\/fr\/linea-digital-kiosks\/","title":{"rendered":"Bornes num\u00e9riques Linea"},"content":{"rendered":"<p><img decoding=\"async\" src=\"https:\/\/humankiosk.com\/wp-content\/uploads\/2025\/12\/Linea-kiosk-header.webp\" alt=\"En-t\u00eate du kiosque Linea\" \/><\/p>\n<h1>Bornes interactives Linea<\/h1>\n<p>Bornes libre-service et d&#039;information num\u00e9rique con\u00e7ues pour une utilisation r\u00e9elle<\/p>\n<p>La gamme Linea de HumanKiosk est une famille polyvalente de bornes num\u00e9riques sur pied con\u00e7ues pour le libre-service, l&#039;orientation et l&#039;affichage d&#039;informations dans les espaces publics. Disponibles en 32, 43, 49, 55, 65, 75 et 85 pouces, les bornes Linea utilisent des \u00e9crans LED r\u00e9tro\u00e9clair\u00e9s professionnels compatibles avec une r\u00e9solution jusqu&#039;\u00e0 3840 \u00d7 2160 et peuvent \u00eatre command\u00e9es avec ou sans fonction tactile.<\/p>\n<p>Que vous d\u00e9ployiez un simple annuaire num\u00e9rique ou une borne libre-service enti\u00e8rement interactive, Linea offre une plateforme claire et professionnelle qui s&#039;int\u00e8gre facilement aux solutions logicielles HumanKiosk.<\/p>\n<p><a href=\"https:\/\/humankiosk.com\/fr\/demande-dinformations\/\" title=\"\">DEMANDE D&#039;INFO<\/a><\/p>\n<p>\t\t\t\t#sc_gallery-8544 {<br \/>\n\t\t\t\t\tmarge : automatique ;<br \/>\n\t\t\t\t}<br \/>\n\t\t\t\t#sc_gallery-8544 .gallery-item {<br \/>\n\t\t\t\t\tflotter : gauche ;<br \/>\n\t\t\t\t\talignement du texte : centre ;<br \/>\n\t\t\t\t\tlargeur : 19,99% ;<br \/>\n\t\t\t\t}<br \/>\n\t\t\t\t#sc_gallery-8544 img {<br \/>\n\t\t\t\t\tbordure\u00a0: 2px solide #cfcfcf\u00a0;<br \/>\n\t\t\t\t}<br \/>\n\t\t\t\t\/* voir sc_gallery() dans functions\/theme-shortcodes.php *\/<\/p>\n<p>\t\t\t\t\t<a href='https:\/\/humankiosk.com\/wp-content\/uploads\/2025\/12\/Linea-digital-kiosk-gallery-1.webp'><img decoding=\"async\" src=\"https:\/\/humankiosk.com\/wp-content\/uploads\/2025\/12\/Linea-digital-kiosk-gallery-1.webp\" alt=\"Galerie de kiosques num\u00e9riques Linea 1\" \/><\/a><\/p>\n<p>\t\t\t\t\t<a href='https:\/\/humankiosk.com\/wp-content\/uploads\/2025\/12\/Linea-digital-kiosk-gallery-2.webp'><img decoding=\"async\" src=\"https:\/\/humankiosk.com\/wp-content\/uploads\/2025\/12\/Linea-digital-kiosk-gallery-2.webp\" alt=\"Galerie de kiosques num\u00e9riques Linea 2\" \/><\/a><\/p>\n<p>\t\t\t\t\t<a href='https:\/\/humankiosk.com\/wp-content\/uploads\/2025\/12\/Linea-digital-kiosk-gallery-3.webp'><img decoding=\"async\" src=\"https:\/\/humankiosk.com\/wp-content\/uploads\/2025\/12\/Linea-digital-kiosk-gallery-3.webp\" alt=\"Galerie de kiosques num\u00e9riques Linea 3\" \/><\/a><\/p>\n<p>\t\t\t\t\t<a href='https:\/\/humankiosk.com\/wp-content\/uploads\/2025\/12\/Linea-digital-kiosk-gallery-4.webp'><img decoding=\"async\" src=\"https:\/\/humankiosk.com\/wp-content\/uploads\/2025\/12\/Linea-digital-kiosk-gallery-4.webp\" alt=\"Galerie de kiosques num\u00e9riques Linea 4\" \/><\/a><\/p>\n<p>\t\t\t\t\t<a href='https:\/\/humankiosk.com\/wp-content\/uploads\/2025\/12\/Linea-digital-kiosk-gallery-5.webp'><img decoding=\"async\" src=\"https:\/\/humankiosk.com\/wp-content\/uploads\/2025\/12\/Linea-digital-kiosk-gallery-5.webp\" alt=\"Galerie de bornes num\u00e9riques Linea 5\" \/><\/a><\/p>\n<p><img decoding=\"async\" src=\"https:\/\/humankiosk.com\/wp-content\/uploads\/2025\/12\/Linea-kiosk.webp\" alt=\"Kiosque Linea\" \/><\/p>\n<h2>Capacit\u00e9s cl\u00e9s<\/h2>\n<h3>Affichages clairs et d\u00e9taill\u00e9s<\/h3>\n<p>Linea kiosks use commercial LED panels capable of displaying up to 16.7 million colours with wide 178 degree viewing angles and fast 8ms response time. All models support up to 3840\u00d72160 resolution, making them suitable for detailed layouts, maps, schedules and interactive interfaces.<\/p>\n<p>Brightness is rated at 300 nits for the 32 inch model and 350 nits for all larger sizes.<\/p>\n<h3>Des tailles adapt\u00e9es \u00e0 tous les espaces<\/h3>\n<p>Choisissez parmi des \u00e9crans de 32, 43, 49, 55, 65, 75 ou 85 pouces celui qui convient le mieux \u00e0 votre environnement, \u00e0 la distance de visionnage et \u00e0 la mise en page de votre contenu. Cette flexibilit\u00e9 facilite le d\u00e9ploiement de la m\u00eame plateforme de borne interactive sur diff\u00e9rents sites, tout en adaptant la taille de l&#039;\u00e9cran \u00e0 chaque espace.<\/p>\n<h3>Interaction multitouch optionnelle<\/h3>\n<p>Linea est disponible en versions standard et tactile. Les mod\u00e8les tactiles utilisent la technologie tactile infrarouge \u00e0 10 points et conservent les m\u00eames sp\u00e9cifications d&#039;affichage que les versions non tactiles, ce qui vous permet de combiner des bornes interactives et non interactives au sein d&#039;un m\u00eame projet.<\/p>\n<h3>Con\u00e7u pour une longue dur\u00e9e de vie<\/h3>\n<p>Tous les \u00e9crans Linea sont garantis pour 50\u00a0000 heures de fonctionnement. Ils sont con\u00e7us pour fonctionner dans des environnements dont la temp\u00e9rature varie de 0\u00a0\u00b0C \u00e0 50\u00a0\u00b0C et peuvent \u00eatre stock\u00e9s \u00e0 des temp\u00e9ratures comprises entre -20\u00a0\u00b0C et 60\u00a0\u00b0C.<\/p>\n<h3>Facile \u00e0 d\u00e9ployer<\/h3>\n<p>Linea prend en charge l&#039;alimentation CA universelle de 100 \u00e0 240 volts \u00e0 50 ou 60 hertz, ce qui la rend adapt\u00e9e aux installations en Am\u00e9rique du Nord et \u00e0 l&#039;international.<\/p>\n<h2>Applications courantes<\/h2>\n<h3>Orientation et r\u00e9pertoires<\/h3>\n<p>Utilisez les bornes Linea pour fournir des cartes interactives, des annuaires du personnel, des listes de locataires et des outils de navigation dans les h\u00f4pitaux, les campus, les bureaux et les grands b\u00e2timents.<\/p>\n<h3>Enregistrement des visiteurs et libre-service<\/h3>\n<p>Les mod\u00e8les tactiles sont id\u00e9aux pour l&#039;enregistrement des visiteurs, la prise de rendez-vous, la gestion des files d&#039;attente et les flux de travail de libre-service de base.<\/p>\n<h3>environnements d&#039;entreprise<\/h3>\n<p>Installez Linea dans les zones d&#039;accueil, les halls d&#039;ascenseur ou les espaces de travail partag\u00e9s pour diffuser les actualit\u00e9s de l&#039;entreprise, les tableaux de bord de performance, les campagnes internes et les informations destin\u00e9es aux visiteurs. Les bornes tactiles facilitent l&#039;orientation, la recherche de salles et l&#039;enregistrement automatique.<\/p>\n<h3>Information et communications<\/h3>\n<p>Afficher les horaires, les annonces, les alertes et le contenu \u00e9ducatif dans les zones \u00e0 fort passage o\u00f9 une communication claire est essentielle.<\/p>\n<h3>B\u00e2timents et institutions publics<\/h3>\n<p>D\u00e9ployez Linea dans les b\u00e2timents gouvernementaux, les biblioth\u00e8ques, les mus\u00e9es et les infrastructures de transport pour fournir des services d&#039;orientation, d&#039;information et interactifs.<\/p>\n<h2>Bornes num\u00e9riques Linea<\/h2>\n<p>&lt;div  class=&quot;column mcb-column mcb-item-3092114e7 one laptop-one tablet-one mobile-one column_html table{border-collapse:collapse;width:100%;}table,th,td{border:1pxsolid#ffffff;}td{background-image:url(&#8216;https:\/\/humankiosk.com\/wp-content\/uploads\/2025\/01\/table-bg.webp&#8217;);background-size:cover;text-align:center;padding:10px;}th{background-color:#000000;color:#ffffff;text-align:center;padding:10px;} table{border-collapse:collapse;width:100%;}table,th,td{border:1pxsolid#ffffff;}td{background-image:url(&#8216;https:\/\/humankiosk.com\/wp-content\/uploads\/2025\/01\/table-bg.webp&#8217;);background-size:cover;text-align:center;padding:10px;}th{background-color:#000000;color:#ffffff;text-align:center;padding:10px;} vb-item&#8221; style=&#8221;<br \/>\n    tableau {<br \/>\n        border-collapse : effondrement ;<br \/>\n        largeur : 100% ;<br \/>\n    }<br \/>\n    tableau, th, td {<br \/>\n        bordure : 1px solide #ffffff ;<br \/>\n    }<br \/>\n    td {<br \/>\n        background-image: url(&#039;https:\/\/humankiosk.com\/wp-content\/uploads\/2025\/01\/table-bg.webp&#039;);<br \/>\n        background-size: couverture;<br \/>\n        alignement du texte : centre ;<br \/>\n        rembourrage : 10\u00a0px\u00a0;<br \/>\n    }<br \/>\n    \u00e8me {<br \/>\n        couleur d&#039;arri\u00e8re-plan\u00a0: #000000\u00a0;<br \/>\n        couleur: #ffffff;<br \/>\n        alignement du texte : centre ;<br \/>\n        rembourrage : 10\u00a0px\u00a0;<br \/>\n    }<br \/>\n\u201d &gt;<\/p>\n<p>      Cat\u00e9gorie<br \/>\n      LK 32&#8243;<br \/>\n      LK 43&#8243;<br \/>\n      LK 49&#8243;<br \/>\n      LK 55&#8243;<br \/>\n      LK 65&#8243;<br \/>\n      LK 75&#8243;<br \/>\n      LK 85&#8243;<\/p>\n<p>      Num\u00e9ro de mod\u00e8le<br \/>\n      LK-32<br \/>\n      LK-43<br \/>\n      LK-49<br \/>\n      LK-55<br \/>\n      LK-65<br \/>\n      LK-75<br \/>\n      LK-85<\/p>\n<p>      Type de panneau<br \/>\n      32&#8243; LED backlight<br \/>\n      43&#8243; LED backlight<br \/>\n      49&#8243; LED backlight<br \/>\n      55&#8243; LED backlight<br \/>\n      65&#8243; LED backlight<br \/>\n      75&#8243; LED backlight<br \/>\n      85&#8243; LED backlight<\/p>\n<p>      Zone d&#039;affichage (mm)<br \/>\n      700 mm (H) \u00d7 392 mm (L)<br \/>\n      928 mm (H) \u00d7 522 mm (L)<br \/>\n      1073,8 mm (H) \u00d7 604 mm (L)<br \/>\n      1209 mm (H) \u00d7 680 mm (L)<br \/>\n      1428,5 mm (H) \u00d7 803,5 mm (L)<br \/>\n      1649,66 mm (H) \u00d7 927,936 mm (L)<br \/>\n      1872 mm (H) \u00d7 1053 mm (L)<\/p>\n<p>      Rapport hauteur\/largeur<br \/>\n      16:09<br \/>\n      16:09<br \/>\n      16:09<br \/>\n      16:09<br \/>\n      16:09<br \/>\n      16:09<br \/>\n      16:09<\/p>\n<p>      R\u00e9solution maximale<br \/>\n      3840\u00d72160<br \/>\n      3840\u00d72160<br \/>\n      3840\u00d72160<br \/>\n      3840\u00d72160<br \/>\n      3840\u00d72160<br \/>\n      3840\u00d72160<br \/>\n      3840\u00d72160<\/p>\n<p>      Couleur d&#039;affichage<br \/>\n      16,7M<br \/>\n      16,7M<br \/>\n      16,7M<br \/>\n      16,7M<br \/>\n      16,7M<br \/>\n      16,7M<br \/>\n      16,7M<\/p>\n<p>      Pas de pixel (mm) H\u00d7L<br \/>\n      0,36375 mm (H) \u00d7 0,36375 mm (L)<br \/>\n      0,485 mm (H) \u00d7 0,485 mm (L)<br \/>\n      0,485 mm (H) \u00d7 0,485 mm (L)<br \/>\n      0,630 mm (H) \u00d7 0,630 mm (L)<br \/>\n      0,744 mm (H) \u00d7 0,744 mm (L)<br \/>\n      0,4296 mm (H) \u00d7 0,4296 mm (L)<br \/>\n      Non r\u00e9pertori\u00e9<\/p>\n<p>      Luminosit\u00e9 (nits)<br \/>\n      300 nits<br \/>\n      350 nits<br \/>\n      350 nits<br \/>\n      350 nits<br \/>\n      350 nits<br \/>\n      350 nits<br \/>\n      350 nits<\/p>\n<p>      Rapport de contraste<br \/>\n      1000:1<br \/>\n      1000:1<br \/>\n      1100:1<br \/>\n      1400:1<br \/>\n      1400:1<br \/>\n      1200:1<br \/>\n      Non r\u00e9pertori\u00e9<\/p>\n<p>      Angle visuel<br \/>\n      178\u00b0\/178\u00b0<br \/>\n      178\u00b0\/178\u00b0<br \/>\n      178\u00b0\/178\u00b0<br \/>\n      178\u00b0\/178\u00b0<br \/>\n      178\u00b0\/178\u00b0<br \/>\n      178\u00b0\/178\u00b0<br \/>\n      178\u00b0\/178\u00b0<\/p>\n<p>      Temps de r\u00e9ponse<br \/>\n      8 ms<br \/>\n      8 ms<br \/>\n      8 ms<br \/>\n      8 ms<br \/>\n      8 ms<br \/>\n      8 ms<br \/>\n      8 ms<\/p>\n<p>      Dur\u00e9e de vie (heures)<br \/>\n      50 000 heures<br \/>\n      50 000 heures<br \/>\n      50 000 heures<br \/>\n      50 000 heures<br \/>\n      50 000 heures<br \/>\n      50 000 heures<br \/>\n      50 000 heures<\/p>\n<p>      Touche<br \/>\n      N \/ A<br \/>\n      N \/ A<br \/>\n      N \/ A<br \/>\n      N \/ A<br \/>\n      N \/ A<br \/>\n      N \/ A<br \/>\n      N \/ A<\/p>\n<p>      Temp\u00e9rature de fonctionnement<br \/>\n      0\u00b0C~50\u00b0C<br \/>\n      0\u00b0C~50\u00b0C<br \/>\n      0\u00b0C~50\u00b0C<br \/>\n      0\u00b0C~50\u00b0C<br \/>\n      0\u00b0C~50\u00b0C<br \/>\n      0\u00b0C~50\u00b0C<br \/>\n      0\u00b0C~50\u00b0C<\/p>\n<p>      Temp\u00e9rature de stockage<br \/>\n      -20\u00b0C \u00e0 60\u00b0C<br \/>\n      -20\u00b0C \u00e0 60\u00b0C<br \/>\n      -20\u00b0C \u00e0 60\u00b0C<br \/>\n      -20\u00b0C \u00e0 60\u00b0C<br \/>\n      -20\u00b0C \u00e0 60\u00b0C<br \/>\n      -20\u00b0C \u00e0 60\u00b0C<br \/>\n      -20\u00b0C \u00e0 60\u00b0C<\/p>\n<p>      Pouvoir<br \/>\n      AC100~240V 50\/60 HZ<br \/>\n      AC100~240V 50\/60 HZ<br \/>\n      AC100~240V 50\/60 HZ<br \/>\n      AC100~240V 50\/60 HZ<br \/>\n      AC100~240V 50\/60 HZ<br \/>\n      AC100~240V 50\/60 HZ<br \/>\n      AC100~240V 50\/60 HZ<\/p>\n<p>      Cat\u00e9gorie<br \/>\n      LK 32&#8243; Touch<br \/>\n      LK 43&#8243; Touch<br \/>\n      LK 49&#8243; Touch<br \/>\n      LK 55&#8243; Touch<br \/>\n      LK 65&#8243; Touch<br \/>\n      LK 75&#8243; Touch<br \/>\n      LK 85&#8243; Touch<\/p>\n<p>      Num\u00e9ro de mod\u00e8le<br \/>\n      LK-32-T<br \/>\n      LK-43-T<br \/>\n      LK-49-T<br \/>\n      LK-55-T<br \/>\n      LK-65-T<br \/>\n      LK-75-T<br \/>\n      LK-85-T<\/p>\n<p>      Touche<br \/>\n      Toucher infrarouge \u00e0 10 points<br \/>\n      Toucher infrarouge \u00e0 10 points<br \/>\n      Toucher infrarouge \u00e0 10 points<br \/>\n      Toucher infrarouge \u00e0 10 points<br \/>\n      Toucher infrarouge \u00e0 10 points<br \/>\n      Toucher infrarouge \u00e0 10 points<br \/>\n      Toucher infrarouge \u00e0 10 points<\/p>\n<p>      Toutes les autres sp\u00e9cifications<br \/>\n      Identique au mod\u00e8le sans contact correspondant ci-dessus<\/p>\n<h2>Faisant partie de la famille Linea par <a href=\"https:\/\/mediatile.com\/interactive-kiosks\/#Linea-Kiosks\">MediaTile<\/a><\/h2>\n<p>Le kiosque Linea Full Screen fait partie de la gamme d&#039;\u00e9crans Linea de MediaTile et est con\u00e7u pour s&#039;int\u00e9grer parfaitement dans un \u00e9cosyst\u00e8me d&#039;affichage num\u00e9rique complet, de la gestion de contenu au d\u00e9ploiement r\u00e9seau.<\/p>\n<p><a href=\"https:\/\/humankiosk.com\/fr\/bornes-numeriques-linea\/\" title=\"\"><img decoding=\"async\" src=\"https:\/\/humankiosk.com\/wp-content\/uploads\/2025\/12\/Linea-kiosk-thumb-1.webp\" alt=\"Kiosque Linea pouce 1\" \/><\/a><a href=\"https:\/\/humankiosk.com\/fr\/bornes-numeriques-linea\/\" title=\"\">.path{fill:none;stroke:#333;stroke-miterlimit:10;stroke-width:1.5px;}<\/a><\/p>\n<p>KIOSQUES INTERACTIFS LINEA<\/p>\n<p>Solution tactile tout-en-un pour tout environnement<\/p>\n<p>La gamme Linea de HumanKiosk est une famille polyvalente de bornes num\u00e9riques sur pied destin\u00e9es au libre-service, \u00e0 l&#039;orientation et \u00e0 l&#039;affichage d&#039;informations dans les espaces publics.<\/p>\n<p><a href=\"https:\/\/humankiosk.com\/fr\/bornes-numeriques-linea\/\">SP\u00c9CIFICATIONS COMPL\u00c8TES DU PRODUIT<\/a><\/p>\n<p><a href=\"https:\/\/humankiosk.com\/fr\/ligne-plein-ecran\/\" title=\"\"><img decoding=\"async\" src=\"https:\/\/humankiosk.com\/wp-content\/uploads\/2026\/01\/Linea-Full-Screen-kiosk-thumb.webp\" alt=\"vignette du kiosque Linea plein \u00e9cran\" \/><\/a><a href=\"https:\/\/humankiosk.com\/fr\/ligne-plein-ecran\/\" title=\"\">.path{fill:none;stroke:#333;stroke-miterlimit:10;stroke-width:1.5px;}<\/a><\/p>\n<p>KIOSQUE PLEIN \u00c9CRAN LINEA<\/p>\n<p>Bornes libre-service et d&#039;information con\u00e7ues pour une utilisation r\u00e9elle<\/p>\n<p>Son \u00e9cran vertical ultra-haut cr\u00e9e une toile continue pleine hauteur qui attire l&#039;attention et am\u00e9liore la clart\u00e9 des messages dans les espaces publics.<\/p>\n<p><a href=\"https:\/\/humankiosk.com\/fr\/ligne-plein-ecran\/\">SP\u00c9CIFICATIONS COMPL\u00c8TES DU PRODUIT<\/a><\/p>\n<p><a href=\"https:\/\/humankiosk.com\/fr\/ligne-double-face\/\" title=\"\"><img decoding=\"async\" src=\"https:\/\/humankiosk.com\/wp-content\/uploads\/2026\/01\/Linea-Double-Sided-Kiosk-thumb.webp\" alt=\"Borne double face Linea\" \/><\/a><a href=\"https:\/\/humankiosk.com\/fr\/ligne-double-face\/\" title=\"\">.path{fill:none;stroke:#333;stroke-miterlimit:10;stroke-width:1.5px;}<\/a><\/p>\n<p>KIOSQUE DOUBLE FACE LINEA<\/p>\n<p>Borne d&#039;affichage num\u00e9rique double face con\u00e7ue pour les environnements \u00e0 forte visibilit\u00e9.<\/p>\n<p>Le Linea Double Sided de HumanKiosk est une borne d&#039;affichage num\u00e9rique int\u00e9rieure con\u00e7ue pour les endroits o\u00f9 la visibilit\u00e9 des deux c\u00f4t\u00e9s est essentielle. <\/p>\n<p><a href=\"https:\/\/humankiosk.com\/fr\/ligne-double-face\/\">SP\u00c9CIFICATIONS COMPL\u00c8TES DU PRODUIT<\/a><\/p>\n<h3>COMMENCER<\/h3>\n<p>L&#039;ajout d&#039;une signalisation num\u00e9rique est un excellent moyen d&#039;accro\u00eetre la notori\u00e9t\u00e9 de la marque et d&#039;augmenter l&#039;engagement des clients. Si vous souhaitez commencer ou d\u00e9velopper vos besoins en communication visuelle, veuillez nous envoyer un e-mail ou nous appeler. <a href=\"https:\/\/humankiosk.com\/fr\/devenir-partenaire\/\" title=\"\">Partenaire avec nous<\/a><br \/>\n<a href=\"https:\/\/humankiosk.com\/fr\/demande-dinformations\/\" title=\"\">Demande d&#039;info<\/a><\/p>","protected":false},"excerpt":{"rendered":"<p>Linea Interactive Kiosks Self service and digital information kiosks built for real world use The Linea series from HumanKiosk is a versatile family of floor standing<span class=\"excerpt-hellip\"> [\u2026]<\/span><\/p>\n","protected":false},"author":1,"featured_media":-1,"parent":0,"menu_order":0,"comment_status":"closed","ping_status":"closed","template":"","meta":{"footnotes":""},"class_list":["post-3949","page","type-page","status-publish","has-post-thumbnail","hentry"],"yoast_head":"<!-- This site is optimized with the Yoast SEO plugin v27.4 - https:\/\/yoast.com\/product\/yoast-seo-wordpress\/ -->\n<title>Linea Digital Kiosks - humanKIOSK<\/title>\n<meta name=\"description\" content=\"Linea digital kiosks deliver vivid displays, touch interaction and reliable performance for retail, corporate and public spaces.\" \/>\n<meta name=\"robots\" content=\"index, follow, max-snippet:-1, max-image-preview:large, max-video-preview:-1\" \/>\n<link rel=\"canonical\" href=\"https:\/\/humankiosk.com\/fr\/bornes-numeriques-linea\/\" \/>\n<meta property=\"og:locale\" content=\"fr_CA\" \/>\n<meta property=\"og:type\" content=\"article\" \/>\n<meta property=\"og:title\" content=\"Linea Digital Kiosks - humanKIOSK\" \/>\n<meta property=\"og:description\" content=\"Linea digital kiosks deliver vivid displays, touch interaction and reliable performance for retail, corporate and public spaces.\" \/>\n<meta property=\"og:url\" content=\"https:\/\/humankiosk.com\/fr\/bornes-numeriques-linea\/\" \/>\n<meta property=\"og:site_name\" content=\"humanKIOSK\" \/>\n<meta property=\"article:publisher\" content=\"https:\/\/www.facebook.com\/humankiosk\/\" \/>\n<meta property=\"article:modified_time\" content=\"2026-01-21T18:59:27+00:00\" \/>\n<meta name=\"twitter:card\" content=\"summary_large_image\" \/>\n<meta name=\"twitter:site\" content=\"@human_kiosk\" \/>\n<script type=\"application\/ld+json\" class=\"yoast-schema-graph\">{\"@context\":\"https:\\\/\\\/schema.org\",\"@graph\":[{\"@type\":\"WebPage\",\"@id\":\"https:\\\/\\\/humankiosk.com\\\/linea-digital-kiosks\\\/\",\"url\":\"https:\\\/\\\/humankiosk.com\\\/linea-digital-kiosks\\\/\",\"name\":\"Linea Digital Kiosks - humanKIOSK\",\"isPartOf\":{\"@id\":\"https:\\\/\\\/52.60.63.222\\\/#website\"},\"primaryImageOfPage\":{\"@id\":\"https:\\\/\\\/humankiosk.com\\\/linea-digital-kiosks\\\/#primaryimage\"},\"image\":{\"@id\":\"https:\\\/\\\/humankiosk.com\\\/linea-digital-kiosks\\\/#primaryimage\"},\"thumbnailUrl\":\"https:\\\/\\\/humankiosk.com\\\/wp-content\\\/uploads\\\/2025\\\/12\\\/Linea-kiosk-header.webp\",\"datePublished\":\"2025-12-11T20:06:27+00:00\",\"dateModified\":\"2026-01-21T18:59:27+00:00\",\"description\":\"Linea digital kiosks deliver vivid displays, touch interaction and reliable performance for retail, corporate and public spaces.\",\"breadcrumb\":{\"@id\":\"https:\\\/\\\/humankiosk.com\\\/linea-digital-kiosks\\\/#breadcrumb\"},\"inLanguage\":\"fr-CA\",\"potentialAction\":[{\"@type\":\"ReadAction\",\"target\":[\"https:\\\/\\\/humankiosk.com\\\/linea-digital-kiosks\\\/\"]}]},{\"@type\":\"ImageObject\",\"inLanguage\":\"fr-CA\",\"@id\":\"https:\\\/\\\/humankiosk.com\\\/linea-digital-kiosks\\\/#primaryimage\",\"url\":\"https:\\\/\\\/humankiosk.com\\\/wp-content\\\/uploads\\\/2025\\\/12\\\/Linea-kiosk-header.webp\",\"contentUrl\":\"https:\\\/\\\/humankiosk.com\\\/wp-content\\\/uploads\\\/2025\\\/12\\\/Linea-kiosk-header.webp\"},{\"@type\":\"BreadcrumbList\",\"@id\":\"https:\\\/\\\/humankiosk.com\\\/linea-digital-kiosks\\\/#breadcrumb\",\"itemListElement\":[{\"@type\":\"ListItem\",\"position\":1,\"name\":\"Home\",\"item\":\"https:\\\/\\\/52.60.63.222\\\/\"},{\"@type\":\"ListItem\",\"position\":2,\"name\":\"Linea Digital Kiosks\"}]},{\"@type\":\"WebSite\",\"@id\":\"https:\\\/\\\/52.60.63.222\\\/#website\",\"url\":\"https:\\\/\\\/52.60.63.222\\\/\",\"name\":\"humanKIOSK\",\"description\":\"CORUM DIGITAL\",\"potentialAction\":[{\"@type\":\"SearchAction\",\"target\":{\"@type\":\"EntryPoint\",\"urlTemplate\":\"https:\\\/\\\/52.60.63.222\\\/?s={search_term_string}\"},\"query-input\":{\"@type\":\"PropertyValueSpecification\",\"valueRequired\":true,\"valueName\":\"search_term_string\"}}],\"inLanguage\":\"fr-CA\"}]}<\/script>\n<!-- \/ Yoast SEO plugin. -->","yoast_head_json":{"title":"Kiosques num\u00e9riques Linea - humanKIOSK","description":"Les bornes num\u00e9riques Linea offrent des affichages \u00e9clatants, une interaction tactile et des performances fiables pour les espaces de vente au d\u00e9tail, les entreprises et les espaces publics.","robots":{"index":"index","follow":"follow","max-snippet":"max-snippet:-1","max-image-preview":"max-image-preview:large","max-video-preview":"max-video-preview:-1"},"canonical":"https:\/\/humankiosk.com\/fr\/bornes-numeriques-linea\/","og_locale":"fr_CA","og_type":"article","og_title":"Linea Digital Kiosks - humanKIOSK","og_description":"Linea digital kiosks deliver vivid displays, touch interaction and reliable performance for retail, corporate and public spaces.","og_url":"https:\/\/humankiosk.com\/fr\/bornes-numeriques-linea\/","og_site_name":"humanKIOSK","article_publisher":"https:\/\/www.facebook.com\/humankiosk\/","article_modified_time":"2026-01-21T18:59:27+00:00","twitter_card":"summary_large_image","twitter_site":"@human_kiosk","schema":{"@context":"https:\/\/schema.org","@graph":[{"@type":"WebPage","@id":"https:\/\/humankiosk.com\/linea-digital-kiosks\/","url":"https:\/\/humankiosk.com\/linea-digital-kiosks\/","name":"Kiosques num\u00e9riques Linea - humanKIOSK","isPartOf":{"@id":"https:\/\/52.60.63.222\/#website"},"primaryImageOfPage":{"@id":"https:\/\/humankiosk.com\/linea-digital-kiosks\/#primaryimage"},"image":{"@id":"https:\/\/humankiosk.com\/linea-digital-kiosks\/#primaryimage"},"thumbnailUrl":"https:\/\/humankiosk.com\/wp-content\/uploads\/2025\/12\/Linea-kiosk-header.webp","datePublished":"2025-12-11T20:06:27+00:00","dateModified":"2026-01-21T18:59:27+00:00","description":"Les bornes num\u00e9riques Linea offrent des affichages \u00e9clatants, une interaction tactile et des performances fiables pour les espaces de vente au d\u00e9tail, les entreprises et les espaces publics.","breadcrumb":{"@id":"https:\/\/humankiosk.com\/linea-digital-kiosks\/#breadcrumb"},"inLanguage":"fr-CA","potentialAction":[{"@type":"ReadAction","target":["https:\/\/humankiosk.com\/linea-digital-kiosks\/"]}]},{"@type":"ImageObject","inLanguage":"fr-CA","@id":"https:\/\/humankiosk.com\/linea-digital-kiosks\/#primaryimage","url":"https:\/\/humankiosk.com\/wp-content\/uploads\/2025\/12\/Linea-kiosk-header.webp","contentUrl":"https:\/\/humankiosk.com\/wp-content\/uploads\/2025\/12\/Linea-kiosk-header.webp"},{"@type":"BreadcrumbList","@id":"https:\/\/humankiosk.com\/linea-digital-kiosks\/#breadcrumb","itemListElement":[{"@type":"ListItem","position":1,"name":"Home","item":"https:\/\/52.60.63.222\/"},{"@type":"ListItem","position":2,"name":"Linea Digital Kiosks"}]},{"@type":"WebSite","@id":"https:\/\/52.60.63.222\/#website","url":"https:\/\/52.60.63.222\/","name":"humainKIOSK","description":"CORUM DIGITAL","potentialAction":[{"@type":"SearchAction","target":{"@type":"EntryPoint","urlTemplate":"https:\/\/52.60.63.222\/?s={search_term_string}"},"query-input":{"@type":"PropertyValueSpecification","valueRequired":true,"valueName":"search_term_string"}}],"inLanguage":"fr-CA"}]}},"_links":{"self":[{"href":"https:\/\/humankiosk.com\/fr\/wp-json\/wp\/v2\/pages\/3949","targetHints":{"allow":["GET"]}}],"collection":[{"href":"https:\/\/humankiosk.com\/fr\/wp-json\/wp\/v2\/pages"}],"about":[{"href":"https:\/\/humankiosk.com\/fr\/wp-json\/wp\/v2\/types\/page"}],"author":[{"embeddable":true,"href":"https:\/\/humankiosk.com\/fr\/wp-json\/wp\/v2\/users\/1"}],"replies":[{"embeddable":true,"href":"https:\/\/humankiosk.com\/fr\/wp-json\/wp\/v2\/comments?post=3949"}],"version-history":[{"count":5,"href":"https:\/\/humankiosk.com\/fr\/wp-json\/wp\/v2\/pages\/3949\/revisions"}],"predecessor-version":[{"id":4003,"href":"https:\/\/humankiosk.com\/fr\/wp-json\/wp\/v2\/pages\/3949\/revisions\/4003"}],"wp:featuredmedia":[{"embeddable":true,"href":"https:\/\/humankiosk.com\/fr\/wp-json\/"}],"wp:attachment":[{"href":"https:\/\/humankiosk.com\/fr\/wp-json\/wp\/v2\/media?parent=3949"}],"curies":[{"name":"wp","href":"https:\/\/api.w.org\/{rel}","templated":true}]}}