{"id":3964,"date":"2026-01-15T18:57:47","date_gmt":"2026-01-15T18:57:47","guid":{"rendered":"https:\/\/humankiosk.com\/?page_id=3964"},"modified":"2026-01-21T18:49:50","modified_gmt":"2026-01-21T18:49:50","slug":"ligne-plein-ecran","status":"publish","type":"page","link":"https:\/\/humankiosk.com\/fr\/linea-full-screen\/","title":{"rendered":"Ligne plein \u00e9cran"},"content":{"rendered":"<p><img decoding=\"async\" src=\"https:\/\/humankiosk.com\/wp-content\/uploads\/2026\/01\/Linea-Full-Screen-kiosk-header.webp\" alt=\"En-t\u00eate de kiosque plein \u00e9cran Linea\" \/><\/p>\n<h1>Ligne plein \u00e9cran<\/h1>\n<p>Un kiosque num\u00e9rique grand format pour les espaces publics \u00e0 fort impact<\/p>\n<p>Le Linea Full Screen est un kiosque num\u00e9rique vertical grand format con\u00e7u pour les environnements o\u00f9 la visibilit\u00e9, la pr\u00e9sence et l&#039;impact physique sont essentiels. Des boutiques phares aux centres commerciaux, en passant par les halls d&#039;entreprise et les espaces publics, il offre une exp\u00e9rience visuelle saisissante dans un format de kiosque fin et \u00e9l\u00e9gant.<\/p>\n<p>Con\u00e7ue comme un kiosque commercial et destin\u00e9e \u00e0 un fonctionnement continu dans les espaces publics, Linea Full Screen allie pr\u00e9sence architecturale et flexibilit\u00e9 de l&#039;affichage num\u00e9rique moderne.<\/p>\n<p><a href=\"https:\/\/humankiosk.com\/fr\/demande-dinformations\/\" title=\"\">DEMANDE D&#039;INFO<\/a><\/p>\n<p>\t\t\t\t#sc_gallery-6994 {<br \/>\n\t\t\t\t\tmarge : automatique ;<br \/>\n\t\t\t\t}<br \/>\n\t\t\t\t#sc_gallery-6994 .gallery-item {<br \/>\n\t\t\t\t\tflotter : gauche ;<br \/>\n\t\t\t\t\talignement du texte : centre ;<br \/>\n\t\t\t\t\tlargeur : 19,99% ;<br \/>\n\t\t\t\t}<br \/>\n\t\t\t\t#sc_gallery-6994 img {<br \/>\n\t\t\t\t\tbordure\u00a0: 2px solide #cfcfcf\u00a0;<br \/>\n\t\t\t\t}<br \/>\n\t\t\t\t\/* voir sc_gallery() dans functions\/theme-shortcodes.php *\/<\/p>\n<p>\t\t\t\t\t<a href='https:\/\/humankiosk.com\/wp-content\/uploads\/2026\/01\/Linea-Full-Screen-kiosk-gallery1.webp'><img decoding=\"async\" src=\"https:\/\/humankiosk.com\/wp-content\/uploads\/2026\/01\/Linea-Full-Screen-kiosk-gallery1.webp\" alt=\"Galerie Linea plein \u00e9cran 1\" \/><\/a><\/p>\n<p>\t\t\t\t\t<a href='https:\/\/humankiosk.com\/wp-content\/uploads\/2026\/01\/Linea-Full-Screen-kiosk-gallery2.webp'><img decoding=\"async\" src=\"https:\/\/humankiosk.com\/wp-content\/uploads\/2026\/01\/Linea-Full-Screen-kiosk-gallery2.webp\" alt=\"Galerie Linea plein \u00e9cran 2\" \/><\/a><\/p>\n<p>\t\t\t\t\t<a href='https:\/\/humankiosk.com\/wp-content\/uploads\/2026\/01\/Linea-Full-Screen-kiosk-gallery3.webp'><img decoding=\"async\" src=\"https:\/\/humankiosk.com\/wp-content\/uploads\/2026\/01\/Linea-Full-Screen-kiosk-gallery3.webp\" alt=\"Galerie Linea plein \u00e9cran 3\" \/><\/a><\/p>\n<p>\t\t\t\t\t<a href='https:\/\/humankiosk.com\/wp-content\/uploads\/2026\/01\/Linea-Full-Screen-kiosk-gallery4.webp'><img decoding=\"async\" src=\"https:\/\/humankiosk.com\/wp-content\/uploads\/2026\/01\/Linea-Full-Screen-kiosk-gallery4.webp\" alt=\"Galerie Linea plein \u00e9cran 4\" \/><\/a><\/p>\n<p>\t\t\t\t\t<a href='https:\/\/humankiosk.com\/wp-content\/uploads\/2026\/01\/Linea-Full-Screen-kiosk-gallery5.webp'><img decoding=\"async\" src=\"https:\/\/humankiosk.com\/wp-content\/uploads\/2026\/01\/Linea-Full-Screen-kiosk-gallery5.webp\" alt=\"\" \/><\/a><\/p>\n<p><img decoding=\"async\" src=\"https:\/\/humankiosk.com\/wp-content\/uploads\/2026\/01\/Linea-Full-Screen-Kiosk-side.webp\" alt=\"\" \/><\/p>\n<h2>Con\u00e7u pour les environnements r\u00e9els<\/h2>\n<p>L&#039;\u00e9cran Linea Full Screen est sp\u00e9cialement con\u00e7u pour les emplacements \u00e0 fort passage et \u00e0 forte visibilit\u00e9, o\u00f9 les \u00e9crans standards passent inaper\u00e7us. Sa grande toile verticale et sa conception autoportante en font la solution id\u00e9ale pour\u00a0:<\/p>\n<p>\tCentres commerciaux et magasins phares<\/p>\n<p>\tHalls d&#039;entr\u00e9e et si\u00e8ges sociaux des entreprises<\/p>\n<p>\tA\u00e9roports, gares et p\u00f4les de transport<\/p>\n<p>\tH\u00f4pitaux et \u00e9tablissements de soins de sant\u00e9<\/p>\n<p>\tMus\u00e9es, galeries et espaces \u00e9v\u00e9nementiels<\/p>\n<p>Qu\u2019elle soit utilis\u00e9e pour raconter l\u2019histoire d\u2019une marque, pour l\u2019orientation, pour des promotions ou pour la diffusion d\u2019informations, Linea Full Screen devient un point d\u2019ancrage visuel dans l\u2019espace.<\/p>\n<h2>Une pr\u00e9sence physique qui attire l&#039;attention<\/h2>\n<p>Contrairement aux \u00e9crans muraux ou aux bornes interactives classiques, Linea Full Screen cr\u00e9e un rep\u00e8re vertical fort, visible dans les espaces ouverts et sur de longues distances.<\/p>\n<p>Sa hauteur et ses proportions sont con\u00e7ues pour\u00a0:<\/p>\n<p>\tCapter l&#039;attention \u00e0 distance<\/p>\n<p>\tAlignez le contenu naturellement dans le champ de vision humain.<\/p>\n<p>\tSe d\u00e9marquer dans des environnements architecturaux ouverts<\/p>\n<p>\tCr\u00e9ez une surface de pr\u00e9sentation haut de gamme, digne d&#039;une galerie d&#039;art.<\/p>\n<p>Cela le rend particuli\u00e8rement efficace pour les entr\u00e9es, les atriums et les zones de circulation centrales o\u00f9 l&#039;impact compte le plus.<\/p>\n<h2>Con\u00e7u comme une plateforme de kiosque commercial<\/h2>\n<p>Linea Full Screen n&#039;est pas un \u00e9cran grand public sur pied. Il s&#039;agit d&#039;une borne interactive commerciale con\u00e7ue sp\u00e9cifiquement pour un d\u00e9ploiement public.<\/p>\n<p>Les principales caract\u00e9ristiques sont les suivantes\u00a0:<\/p>\n<p>\tBo\u00eetier m\u00e9tallique rigide et base stable<\/p>\n<p>\tmontage des composants internes et gestion des c\u00e2bles<\/p>\n<p>\tAcc\u00e8s au service pour la maintenance<\/p>\n<p>\tCon\u00e7u pour un fonctionnement continu<\/p>\n<p>\tUn design industriel \u00e9pur\u00e9 et minimaliste qui s&#039;int\u00e8gre dans les espaces modernes<\/p>\n<p>Cela le rend particuli\u00e8rement efficace pour les entr\u00e9es, les atriums et les zones de circulation centrales o\u00f9 l&#039;impact compte le plus.<\/p>\n<h2>D\u00e9ploiement et cas d&#039;utilisation<\/h2>\n<p>Linea Full Screen est g\u00e9n\u00e9ralement d\u00e9ploy\u00e9 comme suit\u00a0:<\/p>\n<p>\tArt de raconter l&#039;histoire de la marque et objets promotionnels<\/p>\n<p>\tR\u00e9pertoires des b\u00e2timents et du campus<\/p>\n<p>\tbornes d&#039;orientation pour tous les lieux<\/p>\n<p>\tSignal\u00e9tique \u00e9v\u00e9nementielle et d&#039;exposition<\/p>\n<p>\tAffichages de communication d&#039;entreprise<\/p>\n<p>\tpanneaux d&#039;information et d&#039;annonce publics<\/p>\n<p>Son format allong\u00e9 le rend particuli\u00e8rement adapt\u00e9 aux contenus qui b\u00e9n\u00e9ficient d&#039;une composition verticale et d&#039;une hi\u00e9rarchie visuelle forte.<\/p>\n<h2>Sp\u00e9cifications techniques<\/h2>\n<p>&lt;div  class=&quot;column mcb-column mcb-item-9cb087882 one laptop-one tablet-one mobile-one column_html table{border-collapse:collapse;width:100%;}table,th,td{border:1pxsolid#ffffff;}td{background-image:url(\u2018https:\/\/humankiosk.com\/wp-content\/uploads\/2025\/01\/table-bg.webp\u2019);background-size:cover;text-align:center;padding:10px;}th{background-color:#000000;color:#ffffff;text-align:center;padding:10px;} table{border-collapse:collapse;width:100%;}table,th,td{border:1pxsolid#ffffff;}td{background-image:url(\u2018https:\/\/humankiosk.com\/wp-content\/uploads\/2025\/01\/table-bg.webp\u2019);background-size:cover;text-align:center;padding:10px;}th{background-color:#000000;color:#ffffff;text-align:center;padding:10px;} vb-item\u201d style=\u201d<br \/>\n    tableau {<br \/>\n        border-collapse : effondrement ;<br \/>\n        largeur : 100% ;<br \/>\n    }<br \/>\n    tableau, th, td {<br \/>\n        bordure : 1px solide #ffffff ;<br \/>\n    }<br \/>\n    td {<br \/>\n        background-image: url(&#039;https:\/\/humankiosk.com\/wp-content\/uploads\/2025\/01\/table-bg.webp&#039;);<br \/>\n        background-size: couverture;<br \/>\n        alignement du texte : centre ;<br \/>\n        rembourrage : 10\u00a0px\u00a0;<br \/>\n    }<br \/>\n    \u00e8me {<br \/>\n        couleur d&#039;arri\u00e8re-plan\u00a0: #000000\u00a0;<br \/>\n        couleur: #ffffff;<br \/>\n        alignement du texte : centre ;<br \/>\n        rembourrage : 10\u00a0px\u00a0;<br \/>\n    }<br \/>\n\u201d &gt;<\/p>\n<p>      Cat\u00e9gorie<br \/>\n      \u00c9cran LCD \u00e9tir\u00e9 de 70 pouces<\/p>\n<p>      Type d&#039;affichage<br \/>\n      Panneau LCD commercial<\/p>\n<p>      Taille de l&#039;\u00e9cran en diagonale<br \/>\n      70 pouces<\/p>\n<p>      Taille du contour<br \/>\n      1735 \u00d7 692 mm<\/p>\n<p>      Zone d&#039;exposition<br \/>\n      1635 \u00d7 633 mm<\/p>\n<p>      R\u00e9solution native<br \/>\n      3840 \u00d7 1488<\/p>\n<p>      Luminosit\u00e9<br \/>\n      450 nits r\u00e9glable<\/p>\n<p>      Angle de vue<br \/>\n      89\u00b0 \/ 89\u00b0 \/ 89\u00b0 \/ 89\u00b0 (Haut, Bas, Gauche, Droite)<\/p>\n<p>      Temps de r\u00e9ponse<br \/>\n      5 ms<\/p>\n<p>      Panel Life<br \/>\n      50 000 heures ou plus<\/p>\n<p>      Touche<br \/>\n      Non<\/p>\n<p>      Sortie audio<br \/>\n      2 haut-parleurs de 5 W<\/p>\n<p>      Puissance d&#039;entr\u00e9e<br \/>\n      CA 90 \u00e0 240 V<\/p>\n<p>      Consommation d&#039;\u00e9nergie<br \/>\n      Moins de 180 W<\/p>\n<p>      Enceinte<br \/>\n      armoire en fer industriel<\/p>\n<p>      Protection frontale<br \/>\n      Verre tremp\u00e9 haute transparence, \u00e9paisseur de 4 \u00e0 5 mm<\/p>\n<p>      Finition de surface<br \/>\n      Rev\u00eatement en poudre industriel avec texture anti-usure<\/p>\n<p>      processeur<br \/>\n      Processeur quadric\u0153ur Rockchip RK3568 jusqu&#039;\u00e0 2,0 GHz<\/p>\n<p>      GPU<br \/>\n      Le Mali G52 prend en charge OpenGL ES 1.1, 2.0, 3.2, OpenCL 2.0 et Vulkan 1.1.<\/p>\n<p>      M\u00e9moire<br \/>\n      2 Go DDR3<\/p>\n<p>      Stockage<br \/>\n      M\u00e9moire flash NAND de 32 Go<\/p>\n<p>      stockage externe<br \/>\n      Prend en charge les cartes SD jusqu&#039;\u00e0 32 Go<\/p>\n<p>      Alimentation<br \/>\n      Module d&#039;alimentation industriel CA 100 \u00e0 240 V 50 ou 60 Hz<\/p>\n<h2>Faisant partie de la famille Linea par <a href=\"https:\/\/mediatile.com\/interactive-kiosks\/#Linea-Kiosks\">MediaTile<\/a><\/h2>\n<p>Le kiosque Linea Full Screen fait partie de la gamme d&#039;\u00e9crans Linea de MediaTile et est con\u00e7u pour s&#039;int\u00e9grer parfaitement dans un \u00e9cosyst\u00e8me d&#039;affichage num\u00e9rique complet, de la gestion de contenu au d\u00e9ploiement r\u00e9seau.<\/p>\n<p><a href=\"https:\/\/humankiosk.com\/fr\/bornes-numeriques-linea\/\" title=\"\"><img decoding=\"async\" src=\"https:\/\/humankiosk.com\/wp-content\/uploads\/2025\/12\/Linea-kiosk-thumb-1.webp\" alt=\"Kiosque Linea pouce 1\" \/><\/a><a href=\"https:\/\/humankiosk.com\/fr\/bornes-numeriques-linea\/\" title=\"\">.path{fill:none;stroke:#333;stroke-miterlimit:10;stroke-width:1.5px;}<\/a><\/p>\n<p>KIOSQUES INTERACTIFS LINEA<\/p>\n<p>Solution tactile tout-en-un pour tout environnement<\/p>\n<p>La gamme Linea de HumanKiosk est une famille polyvalente de bornes num\u00e9riques sur pied destin\u00e9es au libre-service, \u00e0 l&#039;orientation et \u00e0 l&#039;affichage d&#039;informations dans les espaces publics.<\/p>\n<p><a href=\"https:\/\/humankiosk.com\/fr\/bornes-numeriques-linea\/\">SP\u00c9CIFICATIONS COMPL\u00c8TES DU PRODUIT<\/a><\/p>\n<p><a href=\"https:\/\/humankiosk.com\/fr\/ligne-plein-ecran\/\" title=\"\"><img decoding=\"async\" src=\"https:\/\/humankiosk.com\/wp-content\/uploads\/2026\/01\/Linea-Full-Screen-kiosk-thumb.webp\" alt=\"vignette du kiosque Linea plein \u00e9cran\" \/><\/a><a href=\"https:\/\/humankiosk.com\/fr\/ligne-plein-ecran\/\" title=\"\">.path{fill:none;stroke:#333;stroke-miterlimit:10;stroke-width:1.5px;}<\/a><\/p>\n<p>KIOSQUE PLEIN \u00c9CRAN LINEA<\/p>\n<p>Bornes libre-service et d&#039;information con\u00e7ues pour une utilisation r\u00e9elle<\/p>\n<p>Son \u00e9cran vertical ultra-haut cr\u00e9e une toile continue pleine hauteur qui attire l&#039;attention et am\u00e9liore la clart\u00e9 des messages dans les espaces publics.<\/p>\n<p><a href=\"https:\/\/humankiosk.com\/fr\/ligne-plein-ecran\/\">SP\u00c9CIFICATIONS COMPL\u00c8TES DU PRODUIT<\/a><\/p>\n<p><a href=\"https:\/\/humankiosk.com\/fr\/ligne-double-face\/\" title=\"\"><img decoding=\"async\" src=\"https:\/\/humankiosk.com\/wp-content\/uploads\/2026\/01\/Linea-Double-Sided-Kiosk-thumb.webp\" alt=\"Borne double face Linea\" \/><\/a><a href=\"https:\/\/humankiosk.com\/fr\/ligne-double-face\/\" title=\"\">.path{fill:none;stroke:#333;stroke-miterlimit:10;stroke-width:1.5px;}<\/a><\/p>\n<p>KIOSQUE DOUBLE FACE LINEA<\/p>\n<p>Borne d&#039;affichage num\u00e9rique double face con\u00e7ue pour les environnements \u00e0 forte visibilit\u00e9.<\/p>\n<p>Le Linea Double Sided de HumanKiosk est une borne d&#039;affichage num\u00e9rique int\u00e9rieure con\u00e7ue pour les endroits o\u00f9 la visibilit\u00e9 des deux c\u00f4t\u00e9s est essentielle. <\/p>\n<p><a href=\"https:\/\/humankiosk.com\/fr\/ligne-double-face\/\">SP\u00c9CIFICATIONS COMPL\u00c8TES DU PRODUIT<\/a><\/p>\n<h3>COMMENCER<\/h3>\n<p>L&#039;ajout d&#039;une signalisation num\u00e9rique est un excellent moyen d&#039;accro\u00eetre la notori\u00e9t\u00e9 de la marque et d&#039;augmenter l&#039;engagement des clients. Si vous souhaitez commencer ou d\u00e9velopper vos besoins en communication visuelle, veuillez nous envoyer un e-mail ou nous appeler. <a href=\"https:\/\/humankiosk.com\/fr\/devenir-partenaire\/\" title=\"\">Partenaire avec nous<\/a><br \/>\n<a href=\"https:\/\/humankiosk.com\/fr\/demande-dinformations\/\" title=\"\">Demande d&#039;info<\/a><\/p>","protected":false},"excerpt":{"rendered":"<p>Linea Full Screen A Tall Format Digital Kiosk for High Impact Public Spaces The Linea Full Screen is a large format vertical digital kiosk designed for<span class=\"excerpt-hellip\"> [\u2026]<\/span><\/p>\n","protected":false},"author":1,"featured_media":-1,"parent":0,"menu_order":0,"comment_status":"closed","ping_status":"closed","template":"","meta":{"footnotes":""},"class_list":["post-3964","page","type-page","status-publish","has-post-thumbnail","hentry"],"yoast_head":"<!-- This site is optimized with the Yoast SEO plugin v27.2 - https:\/\/yoast.com\/product\/yoast-seo-wordpress\/ -->\n<title>Linea Full Screen - humanKIOSK<\/title>\n<meta name=\"description\" content=\"Ultra tall vertical digital signage kiosk designed for high-impact indoor messaging in retail, corporate and public environments.\" \/>\n<meta name=\"robots\" content=\"index, follow, max-snippet:-1, max-image-preview:large, max-video-preview:-1\" \/>\n<link rel=\"canonical\" href=\"https:\/\/humankiosk.com\/fr\/ligne-plein-ecran\/\" \/>\n<meta property=\"og:locale\" content=\"fr_CA\" \/>\n<meta property=\"og:type\" content=\"article\" \/>\n<meta property=\"og:title\" content=\"Linea Full Screen - humanKIOSK\" \/>\n<meta property=\"og:description\" content=\"Ultra tall vertical digital signage kiosk designed for high-impact indoor messaging in retail, corporate and public environments.\" \/>\n<meta property=\"og:url\" content=\"https:\/\/humankiosk.com\/fr\/ligne-plein-ecran\/\" \/>\n<meta property=\"og:site_name\" content=\"humanKIOSK\" \/>\n<meta property=\"article:publisher\" content=\"https:\/\/www.facebook.com\/humankiosk\/\" \/>\n<meta property=\"article:modified_time\" content=\"2026-01-21T18:49:50+00:00\" \/>\n<meta name=\"twitter:card\" content=\"summary_large_image\" \/>\n<meta name=\"twitter:site\" content=\"@human_kiosk\" \/>\n<meta name=\"twitter:label1\" content=\"Estimation du temps de lecture\" \/>\n\t<meta name=\"twitter:data1\" content=\"5 minutes\" \/>\n<script type=\"application\/ld+json\" class=\"yoast-schema-graph\">{\"@context\":\"https:\/\/schema.org\",\"@graph\":[{\"@type\":\"WebPage\",\"@id\":\"https:\/\/humankiosk.com\/fr\/ligne-plein-ecran\/\",\"url\":\"https:\/\/humankiosk.com\/fr\/ligne-plein-ecran\/\",\"name\":\"Linea Full Screen - humanKIOSK\",\"isPartOf\":{\"@id\":\"https:\/\/52.60.63.222\/#website\"},\"primaryImageOfPage\":{\"@id\":\"https:\/\/humankiosk.com\/fr\/ligne-plein-ecran\/#primaryimage\"},\"image\":{\"@id\":\"https:\/\/humankiosk.com\/fr\/ligne-plein-ecran\/#primaryimage\"},\"thumbnailUrl\":\"https:\/\/humankiosk.com\/wp-content\/uploads\/2026\/01\/Linea-Full-Screen-kiosk-header.webp\",\"datePublished\":\"2026-01-15T18:57:47+00:00\",\"dateModified\":\"2026-01-21T18:49:50+00:00\",\"description\":\"Ultra tall vertical digital signage kiosk designed for high-impact indoor messaging in retail, corporate and public environments.\",\"breadcrumb\":{\"@id\":\"https:\/\/humankiosk.com\/fr\/ligne-plein-ecran\/#breadcrumb\"},\"inLanguage\":\"fr-CA\",\"potentialAction\":[{\"@type\":\"ReadAction\",\"target\":[\"https:\/\/humankiosk.com\/fr\/ligne-plein-ecran\/\"]}]},{\"@type\":\"ImageObject\",\"inLanguage\":\"fr-CA\",\"@id\":\"https:\/\/humankiosk.com\/fr\/ligne-plein-ecran\/#primaryimage\",\"url\":\"https:\/\/humankiosk.com\/wp-content\/uploads\/2026\/01\/Linea-Full-Screen-kiosk-header.webp\",\"contentUrl\":\"https:\/\/humankiosk.com\/wp-content\/uploads\/2026\/01\/Linea-Full-Screen-kiosk-header.webp\"},{\"@type\":\"BreadcrumbList\",\"@id\":\"https:\/\/humankiosk.com\/fr\/ligne-plein-ecran\/#breadcrumb\",\"itemListElement\":[{\"@type\":\"ListItem\",\"position\":1,\"name\":\"Home\",\"item\":\"https:\/\/52.60.63.222\/\"},{\"@type\":\"ListItem\",\"position\":2,\"name\":\"Linea Full Screen\"}]},{\"@type\":\"WebSite\",\"@id\":\"https:\/\/52.60.63.222\/#website\",\"url\":\"https:\/\/52.60.63.222\/\",\"name\":\"humanKIOSK\",\"description\":\"CORUM DIGITAL\",\"potentialAction\":[{\"@type\":\"SearchAction\",\"target\":{\"@type\":\"EntryPoint\",\"urlTemplate\":\"https:\/\/52.60.63.222\/?s={search_term_string}\"},\"query-input\":{\"@type\":\"PropertyValueSpecification\",\"valueRequired\":true,\"valueName\":\"search_term_string\"}}],\"inLanguage\":\"fr-CA\"}]}<\/script>\n<!-- \/ Yoast SEO plugin. -->","yoast_head_json":{"title":"Linea Plein \u00e9cran - HumanKIOSK","description":"Borne d&#039;affichage num\u00e9rique verticale ultra-haute con\u00e7ue pour une diffusion percutante de messages en int\u00e9rieur dans les commerces, les entreprises et les espaces publics.","robots":{"index":"index","follow":"follow","max-snippet":"max-snippet:-1","max-image-preview":"max-image-preview:large","max-video-preview":"max-video-preview:-1"},"canonical":"https:\/\/humankiosk.com\/fr\/ligne-plein-ecran\/","og_locale":"fr_CA","og_type":"article","og_title":"Linea Full Screen - humanKIOSK","og_description":"Ultra tall vertical digital signage kiosk designed for high-impact indoor messaging in retail, corporate and public environments.","og_url":"https:\/\/humankiosk.com\/fr\/ligne-plein-ecran\/","og_site_name":"humanKIOSK","article_publisher":"https:\/\/www.facebook.com\/humankiosk\/","article_modified_time":"2026-01-21T18:49:50+00:00","twitter_card":"summary_large_image","twitter_site":"@human_kiosk","twitter_misc":{"Estimation du temps de lecture":"5 minutes"},"schema":{"@context":"https:\/\/schema.org","@graph":[{"@type":"WebPage","@id":"https:\/\/humankiosk.com\/fr\/ligne-plein-ecran\/","url":"https:\/\/humankiosk.com\/fr\/ligne-plein-ecran\/","name":"Linea Plein \u00e9cran - HumanKIOSK","isPartOf":{"@id":"https:\/\/52.60.63.222\/#website"},"primaryImageOfPage":{"@id":"https:\/\/humankiosk.com\/fr\/ligne-plein-ecran\/#primaryimage"},"image":{"@id":"https:\/\/humankiosk.com\/fr\/ligne-plein-ecran\/#primaryimage"},"thumbnailUrl":"https:\/\/humankiosk.com\/wp-content\/uploads\/2026\/01\/Linea-Full-Screen-kiosk-header.webp","datePublished":"2026-01-15T18:57:47+00:00","dateModified":"2026-01-21T18:49:50+00:00","description":"Borne d&#039;affichage num\u00e9rique verticale ultra-haute con\u00e7ue pour une diffusion percutante de messages en int\u00e9rieur dans les commerces, les entreprises et les espaces publics.","breadcrumb":{"@id":"https:\/\/humankiosk.com\/fr\/ligne-plein-ecran\/#breadcrumb"},"inLanguage":"fr-CA","potentialAction":[{"@type":"ReadAction","target":["https:\/\/humankiosk.com\/fr\/ligne-plein-ecran\/"]}]},{"@type":"ImageObject","inLanguage":"fr-CA","@id":"https:\/\/humankiosk.com\/fr\/ligne-plein-ecran\/#primaryimage","url":"https:\/\/humankiosk.com\/wp-content\/uploads\/2026\/01\/Linea-Full-Screen-kiosk-header.webp","contentUrl":"https:\/\/humankiosk.com\/wp-content\/uploads\/2026\/01\/Linea-Full-Screen-kiosk-header.webp"},{"@type":"BreadcrumbList","@id":"https:\/\/humankiosk.com\/fr\/ligne-plein-ecran\/#breadcrumb","itemListElement":[{"@type":"ListItem","position":1,"name":"Home","item":"https:\/\/52.60.63.222\/"},{"@type":"ListItem","position":2,"name":"Linea Full Screen"}]},{"@type":"WebSite","@id":"https:\/\/52.60.63.222\/#website","url":"https:\/\/52.60.63.222\/","name":"humainKIOSK","description":"CORUM DIGITAL","potentialAction":[{"@type":"SearchAction","target":{"@type":"EntryPoint","urlTemplate":"https:\/\/52.60.63.222\/?s={search_term_string}"},"query-input":{"@type":"PropertyValueSpecification","valueRequired":true,"valueName":"search_term_string"}}],"inLanguage":"fr-CA"}]}},"_links":{"self":[{"href":"https:\/\/humankiosk.com\/fr\/wp-json\/wp\/v2\/pages\/3964","targetHints":{"allow":["GET"]}}],"collection":[{"href":"https:\/\/humankiosk.com\/fr\/wp-json\/wp\/v2\/pages"}],"about":[{"href":"https:\/\/humankiosk.com\/fr\/wp-json\/wp\/v2\/types\/page"}],"author":[{"embeddable":true,"href":"https:\/\/humankiosk.com\/fr\/wp-json\/wp\/v2\/users\/1"}],"replies":[{"embeddable":true,"href":"https:\/\/humankiosk.com\/fr\/wp-json\/wp\/v2\/comments?post=3964"}],"version-history":[{"count":3,"href":"https:\/\/humankiosk.com\/fr\/wp-json\/wp\/v2\/pages\/3964\/revisions"}],"predecessor-version":[{"id":4002,"href":"https:\/\/humankiosk.com\/fr\/wp-json\/wp\/v2\/pages\/3964\/revisions\/4002"}],"wp:featuredmedia":[{"embeddable":true,"href":"https:\/\/humankiosk.com\/fr\/wp-json\/"}],"wp:attachment":[{"href":"https:\/\/humankiosk.com\/fr\/wp-json\/wp\/v2\/media?parent=3964"}],"curies":[{"name":"wp","href":"https:\/\/api.w.org\/{rel}","templated":true}]}}