{"id":3974,"date":"2026-01-15T18:56:07","date_gmt":"2026-01-15T18:56:07","guid":{"rendered":"https:\/\/humankiosk.com\/?page_id=3974"},"modified":"2026-01-21T19:00:19","modified_gmt":"2026-01-21T19:00:19","slug":"ligne-double-face","status":"publish","type":"page","link":"https:\/\/humankiosk.com\/fr\/linea-double-sided\/","title":{"rendered":"Ligne double face"},"content":{"rendered":"<p><img decoding=\"async\" src=\"https:\/\/humankiosk.com\/wp-content\/uploads\/2026\/01\/Linea-Double-Sided-header.webp\" alt=\"En-t\u00eate double face Linea\" \/><\/p>\n<h1>Bornes interactives double face Linea<\/h1>\n<p>Borne d&#039;affichage num\u00e9rique double face pour environnements \u00e0 haute visibilit\u00e9<\/p>\n<p>Linea Double Sided de HumanKiosk est une borne d&#039;affichage num\u00e9rique double face d&#039;int\u00e9rieur, con\u00e7ue pour les lieux o\u00f9 les messages doivent \u00eatre visibles simultan\u00e9ment depuis plusieurs directions. Compos\u00e9e de deux \u00e9crans professionnels dos \u00e0 dos, cette unit\u00e9 permet de toucher un public circulant dans les couloirs, les espaces ouverts et les zones de passage, sans dupliquer le mat\u00e9riel ni l&#039;espace au sol.<\/p>\n<p>Son design architectural \u00e9pur\u00e9 et sa construction commerciale en font un choix id\u00e9al pour les environnements de vente au d\u00e9tail, les installations de transport, les immeubles de bureaux et les lieux publics o\u00f9 une performance fiable et une clart\u00e9 visuelle sont essentielles.<\/p>\n<p><a href=\"https:\/\/humankiosk.com\/fr\/demande-dinformations\/\" title=\"\">DEMANDE D&#039;INFO<\/a><\/p>\n<p>\t\t\t\t#sc_gallery-5369 {<br \/>\n\t\t\t\t\tmarge : automatique ;<br \/>\n\t\t\t\t}<br \/>\n\t\t\t\t#sc_gallery-5369 .gallery-item {<br \/>\n\t\t\t\t\tflotter : gauche ;<br \/>\n\t\t\t\t\talignement du texte : centre ;<br \/>\n\t\t\t\t\tlargeur : 24,99% ;<br \/>\n\t\t\t\t}<br \/>\n\t\t\t\t#sc_gallery-5369 img {<br \/>\n\t\t\t\t\tbordure\u00a0: 2px solide #cfcfcf\u00a0;<br \/>\n\t\t\t\t}<br \/>\n\t\t\t\t\/* voir sc_gallery() dans functions\/theme-shortcodes.php *\/<\/p>\n<p>\t\t\t\t\t<a href='https:\/\/humankiosk.com\/wp-content\/uploads\/2026\/01\/Linea-Double-Sided-gallery1.webp'><img decoding=\"async\" src=\"https:\/\/humankiosk.com\/wp-content\/uploads\/2026\/01\/Linea-Double-Sided-gallery1.webp\" alt=\"Galerie de kiosques double face Linea 1\" \/><\/a><\/p>\n<p>\t\t\t\t\t<a href='https:\/\/humankiosk.com\/wp-content\/uploads\/2026\/01\/Linea-Double-Sided-Kiosk-gallery2.webp'><img decoding=\"async\" src=\"https:\/\/humankiosk.com\/wp-content\/uploads\/2026\/01\/Linea-Double-Sided-Kiosk-gallery2.webp\" alt=\"Galerie de kiosques double face Linea 2\" \/><\/a><\/p>\n<p>\t\t\t\t\t<a href='https:\/\/humankiosk.com\/wp-content\/uploads\/2026\/01\/Linea-Double-Sided-Kiosk-gallery3.webp'><img decoding=\"async\" src=\"https:\/\/humankiosk.com\/wp-content\/uploads\/2026\/01\/Linea-Double-Sided-Kiosk-gallery3.webp\" alt=\"Galerie 3 du kiosque double face Linea\" \/><\/a><\/p>\n<p>\t\t\t\t\t<a href='https:\/\/humankiosk.com\/wp-content\/uploads\/2026\/01\/Linea-Double-Sided-Kiosk-gallery4.webp'><img decoding=\"async\" src=\"https:\/\/humankiosk.com\/wp-content\/uploads\/2026\/01\/Linea-Double-Sided-Kiosk-gallery4.webp\" alt=\"Galerie 4 du kiosque double face Linea\" \/><\/a><\/p>\n<p><img decoding=\"async\" src=\"https:\/\/humankiosk.com\/wp-content\/uploads\/2026\/01\/Linea-Double-Sided-open-side-view.webp\" alt=\"Linea Double Face vue lat\u00e9rale ouverte\" \/><\/p>\n<h2>Quand les \u00e9crans standard ne suffisent pas<\/h2>\n<h3>Conception \u00e0 double \u00e9cran<\/h3>\n<p>Deux \u00e9crans positionn\u00e9s dans des directions oppos\u00e9es permettent \u00e0 votre contenu d&#039;atteindre les personnes venant des deux c\u00f4t\u00e9s, ce qui rend ce kiosque id\u00e9al pour les all\u00e9es, les entr\u00e9es et les espaces ouverts.<\/p>\n<h3>Sortie visuelle haute r\u00e9solution<\/h3>\n<p>Chaque \u00e9cran est con\u00e7u pour une utilisation professionnelle en signal\u00e9tique et prend en charge une r\u00e9solution jusqu&#039;\u00e0 4K, offrant des graphismes nets, un texte pr\u00e9cis et une reproduction des couleurs \u00e9clatante.<\/p>\n<h3>Con\u00e7u pour les environnements commerciaux<\/h3>\n<p>Le bo\u00eetier et les composants internes sont s\u00e9lectionn\u00e9s pour une utilisation publique continue et une fiabilit\u00e9 \u00e0 long terme dans des environnements int\u00e9rieurs exigeants.<\/p>\n<h3>Apparence propre et architecturale<\/h3>\n<p>Sa forme fine et moderne s&#039;int\u00e8gre facilement aux espaces professionnels sans d\u00e9tourner l&#039;attention de votre environnement ou de votre contenu.<\/p>\n<h3>Con\u00e7u pour une utilisation continue<\/h3>\n<p>Gr\u00e2ce \u00e0 la longue dur\u00e9e de vie de ses panneaux et \u00e0 ses composants con\u00e7us pour un fonctionnement prolong\u00e9, Linea Double Sided est parfaitement adapt\u00e9 aux r\u00e9seaux d&#039;affichage num\u00e9rique fonctionnant en permanence.<\/p>\n<h2>Con\u00e7u pour l&#039;affichage num\u00e9rique professionnel<\/h2>\n<p>Linea Double Sided est sp\u00e9cialement con\u00e7ue pour les organisations qui utilisent l&#039;affichage dynamique comme outil de communication essentiel. Sa configuration \u00e0 double \u00e9cran est particuli\u00e8rement efficace dans les espaces o\u00f9 les personnes circulent dans plusieurs directions, permettant ainsi \u00e0 un seul \u00e9cran de toucher deux fois plus de monde.<\/p>\n<p>Qu\u2019il soit utilis\u00e9 pour la publicit\u00e9, l\u2019image de marque, l\u2019information ou l\u2019orientation, ce format permet de maximiser la valeur de chaque point d\u2019installation tout en conservant une pr\u00e9sentation propre et organis\u00e9e.<\/p>\n<h2>L\u00e0 o\u00f9 il brille<\/h2>\n<h3>Centres commerciaux et de vente au d\u00e9tail<\/h3>\n<p>Id\u00e9al pour les promotions, le branding et la publicit\u00e9 dans les couloirs et les espaces ouverts \u00e0 double sens de circulation.<\/p>\n<h3>A\u00e9roports et infrastructures de transport<\/h3>\n<p>Id\u00e9al pour l&#039;affichage d&#039;informations, la publicit\u00e9 et la signalisation dans les zones \u00e0 fort trafic.<\/p>\n<h3>Immeubles de bureaux et d&#039;entreprises<\/h3>\n<p>Un choix judicieux pour la communication dans les halls d&#039;entr\u00e9e, les annonces et les messages d&#039;entreprise dans les espaces partag\u00e9s.<\/p>\n<h3>Expositions et lieux publics<\/h3>\n<p>Id\u00e9al pour le contenu des sponsors, les informations sur les \u00e9v\u00e9nements et la signal\u00e9tique directionnelle dans les environnements tr\u00e8s fr\u00e9quent\u00e9s.<\/p>\n<h2>Kiosque Linea double face<\/h2>\n<p>&lt;div  class=&quot;column mcb-column mcb-item-d1e0a59df one laptop-one tablet-one mobile-one column_html table{border-collapse:collapse;width:100%;}table,th,td{border:1pxsolid#ffffff;}td{background-image:url(\u2018https:\/\/humankiosk.com\/wp-content\/uploads\/2025\/01\/table-bg.webp\u2019);background-size:cover;text-align:center;padding:10px;}th{background-color:#000000;color:#ffffff;text-align:center;padding:10px;} table{border-collapse:collapse;width:100%;}table,th,td{border:1pxsolid#ffffff;}td{background-image:url(\u2018https:\/\/humankiosk.com\/wp-content\/uploads\/2025\/01\/table-bg.webp\u2019);background-size:cover;text-align:center;padding:10px;}th{background-color:#000000;color:#ffffff;text-align:center;padding:10px;} vb-item\u201d style=\u201d<br \/>\n    tableau {<br \/>\n        border-collapse : effondrement ;<br \/>\n        largeur : 100% ;<br \/>\n    }<br \/>\n    tableau, th, td {<br \/>\n        bordure : 1px solide #ffffff ;<br \/>\n    }<br \/>\n    td {<br \/>\n        background-image: url(&#039;https:\/\/humankiosk.com\/wp-content\/uploads\/2025\/01\/table-bg.webp&#039;);<br \/>\n        background-size: couverture;<br \/>\n        alignement du texte : centre ;<br \/>\n        rembourrage : 10\u00a0px\u00a0;<br \/>\n    }<br \/>\n    \u00e8me {<br \/>\n        couleur d&#039;arri\u00e8re-plan\u00a0: #000000\u00a0;<br \/>\n        couleur: #ffffff;<br \/>\n        alignement du texte : centre ;<br \/>\n        rembourrage : 10\u00a0px\u00a0;<br \/>\n    }<br \/>\n\u201d &gt;<\/p>\n<p>      Cat\u00e9gorie<br \/>\n      Ligne double face<\/p>\n<p>      Configuration d&#039;affichage<br \/>\n      Deux \u00e9crans dos \u00e0 dos<\/p>\n<p>      Taille de l&#039;\u00e9cran<br \/>\n      2 \u00d7 55 pouces<\/p>\n<p>      Type de panneau<br \/>\n      panneaux r\u00e9tro\u00e9clair\u00e9s LED commerciaux<\/p>\n<p>      R\u00e9solution native<br \/>\n      Jusqu&#039;\u00e0 3840 \u00d7 2160 (4K) par \u00e9cran<\/p>\n<p>      Rapport hauteur\/largeur<br \/>\n      16:9<\/p>\n<p>      Luminosit\u00e9<br \/>\n      350 nits<\/p>\n<p>      Rapport de contraste<br \/>\n      1400:1<\/p>\n<p>      Angle de vue<br \/>\n      178\u00b0 horizontal \/ 178\u00b0 vertical<\/p>\n<p>      Temps de r\u00e9ponse<br \/>\n      8 ms<\/p>\n<p>      Couleurs d&#039;affichage<br \/>\n      16,7 millions<\/p>\n<p>      Panel Life<br \/>\n      50 000 heures<\/p>\n<p>      Orientation<br \/>\n      Portrait<\/p>\n<p>      Touche<br \/>\n      Sans contact<\/p>\n<p>      Construction<br \/>\n      Bo\u00eetier m\u00e9tallique de qualit\u00e9 commerciale avec protection en verre tremp\u00e9<\/p>\n<p>      Utilisation pr\u00e9vue<br \/>\n      affichage num\u00e9rique int\u00e9rieur<\/p>\n<p>      Fonctionnement<br \/>\n      Con\u00e7u pour un fonctionnement continu<\/p>\n<h2>Faisant partie de la famille Linea par <a href=\"https:\/\/mediatile.com\/interactive-kiosks\/#Linea-Kiosks\">MediaTile<\/a><\/h2>\n<p>Le kiosque Linea Full Screen fait partie de la gamme d&#039;\u00e9crans Linea de MediaTile et est con\u00e7u pour s&#039;int\u00e9grer parfaitement dans un \u00e9cosyst\u00e8me d&#039;affichage num\u00e9rique complet, de la gestion de contenu au d\u00e9ploiement r\u00e9seau.<\/p>\n<p><a href=\"https:\/\/humankiosk.com\/fr\/bornes-numeriques-linea\/\" title=\"\"><img decoding=\"async\" src=\"https:\/\/humankiosk.com\/wp-content\/uploads\/2025\/12\/Linea-kiosk-thumb-1.webp\" alt=\"Kiosque Linea pouce 1\" \/><\/a><a href=\"https:\/\/humankiosk.com\/fr\/bornes-numeriques-linea\/\" title=\"\">.path{fill:none;stroke:#333;stroke-miterlimit:10;stroke-width:1.5px;}<\/a><\/p>\n<p>KIOSQUES INTERACTIFS LINEA<\/p>\n<p>Solution tactile tout-en-un pour tout environnement<\/p>\n<p>La gamme Linea de HumanKiosk est une famille polyvalente de bornes num\u00e9riques sur pied destin\u00e9es au libre-service, \u00e0 l&#039;orientation et \u00e0 l&#039;affichage d&#039;informations dans les espaces publics.<\/p>\n<p><a href=\"https:\/\/humankiosk.com\/fr\/bornes-numeriques-linea\/\">SP\u00c9CIFICATIONS COMPL\u00c8TES DU PRODUIT<\/a><\/p>\n<p><a href=\"https:\/\/humankiosk.com\/fr\/ligne-plein-ecran\/\" title=\"\"><img decoding=\"async\" src=\"https:\/\/humankiosk.com\/wp-content\/uploads\/2026\/01\/Linea-Full-Screen-kiosk-thumb.webp\" alt=\"vignette du kiosque Linea plein \u00e9cran\" \/><\/a><a href=\"https:\/\/humankiosk.com\/fr\/ligne-plein-ecran\/\" title=\"\">.path{fill:none;stroke:#333;stroke-miterlimit:10;stroke-width:1.5px;}<\/a><\/p>\n<p>KIOSQUE PLEIN \u00c9CRAN LINEA<\/p>\n<p>Bornes libre-service et d&#039;information con\u00e7ues pour une utilisation r\u00e9elle<\/p>\n<p>Son \u00e9cran vertical ultra-haut cr\u00e9e une toile continue pleine hauteur qui attire l&#039;attention et am\u00e9liore la clart\u00e9 des messages dans les espaces publics.<\/p>\n<p><a href=\"https:\/\/humankiosk.com\/fr\/ligne-plein-ecran\/\">SP\u00c9CIFICATIONS COMPL\u00c8TES DU PRODUIT<\/a><\/p>\n<p><a href=\"https:\/\/humankiosk.com\/fr\/ligne-double-face\/\" title=\"\"><img decoding=\"async\" src=\"https:\/\/humankiosk.com\/wp-content\/uploads\/2026\/01\/Linea-Double-Sided-Kiosk-thumb.webp\" alt=\"Borne double face Linea\" \/><\/a><a href=\"https:\/\/humankiosk.com\/fr\/ligne-double-face\/\" title=\"\">.path{fill:none;stroke:#333;stroke-miterlimit:10;stroke-width:1.5px;}<\/a><\/p>\n<p>KIOSQUE DOUBLE FACE LINEA<\/p>\n<p>Borne d&#039;affichage num\u00e9rique double face con\u00e7ue pour les environnements \u00e0 forte visibilit\u00e9.<\/p>\n<p>Le Linea Double Sided de HumanKiosk est une borne d&#039;affichage num\u00e9rique int\u00e9rieure con\u00e7ue pour les endroits o\u00f9 la visibilit\u00e9 des deux c\u00f4t\u00e9s est essentielle. <\/p>\n<p><a href=\"https:\/\/humankiosk.com\/fr\/ligne-double-face\/\">SP\u00c9CIFICATIONS COMPL\u00c8TES DU PRODUIT<\/a><\/p>\n<h3>COMMENCER<\/h3>\n<p>L&#039;ajout d&#039;une signalisation num\u00e9rique est un excellent moyen d&#039;accro\u00eetre la notori\u00e9t\u00e9 de la marque et d&#039;augmenter l&#039;engagement des clients. Si vous souhaitez commencer ou d\u00e9velopper vos besoins en communication visuelle, veuillez nous envoyer un e-mail ou nous appeler. <a href=\"https:\/\/humankiosk.com\/fr\/devenir-partenaire\/\" title=\"\">Partenaire avec nous<\/a><br \/>\n<a href=\"https:\/\/humankiosk.com\/fr\/demande-dinformations\/\" title=\"\">Demande d&#039;info<\/a><\/p>","protected":false},"excerpt":{"rendered":"<p>Linea Double Sided Interactive Kiosks Double Sided Digital Signage Kiosk for High Visibility Environments Linea Double Sided from HumanKiosk is an indoor double sided digital signage<span class=\"excerpt-hellip\"> [\u2026]<\/span><\/p>\n","protected":false},"author":1,"featured_media":-1,"parent":0,"menu_order":0,"comment_status":"closed","ping_status":"closed","template":"","meta":{"footnotes":""},"class_list":["post-3974","page","type-page","status-publish","has-post-thumbnail","hentry"],"yoast_head":"<!-- This site is optimized with the Yoast SEO plugin v27.4 - https:\/\/yoast.com\/product\/yoast-seo-wordpress\/ -->\n<title>Linea Double Sided - humanKIOSK<\/title>\n<meta name=\"description\" content=\"Linea Double sided digital kiosk with two 55 inch 4K displays, built for high traffic indoor spaces needing visibility from both directions.\" \/>\n<meta name=\"robots\" content=\"index, follow, max-snippet:-1, max-image-preview:large, max-video-preview:-1\" \/>\n<link rel=\"canonical\" href=\"https:\/\/humankiosk.com\/fr\/ligne-double-face\/\" \/>\n<meta property=\"og:locale\" content=\"fr_CA\" \/>\n<meta property=\"og:type\" content=\"article\" \/>\n<meta property=\"og:title\" content=\"Linea Double Sided - humanKIOSK\" \/>\n<meta property=\"og:description\" content=\"Linea Double sided digital kiosk with two 55 inch 4K displays, built for high traffic indoor spaces needing visibility from both directions.\" \/>\n<meta property=\"og:url\" content=\"https:\/\/humankiosk.com\/fr\/ligne-double-face\/\" \/>\n<meta property=\"og:site_name\" content=\"humanKIOSK\" \/>\n<meta property=\"article:publisher\" content=\"https:\/\/www.facebook.com\/humankiosk\/\" \/>\n<meta property=\"article:modified_time\" content=\"2026-01-21T19:00:19+00:00\" \/>\n<meta name=\"twitter:card\" content=\"summary_large_image\" \/>\n<meta name=\"twitter:site\" content=\"@human_kiosk\" \/>\n<script type=\"application\/ld+json\" class=\"yoast-schema-graph\">{\"@context\":\"https:\\\/\\\/schema.org\",\"@graph\":[{\"@type\":\"WebPage\",\"@id\":\"https:\\\/\\\/humankiosk.com\\\/fr\\\/ligne-double-face\\\/\",\"url\":\"https:\\\/\\\/humankiosk.com\\\/fr\\\/ligne-double-face\\\/\",\"name\":\"Linea Double Sided - humanKIOSK\",\"isPartOf\":{\"@id\":\"https:\\\/\\\/52.60.63.222\\\/#website\"},\"primaryImageOfPage\":{\"@id\":\"https:\\\/\\\/humankiosk.com\\\/fr\\\/ligne-double-face\\\/#primaryimage\"},\"image\":{\"@id\":\"https:\\\/\\\/humankiosk.com\\\/fr\\\/ligne-double-face\\\/#primaryimage\"},\"thumbnailUrl\":\"https:\\\/\\\/humankiosk.com\\\/wp-content\\\/uploads\\\/2026\\\/01\\\/Linea-Double-Sided-header.webp\",\"datePublished\":\"2026-01-15T18:56:07+00:00\",\"dateModified\":\"2026-01-21T19:00:19+00:00\",\"description\":\"Linea Double sided digital kiosk with two 55 inch 4K displays, built for high traffic indoor spaces needing visibility from both directions.\",\"breadcrumb\":{\"@id\":\"https:\\\/\\\/humankiosk.com\\\/fr\\\/ligne-double-face\\\/#breadcrumb\"},\"inLanguage\":\"fr-CA\",\"potentialAction\":[{\"@type\":\"ReadAction\",\"target\":[\"https:\\\/\\\/humankiosk.com\\\/fr\\\/ligne-double-face\\\/\"]}]},{\"@type\":\"ImageObject\",\"inLanguage\":\"fr-CA\",\"@id\":\"https:\\\/\\\/humankiosk.com\\\/fr\\\/ligne-double-face\\\/#primaryimage\",\"url\":\"https:\\\/\\\/humankiosk.com\\\/wp-content\\\/uploads\\\/2026\\\/01\\\/Linea-Double-Sided-header.webp\",\"contentUrl\":\"https:\\\/\\\/humankiosk.com\\\/wp-content\\\/uploads\\\/2026\\\/01\\\/Linea-Double-Sided-header.webp\"},{\"@type\":\"BreadcrumbList\",\"@id\":\"https:\\\/\\\/humankiosk.com\\\/fr\\\/ligne-double-face\\\/#breadcrumb\",\"itemListElement\":[{\"@type\":\"ListItem\",\"position\":1,\"name\":\"Home\",\"item\":\"https:\\\/\\\/52.60.63.222\\\/\"},{\"@type\":\"ListItem\",\"position\":2,\"name\":\"Linea Double Sided\"}]},{\"@type\":\"WebSite\",\"@id\":\"https:\\\/\\\/52.60.63.222\\\/#website\",\"url\":\"https:\\\/\\\/52.60.63.222\\\/\",\"name\":\"humanKIOSK\",\"description\":\"CORUM DIGITAL\",\"potentialAction\":[{\"@type\":\"SearchAction\",\"target\":{\"@type\":\"EntryPoint\",\"urlTemplate\":\"https:\\\/\\\/52.60.63.222\\\/?s={search_term_string}\"},\"query-input\":{\"@type\":\"PropertyValueSpecification\",\"valueRequired\":true,\"valueName\":\"search_term_string\"}}],\"inLanguage\":\"fr-CA\"}]}<\/script>\n<!-- \/ Yoast SEO plugin. -->","yoast_head_json":{"title":"Linea Double Face - HumanKIOSK","description":"Borne num\u00e9rique double face Linea avec deux \u00e9crans 4K de 55 pouces, con\u00e7ue pour les espaces int\u00e9rieurs \u00e0 fort trafic n\u00e9cessitant une visibilit\u00e9 des deux c\u00f4t\u00e9s.","robots":{"index":"index","follow":"follow","max-snippet":"max-snippet:-1","max-image-preview":"max-image-preview:large","max-video-preview":"max-video-preview:-1"},"canonical":"https:\/\/humankiosk.com\/fr\/ligne-double-face\/","og_locale":"fr_CA","og_type":"article","og_title":"Linea Double Sided - humanKIOSK","og_description":"Linea Double sided digital kiosk with two 55 inch 4K displays, built for high traffic indoor spaces needing visibility from both directions.","og_url":"https:\/\/humankiosk.com\/fr\/ligne-double-face\/","og_site_name":"humanKIOSK","article_publisher":"https:\/\/www.facebook.com\/humankiosk\/","article_modified_time":"2026-01-21T19:00:19+00:00","twitter_card":"summary_large_image","twitter_site":"@human_kiosk","schema":{"@context":"https:\/\/schema.org","@graph":[{"@type":"WebPage","@id":"https:\/\/humankiosk.com\/fr\/ligne-double-face\/","url":"https:\/\/humankiosk.com\/fr\/ligne-double-face\/","name":"Linea Double Face - HumanKIOSK","isPartOf":{"@id":"https:\/\/52.60.63.222\/#website"},"primaryImageOfPage":{"@id":"https:\/\/humankiosk.com\/fr\/ligne-double-face\/#primaryimage"},"image":{"@id":"https:\/\/humankiosk.com\/fr\/ligne-double-face\/#primaryimage"},"thumbnailUrl":"https:\/\/humankiosk.com\/wp-content\/uploads\/2026\/01\/Linea-Double-Sided-header.webp","datePublished":"2026-01-15T18:56:07+00:00","dateModified":"2026-01-21T19:00:19+00:00","description":"Borne num\u00e9rique double face Linea avec deux \u00e9crans 4K de 55 pouces, con\u00e7ue pour les espaces int\u00e9rieurs \u00e0 fort trafic n\u00e9cessitant une visibilit\u00e9 des deux c\u00f4t\u00e9s.","breadcrumb":{"@id":"https:\/\/humankiosk.com\/fr\/ligne-double-face\/#breadcrumb"},"inLanguage":"fr-CA","potentialAction":[{"@type":"ReadAction","target":["https:\/\/humankiosk.com\/fr\/ligne-double-face\/"]}]},{"@type":"ImageObject","inLanguage":"fr-CA","@id":"https:\/\/humankiosk.com\/fr\/ligne-double-face\/#primaryimage","url":"https:\/\/humankiosk.com\/wp-content\/uploads\/2026\/01\/Linea-Double-Sided-header.webp","contentUrl":"https:\/\/humankiosk.com\/wp-content\/uploads\/2026\/01\/Linea-Double-Sided-header.webp"},{"@type":"BreadcrumbList","@id":"https:\/\/humankiosk.com\/fr\/ligne-double-face\/#breadcrumb","itemListElement":[{"@type":"ListItem","position":1,"name":"Home","item":"https:\/\/52.60.63.222\/"},{"@type":"ListItem","position":2,"name":"Linea Double Sided"}]},{"@type":"WebSite","@id":"https:\/\/52.60.63.222\/#website","url":"https:\/\/52.60.63.222\/","name":"humainKIOSK","description":"CORUM DIGITAL","potentialAction":[{"@type":"SearchAction","target":{"@type":"EntryPoint","urlTemplate":"https:\/\/52.60.63.222\/?s={search_term_string}"},"query-input":{"@type":"PropertyValueSpecification","valueRequired":true,"valueName":"search_term_string"}}],"inLanguage":"fr-CA"}]}},"_links":{"self":[{"href":"https:\/\/humankiosk.com\/fr\/wp-json\/wp\/v2\/pages\/3974","targetHints":{"allow":["GET"]}}],"collection":[{"href":"https:\/\/humankiosk.com\/fr\/wp-json\/wp\/v2\/pages"}],"about":[{"href":"https:\/\/humankiosk.com\/fr\/wp-json\/wp\/v2\/types\/page"}],"author":[{"embeddable":true,"href":"https:\/\/humankiosk.com\/fr\/wp-json\/wp\/v2\/users\/1"}],"replies":[{"embeddable":true,"href":"https:\/\/humankiosk.com\/fr\/wp-json\/wp\/v2\/comments?post=3974"}],"version-history":[{"count":3,"href":"https:\/\/humankiosk.com\/fr\/wp-json\/wp\/v2\/pages\/3974\/revisions"}],"predecessor-version":[{"id":4004,"href":"https:\/\/humankiosk.com\/fr\/wp-json\/wp\/v2\/pages\/3974\/revisions\/4004"}],"wp:featuredmedia":[{"embeddable":true,"href":"https:\/\/humankiosk.com\/fr\/wp-json\/"}],"wp:attachment":[{"href":"https:\/\/humankiosk.com\/fr\/wp-json\/wp\/v2\/media?parent=3974"}],"curies":[{"name":"wp","href":"https:\/\/api.w.org\/{rel}","templated":true}]}}