{"id":3989,"date":"2026-01-15T20:31:32","date_gmt":"2026-01-15T20:31:32","guid":{"rendered":"https:\/\/humankiosk.com\/?page_id=3989"},"modified":"2026-01-15T20:53:13","modified_gmt":"2026-01-15T20:53:13","slug":"kiosques-linea","status":"publish","type":"page","link":"https:\/\/humankiosk.com\/fr\/linea-kiosks\/","title":{"rendered":"Kiosques Linea"},"content":{"rendered":"<p><span class=\"builder2seo\"><\/span><\/p>\n<h1>KIOSQUES LINEA<\/h1>\n<h2>La gamme Linea de HumanKiosk est une ligne polyvalente de bornes num\u00e9riques commerciales sur pied, con\u00e7ues pour le libre-service, l&#039;orientation et l&#039;affichage percutant d&#039;informations dans les environnements publics et professionnels. Elle comprend les mod\u00e8les Linea standard avec des \u00e9crans haute r\u00e9solution d&#039;une grande nettet\u00e9, le mod\u00e8le ultra-haut Linea Full Screen pour un affichage vertical optimal, et le mod\u00e8le Linea Double Sided pour toucher un public multidirectionnel. Tous ces mod\u00e8les sont con\u00e7us pour offrir un contenu clair et attrayant, ainsi qu&#039;une performance fiable, dans les commerces, les entreprises, les \u00e9tablissements de sant\u00e9, les transports et les espaces publics.<\/h2>\n<p>pas de r\u00e9p\u00e9tition\u00a0; centre en haut\u00a0;;<br \/>auto<br \/>0px 0px 0px 0px<\/p>\n<p><img decoding=\"async\" src=\"https:\/\/humankiosk.com\/wp-content\/uploads\/2025\/12\/Linea-kiosk-thumb-1.webp#3953\" alt=\"Kiosque Linea pouce 1\" \/><br \/><a href=\"https:\/\/humankiosk.com\/fr\/bornes-numeriques-linea\/\">https:\/\/humankiosk.com\/linea-digital-kiosks\/<\/a><\/p>\n<p><span>KIOSQUES INTERACTIFS LINEA<\/span><\/p>\n<p>Solution tactile tout-en-un pour tout environnement<\/p>\n<p>La gamme Linea de HumanKiosk est une famille polyvalente de bornes num\u00e9riques sur pied destin\u00e9es au libre-service, \u00e0 l&#039;orientation et \u00e0 l&#039;affichage d&#039;informations dans les espaces publics.<\/p>\n<p><a href=\"https:\/\/humankiosk.com\/fr\/bornes-numeriques-linea\/\">SP\u00c9CIFICATIONS COMPL\u00c8TES DU PRODUIT<\/a><\/p>\n<p>pas de r\u00e9p\u00e9tition;en haut \u00e0 gauche;;<br \/>auto<\/p>\n<p><img decoding=\"async\" src=\"https:\/\/humankiosk.com\/wp-content\/uploads\/2026\/01\/Linea-Full-Screen-kiosk-thumb.webp#3991\" alt=\"vignette du kiosque Linea plein \u00e9cran\" \/><br \/><a href=\"https:\/\/humankiosk.com\/fr\/ligne-plein-ecran\/\">https:\/\/humankiosk.com\/linea-full-screen\/<\/a><\/p>\n<p><span>KIOSQUE PLEIN \u00c9CRAN LINEA<\/span><\/p>\n<p>Bornes libre-service et d&#039;information con\u00e7ues pour une utilisation r\u00e9elle<\/p>\n<p>Son \u00e9cran vertical ultra-haut cr\u00e9e une toile continue pleine hauteur qui attire l&#039;attention et am\u00e9liore la clart\u00e9 des messages dans les espaces publics.<\/p>\n<p><a href=\"https:\/\/humankiosk.com\/fr\/ligne-plein-ecran\/\">SP\u00c9CIFICATIONS COMPL\u00c8TES DU PRODUIT<\/a><\/p>\n<p>pas de r\u00e9p\u00e9tition;en haut \u00e0 gauche;;<br \/>auto<\/p>\n<p><img decoding=\"async\" src=\"https:\/\/humankiosk.com\/wp-content\/uploads\/2026\/01\/Linea-Double-Sided-Kiosk-thumb.webp#3992\" alt=\"Borne double face Linea\" \/><br \/><a href=\"https:\/\/humankiosk.com\/fr\/ligne-double-face\/\">https:\/\/humankiosk.com\/linea-double-sided\/<\/a><\/p>\n<p><span>KIOSQUE DOUBLE FACE LINEA<\/span><\/p>\n<p>Borne d&#039;affichage num\u00e9rique double face con\u00e7ue pour les environnements \u00e0 forte visibilit\u00e9.<\/p>\n<p>Le Linea Double Sided de HumanKiosk est une borne d&#039;affichage num\u00e9rique int\u00e9rieure con\u00e7ue pour les endroits o\u00f9 la visibilit\u00e9 des deux c\u00f4t\u00e9s est essentielle. <\/p>\n<p><a href=\"https:\/\/humankiosk.com\/fr\/ligne-double-face\/\">SP\u00c9CIFICATIONS COMPL\u00c8TES DU PRODUIT<\/a><\/p>\n<p>pas de r\u00e9p\u00e9tition;en haut \u00e0 gauche;;<br \/>auto<\/p>","protected":false},"excerpt":{"rendered":"<p>LINEA KIOSKS The Linea series from HumanKiosk is a versatile lineup of commercial floor-standing digital kiosks built for self-service, wayfinding, and high-impact information display in public<span class=\"excerpt-hellip\"> [\u2026]<\/span><\/p>\n","protected":false},"author":1,"featured_media":-1,"parent":0,"menu_order":0,"comment_status":"closed","ping_status":"closed","template":"","meta":{"footnotes":""},"class_list":["post-3989","page","type-page","status-publish","has-post-thumbnail","hentry"],"yoast_head":"<!-- This site is optimized with the Yoast SEO plugin v27.4 - https:\/\/yoast.com\/product\/yoast-seo-wordpress\/ -->\n<title>Linea Kiosks - humanKIOSK<\/title>\n<meta name=\"description\" content=\"Versatile freestanding digital kiosks for self-service, wayfinding, and dynamic information display in public and commercial spaces.\" \/>\n<meta name=\"robots\" content=\"index, follow, max-snippet:-1, max-image-preview:large, max-video-preview:-1\" \/>\n<link rel=\"canonical\" href=\"https:\/\/humankiosk.com\/fr\/kiosques-linea\/\" \/>\n<meta property=\"og:locale\" content=\"fr_CA\" \/>\n<meta property=\"og:type\" content=\"article\" \/>\n<meta property=\"og:title\" content=\"Linea Kiosks - humanKIOSK\" \/>\n<meta property=\"og:description\" content=\"Versatile freestanding digital kiosks for self-service, wayfinding, and dynamic information display in public and commercial spaces.\" \/>\n<meta property=\"og:url\" content=\"https:\/\/humankiosk.com\/fr\/kiosques-linea\/\" \/>\n<meta property=\"og:site_name\" content=\"humanKIOSK\" \/>\n<meta property=\"article:publisher\" content=\"https:\/\/www.facebook.com\/humankiosk\/\" \/>\n<meta property=\"article:modified_time\" content=\"2026-01-15T20:53:13+00:00\" \/>\n<meta name=\"twitter:card\" content=\"summary_large_image\" \/>\n<meta name=\"twitter:site\" content=\"@human_kiosk\" \/>\n<meta name=\"twitter:label1\" content=\"Estimation du temps de lecture\" \/>\n\t<meta name=\"twitter:data1\" content=\"2 minutes\" \/>\n<script type=\"application\/ld+json\" class=\"yoast-schema-graph\">{\"@context\":\"https:\\\/\\\/schema.org\",\"@graph\":[{\"@type\":\"WebPage\",\"@id\":\"https:\\\/\\\/humankiosk.com\\\/linea-kiosks\\\/\",\"url\":\"https:\\\/\\\/humankiosk.com\\\/linea-kiosks\\\/\",\"name\":\"Linea Kiosks - humanKIOSK\",\"isPartOf\":{\"@id\":\"https:\\\/\\\/52.60.63.222\\\/#website\"},\"primaryImageOfPage\":{\"@id\":\"https:\\\/\\\/humankiosk.com\\\/linea-kiosks\\\/#primaryimage\"},\"image\":{\"@id\":\"https:\\\/\\\/humankiosk.com\\\/linea-kiosks\\\/#primaryimage\"},\"thumbnailUrl\":\"https:\\\/\\\/humankiosk.com\\\/wp-content\\\/uploads\\\/2025\\\/12\\\/Linea-kiosk-thumb-1.webp#3953\",\"datePublished\":\"2026-01-15T20:31:32+00:00\",\"dateModified\":\"2026-01-15T20:53:13+00:00\",\"description\":\"Versatile freestanding digital kiosks for self-service, wayfinding, and dynamic information display in public and commercial spaces.\",\"breadcrumb\":{\"@id\":\"https:\\\/\\\/humankiosk.com\\\/linea-kiosks\\\/#breadcrumb\"},\"inLanguage\":\"fr-CA\",\"potentialAction\":[{\"@type\":\"ReadAction\",\"target\":[\"https:\\\/\\\/humankiosk.com\\\/linea-kiosks\\\/\"]}]},{\"@type\":\"ImageObject\",\"inLanguage\":\"fr-CA\",\"@id\":\"https:\\\/\\\/humankiosk.com\\\/linea-kiosks\\\/#primaryimage\",\"url\":\"https:\\\/\\\/humankiosk.com\\\/wp-content\\\/uploads\\\/2025\\\/12\\\/Linea-kiosk-thumb-1.webp#3953\",\"contentUrl\":\"https:\\\/\\\/humankiosk.com\\\/wp-content\\\/uploads\\\/2025\\\/12\\\/Linea-kiosk-thumb-1.webp#3953\"},{\"@type\":\"BreadcrumbList\",\"@id\":\"https:\\\/\\\/humankiosk.com\\\/linea-kiosks\\\/#breadcrumb\",\"itemListElement\":[{\"@type\":\"ListItem\",\"position\":1,\"name\":\"Home\",\"item\":\"https:\\\/\\\/52.60.63.222\\\/\"},{\"@type\":\"ListItem\",\"position\":2,\"name\":\"Linea Kiosks\"}]},{\"@type\":\"WebSite\",\"@id\":\"https:\\\/\\\/52.60.63.222\\\/#website\",\"url\":\"https:\\\/\\\/52.60.63.222\\\/\",\"name\":\"humanKIOSK\",\"description\":\"CORUM DIGITAL\",\"potentialAction\":[{\"@type\":\"SearchAction\",\"target\":{\"@type\":\"EntryPoint\",\"urlTemplate\":\"https:\\\/\\\/52.60.63.222\\\/?s={search_term_string}\"},\"query-input\":{\"@type\":\"PropertyValueSpecification\",\"valueRequired\":true,\"valueName\":\"search_term_string\"}}],\"inLanguage\":\"fr-CA\"}]}<\/script>\n<!-- \/ Yoast SEO plugin. -->","yoast_head_json":{"title":"Kiosques Linea - HumanKIOSK","description":"Bornes num\u00e9riques autonomes et polyvalentes pour le libre-service, l&#039;orientation et l&#039;affichage dynamique d&#039;informations dans les espaces publics et commerciaux.","robots":{"index":"index","follow":"follow","max-snippet":"max-snippet:-1","max-image-preview":"max-image-preview:large","max-video-preview":"max-video-preview:-1"},"canonical":"https:\/\/humankiosk.com\/fr\/kiosques-linea\/","og_locale":"fr_CA","og_type":"article","og_title":"Linea Kiosks - humanKIOSK","og_description":"Versatile freestanding digital kiosks for self-service, wayfinding, and dynamic information display in public and commercial spaces.","og_url":"https:\/\/humankiosk.com\/fr\/kiosques-linea\/","og_site_name":"humanKIOSK","article_publisher":"https:\/\/www.facebook.com\/humankiosk\/","article_modified_time":"2026-01-15T20:53:13+00:00","twitter_card":"summary_large_image","twitter_site":"@human_kiosk","twitter_misc":{"Estimation du temps de lecture":"2 minutes"},"schema":{"@context":"https:\/\/schema.org","@graph":[{"@type":"WebPage","@id":"https:\/\/humankiosk.com\/linea-kiosks\/","url":"https:\/\/humankiosk.com\/linea-kiosks\/","name":"Kiosques Linea - HumanKIOSK","isPartOf":{"@id":"https:\/\/52.60.63.222\/#website"},"primaryImageOfPage":{"@id":"https:\/\/humankiosk.com\/linea-kiosks\/#primaryimage"},"image":{"@id":"https:\/\/humankiosk.com\/linea-kiosks\/#primaryimage"},"thumbnailUrl":"https:\/\/humankiosk.com\/wp-content\/uploads\/2025\/12\/Linea-kiosk-thumb-1.webp#3953","datePublished":"2026-01-15T20:31:32+00:00","dateModified":"2026-01-15T20:53:13+00:00","description":"Bornes num\u00e9riques autonomes et polyvalentes pour le libre-service, l&#039;orientation et l&#039;affichage dynamique d&#039;informations dans les espaces publics et commerciaux.","breadcrumb":{"@id":"https:\/\/humankiosk.com\/linea-kiosks\/#breadcrumb"},"inLanguage":"fr-CA","potentialAction":[{"@type":"ReadAction","target":["https:\/\/humankiosk.com\/linea-kiosks\/"]}]},{"@type":"ImageObject","inLanguage":"fr-CA","@id":"https:\/\/humankiosk.com\/linea-kiosks\/#primaryimage","url":"https:\/\/humankiosk.com\/wp-content\/uploads\/2025\/12\/Linea-kiosk-thumb-1.webp#3953","contentUrl":"https:\/\/humankiosk.com\/wp-content\/uploads\/2025\/12\/Linea-kiosk-thumb-1.webp#3953"},{"@type":"BreadcrumbList","@id":"https:\/\/humankiosk.com\/linea-kiosks\/#breadcrumb","itemListElement":[{"@type":"ListItem","position":1,"name":"Home","item":"https:\/\/52.60.63.222\/"},{"@type":"ListItem","position":2,"name":"Linea Kiosks"}]},{"@type":"WebSite","@id":"https:\/\/52.60.63.222\/#website","url":"https:\/\/52.60.63.222\/","name":"humainKIOSK","description":"CORUM DIGITAL","potentialAction":[{"@type":"SearchAction","target":{"@type":"EntryPoint","urlTemplate":"https:\/\/52.60.63.222\/?s={search_term_string}"},"query-input":{"@type":"PropertyValueSpecification","valueRequired":true,"valueName":"search_term_string"}}],"inLanguage":"fr-CA"}]}},"_links":{"self":[{"href":"https:\/\/humankiosk.com\/fr\/wp-json\/wp\/v2\/pages\/3989","targetHints":{"allow":["GET"]}}],"collection":[{"href":"https:\/\/humankiosk.com\/fr\/wp-json\/wp\/v2\/pages"}],"about":[{"href":"https:\/\/humankiosk.com\/fr\/wp-json\/wp\/v2\/types\/page"}],"author":[{"embeddable":true,"href":"https:\/\/humankiosk.com\/fr\/wp-json\/wp\/v2\/users\/1"}],"replies":[{"embeddable":true,"href":"https:\/\/humankiosk.com\/fr\/wp-json\/wp\/v2\/comments?post=3989"}],"version-history":[{"count":3,"href":"https:\/\/humankiosk.com\/fr\/wp-json\/wp\/v2\/pages\/3989\/revisions"}],"predecessor-version":[{"id":3994,"href":"https:\/\/humankiosk.com\/fr\/wp-json\/wp\/v2\/pages\/3989\/revisions\/3994"}],"wp:featuredmedia":[{"embeddable":true,"href":"https:\/\/humankiosk.com\/fr\/wp-json\/"}],"wp:attachment":[{"href":"https:\/\/humankiosk.com\/fr\/wp-json\/wp\/v2\/media?parent=3989"}],"curies":[{"name":"wp","href":"https:\/\/api.w.org\/{rel}","templated":true}]}}